{"id":10849,"date":"2019-07-17T11:33:44","date_gmt":"2019-07-17T16:33:44","guid":{"rendered":"http:\/\/www.upslp.edu.mx\/upslp\/?page_id=10849"},"modified":"2025-10-07T14:13:03","modified_gmt":"2025-10-07T19:13:03","slug":"extension-universitaria-1","status":"publish","type":"page","link":"https:\/\/www.upslp.edu.mx\/upslp\/?page_id=10849","title":{"rendered":"Extensi\u00f3n Universitaria"},"content":{"rendered":"<h2><a href=\"https:\/\/www.upslp.edu.mx\/upslp\/wp-content\/uploads\/2025\/08\/brochure-sin-QR-ok.pdf\" target=\"_blank\" rel=\"noopener\"><img loading=\"lazy\" decoding=\"async\" width=\"1024\" height=\"265\" class=\"aligncenter size-large wp-image-21133\" src=\"https:\/\/www.upslp.edu.mx\/upslp\/wp-content\/uploads\/2025\/05\/propuesta-Stand-1024x265.jpg\" alt=\"\" srcset=\"https:\/\/www.upslp.edu.mx\/upslp\/wp-content\/uploads\/2025\/05\/propuesta-Stand-1024x265.jpg 1024w, https:\/\/www.upslp.edu.mx\/upslp\/wp-content\/uploads\/2025\/05\/propuesta-Stand-300x78.jpg 300w, https:\/\/www.upslp.edu.mx\/upslp\/wp-content\/uploads\/2025\/05\/propuesta-Stand-768x199.jpg 768w, https:\/\/www.upslp.edu.mx\/upslp\/wp-content\/uploads\/2025\/05\/propuesta-Stand-1536x398.jpg 1536w, https:\/\/www.upslp.edu.mx\/upslp\/wp-content\/uploads\/2025\/05\/propuesta-Stand-2048x530.jpg 2048w\" sizes=\"(max-width: 1024px) 100vw, 1024px\" \/><\/a><\/h2>\n<h2><\/h2>\n<h2><\/h2>\n<h2><\/h2>\n<h2><\/h2>\n<h2>Misi\u00f3n<\/h2>\n<p style=\"text-align: justify;\">El \u00e1rea de Extensi\u00f3n Universitaria de la UPSLP est\u00e1 comprometida con la formaci\u00f3n y el desarrollo del capital humano de las organizaciones que conforman los diferentes sectores productivos del estado y la regi\u00f3n. Para ello, dise\u00f1a y promueve cursos de actualizaci\u00f3n y\/o capacitaci\u00f3n pertinentes a las necesidades del entorno industrial y comercial de San Luis Potos\u00ed, lo anterior, bajo un enfoque de servicio al cliente y altos est\u00e1ndares de calidad, que sobrepasen las expectativas de nuestros clientes.<\/p>\n<h2>Visi\u00f3n<\/h2>\n<p style=\"text-align: justify;\">Ser reconocida como la mejor opci\u00f3n en programas de formaci\u00f3n y actualizaci\u00f3n de capital humano en las \u00e1reas de especialidad de la UPSLP, en t\u00e9rminos de la relaci\u00f3n entre calidad, servicio e inversi\u00f3n para nuestros clientes en San Lu\u00eds Potos\u00ed y la regi\u00f3n.<\/p>\n<h2>Objetivo<\/h2>\n<p style=\"text-align: justify;\">El objetivo del \u00e1rea de Extensi\u00f3n Universitaria es promover la creaci\u00f3n de redes de colaboraci\u00f3n con los diferentes sectores productivos de San Luis Potos\u00ed, para con ello fortalecer el capital humano e intelectual que impulse el desarrollo de proyectos y servicios empresariales consistentes en transferencia de conocimiento.<\/p>\n<p><b>El \u00c1rea de Extensi\u00f3n Universitaria le ofrece sus servicios de capacitaci\u00f3n en dos modalidades:<\/b><\/p>\n<ul>\n<li style=\"text-align: justify;\">Cursos Abiertos<\/li>\n<\/ul>\n<p style=\"text-align: justify;\">Son cursos de actualizaci\u00f3n y\/o capacitaci\u00f3n que el \u00e1rea de Extensi\u00f3n Universitaria ofrece al p\u00fablico en general.<\/p>\n<ul style=\"text-align: justify;\">\n<li>Cursos Cerrados (In-Company)<\/li>\n<\/ul>\n<p style=\"text-align: justify;\">Son cursos de capacitaci\u00f3n a organizaciones del sector p\u00fablico o privado que requieran actualizaci\u00f3n y\/o entrenamiento bajo un esquema personalizado. Estos cursos se pueden llevar a cabo en las instalaciones de la UPSLP o en otra sede, a solicitud del cliente.<\/p>\n<p><b>En el Centro de Negocios Internacionales se tienen las siguientes salas:<\/b><\/p>\n<ul>\n<li>\n<h2>Sala de Juntas<\/h2>\n<\/li>\n<\/ul>\n\n\t\t<style type=\"text\/css\">\n\t\t\t#gallery-1 {\n\t\t\t\tmargin: auto;\n\t\t\t}\n\t\t\t#gallery-1 .gallery-item {\n\t\t\t\tfloat: left;\n\t\t\t\tmargin-top: 10px;\n\t\t\t\ttext-align: center;\n\t\t\t\twidth: 100%;\n\t\t\t}\n\t\t\t#gallery-1 img {\n\t\t\t\tborder: 2px solid #cfcfcf;\n\t\t\t}\n\t\t\t#gallery-1 .gallery-caption {\n\t\t\t\tmargin-left: 0;\n\t\t\t}\n\t\t\t\/* see gallery_shortcode() in wp-includes\/media.php *\/\n\t\t<\/style>\n\t\t<div id='gallery-1' class='gallery galleryid-10849 gallery-columns-1 gallery-size-thumbnail'><dl class='gallery-item'>\n\t\t\t<dt class='gallery-icon landscape'>\n\t\t\t\t<a href='https:\/\/www.upslp.edu.mx\/upslp\/wp-content\/uploads\/2019\/07\/Salas-de-juntas-2019.jpg'><img loading=\"lazy\" decoding=\"async\" width=\"150\" height=\"66\" src=\"https:\/\/www.upslp.edu.mx\/upslp\/wp-content\/uploads\/2019\/07\/Salas-de-juntas-2019.jpg\" class=\"attachment-thumbnail size-thumbnail\" alt=\"\" \/><\/a>\n\t\t\t<\/dt><\/dl><br style=\"clear: both\" \/>\n\t\t<\/div>\n\n<ul>\n<li>\n<h2>Aula Ejecutiva de Capacitaci\u00f3n<\/h2>\n<\/li>\n<\/ul>\n\n\t\t<style type=\"text\/css\">\n\t\t\t#gallery-2 {\n\t\t\t\tmargin: auto;\n\t\t\t}\n\t\t\t#gallery-2 .gallery-item {\n\t\t\t\tfloat: left;\n\t\t\t\tmargin-top: 10px;\n\t\t\t\ttext-align: center;\n\t\t\t\twidth: 100%;\n\t\t\t}\n\t\t\t#gallery-2 img {\n\t\t\t\tborder: 2px solid #cfcfcf;\n\t\t\t}\n\t\t\t#gallery-2 .gallery-caption {\n\t\t\t\tmargin-left: 0;\n\t\t\t}\n\t\t\t\/* see gallery_shortcode() in wp-includes\/media.php *\/\n\t\t<\/style>\n\t\t<div id='gallery-2' class='gallery galleryid-10849 gallery-columns-1 gallery-size-thumbnail'><dl class='gallery-item'>\n\t\t\t<dt class='gallery-icon landscape'>\n\t\t\t\t<a href='https:\/\/www.upslp.edu.mx\/upslp\/wp-content\/uploads\/2019\/07\/Aula-Ejecutiva-de-Capacitacion-2019.jpg'><img loading=\"lazy\" decoding=\"async\" width=\"150\" height=\"66\" src=\"https:\/\/www.upslp.edu.mx\/upslp\/wp-content\/uploads\/2019\/07\/Aula-Ejecutiva-de-Capacitacion-2019.jpg\" class=\"attachment-thumbnail size-thumbnail\" alt=\"\" \/><\/a>\n\t\t\t<\/dt><\/dl><br style=\"clear: both\" \/>\n\t\t<\/div>\n\n<ul>\n<li>\n<h2>Sala de Toma de Decisiones<\/h2>\n<\/li>\n<\/ul>\n\n\t\t<style type=\"text\/css\">\n\t\t\t#gallery-3 {\n\t\t\t\tmargin: auto;\n\t\t\t}\n\t\t\t#gallery-3 .gallery-item {\n\t\t\t\tfloat: left;\n\t\t\t\tmargin-top: 10px;\n\t\t\t\ttext-align: center;\n\t\t\t\twidth: 100%;\n\t\t\t}\n\t\t\t#gallery-3 img {\n\t\t\t\tborder: 2px solid #cfcfcf;\n\t\t\t}\n\t\t\t#gallery-3 .gallery-caption {\n\t\t\t\tmargin-left: 0;\n\t\t\t}\n\t\t\t\/* see gallery_shortcode() in wp-includes\/media.php *\/\n\t\t<\/style>\n\t\t<div id='gallery-3' class='gallery galleryid-10849 gallery-columns-1 gallery-size-thumbnail'><dl class='gallery-item'>\n\t\t\t<dt class='gallery-icon landscape'>\n\t\t\t\t<a href='https:\/\/www.upslp.edu.mx\/upslp\/wp-content\/uploads\/2019\/07\/Sala-de-Toma-de-decisiones-2019.jpg'><img loading=\"lazy\" decoding=\"async\" width=\"150\" height=\"66\" src=\"https:\/\/www.upslp.edu.mx\/upslp\/wp-content\/uploads\/2019\/07\/Sala-de-Toma-de-decisiones-2019.jpg\" class=\"attachment-thumbnail size-thumbnail\" alt=\"\" \/><\/a>\n\t\t\t<\/dt><\/dl><br style=\"clear: both\" \/>\n\t\t<\/div>\n\n<ul>\n<li>\n<h2>C\u00e1mara de Gesell<\/h2>\n<\/li>\n<\/ul>\n\n\t\t<style type=\"text\/css\">\n\t\t\t#gallery-4 {\n\t\t\t\tmargin: auto;\n\t\t\t}\n\t\t\t#gallery-4 .gallery-item {\n\t\t\t\tfloat: left;\n\t\t\t\tmargin-top: 10px;\n\t\t\t\ttext-align: center;\n\t\t\t\twidth: 100%;\n\t\t\t}\n\t\t\t#gallery-4 img {\n\t\t\t\tborder: 2px solid #cfcfcf;\n\t\t\t}\n\t\t\t#gallery-4 .gallery-caption {\n\t\t\t\tmargin-left: 0;\n\t\t\t}\n\t\t\t\/* see gallery_shortcode() in wp-includes\/media.php *\/\n\t\t<\/style>\n\t\t<div id='gallery-4' class='gallery galleryid-10849 gallery-columns-1 gallery-size-thumbnail'><dl class='gallery-item'>\n\t\t\t<dt class='gallery-icon landscape'>\n\t\t\t\t<a href='https:\/\/www.upslp.edu.mx\/upslp\/wp-content\/uploads\/2019\/07\/Camara-de-Gessel-2019.jpg'><img loading=\"lazy\" decoding=\"async\" width=\"150\" height=\"66\" src=\"https:\/\/www.upslp.edu.mx\/upslp\/wp-content\/uploads\/2019\/07\/Camara-de-Gessel-2019.jpg\" class=\"attachment-thumbnail size-thumbnail\" alt=\"\" \/><\/a>\n\t\t\t<\/dt><\/dl><br style=\"clear: both\" \/>\n\t\t<\/div>\n\n<p><b>Empresas que han participado en los cursos de capacitaci\u00f3n de Extensi\u00f3n Universitaria:<\/b><\/p>\n<ul>\n<li>BMW SLP, S.A. de C.V.<\/li>\n<li>BorgWarner Componentes PDS, S. de R.L. de C.V.<\/li>\n<li>TBC de M\u00e9xico, S.A. de C.V.<\/li>\n<li>Logistics Insight Corporation, S. de R.L. de C.V.<\/li>\n<li>Secretaria de Educaci\u00f3n de Gobierno del Estado de San Luis Potos\u00ed<\/li>\n<li>JD Norman de San Luis Potos\u00ed, S. de R.L. de C.V.<\/li>\n<li>RAM S.A. de C.V.<\/li>\n<li>Ecosintex, S. A. de C. V.<\/li>\n<li>Constructora Tres Naciones, S.A. de C.V.<\/li>\n<li>Purificadora Brisa, S.A. de C.V.<\/li>\n<li>Cervecer\u00eda Cuauht\u00e9moc Moctezuma, S.A. de C.V.<\/li>\n<li>Go Global, S. de R.L. de C.V.<\/li>\n<li>Trabajo Total Integrado, S.A. de C.V.<\/li>\n<li>Instituto Temazcalli Prevenci\u00f3n y Rehabilitaci\u00f3n<\/li>\n<\/ul>\n<h5 style=\"text-align: center;\"><\/h5>\n<h3 align=\"center\"><b>Contacto<\/b><\/h3>\n<p style=\"text-align: center;\"><strong>Extensi\u00f3n Universitaria<\/strong><\/p>\n<p style=\"text-align: center;\">Lic. Johana Saydee Ram\u00edrez Rojas<\/p>\n<p style=\"text-align: center;\"><a href=\"mailto:extension.universitaria@upslp.edu.mx\">extension.universitaria@upslp.edu.mx<\/a><\/p>\n<p style=\"text-align: center;\"><strong>Tel\u00e9fono:<\/strong> (444) 870 \u2013 21\u2013 00 Ext. 203<\/p>\n<p style=\"text-align: center;\">Ubicado en Edificio de Rector\u00eda y Oficinas Administrativas (ROA),<\/p>\n<p style=\"text-align: center;\">Vicerrector\u00eda planta alta.<\/p>\n<p style=\"text-align: center;\" align=\"center\">\n","protected":false},"excerpt":{"rendered":"<p>Misi\u00f3n El \u00e1rea de Extensi\u00f3n Universitaria de la UPSLP est\u00e1 comprometida con la formaci\u00f3n [&hellip;]<\/p>\n","protected":false},"author":1,"featured_media":0,"parent":271,"menu_order":0,"comment_status":"closed","ping_status":"closed","template":"","meta":{"footnotes":""},"_links":{"self":[{"href":"https:\/\/www.upslp.edu.mx\/upslp\/index.php?rest_route=\/wp\/v2\/pages\/10849"}],"collection":[{"href":"https:\/\/www.upslp.edu.mx\/upslp\/index.php?rest_route=\/wp\/v2\/pages"}],"about":[{"href":"https:\/\/www.upslp.edu.mx\/upslp\/index.php?rest_route=\/wp\/v2\/types\/page"}],"author":[{"embeddable":true,"href":"https:\/\/www.upslp.edu.mx\/upslp\/index.php?rest_route=\/wp\/v2\/users\/1"}],"replies":[{"embeddable":true,"href":"https:\/\/www.upslp.edu.mx\/upslp\/index.php?rest_route=%2Fwp%2Fv2%2Fcomments&post=10849"}],"version-history":[{"count":20,"href":"https:\/\/www.upslp.edu.mx\/upslp\/index.php?rest_route=\/wp\/v2\/pages\/10849\/revisions"}],"predecessor-version":[{"id":21843,"href":"https:\/\/www.upslp.edu.mx\/upslp\/index.php?rest_route=\/wp\/v2\/pages\/10849\/revisions\/21843"}],"up":[{"embeddable":true,"href":"https:\/\/www.upslp.edu.mx\/upslp\/index.php?rest_route=\/wp\/v2\/pages\/271"}],"wp:attachment":[{"href":"https:\/\/www.upslp.edu.mx\/upslp\/index.php?rest_route=%2Fwp%2Fv2%2Fmedia&parent=10849"}],"curies":[{"name":"wp","href":"https:\/\/api.w.org\/{rel}","templated":true}]}}