{"id":10869,"date":"2019-07-11T11:03:18","date_gmt":"2019-07-11T16:03:18","guid":{"rendered":"http:\/\/www.upslp.edu.mx\/upslp\/?page_id=10869"},"modified":"2019-07-11T11:05:13","modified_gmt":"2019-07-11T16:05:13","slug":"informacion-presupuestaria-junio-2","status":"publish","type":"page","link":"https:\/\/www.upslp.edu.mx\/upslp\/?page_id=10869","title":{"rendered":"Informaci\u00f3n Presupuestaria  &#8211; Junio"},"content":{"rendered":"<p><a href=\"https:\/\/www.upslp.edu.mx\/upslp\/wp-content\/uploads\/2019\/07\/Endeudamiento-neto.pdf\" target=\"_blank\">Endeudamiento neto<\/a><\/p>\n<p><a href=\"https:\/\/www.upslp.edu.mx\/upslp\/wp-content\/uploads\/2019\/07\/Estado-Analitico-de-Ingresos-Junio-2019.pdf\" target=\"_blank\">Estado Anal\u00edtico de Ingresos Junio 2019<\/a><\/p>\n<p><a href=\"https:\/\/www.upslp.edu.mx\/upslp\/wp-content\/uploads\/2019\/07\/Estado-Analitico-del-ejercicio-del-Presupuesto-de-egresos-por-clasificacion-funcional.pdf\" target=\"_blank\">Estado Anal\u00edtico del ejercicio del Presupuesto de egresos por clasificaci\u00f3n funcional<\/a><\/p>\n<p><a href=\"https:\/\/www.upslp.edu.mx\/upslp\/wp-content\/uploads\/2019\/07\/Estado-Analitico-del-Presupuesto-de-egresos-en-Clasificacion-Administrativa.pdf\" target=\"_blank\">Estado Anal\u00edtico del Presupuesto de egresos en Clasificaci\u00f3n Administrativa<\/a><\/p>\n<p><a href=\"https:\/\/www.upslp.edu.mx\/upslp\/wp-content\/uploads\/2019\/07\/Estado-Analitico-del-Presupuesto-de-Egresos-en-Clasificacion-Economica-tipo-de-Gasto.pdf\" target=\"_blank\">Estado Anal\u00edtico del Presupuesto de Egresos en Clasificaci\u00f3n Econ\u00f3mica (tipo de Gasto)<\/a><\/p>\n<p><a href=\"https:\/\/www.upslp.edu.mx\/upslp\/wp-content\/uploads\/2019\/07\/Estado-del-ejercicio-por-tipo-de-gasto.pdf\" target=\"_blank\">Estado del ejercicio por tipo de gasto<\/a><\/p>\n<p><a href=\"https:\/\/www.upslp.edu.mx\/upslp\/wp-content\/uploads\/2019\/07\/Intereses-de-la-Deuda.pdf\" target=\"_blank\">Intereses de la Deuda<\/a><\/p>\n","protected":false},"excerpt":{"rendered":"<p>Endeudamiento neto Estado Anal\u00edtico de Ingresos Junio 2019 Estado Anal\u00edtico del ejercicio del Presupuesto [&hellip;]<\/p>\n","protected":false},"author":1,"featured_media":0,"parent":8897,"menu_order":0,"comment_status":"closed","ping_status":"closed","template":"","meta":{"footnotes":""},"_links":{"self":[{"href":"https:\/\/www.upslp.edu.mx\/upslp\/index.php?rest_route=\/wp\/v2\/pages\/10869"}],"collection":[{"href":"https:\/\/www.upslp.edu.mx\/upslp\/index.php?rest_route=\/wp\/v2\/pages"}],"about":[{"href":"https:\/\/www.upslp.edu.mx\/upslp\/index.php?rest_route=\/wp\/v2\/types\/page"}],"author":[{"embeddable":true,"href":"https:\/\/www.upslp.edu.mx\/upslp\/index.php?rest_route=\/wp\/v2\/users\/1"}],"replies":[{"embeddable":true,"href":"https:\/\/www.upslp.edu.mx\/upslp\/index.php?rest_route=%2Fwp%2Fv2%2Fcomments&post=10869"}],"version-history":[{"count":2,"href":"https:\/\/www.upslp.edu.mx\/upslp\/index.php?rest_route=\/wp\/v2\/pages\/10869\/revisions"}],"predecessor-version":[{"id":10879,"href":"https:\/\/www.upslp.edu.mx\/upslp\/index.php?rest_route=\/wp\/v2\/pages\/10869\/revisions\/10879"}],"up":[{"embeddable":true,"href":"https:\/\/www.upslp.edu.mx\/upslp\/index.php?rest_route=\/wp\/v2\/pages\/8897"}],"wp:attachment":[{"href":"https:\/\/www.upslp.edu.mx\/upslp\/index.php?rest_route=%2Fwp%2Fv2%2Fmedia&parent=10869"}],"curies":[{"name":"wp","href":"https:\/\/api.w.org\/{rel}","templated":true}]}}