{"id":10971,"date":"2019-07-26T11:49:33","date_gmt":"2019-07-26T16:49:33","guid":{"rendered":"http:\/\/www.upslp.edu.mx\/upslp\/?page_id=10971"},"modified":"2025-10-22T18:24:07","modified_gmt":"2025-10-22T23:24:07","slug":"directorio","status":"publish","type":"page","link":"https:\/\/www.upslp.edu.mx\/upslp\/?page_id=10971","title":{"rendered":"Directorio"},"content":{"rendered":"<h2>La Universidad brindar\u00e1 atenci\u00f3n principalmente v\u00eda correo electr\u00f3nico, ponemos a tu servicio las siguientes direcciones electr\u00f3nicas:<\/h2>\n<h1>Tel\u00e9fono: (444) 870 \u2013 21 \u2013 00<\/h1>\n<p>&nbsp;<\/p>\n<p>&nbsp;<\/p>\n<table style=\"border-collapse: collapse; width: 100%;\" border=\"1\">\n<tbody>\n<tr style=\"height: 100px;\">\n<td style=\"width: 895px; height: 100px;\">\n<h2>Rector\u00eda<\/h2>\n<h3>Mtro. N\u00e9stor Eduardo Garza Alvarez.<\/h3>\n<h3><a href=\"mailto:rectoria@upslp.edu.mx\">rectoria@upslp.edu.mx<\/a><\/h3>\n<p><span style=\"color: #e77817;\">Ext. 280<\/span><\/td>\n<\/tr>\n<tr style=\"height: 100px;\">\n<td style=\"width: 895px; height: 100px;\">\n<h2><span data-olk-copy-source=\"MessageBody\">Secretario Acad\u00e9mico<\/span><\/h2>\n<h3><span data-olk-copy-source=\"MessageBody\">Dr. Eduardo Ramos Diaz<\/span><\/h3>\n<h3><a href=\"mailto:vicerrectoria@upslp.edu.mx\" target=\"_blank\" rel=\"noopener\"><span data-olk-copy-source=\"MessageBody\">vicerrectoria@upslp.edu.mx<\/span><\/a><\/h3>\n<p><span style=\"color: #e77817;\">Ext. 473<\/span><\/td>\n<\/tr>\n<tr style=\"height: 100px;\">\n<td style=\"width: 895px; height: 100px;\">\n<h2><span data-olk-copy-source=\"MessageBody\">Secretario de Vinculaci\u00f3n<\/span><\/h2>\n<h3><span data-olk-copy-source=\"MessageBody\">Mtro. Leobardo Aguilar Orihuela<\/span><\/h3>\n<h3><a title=\"mailto:vinculacion@upslp.edu.mx\" href=\"mailto:vinculacion@upslp.edu.mx\" data-linkindex=\"0\" data-olk-copy-source=\"MessageBody\">vinculacion@upslp.edu.mx<\/a><\/h3>\n<p><span style=\"color: #e77817;\">Ext. 203<\/span><\/td>\n<\/tr>\n<tr style=\"height: 100px;\">\n<td style=\"width: 895px; height: 100px;\">\n<h2>Direcci\u00f3n de Administraci\u00f3n y Finanzas<\/h2>\n<h3>Dr. Fernando Rodrigo Palavicini Pi\u00f1a<\/h3>\n<h3><a href=\"mailto:daf@upslp.edu.mx\" target=\"_blank\" rel=\"noopener\">daf@upslp.edu.mx<\/a><\/h3>\n<p><span style=\"color: #e77817;\">Ext. 474<\/span><\/td>\n<\/tr>\n<tr style=\"height: 100px;\">\n<td style=\"width: 895px; height: 100px;\">\n<h2><span data-olk-copy-source=\"MessageBody\">Servicios Estudiantiles<\/span><\/h2>\n<h3>Dra. Laura Medina Barboza<br \/>\n<a href=\"mailto:serviciosescolares@upslp.edu.mx\" target=\"_blank\" rel=\"noopener\">serviciosescolares@upslp.edu.mx<\/a><\/h3>\n<\/td>\n<\/tr>\n<tr style=\"height: 100px;\">\n<td style=\"width: 895px; height: 100px;\">\n<h2><span data-olk-copy-source=\"MessageBody\">Vinculaci\u00f3n Institucional- Oferta Educativa<\/span><\/h2>\n<h3>Dra. Yolanda Jara Centeno<br \/>\n<a title=\"mailto:vinculacion.institucional@upslp.edu.mx\" href=\"mailto:vinculacion.institucional@upslp.edu.mx\" data-linkindex=\"1\" data-olk-copy-source=\"MessageBody\">vinculacion.institucional@upslp.edu.mx<\/a><\/h3>\n<p><span style=\"color: #e77817;\">Ext. 263 y 265<\/span><\/td>\n<\/tr>\n<tr style=\"height: 100px;\">\n<td style=\"width: 895px; height: 100px;\">\n<h2><span data-olk-copy-source=\"MessageBody\">Vinculaci\u00f3n con el Sector Social y Productivo<\/span><\/h2>\n<h3 class=\"x_elementToProof\" data-olk-copy-source=\"MessageBody\">Dra. M\u00f3nica Marcela Zaldivar Mu\u00f1oz<\/h3>\n<h3 class=\"x_elementToProof\"><a href=\"mailto:monica.zaldivar@upslp.edu.mx\" target=\"_blank\" rel=\"noopener\">monica.zaldivar@upslp.edu.mx<\/a><\/h3>\n<div class=\"x_elementToProof\">\u00a0<span style=\"color: #ff6600;\">Ext. 240<\/span><\/div>\n<\/td>\n<\/tr>\n<tr style=\"height: 100px;\">\n<td style=\"width: 895px; height: 100px;\">\n<h2>Extensi\u00f3n Universitaria<\/h2>\n<h3>Lic. Johana Saydee Ram\u00edrez Rojas<br \/>\n<a href=\"mailto:extension.universitaria@upslp.edu.mx\" target=\"_blank\" rel=\"noopener\">extension.universitaria@upslp.edu.mx<\/a><\/h3>\n<p><span style=\"color: #e77817;\">Ext. 203<\/span><\/td>\n<\/tr>\n<tr style=\"height: 100px;\">\n<td style=\"width: 895px; height: 100px;\">\n<h2><span data-olk-copy-source=\"MessageBody\">Director General de Academias<\/span><\/h2>\n<h3>Dr. Luis Fernando Ni\u00f1o Luna<br \/>\n<a href=\"mailto:lfnino@upslp.edu.mx\" target=\"_blank\" rel=\"noopener\"><b><u>l<\/u><\/b><b><u>fnino@upslp.edu.mx<\/u><\/b><\/a><\/h3>\n<p><span style=\"color: #e77817;\">Ext. 248<\/span><\/td>\n<\/tr>\n<tr style=\"height: 100px;\">\n<td style=\"width: 895px; height: 100px;\">\n<h2><strong><span data-olk-copy-source=\"MessageBody\">Direcci\u00f3n de la\u00a0<\/span><\/strong>Academia de\u00a0<strong>Ingenier\u00eda en Tecnolog\u00edas de la Informaci\u00f3n e Innovaci\u00f3n Digital (ITIID) &#8211; Ingenier\u00eda en Tecnolog\u00edas de la Informaci\u00f3n (ITI).<\/strong><\/h2>\n<h3>Dr. Juan Antonio Cabrera Rico<br \/>\n<a href=\"mailto:iti@upslp.edu.mx\" target=\"_blank\" rel=\"noopener\">iti@upslp.edu.mx<\/a><\/h3>\n<p><span style=\"color: #e77817;\">Ext. 223<\/span><\/td>\n<\/tr>\n<tr style=\"height: 100px;\">\n<td style=\"width: 895px; height: 100px;\">\n<h2><strong><span data-olk-copy-source=\"MessageBody\">Direcci\u00f3n\u00a0<\/span><\/strong><strong>de la\u00a0<\/strong>Academia\u00a0<strong>de \u00a0<\/strong><strong>Ingenier\u00eda en Manufactura Avanzada (IMA)<\/strong>\u00a0&#8211;<strong>Ingenier\u00eda en Tecnolog\u00edas de Manufactura (ITMA).<\/strong><\/h2>\n<h3>Dr. Margarito Mart\u00ednez Cruz<\/h3>\n<h3><a href=\"mailto:itma@upslp.edu.mx\" target=\"_blank\" rel=\"noopener\">itma@upslp.edu.mx<\/a><\/h3>\n<p><span style=\"color: #e77817;\">Ext. 253<\/span><\/td>\n<\/tr>\n<tr style=\"height: 100px;\">\n<td style=\"width: 895px; height: 100px;\">\n<h2><strong><span data-olk-copy-source=\"MessageBody\">Direcci\u00f3n de la<\/span><\/strong><strong>\u00a0<\/strong>Academia de<strong>\u00a0<\/strong>Ingenier\u00eda Industrial (INDU) &#8211; Ingenier\u00eda en Sistemas y Tecnolog\u00edas Industriales (ISTI)<\/h2>\n<h3>Dra. Patricia Castillo Galv\u00e1n<br \/>\n<a href=\"mailto:isti@upslp.edu.mx\" target=\"_blank\" rel=\"noopener\">isti@upslp.edu.mx<\/a><\/h3>\n<p><span style=\"color: #e77817;\">Ext. 225<\/span><\/td>\n<\/tr>\n<tr style=\"height: 100px;\">\n<td style=\"width: 895px; height: 100px;\">\n<h2><strong><span data-olk-copy-source=\"MessageBody\">Direcci\u00f3n de la\u00a0<\/span><\/strong>Academia de<strong>\u00a0<\/strong><strong>Licenciatura en Administraci\u00f3n (LAD) &#8211; Licenciatura en Administraci\u00f3n y Gesti\u00f3n (LAG)<\/strong><\/h2>\n<h3>Dra. Gloria Cristina Palos Cerda<br \/>\n<a href=\"mailto:lag@upslp.edu.mx\" target=\"_blank\" rel=\"noopener\">lag@upslp.edu.mx<\/a><\/h3>\n<p><span style=\"color: #e77817;\">Ext. 284<\/span><\/td>\n<\/tr>\n<tr style=\"height: 100px;\">\n<td style=\"width: 895px; height: 100px;\">\n<h2><strong><span data-olk-copy-source=\"MessageBody\">Direcci\u00f3n de la\u00a0<\/span><\/strong>Academia de<strong>\u00a0<\/strong><strong>Licenciatura en Negocios y Mercadotecnia (LINM) &#8211; Licenciatura en Mercadotecnia Internacional (LMI)<\/strong><\/h2>\n<h3>Mtra. X\u00f3chitl Hern\u00e1ndez Vel\u00e1zquez<br \/>\n<a href=\"mailto:lmi@upslp.edu.mx\" target=\"_blank\" rel=\"noopener\">lmi@upslp.edu.mx<\/a><\/h3>\n<p><span style=\"color: #e77817;\">Ext. 222<\/span><\/td>\n<\/tr>\n<tr style=\"height: 100px;\">\n<td style=\"width: 895px; height: 21px;\">\n<h2><strong><span data-olk-copy-source=\"MessageBody\">Direcci\u00f3n de la\u00a0<\/span><\/strong>Academia de Matem\u00e1ticas y Ciencia<\/h2>\n<h3>Dr. Juan Arturo Hern\u00e1ndez Morales<br \/>\n<a href=\"mailto:matematicas@upslp.edu.mx\" target=\"_blank\" rel=\"noopener\">matematicas@upslp.edu.mx<\/a><\/h3>\n<h3><b><a id=\"OWAd7c6a4f7-3f42-7698-f33d-7c0f5a0d3c85\" class=\"x_OWAAutoLink\" href=\"mailto:ciencias@upslp.edu.mx\" data-linkindex=\"6\">ciencias@upslp.edu.mx<\/a><\/b><b>\u00a0<\/b><\/h3>\n<p><span style=\"color: #e77817;\">Ext. 222<\/span><\/td>\n<\/tr>\n<tr style=\"height: 100px;\">\n<td style=\"width: 895px; height: 100px;\">\n<h2><strong><span data-olk-copy-source=\"MessageBody\">Direcci\u00f3n de la\u00a0<\/span><\/strong>Academia de\u00a0Ingl\u00e9s<\/h2>\n<h3>Mtra. Patricia Garc\u00eda Ramos<\/h3>\n<h3><a href=\"mailto:cadi@upslp.edu.mx\" target=\"_blank\" rel=\"noopener\">cadi@upslp.edu.mx<\/a><\/h3>\n<p><span style=\"color: #e77817;\">Ext. 301<\/span><\/td>\n<\/tr>\n<tr style=\"height: 100px;\">\n<td style=\"width: 895px; height: 100px;\">\n<h2><strong><span data-olk-copy-source=\"MessageBody\">Direcci\u00f3n de la\u00a0<\/span><\/strong>Academia\u00a0N\u00facleo General<\/h2>\n<h3>Mtra. Guadalupe del Socorro Palmer de los Santos<br \/>\n<a href=\"mailto:nucleo@upslp.edu.mx\" target=\"_blank\" rel=\"noopener\">nucleo@upslp.edu.mx<\/a><\/h3>\n<p><span style=\"color: #e77817;\">Ext. 223<\/span><\/td>\n<\/tr>\n<tr style=\"height: 100px;\">\n<td style=\"width: 895px; height: 100px;\">\n<h2>Biblioteca (CID)<\/h2>\n<h3>Lic. Al\u00ed Omar Mirabal Santill\u00e1n<br \/>\n<a href=\"mailto:cid_upslp@upslp.edu.mx\" target=\"_blank\" rel=\"noopener\">cid_upslp@upslp.edu.mx<\/a><\/h3>\n<p><span style=\"color: #e77817;\">Ext. 232<\/span><\/td>\n<\/tr>\n<tr style=\"height: 100px;\">\n<td style=\"width: 895px; height: 100px;\">\n<h2>Centro de Autoaprendizaje del Idioma Ingl\u00e9s (CADI)<\/h2>\n<h3><a href=\"mailto:cadi.reservacion@upslp.edu.mx\" target=\"_blank\" rel=\"noopener\">cadi.reservacion@upslp.edu.mx<\/a><\/h3>\n<p><span style=\"color: #e77817;\">Ext. 301<\/span><\/td>\n<\/tr>\n<tr style=\"height: 100px;\">\n<td style=\"width: 895px; height: 100px;\">\n<h2>Centro Certificador MOS<\/h2>\n<h3>Mtra. Mar\u00eda Teresa Reyes Harfush<br \/>\n<a href=\"mailto:certificaciones@upslp.edu.mx\" target=\"_blank\" rel=\"noopener\">certificaciones@upslp.edu.mx<\/a><\/h3>\n<\/td>\n<\/tr>\n<tr style=\"height: 100px;\">\n<td style=\"width: 895px; height: 100px;\">\n<h2>Academia de CISCO<\/h2>\n<h3>Dra. Liliana G\u00e1mez Zavala<br \/>\n<a href=\"mailto:academiadecisco@upslp.edu.mx\" target=\"_blank\" rel=\"noopener\">academiadecisco@upslp.edu.mx<\/a><\/h3>\n<p><span style=\"color: #e77817;\">Ext. 229<\/span><\/td>\n<\/tr>\n<tr style=\"height: 100px;\">\n<td style=\"width: 895px; height: 100px;\">\n<h2>Centro de Nuevas Tecnolog\u00edas (CNT)<\/h2>\n<h3>Dr. Juan Antonio Cabrera Rico<br \/>\n<a href=\"mailto:cnt@upslp.edu.mx\" target=\"_blank\" rel=\"noopener\">cnt@upslp.edu.mx<\/a><\/h3>\n<\/td>\n<\/tr>\n<tr style=\"height: 100px;\">\n<td style=\"width: 895px; height: 100px;\">\n<h2>Centro Integral de Mercadotecnia y Medios Audiovisuales (CIMMA)<\/h2>\n<h3>Mtra. X\u00f3chitl Hern\u00e1ndez Vel\u00e1zquez<br \/>\n<a href=\"mailto:cimma@upslp.edu.mx\" target=\"_blank\" rel=\"noopener\">cimma@upslp.edu.mx<\/a><\/h3>\n<\/td>\n<\/tr>\n<tr style=\"height: 100px;\">\n<td style=\"width: 895px; height: 100px;\">\n<h2>Apoyo a la Docencia<\/h2>\n<h3>Lic. Alejandra Carpinteyro Zaraz\u00faa<br \/>\n<a href=\"mailto:apoyoaladocencia@upslp.edu.mx\" target=\"_blank\" rel=\"noopener\">apoyoaladocencia@upslp.edu.mx<\/a><\/h3>\n<p><span style=\"color: #e77817;\">Ext. 220<\/span><\/td>\n<\/tr>\n<tr style=\"height: 100px;\">\n<td style=\"width: 895px; height: 100px;\">\n<h2>Becas<\/h2>\n<h3>Lic. Alejandra Carpinteyro Zaraz\u00faa<br \/>\n<a href=\"mailto:becas_upslp@upslp.edu.mx\" target=\"_blank\" rel=\"noopener\">becas_upslp@upslp.edu.mx<\/a><\/h3>\n<p><span style=\"color: #e77817;\">Ext. 220<\/span><\/td>\n<\/tr>\n<tr style=\"height: 100px;\">\n<td style=\"width: 895px; height: 100px;\">\n<h2>Proyecto Institucional de Tutor\u00edas<\/h2>\n<h3>Mtra. Ver\u00f3nica Hern\u00e1ndez Garc\u00eda<br \/>\n<a href=\"mailto:tutorias@upslp.edu.mx\" target=\"_blank\" rel=\"noopener\">tutorias@upslp.edu.mx<\/a><\/h3>\n<p><span style=\"color: #e77817;\">Ext. 277<\/span><\/td>\n<\/tr>\n<tr style=\"height: 100px;\">\n<td style=\"width: 895px; height: 100px;\">\n<h2>Departamento de Psicopedagog\u00eda<\/h2>\n<\/td>\n<\/tr>\n<tr style=\"height: 100px;\">\n<td style=\"width: 895px; height: 100px;\">\n<h2>Servicios de Salud<\/h2>\n<h3>Lic. Alejandra Carpinteyro Zaraz\u00faa<br \/>\n<a href=\"mailto:serviciosdesalud@upslp.edu.mx\" target=\"_blank\" rel=\"noopener\">serviciosdesalud@upslp.edu.mx<\/a><\/h3>\n<\/td>\n<\/tr>\n<tr style=\"height: 100px;\">\n<td style=\"width: 895px; height: 100px;\">\n<h2>Coordinaci\u00f3n de Deportes<\/h2>\n<h3>Lic. Roy Aldrett Lara<br \/>\n<a href=\"mailto:deportes@upslp.edu.mx\" target=\"_blank\" rel=\"noopener\">deportes@upslp.edu.mx<\/a><\/h3>\n<p><span style=\"color: #e77817;\">Ext. 283<\/span><\/td>\n<\/tr>\n<tr style=\"height: 100px;\">\n<td style=\"width: 895px; height: 100px;\">\n<h2>Servicios Inform\u00e1ticos<\/h2>\n<h3>Dra. Ingrid Guel Hern\u00e1ndez<br \/>\n<a href=\"mailto:s.informaticos@upslp.edu.mx\" target=\"_blank\" rel=\"noopener\">s.informaticos@upslp.edu.mx<\/a><\/h3>\n<p><span style=\"color: #e77817;\">Ext. 242<\/span><\/td>\n<\/tr>\n<tr style=\"height: 100px;\">\n<td style=\"width: 895px; height: 100px;\">\n<h2><span data-olk-copy-source=\"MessageBody\">Recursos Humanos<\/span><\/h2>\n<h3>Mtra. Yadira Edith Brann Gonz\u00e1lez<\/h3>\n<h3><a href=\"mailto:recursoshumanos@upslp.edu.mx\" target=\"_blank\" rel=\"noopener\">recursoshumanos@upslp.edu.mx<\/a><\/h3>\n<p><span style=\"color: #e77817;\">Ext. 272<\/span><\/td>\n<\/tr>\n<tr style=\"height: 100px;\">\n<td style=\"width: 895px; height: 100px;\">\n<h2>Recursos Materiales<\/h2>\n<h3>Marco Antonio Arriaga Mac\u00edas<\/h3>\n<h3><a href=\"mailto:r.materiales@upslp.edu.mx\" target=\"_blank\" rel=\"noopener\">r.materiales@upslp.edu.mx<\/a><\/h3>\n<p><span style=\"color: #e77817;\">Ext. 273<\/span><\/td>\n<\/tr>\n<tr style=\"height: 100px;\">\n<td style=\"width: 895px; height: 100px;\">\n<h2>Adquisiciones<\/h2>\n<h3>Lic. Jorge Barrera Sustaita<br \/>\n<a href=\"mailto:adquisiciones@upslp.edu.mx\" target=\"_blank\" rel=\"noopener\">adquisiciones@upslp.edu.mx<\/a><\/h3>\n<p><span style=\"color: #e77817;\">Ext. 275<\/span><\/td>\n<\/tr>\n<tr style=\"height: 100px;\">\n<td style=\"width: 895px; height: 100px;\">\n<h2>Finanzas<\/h2>\n<h3>C.P. Laura Cansino Bravo<\/h3>\n<h3><a href=\"mailto:finanzas@upslp.edu.mx\" target=\"_blank\" rel=\"noopener\">finanzas@upslp.edu.mx<\/a><\/h3>\n<p><span style=\"color: #e77817;\">Ext. 279<\/span><\/td>\n<\/tr>\n<tr style=\"height: 100px;\">\n<td style=\"width: 895px; height: 100px;\">\n<h2><span data-olk-copy-source=\"MessageBody\">Abogado General<\/span><\/h2>\n<h3><span data-olk-copy-source=\"MessageBody\">Lic. Alejandro Aranda P\u00e9rez<\/span><\/h3>\n<p><span style=\"color: #ff6600;\" data-olk-copy-source=\"MessageBody\">Ext. 206<\/span><\/p>\n<p>&nbsp;<\/td>\n<\/tr>\n<tr style=\"height: 100px;\">\n<td style=\"width: 895px; height: 100px;\"><\/td>\n<\/tr>\n<tr style=\"height: 100px;\">\n<td style=\"width: 895px; height: 100px;\">\n<p>&nbsp;<\/p>\n<p>&nbsp;<\/td>\n<\/tr>\n<\/tbody>\n<\/table>\n<p>&nbsp;<\/p>\n","protected":false},"excerpt":{"rendered":"<p>La Universidad brindar\u00e1 atenci\u00f3n principalmente v\u00eda correo electr\u00f3nico, ponemos a tu servicio las siguientes [&hellip;]<\/p>\n","protected":false},"author":1,"featured_media":0,"parent":2704,"menu_order":0,"comment_status":"closed","ping_status":"closed","template":"","meta":{"footnotes":""},"_links":{"self":[{"href":"https:\/\/www.upslp.edu.mx\/upslp\/index.php?rest_route=\/wp\/v2\/pages\/10971"}],"collection":[{"href":"https:\/\/www.upslp.edu.mx\/upslp\/index.php?rest_route=\/wp\/v2\/pages"}],"about":[{"href":"https:\/\/www.upslp.edu.mx\/upslp\/index.php?rest_route=\/wp\/v2\/types\/page"}],"author":[{"embeddable":true,"href":"https:\/\/www.upslp.edu.mx\/upslp\/index.php?rest_route=\/wp\/v2\/users\/1"}],"replies":[{"embeddable":true,"href":"https:\/\/www.upslp.edu.mx\/upslp\/index.php?rest_route=%2Fwp%2Fv2%2Fcomments&post=10971"}],"version-history":[{"count":47,"href":"https:\/\/www.upslp.edu.mx\/upslp\/index.php?rest_route=\/wp\/v2\/pages\/10971\/revisions"}],"predecessor-version":[{"id":21904,"href":"https:\/\/www.upslp.edu.mx\/upslp\/index.php?rest_route=\/wp\/v2\/pages\/10971\/revisions\/21904"}],"up":[{"embeddable":true,"href":"https:\/\/www.upslp.edu.mx\/upslp\/index.php?rest_route=\/wp\/v2\/pages\/2704"}],"wp:attachment":[{"href":"https:\/\/www.upslp.edu.mx\/upslp\/index.php?rest_route=%2Fwp%2Fv2%2Fmedia&parent=10971"}],"curies":[{"name":"wp","href":"https:\/\/api.w.org\/{rel}","templated":true}]}}