{"id":11395,"date":"2019-10-15T13:09:43","date_gmt":"2019-10-15T18:09:43","guid":{"rendered":"http:\/\/www.upslp.edu.mx\/upslp\/?page_id=11395"},"modified":"2019-10-15T13:09:46","modified_gmt":"2019-10-15T18:09:46","slug":"informacion-presupuestaria-septiembre-2","status":"publish","type":"page","link":"https:\/\/www.upslp.edu.mx\/upslp\/?page_id=11395","title":{"rendered":"Informaci\u00f3n Presupuestaria &#8211; Septiembre &#8211;"},"content":{"rendered":"\n<p><a href=\"https:\/\/www.upslp.edu.mx\/upslp\/wp-content\/uploads\/2019\/10\/Endeudamiento-Neto.pdf\">Endeudamiento Neto<\/a><\/p>\n\n\n\n<p><a href=\"https:\/\/www.upslp.edu.mx\/upslp\/wp-content\/uploads\/2019\/10\/Estado-Analitico-de-Ingresos-Septiembre-2019.pdf\">Estado Anal\u00edtico de Ingresos Septiembre 2019<\/a><\/p>\n\n\n\n<p><a href=\"https:\/\/www.upslp.edu.mx\/upslp\/wp-content\/uploads\/2019\/10\/Estado-Analitico-del-ejercicio-del-presupuesto-de-egresos-por-clasificacion-funcional.pdf\">Estado Anal\u00edtico del ejercicio del presupuesto de egresos por clasificaci\u00f3n funcional<\/a><\/p>\n\n\n\n<p><a href=\"https:\/\/www.upslp.edu.mx\/upslp\/wp-content\/uploads\/2019\/10\/Estado-Analitico-del-presupuesto-de-egresos-en-Clasificacion-Administrativa.pdf\">Estado Anal\u00edtico del presupuesto de egresos en Clasificaci\u00f3n Administrativa<\/a><\/p>\n\n\n\n<p><a href=\"https:\/\/www.upslp.edu.mx\/upslp\/wp-content\/uploads\/2019\/10\/Estado-Analitico-del-Presupuesto-de-Egresos-en-Clasificacion-Economica-tipo-de-gasto.pdf\">Estado Anal\u00edtico del Presupuesto de Egresos en Clasificaci\u00f3n Econ\u00f3mica (tipo de gasto)<\/a><\/p>\n\n\n\n<p><a href=\"https:\/\/www.upslp.edu.mx\/upslp\/wp-content\/uploads\/2019\/10\/Estado-del-ejercicio-por-tipo-de-gasto.pdf\">Estado del ejercicio por tipo de gasto<\/a><\/p>\n\n\n\n<p><a href=\"https:\/\/www.upslp.edu.mx\/upslp\/wp-content\/uploads\/2019\/10\/Interesas-de-la-deuda.pdf\">Interesas de la deuda<\/a><\/p>\n\n\n\n<p><\/p>\n","protected":false},"excerpt":{"rendered":"<p>Endeudamiento Neto Estado Anal\u00edtico de Ingresos Septiembre 2019 Estado Anal\u00edtico del ejercicio del presupuesto [&hellip;]<\/p>\n","protected":false},"author":1,"featured_media":0,"parent":8897,"menu_order":0,"comment_status":"closed","ping_status":"closed","template":"","meta":{"footnotes":""},"_links":{"self":[{"href":"https:\/\/www.upslp.edu.mx\/upslp\/index.php?rest_route=\/wp\/v2\/pages\/11395"}],"collection":[{"href":"https:\/\/www.upslp.edu.mx\/upslp\/index.php?rest_route=\/wp\/v2\/pages"}],"about":[{"href":"https:\/\/www.upslp.edu.mx\/upslp\/index.php?rest_route=\/wp\/v2\/types\/page"}],"author":[{"embeddable":true,"href":"https:\/\/www.upslp.edu.mx\/upslp\/index.php?rest_route=\/wp\/v2\/users\/1"}],"replies":[{"embeddable":true,"href":"https:\/\/www.upslp.edu.mx\/upslp\/index.php?rest_route=%2Fwp%2Fv2%2Fcomments&post=11395"}],"version-history":[{"count":1,"href":"https:\/\/www.upslp.edu.mx\/upslp\/index.php?rest_route=\/wp\/v2\/pages\/11395\/revisions"}],"predecessor-version":[{"id":11403,"href":"https:\/\/www.upslp.edu.mx\/upslp\/index.php?rest_route=\/wp\/v2\/pages\/11395\/revisions\/11403"}],"up":[{"embeddable":true,"href":"https:\/\/www.upslp.edu.mx\/upslp\/index.php?rest_route=\/wp\/v2\/pages\/8897"}],"wp:attachment":[{"href":"https:\/\/www.upslp.edu.mx\/upslp\/index.php?rest_route=%2Fwp%2Fv2%2Fmedia&parent=11395"}],"curies":[{"name":"wp","href":"https:\/\/api.w.org\/{rel}","templated":true}]}}