{"id":11406,"date":"2019-10-15T13:16:31","date_gmt":"2019-10-15T18:16:31","guid":{"rendered":"http:\/\/www.upslp.edu.mx\/upslp\/?page_id=11406"},"modified":"2019-10-15T13:16:33","modified_gmt":"2019-10-15T18:16:33","slug":"informacion-programatica-septiembre","status":"publish","type":"page","link":"https:\/\/www.upslp.edu.mx\/upslp\/?page_id=11406","title":{"rendered":"Informaci\u00f3n program\u00e1tica &#8211; Septiembre &#8211;"},"content":{"rendered":"\n<p><a href=\"https:\/\/www.upslp.edu.mx\/upslp\/wp-content\/uploads\/2019\/10\/Programas-y-Proyectos-de-Inversion-Septiembre-2019.pdf\">Programas y Proyectos de Inversi\u00f3n Septiembre 2019<\/a><\/p>\n\n\n\n<p><a href=\"https:\/\/www.upslp.edu.mx\/upslp\/wp-content\/uploads\/2019\/10\/Reporte-del-gasto-por-categoria-programatica.pdf\">Reporte del gasto por categor\u00eda program\u00e1tica<\/a><\/p>\n\n\n\n<p><\/p>\n","protected":false},"excerpt":{"rendered":"<p>Programas y Proyectos de Inversi\u00f3n Septiembre 2019 Reporte del gasto por categor\u00eda program\u00e1tica<\/p>\n","protected":false},"author":1,"featured_media":0,"parent":8897,"menu_order":0,"comment_status":"closed","ping_status":"closed","template":"","meta":{"footnotes":""},"_links":{"self":[{"href":"https:\/\/www.upslp.edu.mx\/upslp\/index.php?rest_route=\/wp\/v2\/pages\/11406"}],"collection":[{"href":"https:\/\/www.upslp.edu.mx\/upslp\/index.php?rest_route=\/wp\/v2\/pages"}],"about":[{"href":"https:\/\/www.upslp.edu.mx\/upslp\/index.php?rest_route=\/wp\/v2\/types\/page"}],"author":[{"embeddable":true,"href":"https:\/\/www.upslp.edu.mx\/upslp\/index.php?rest_route=\/wp\/v2\/users\/1"}],"replies":[{"embeddable":true,"href":"https:\/\/www.upslp.edu.mx\/upslp\/index.php?rest_route=%2Fwp%2Fv2%2Fcomments&post=11406"}],"version-history":[{"count":1,"href":"https:\/\/www.upslp.edu.mx\/upslp\/index.php?rest_route=\/wp\/v2\/pages\/11406\/revisions"}],"predecessor-version":[{"id":11409,"href":"https:\/\/www.upslp.edu.mx\/upslp\/index.php?rest_route=\/wp\/v2\/pages\/11406\/revisions\/11409"}],"up":[{"embeddable":true,"href":"https:\/\/www.upslp.edu.mx\/upslp\/index.php?rest_route=\/wp\/v2\/pages\/8897"}],"wp:attachment":[{"href":"https:\/\/www.upslp.edu.mx\/upslp\/index.php?rest_route=%2Fwp%2Fv2%2Fmedia&parent=11406"}],"curies":[{"name":"wp","href":"https:\/\/api.w.org\/{rel}","templated":true}]}}