{"id":1174,"date":"2015-03-04T22:12:45","date_gmt":"2015-03-04T22:12:45","guid":{"rendered":"http:\/\/192.168.2.100\/upslp\/?page_id=1174"},"modified":"2015-11-14T09:23:39","modified_gmt":"2015-11-14T15:23:39","slug":"laboratorios","status":"publish","type":"page","link":"https:\/\/www.upslp.edu.mx\/upslp\/?page_id=1174","title":{"rendered":"Centros y Laboratorios"},"content":{"rendered":"<p><span style=\"line-height: 1.5em;\"><div class=\"product-columns-response\"><div class=\"full-img-column full-img-column-img products-big-div-class\"><div class=\"gallery-view full-img-column-img\"><img decoding=\"async\" src=\"https:\/\/www.upslp.edu.mx\/upslp\/wp-content\/uploads\/2016\/05\/Collage-CNT-web.jpg\" class=\"attachment-full-column-img size-full-column-img wp-post-image\" alt=\"\" \/><a href=\"https:\/\/www.upslp.edu.mx\/upslp\/wp-content\/uploads\/2016\/05\/Collage-CNT-web.jpg\" rel=\"prettyPhoto\"><div class=\"gallery-mask\"><\/div><\/a><\/div><\/div><div class=\"details-area details-area-big-reg details-area-height width-three \"><div class=\"details-area-in details-area-in-big \"><h3>CNT \u2013 Centro de Nuevas Tecnolog\u00edas<\/h3>En el Centro de Nuevas Tecnolog\u00edas, se encuentran ubicados los laboratorios de especialidad para [&hellip;]<\/div><hr \/><div class=\"buttons details-button-class right \">\r\n\t\t    <div class=\"generalBtn \" style=\"width:auto; margin-right:10px; border:none; border-radius:0px\">\r\n\t\t\t\t<a href=\"https:\/\/www.upslp.edu.mx\/upslp\/?icemagproducts=cnt-centro-de-nuevas-tecnologias\" class=\"btn\" target=\"_parent\">Leer m\u00e1s<\/a>\r\n\t\t\t<\/div>\r\n\t<\/div>\r\n            <\/div><div class=\"space-fifty\"><\/div><div class=\"full-img-column full-img-column-img products-big-div-class\"><div class=\"gallery-view full-img-column-img\"><img decoding=\"async\" src=\"https:\/\/www.upslp.edu.mx\/upslp\/wp-content\/uploads\/2015\/11\/Collage-CMA-web.jpg\" class=\"attachment-full-column-img size-full-column-img wp-post-image\" alt=\"\" \/><a href=\"https:\/\/www.upslp.edu.mx\/upslp\/wp-content\/uploads\/2015\/11\/Collage-CMA-web.jpg\" rel=\"prettyPhoto\"><div class=\"gallery-mask\"><\/div><\/a><\/div><\/div><div class=\"details-area details-area-big-reg details-area-height width-three \"><div class=\"details-area-in details-area-in-big \"><h3>CMA &#8211;  Centro de Manufactura Avanzada<\/h3>CMA \u2013 Centro de Manufactura Avanzada es un\u00a0edificio dise\u00f1ado y habilitado especialmente para disponer [&hellip;]<\/div><hr \/><div class=\"buttons details-button-class right \">\r\n\t\t    <div class=\"generalBtn \" style=\"width:auto; margin-right:10px; border:none; border-radius:0px\">\r\n\t\t\t\t<a href=\"https:\/\/www.upslp.edu.mx\/upslp\/?icemagproducts=cma-centro-de-manufactura-avanzada\" class=\"btn\" target=\"_parent\">Leer m\u00e1s<\/a>\r\n\t\t\t<\/div>\r\n\t<\/div>\r\n            <\/div><div class=\"space-fifty\"><\/div><div class=\"full-img-column full-img-column-img products-big-div-class\"><div class=\"gallery-view full-img-column-img\"><img decoding=\"async\" src=\"https:\/\/www.upslp.edu.mx\/upslp\/wp-content\/uploads\/2015\/10\/Collage-CIMMA-web.jpg\" class=\"attachment-full-column-img size-full-column-img wp-post-image\" alt=\"\" \/><a href=\"https:\/\/www.upslp.edu.mx\/upslp\/wp-content\/uploads\/2015\/10\/Collage-CIMMA-web.jpg\" rel=\"prettyPhoto\"><div class=\"gallery-mask\"><\/div><\/a><\/div><\/div><div class=\"details-area details-area-big-reg details-area-height width-three \"><div class=\"details-area-in details-area-in-big \"><h3>CIMMA &#8211; Centro Integral De Mercadotecnia y Medios Audiovisuales<\/h3>El Centro Integral de Mercadotecnia y Medios Audiovisuales (CIMMA), es un espacio creativo dise\u00f1ado [&hellip;]<\/div><hr \/><div class=\"buttons details-button-class right \">\r\n\t\t    <div class=\"generalBtn \" style=\"width:auto; margin-right:10px; border:none; border-radius:0px\">\r\n\t\t\t\t<a href=\"https:\/\/www.upslp.edu.mx\/upslp\/?icemagproducts=cimma-centro-integral-de-mercadotecnia-y-medios-audiovisuales\" class=\"btn\" target=\"_parent\">Leer m\u00e1s<\/a>\r\n\t\t\t<\/div>\r\n\t<\/div>\r\n            <\/div><div class=\"space-fifty\"><\/div><div class=\"full-img-column full-img-column-img products-big-div-class\"><div class=\"gallery-view full-img-column-img\"><img decoding=\"async\" src=\"https:\/\/www.upslp.edu.mx\/upslp\/wp-content\/uploads\/2015\/08\/Collage-Equipamiento-ISTI.jpg\" class=\"attachment-full-column-img size-full-column-img wp-post-image\" alt=\"\" \/><a href=\"https:\/\/www.upslp.edu.mx\/upslp\/wp-content\/uploads\/2015\/08\/Collage-Equipamiento-ISTI.jpg\" rel=\"prettyPhoto\"><div class=\"gallery-mask\"><\/div><\/a><\/div><\/div><div class=\"details-area details-area-big-reg details-area-height width-three \"><div class=\"details-area-in details-area-in-big \"><h3>LABORATORIOS ISTI<\/h3>&nbsp; Coordinaci\u00f3n de Ingenier\u00eda en Sistemas y Tecnolog\u00edas Industriales (ISTI) isti@upslp.edu.mx<\/div><hr \/><div class=\"buttons details-button-class right \">\r\n\t\t    <div class=\"generalBtn \" style=\"width:auto; margin-right:10px; border:none; border-radius:0px\">\r\n\t\t\t\t<a href=\"https:\/\/www.upslp.edu.mx\/upslp\/?icemagproducts=equipamiento-isti\" class=\"btn\" target=\"_parent\">Leer m\u00e1s<\/a>\r\n\t\t\t<\/div>\r\n\t<\/div>\r\n            <\/div><div class=\"space-fifty\"><\/div><div class=\"full-img-column full-img-column-img products-big-div-class\"><div class=\"gallery-view full-img-column-img\"><img decoding=\"async\" src=\"https:\/\/www.upslp.edu.mx\/upslp\/wp-content\/uploads\/2015\/08\/Collage-Laboratorio-de-ciencias-web.jpg\" class=\"attachment-full-column-img size-full-column-img wp-post-image\" alt=\"\" \/><a href=\"https:\/\/www.upslp.edu.mx\/upslp\/wp-content\/uploads\/2015\/08\/Collage-Laboratorio-de-ciencias-web.jpg\" rel=\"prettyPhoto\"><div class=\"gallery-mask\"><\/div><\/a><\/div><\/div><div class=\"details-area details-area-big-reg details-area-height width-three \"><div class=\"details-area-in details-area-in-big \"><h3>Laboratorio de Ciencias<\/h3>El objetivo central del laboratorio de Ciencias es: Establecer un espacio apropiado en donde [&hellip;]<\/div><hr \/><div class=\"buttons details-button-class right \">\r\n\t\t    <div class=\"generalBtn \" style=\"width:auto; margin-right:10px; border:none; border-radius:0px\">\r\n\t\t\t\t<a href=\"https:\/\/www.upslp.edu.mx\/upslp\/?icemagproducts=laboratorio-de-ciencias\" class=\"btn\" target=\"_parent\">Leer m\u00e1s<\/a>\r\n\t\t\t<\/div>\r\n\t<\/div>\r\n            <\/div><div class=\"space-fifty\"><\/div><div class=\"full-img-column full-img-column-img products-big-div-class\"><div class=\"gallery-view full-img-column-img\"><img decoding=\"async\" src=\"https:\/\/www.upslp.edu.mx\/upslp\/wp-content\/uploads\/2015\/03\/College-CADI-web.jpg\" class=\"attachment-full-column-img size-full-column-img wp-post-image\" alt=\"\" \/><a href=\"https:\/\/www.upslp.edu.mx\/upslp\/wp-content\/uploads\/2015\/03\/College-CADI-web.jpg\" rel=\"prettyPhoto\"><div class=\"gallery-mask\"><\/div><\/a><\/div><\/div><div class=\"details-area details-area-big-reg details-area-height width-three \"><div class=\"details-area-in details-area-in-big \"><h3>CADI<\/h3>La Universidad Polit\u00e9cnica de San Luis Potos\u00ed \u00a0establece como requisito de titulaci\u00f3n la certificaci\u00f3n [&hellip;]<\/div><hr \/><div class=\"buttons details-button-class right \">\r\n\t\t    <div class=\"generalBtn \" style=\"width:auto; margin-right:10px; border:none; border-radius:0px\">\r\n\t\t\t\t<a href=\"https:\/\/www.upslp.edu.mx\/upslp\/?icemagproducts=cadi-2\" class=\"btn\" target=\"_parent\">Leer m\u00e1s<\/a>\r\n\t\t\t<\/div>\r\n\t<\/div>\r\n            <\/div><div class=\"space-fifty\"><\/div><\/div><!-- Closing home products div-->\r\n    <div class=\"clearFix\"><\/div>\r\n    \r\n            <div class=\"space-twenty\"><\/div><div class=\"navigation\" ><\/div><\/span><\/p>\n","protected":false},"excerpt":{"rendered":"","protected":false},"author":1,"featured_media":0,"parent":271,"menu_order":0,"comment_status":"open","ping_status":"open","template":"","meta":{"footnotes":""},"_links":{"self":[{"href":"https:\/\/www.upslp.edu.mx\/upslp\/index.php?rest_route=\/wp\/v2\/pages\/1174"}],"collection":[{"href":"https:\/\/www.upslp.edu.mx\/upslp\/index.php?rest_route=\/wp\/v2\/pages"}],"about":[{"href":"https:\/\/www.upslp.edu.mx\/upslp\/index.php?rest_route=\/wp\/v2\/types\/page"}],"author":[{"embeddable":true,"href":"https:\/\/www.upslp.edu.mx\/upslp\/index.php?rest_route=\/wp\/v2\/users\/1"}],"replies":[{"embeddable":true,"href":"https:\/\/www.upslp.edu.mx\/upslp\/index.php?rest_route=%2Fwp%2Fv2%2Fcomments&post=1174"}],"version-history":[{"count":5,"href":"https:\/\/www.upslp.edu.mx\/upslp\/index.php?rest_route=\/wp\/v2\/pages\/1174\/revisions"}],"predecessor-version":[{"id":1890,"href":"https:\/\/www.upslp.edu.mx\/upslp\/index.php?rest_route=\/wp\/v2\/pages\/1174\/revisions\/1890"}],"up":[{"embeddable":true,"href":"https:\/\/www.upslp.edu.mx\/upslp\/index.php?rest_route=\/wp\/v2\/pages\/271"}],"wp:attachment":[{"href":"https:\/\/www.upslp.edu.mx\/upslp\/index.php?rest_route=%2Fwp%2Fv2%2Fmedia&parent=1174"}],"curies":[{"name":"wp","href":"https:\/\/api.w.org\/{rel}","templated":true}]}}