{"id":11743,"date":"2020-01-22T08:18:36","date_gmt":"2020-01-22T14:18:36","guid":{"rendered":"http:\/\/www.upslp.edu.mx\/upslp\/?page_id=11743"},"modified":"2020-01-22T08:51:58","modified_gmt":"2020-01-22T14:51:58","slug":"informacion-contable-diciembre-2","status":"publish","type":"page","link":"https:\/\/www.upslp.edu.mx\/upslp\/?page_id=11743","title":{"rendered":"Informaci\u00f3n Contable &#8211; Diciembre."},"content":{"rendered":"\n<p><a rel=\"noreferrer noopener\" aria-label=\"1 Edo. Actividades Diciembre 2019 (abre en una nueva pesta\u00f1a)\" href=\"https:\/\/www.upslp.edu.mx\/upslp\/wp-content\/uploads\/2020\/01\/1-Edo.-Actividades-Diciembre-2019.pdf\" target=\"_blank\">1 Edo. Actividades Diciembre 2019<\/a><\/p>\n\n\n\n<p><a rel=\"noreferrer noopener\" aria-label=\"2 Edo. Situaci\u00f3n Financiera Diciembre 2019 (abre en una nueva pesta\u00f1a)\" href=\"https:\/\/www.upslp.edu.mx\/upslp\/wp-content\/uploads\/2020\/01\/2-Edo.-Situacion-Financiera-Diciembre-2019.pdf\" target=\"_blank\">2 Edo. Situaci\u00f3n Financiera Diciembre 2019<\/a><\/p>\n\n\n\n<p><a rel=\"noreferrer noopener\" aria-label=\"3 Edo. Variaci\u00f3n Hacienda P\u00fablica Diciembre 2019 (abre en una nueva pesta\u00f1a)\" href=\"https:\/\/www.upslp.edu.mx\/upslp\/wp-content\/uploads\/2020\/01\/3-Edo.-Variacion-Hacienda-Publica-Diciembre-2019.pdf\" target=\"_blank\">3 Edo. Variaci\u00f3n Hacienda P\u00fablica Diciembre 2019<\/a><\/p>\n\n\n\n<p><a rel=\"noreferrer noopener\" aria-label=\"4 Edo. de Cambios en la Situaci\u00f3n Financiera Diciembre 2019 (abre en una nueva pesta\u00f1a)\" href=\"https:\/\/www.upslp.edu.mx\/upslp\/wp-content\/uploads\/2020\/01\/4-Edo.-de-Cambios-en-la-Sit-Financiera-Dic-2019.pdf\" target=\"_blank\">4 Edo. de Cambios en la Situaci\u00f3n Financiera Diciembre 2019<\/a><\/p>\n\n\n\n<p><a rel=\"noreferrer noopener\" aria-label=\"5 FLUJOS EFECTIVO Diciembre 2019 (abre en una nueva pesta\u00f1a)\" href=\"https:\/\/www.upslp.edu.mx\/upslp\/wp-content\/uploads\/2020\/01\/5-FLUJOS-EFECTIVO-Diciembre-2019.pdf\" target=\"_blank\">5 FLUJOS EFECTIVO Diciembre 2019<\/a><\/p>\n\n\n\n<p><a rel=\"noreferrer noopener\" aria-label=\"6 Notas a los Estados Financieros Diciembre 2019.xlsx (abre en una nueva pesta\u00f1a)\" href=\"https:\/\/www.upslp.edu.mx\/upslp\/wp-content\/uploads\/2020\/01\/6NOTAS1.pdf\" target=\"_blank\">6 Notas a los Estados Financieros Diciembre 2019.xlsx<\/a><\/p>\n\n\n\n<p><a rel=\"noreferrer noopener\" aria-label=\"7 Estado Anal\u00edtico del activo Diciembre 2019 (abre en una nueva pesta\u00f1a)\" href=\"https:\/\/www.upslp.edu.mx\/upslp\/wp-content\/uploads\/2020\/01\/7-Estado-Analitico-del-activo-Diciembre-2019.pdf\" target=\"_blank\">7 Estado Anal\u00edtico del activo Diciembre 2019<\/a><\/p>\n\n\n\n<p><a rel=\"noreferrer noopener\" aria-label=\"8 Estado Anal\u00edtico de la Deuda y Otros Pasivos Diciembre 2019 (abre en una nueva pesta\u00f1a)\" href=\"https:\/\/www.upslp.edu.mx\/upslp\/wp-content\/uploads\/2020\/01\/8-Estado-Analitico-de-la-Deuda-y-Otros-Dic-2019.pdf\" target=\"_blank\">8 Estado Anal\u00edtico de la Deuda y Otros Pasivos Diciembre 2019<\/a><\/p>\n\n\n\n<p><\/p>\n","protected":false},"excerpt":{"rendered":"<p>1 Edo. Actividades Diciembre 2019 2 Edo. Situaci\u00f3n Financiera Diciembre 2019 3 Edo. Variaci\u00f3n [&hellip;]<\/p>\n","protected":false},"author":1,"featured_media":0,"parent":8897,"menu_order":0,"comment_status":"closed","ping_status":"closed","template":"","meta":{"footnotes":""},"_links":{"self":[{"href":"https:\/\/www.upslp.edu.mx\/upslp\/index.php?rest_route=\/wp\/v2\/pages\/11743"}],"collection":[{"href":"https:\/\/www.upslp.edu.mx\/upslp\/index.php?rest_route=\/wp\/v2\/pages"}],"about":[{"href":"https:\/\/www.upslp.edu.mx\/upslp\/index.php?rest_route=\/wp\/v2\/types\/page"}],"author":[{"embeddable":true,"href":"https:\/\/www.upslp.edu.mx\/upslp\/index.php?rest_route=\/wp\/v2\/users\/1"}],"replies":[{"embeddable":true,"href":"https:\/\/www.upslp.edu.mx\/upslp\/index.php?rest_route=%2Fwp%2Fv2%2Fcomments&post=11743"}],"version-history":[{"count":1,"href":"https:\/\/www.upslp.edu.mx\/upslp\/index.php?rest_route=\/wp\/v2\/pages\/11743\/revisions"}],"predecessor-version":[{"id":11752,"href":"https:\/\/www.upslp.edu.mx\/upslp\/index.php?rest_route=\/wp\/v2\/pages\/11743\/revisions\/11752"}],"up":[{"embeddable":true,"href":"https:\/\/www.upslp.edu.mx\/upslp\/index.php?rest_route=\/wp\/v2\/pages\/8897"}],"wp:attachment":[{"href":"https:\/\/www.upslp.edu.mx\/upslp\/index.php?rest_route=%2Fwp%2Fv2%2Fmedia&parent=11743"}],"curies":[{"name":"wp","href":"https:\/\/api.w.org\/{rel}","templated":true}]}}