{"id":11755,"date":"2020-01-22T08:31:03","date_gmt":"2020-01-22T14:31:03","guid":{"rendered":"http:\/\/www.upslp.edu.mx\/upslp\/?page_id=11755"},"modified":"2020-01-22T08:31:05","modified_gmt":"2020-01-22T14:31:05","slug":"informacion-presupuestaria-diciembre-2","status":"publish","type":"page","link":"https:\/\/www.upslp.edu.mx\/upslp\/?page_id=11755","title":{"rendered":"Informaci\u00f3n Presupuestaria &#8211; Diciembre"},"content":{"rendered":"\n<p><a rel=\"noreferrer noopener\" aria-label=\"Endeudamiento Neto (abre en una nueva pesta\u00f1a)\" href=\"https:\/\/www.upslp.edu.mx\/upslp\/wp-content\/uploads\/2020\/01\/Endeudamiento-Neto.pdf\" target=\"_blank\">Endeudamiento Neto<\/a><\/p>\n\n\n\n<p><a rel=\"noreferrer noopener\" aria-label=\"Estado Anal\u00edtico de Ingresos (abre en una nueva pesta\u00f1a)\" href=\"https:\/\/www.upslp.edu.mx\/upslp\/wp-content\/uploads\/2020\/01\/Estado-Analitico-de-Ingresos.pdf\" target=\"_blank\">Estado Anal\u00edtico de Ingresos<\/a><\/p>\n\n\n\n<p><a href=\"https:\/\/www.upslp.edu.mx\/upslp\/wp-content\/uploads\/2020\/01\/ESTADO1.pdf\" target=\"_blank\" rel=\"noreferrer noopener\" aria-label=\"Estado Anal\u00edtico del ejercicio del presupuesto de egresos por clasificaci\u00f3n funcional (abre en una nueva pesta\u00f1a)\">Estado Anal\u00edtico del ejercicio del presupuesto de egresos por clasificaci\u00f3n funcional<\/a><\/p>\n\n\n\n<p><a rel=\"noreferrer noopener\" aria-label=\"Estado Anal\u00edtico del presupuesto de egresos en clasificaci\u00f3n administrativa (abre en una nueva pesta\u00f1a)\" href=\"https:\/\/www.upslp.edu.mx\/upslp\/wp-content\/uploads\/2020\/01\/ESTADO2.pdf\" target=\"_blank\">Estado Anal\u00edtico del presupuesto de egresos en clasificaci\u00f3n administrativa<\/a><\/p>\n\n\n\n<p><a rel=\"noreferrer noopener\" aria-label=\"Estado Anal\u00edtico del presupuesto de egresos en clasificaci\u00f3n econ\u00f3mica (tipo de gasto) (abre en una nueva pesta\u00f1a)\" href=\"https:\/\/www.upslp.edu.mx\/upslp\/wp-content\/uploads\/2020\/01\/ESTADO3.pdf\" target=\"_blank\">Estado Anal\u00edtico del presupuesto de egresos en clasificaci\u00f3n econ\u00f3mica (tipo de gasto)<\/a><\/p>\n\n\n\n<p><a rel=\"noreferrer noopener\" aria-label=\"Estado del ejercicio por tipo de gasto (abre en una nueva pesta\u00f1a)\" href=\"https:\/\/www.upslp.edu.mx\/upslp\/wp-content\/uploads\/2020\/01\/Estado-del-ejercicio-por-tipo-de-gasto.pdf\" target=\"_blank\">Estado del ejercicio por tipo de gasto<\/a><\/p>\n\n\n\n<p><a rel=\"noreferrer noopener\" aria-label=\"Intereses de la deuda (abre en una nueva pesta\u00f1a)\" href=\"https:\/\/www.upslp.edu.mx\/upslp\/wp-content\/uploads\/2020\/01\/Intereses-de-la-deuda.pdf\" target=\"_blank\">Intereses de la deuda<\/a><\/p>\n\n\n\n<p><\/p>\n","protected":false},"excerpt":{"rendered":"<p>Endeudamiento Neto Estado Anal\u00edtico de Ingresos Estado Anal\u00edtico del ejercicio del presupuesto de egresos [&hellip;]<\/p>\n","protected":false},"author":1,"featured_media":0,"parent":8897,"menu_order":0,"comment_status":"closed","ping_status":"closed","template":"","meta":{"footnotes":""},"_links":{"self":[{"href":"https:\/\/www.upslp.edu.mx\/upslp\/index.php?rest_route=\/wp\/v2\/pages\/11755"}],"collection":[{"href":"https:\/\/www.upslp.edu.mx\/upslp\/index.php?rest_route=\/wp\/v2\/pages"}],"about":[{"href":"https:\/\/www.upslp.edu.mx\/upslp\/index.php?rest_route=\/wp\/v2\/types\/page"}],"author":[{"embeddable":true,"href":"https:\/\/www.upslp.edu.mx\/upslp\/index.php?rest_route=\/wp\/v2\/users\/1"}],"replies":[{"embeddable":true,"href":"https:\/\/www.upslp.edu.mx\/upslp\/index.php?rest_route=%2Fwp%2Fv2%2Fcomments&post=11755"}],"version-history":[{"count":1,"href":"https:\/\/www.upslp.edu.mx\/upslp\/index.php?rest_route=\/wp\/v2\/pages\/11755\/revisions"}],"predecessor-version":[{"id":11763,"href":"https:\/\/www.upslp.edu.mx\/upslp\/index.php?rest_route=\/wp\/v2\/pages\/11755\/revisions\/11763"}],"up":[{"embeddable":true,"href":"https:\/\/www.upslp.edu.mx\/upslp\/index.php?rest_route=\/wp\/v2\/pages\/8897"}],"wp:attachment":[{"href":"https:\/\/www.upslp.edu.mx\/upslp\/index.php?rest_route=%2Fwp%2Fv2%2Fmedia&parent=11755"}],"curies":[{"name":"wp","href":"https:\/\/api.w.org\/{rel}","templated":true}]}}