{"id":1209,"date":"2015-03-05T19:24:46","date_gmt":"2015-03-05T19:24:46","guid":{"rendered":"http:\/\/192.168.2.100\/upslp\/?page_id=1209"},"modified":"2025-08-21T10:18:21","modified_gmt":"2025-08-21T15:18:21","slug":"cultura-y-deportes","status":"publish","type":"page","link":"https:\/\/www.upslp.edu.mx\/upslp\/?page_id=1209","title":{"rendered":"Cultura y Deportes"},"content":{"rendered":"<h3 style=\"text-align: justify;\"><\/h3>\n<h3 style=\"text-align: justify;\">JUSTIFICACI\u00d3N<\/h3>\n<p style=\"text-align: justify;\">La Universidad Polit\u00e9cnica de San Luis Potos\u00ed esta\u00a0comprometida en el desarrollo personal y profesional exitoso del estudiante, impulso para la formaci\u00f3n integral y humana, actividades deportivas y culturales que complementen la formaci\u00f3n acad\u00e9mica del estudiante.<\/p>\n<h3>OBJETIVO<\/h3>\n<p style=\"text-align: justify;\">Ser parte activa en el cumplimiento del compromiso de nuestra universidad con excelencia en la formaci\u00f3n integral y humana, desarrollando y aplicando\u00a0 nuevos conocimientos; mediante un programa de actividades deportivas incluyente y diversificado que permita a los estudiantes equilibrar su desarrollo acad\u00e9mico, que provea\u00a0 de experiencias y valores que coadyuven a su madurez y calidad profesional, mismas que consistir\u00e1n en un sello distintivo de su paso por la universidad polit\u00e9cnica.<\/p>\n<p style=\"text-align: justify;\"><span style=\"line-height: 1.5em;\">Las disciplinas que actualmente se ofrecen son:<\/span><\/p>\n<p style=\"text-align: justify;\"><span style=\"line-height: 1.5em;\"><div class=\"eight columns\"><ul class=\"list-group\"><\/span><\/p>\n<p style=\"text-align: justify;\"><li class=\"list-approve\">Fultbol Soccer<\/li><\/p>\n<p style=\"color: #000000; font-family: Verdana, Arial, Helvetica, sans-serif; font-size: 11px; line-height: normal; text-align: justify;\"><li class=\"list-approve\">Futbol R\u00e1pido<\/li><\/p>\n<p style=\"color: #000000; font-family: Verdana, Arial, Helvetica, sans-serif; font-size: 11px; line-height: normal; text-align: justify;\"><li class=\"list-approve\">Basquetbol<\/li><\/p>\n<p style=\"color: #000000; font-family: Verdana, Arial, Helvetica, sans-serif; font-size: 11px; line-height: normal; text-align: justify;\"><li class=\"list-approve\">Voleibol<\/li><\/p>\n<p style=\"color: #000000; font-family: Verdana, Arial, Helvetica, sans-serif; font-size: 11px; line-height: normal; text-align: justify;\"><li class=\"list-approve\">Tae kwon Do<\/li><\/p>\n<p style=\"color: #000000; font-family: Verdana, Arial, Helvetica, sans-serif; font-size: 11px; line-height: normal; text-align: justify;\"><li class=\"list-approve\">Karate<\/li><\/p>\n<p style=\"color: #000000; font-family: Verdana, Arial, Helvetica, sans-serif; font-size: 11px; line-height: normal; text-align: justify;\"><li class=\"list-approve\">Ajedrez<\/li><\/p>\n<p style=\"color: #000000; font-family: Verdana, Arial, Helvetica, sans-serif; font-size: 11px; line-height: normal; text-align: justify;\"><li class=\"list-approve\">Atletismo<\/li><\/ul><\/p>\n<p style=\"color: #000000; font-family: Verdana, Arial, Helvetica, sans-serif; font-size: 11px; line-height: normal; text-align: justify;\"><ul class=\"list-group\"><li class=\"list-approve\">Yoga<\/li><\/p>\n<p style=\"color: #000000; font-family: Verdana, Arial, Helvetica, sans-serif; font-size: 11px; line-height: normal; text-align: justify;\"><li class=\"list-approve\">Dibujo <\/li><\/p>\n<p style=\"color: #000000; font-family: Verdana, Arial, Helvetica, sans-serif; font-size: 11px; line-height: normal; text-align: justify;\"><li class=\"list-approve\">Voleibol<\/li><\/p>\n<p style=\"color: #000000; font-family: Verdana, Arial, Helvetica, sans-serif; font-size: 11px; line-height: normal; text-align: justify;\"><li class=\"list-approve\">Guitarra <\/li><\/p>\n<p style=\"color: #000000; font-family: Verdana, Arial, Helvetica, sans-serif; font-size: 11px; line-height: normal; text-align: justify;\"><li class=\"list-approve\">Karate<\/li><\/p>\n<p style=\"color: #000000; font-family: Verdana, Arial, Helvetica, sans-serif; font-size: 11px; line-height: normal; text-align: justify;\"><li class=\"list-approve\">Baile &#8211; fitnnes <\/li><\/p>\n<p style=\"color: #000000; font-family: Verdana, Arial, Helvetica, sans-serif; font-size: 11px; line-height: normal; text-align: justify;\"><li class=\"list-approve\">Coro<\/li><\/p>\n<p style=\"color: #000000; font-family: Verdana, Arial, Helvetica, sans-serif; font-size: 11px; line-height: normal; text-align: justify;\">.<\/ul><\/p>\n<p style=\"text-align: justify;\"><\/div><\/p>\n<div class=\"eight columns\">\n<p><span style=\"line-height: 1.5em;\"><span style=\"line-height: 1.5em;\">\u00a0<\/span><\/span><\/p>\n\n\t\t<style type=\"text\/css\">\n\t\t\t#gallery-1 {\n\t\t\t\tmargin: auto;\n\t\t\t}\n\t\t\t#gallery-1 .gallery-item {\n\t\t\t\tfloat: left;\n\t\t\t\tmargin-top: 10px;\n\t\t\t\ttext-align: center;\n\t\t\t\twidth: 33%;\n\t\t\t}\n\t\t\t#gallery-1 img {\n\t\t\t\tborder: 2px solid #cfcfcf;\n\t\t\t}\n\t\t\t#gallery-1 .gallery-caption {\n\t\t\t\tmargin-left: 0;\n\t\t\t}\n\t\t\t\/* see gallery_shortcode() in wp-includes\/media.php *\/\n\t\t<\/style>\n\t\t<div id='gallery-1' class='gallery galleryid-1209 gallery-columns-3 gallery-size-thumbnail'><dl class='gallery-item'>\n\t\t\t<dt class='gallery-icon landscape'>\n\t\t\t\t<a href='https:\/\/www.upslp.edu.mx\/upslp\/wp-content\/uploads\/2015\/03\/Cultura-y-Deporte-web1.jpg'><img loading=\"lazy\" decoding=\"async\" width=\"150\" height=\"100\" src=\"https:\/\/www.upslp.edu.mx\/upslp\/wp-content\/uploads\/2015\/03\/Cultura-y-Deporte-web1.jpg\" class=\"attachment-thumbnail size-thumbnail\" alt=\"\" \/><\/a>\n\t\t\t<\/dt><\/dl><dl class='gallery-item'>\n\t\t\t<dt class='gallery-icon landscape'>\n\t\t\t\t<a href='https:\/\/www.upslp.edu.mx\/upslp\/wp-content\/uploads\/2015\/03\/Cultura-y-Deporte-web2.jpg'><img loading=\"lazy\" decoding=\"async\" width=\"150\" height=\"100\" src=\"https:\/\/www.upslp.edu.mx\/upslp\/wp-content\/uploads\/2015\/03\/Cultura-y-Deporte-web2.jpg\" class=\"attachment-thumbnail size-thumbnail\" alt=\"\" \/><\/a>\n\t\t\t<\/dt><\/dl><dl class='gallery-item'>\n\t\t\t<dt class='gallery-icon landscape'>\n\t\t\t\t<a href='https:\/\/www.upslp.edu.mx\/upslp\/wp-content\/uploads\/2015\/03\/Cultura-y-Deporte-web3.jpg'><img loading=\"lazy\" decoding=\"async\" width=\"150\" height=\"100\" src=\"https:\/\/www.upslp.edu.mx\/upslp\/wp-content\/uploads\/2015\/03\/Cultura-y-Deporte-web3.jpg\" class=\"attachment-thumbnail size-thumbnail\" alt=\"\" \/><\/a>\n\t\t\t<\/dt><\/dl><br style=\"clear: both\" \/><dl class='gallery-item'>\n\t\t\t<dt class='gallery-icon landscape'>\n\t\t\t\t<a href='https:\/\/www.upslp.edu.mx\/upslp\/wp-content\/uploads\/2015\/03\/Cultura-y-Deporte-web4.jpg'><img loading=\"lazy\" decoding=\"async\" width=\"150\" height=\"100\" src=\"https:\/\/www.upslp.edu.mx\/upslp\/wp-content\/uploads\/2015\/03\/Cultura-y-Deporte-web4.jpg\" class=\"attachment-thumbnail size-thumbnail\" alt=\"\" \/><\/a>\n\t\t\t<\/dt><\/dl><dl class='gallery-item'>\n\t\t\t<dt class='gallery-icon landscape'>\n\t\t\t\t<a href='https:\/\/www.upslp.edu.mx\/upslp\/wp-content\/uploads\/2015\/03\/Cultura-y-Deporte-web5.jpg'><img loading=\"lazy\" decoding=\"async\" width=\"150\" height=\"100\" src=\"https:\/\/www.upslp.edu.mx\/upslp\/wp-content\/uploads\/2015\/03\/Cultura-y-Deporte-web5.jpg\" class=\"attachment-thumbnail size-thumbnail\" alt=\"\" \/><\/a>\n\t\t\t<\/dt><\/dl><dl class='gallery-item'>\n\t\t\t<dt class='gallery-icon landscape'>\n\t\t\t\t<a href='https:\/\/www.upslp.edu.mx\/upslp\/wp-content\/uploads\/2015\/03\/Cultura-y-Deporte-web6.jpg'><img loading=\"lazy\" decoding=\"async\" width=\"150\" height=\"100\" src=\"https:\/\/www.upslp.edu.mx\/upslp\/wp-content\/uploads\/2015\/03\/Cultura-y-Deporte-web6.jpg\" class=\"attachment-thumbnail size-thumbnail\" alt=\"\" \/><\/a>\n\t\t\t<\/dt><\/dl><br style=\"clear: both\" \/>\n\t\t<\/div>\n\n<p><span style=\"line-height: 1.5em;\"><\/div><\/span><\/p>\n<p>Recientemente tuvimos la participaci\u00f3n de nuestra universidad en la etapa estatal de la universiada 2015 con los siguientes equipos:<\/p>\n<p style=\"text-align: center;\"><div class=\"eight columns\"><\/p>\n<table class=\"aligncenter\" style=\"width: 298px; border: 1px solid #ffffff; background-color: #e9e8e7;\" border=\"1\" cellspacing=\"1\" cellpadding=\"1\" align=\"center\">\n<colgroup>\n<col \/>\n<col \/>\n<col \/> <\/colgroup>\n<tbody>\n<tr>\n<td style=\"text-align: justify;\">\n<h4 style=\"text-align: center;\">DISCIPLINA<\/h4>\n<\/td>\n<td style=\"text-align: center;\">\n<h4>Varonil<\/h4>\n<\/td>\n<td style=\"text-align: center;\">\n<h4>Femenil<\/h4>\n<\/td>\n<\/tr>\n<tr>\n<td style=\"text-align: justify;\">Futbol r\u00e1pido<\/td>\n<td style=\"text-align: center;\">x<\/td>\n<td style=\"text-align: center;\">x<\/td>\n<\/tr>\n<tr>\n<td style=\"text-align: justify;\">Basquetbol<\/td>\n<td style=\"text-align: center;\">x<\/td>\n<td style=\"text-align: center;\">x<\/td>\n<\/tr>\n<tr>\n<td style=\"text-align: justify;\">Voleibol<\/td>\n<td style=\"text-align: center;\">x<\/td>\n<td style=\"text-align: center;\">x<\/td>\n<\/tr>\n<tr>\n<td style=\"text-align: justify;\">Taekwondo<\/td>\n<td style=\"text-align: center;\">x<\/td>\n<td style=\"text-align: center;\">x<\/td>\n<\/tr>\n<tr>\n<td style=\"text-align: justify;\">Atletismo<\/td>\n<td style=\"text-align: center;\">x<\/td>\n<td style=\"text-align: center;\">x<\/td>\n<\/tr>\n<tr>\n<td style=\"text-align: justify;\">Triatl\u00f3n<\/td>\n<td style=\"text-align: center;\">x<\/td>\n<td style=\"text-align: center;\"><\/td>\n<\/tr>\n<tr>\n<td style=\"text-align: justify;\">Judo<\/td>\n<td style=\"text-align: center;\">x<\/td>\n<td style=\"text-align: center;\">x<\/td>\n<\/tr>\n<tr>\n<td style=\"text-align: justify;\">Tenis<\/td>\n<td style=\"text-align: center;\">x<\/td>\n<td style=\"text-align: center;\"><\/td>\n<\/tr>\n<\/tbody>\n<\/table>\n<p style=\"text-align: center;\"><\/div><\/p>\n<h3 style=\"text-align: center;\"><\/h3>\n<p style=\"text-align: justify;\"><span style=\"line-height: 1.5em;\"><div class=\"eight columns\"><\/span>Con una destaca participaci\u00f3n de los equipos de futbol r\u00e1pido femenil, taekwondo, triatl\u00f3n y tenis logrando el pase a la etapa regional.<\/p>\n<p style=\"text-align: justify;\">Los equipos de futbol soccer varonil, futbol r\u00e1pido femenil, basquetbol varonil y voleibol femenil actualmente se preparan para participar en el torneo nacional de Universidades Polit\u00e9cnicas que se llevara a cabo en la ciudad de Mazatl\u00e1n Sinaloa los d\u00edas 17 al 22 de marzo de 2015.<\/div><\/p>\n<h3><\/h3>\n<h3 style=\"text-align: right;\">Contacto<\/h3>\n<h5 style=\"text-align: right;\">Cultura y Deportes<\/h5>\n<h5 style=\"text-align: right;\">Lic.\u00a0Roy Aldrett Lara<\/h5>\n<p><a href=\"mailto:%20deportes@upslp.edu.mx\">\u00a0deportes@upslp.edu.mx<\/a><\/p>\n<h5 style=\"text-align: right;\">Tel\u00e9fono: (444) 870 \u2013 21 \u2013 00 Ext. 283<\/h5>\n","protected":false},"excerpt":{"rendered":"<p>JUSTIFICACI\u00d3N La Universidad Polit\u00e9cnica de San Luis Potos\u00ed esta\u00a0comprometida en el desarrollo personal y [&hellip;]<\/p>\n","protected":false},"author":1,"featured_media":0,"parent":271,"menu_order":0,"comment_status":"open","ping_status":"open","template":"","meta":{"footnotes":""},"_links":{"self":[{"href":"https:\/\/www.upslp.edu.mx\/upslp\/index.php?rest_route=\/wp\/v2\/pages\/1209"}],"collection":[{"href":"https:\/\/www.upslp.edu.mx\/upslp\/index.php?rest_route=\/wp\/v2\/pages"}],"about":[{"href":"https:\/\/www.upslp.edu.mx\/upslp\/index.php?rest_route=\/wp\/v2\/types\/page"}],"author":[{"embeddable":true,"href":"https:\/\/www.upslp.edu.mx\/upslp\/index.php?rest_route=\/wp\/v2\/users\/1"}],"replies":[{"embeddable":true,"href":"https:\/\/www.upslp.edu.mx\/upslp\/index.php?rest_route=%2Fwp%2Fv2%2Fcomments&post=1209"}],"version-history":[{"count":147,"href":"https:\/\/www.upslp.edu.mx\/upslp\/index.php?rest_route=\/wp\/v2\/pages\/1209\/revisions"}],"predecessor-version":[{"id":21525,"href":"https:\/\/www.upslp.edu.mx\/upslp\/index.php?rest_route=\/wp\/v2\/pages\/1209\/revisions\/21525"}],"up":[{"embeddable":true,"href":"https:\/\/www.upslp.edu.mx\/upslp\/index.php?rest_route=\/wp\/v2\/pages\/271"}],"wp:attachment":[{"href":"https:\/\/www.upslp.edu.mx\/upslp\/index.php?rest_route=%2Fwp%2Fv2%2Fmedia&parent=1209"}],"curies":[{"name":"wp","href":"https:\/\/api.w.org\/{rel}","templated":true}]}}