{"id":12130,"date":"2020-03-11T14:40:05","date_gmt":"2020-03-11T20:40:05","guid":{"rendered":"http:\/\/www.upslp.edu.mx\/upslp\/?page_id=12130"},"modified":"2024-03-11T12:42:24","modified_gmt":"2024-03-11T18:42:24","slug":"licenciatura-en-mercadotecnia-internacional-lmi","status":"publish","type":"page","link":"https:\/\/www.upslp.edu.mx\/upslp\/?page_id=12130","title":{"rendered":"Licenciatura en Mercadotecnia Internacional (LMI)"},"content":{"rendered":"\r\n<div class=\"wp-block-columns are-vertically-aligned-center is-layout-flex wp-container-core-columns-layout-1 wp-block-columns-is-layout-flex\">\r\n<div class=\"wp-block-column is-vertically-aligned-center is-layout-flow wp-block-column-is-layout-flow\" style=\"flex-basis: 60%;\"> <iframe style=\"height: 250px;\" src=\"https:\/\/www.youtube.com\/embed\/b_SjPkvEfow?si=VocaVM1KKhyVxXIc\" width=\"100%\" frameborder=\"0\" allowfullscreen=\"allowfullscreen\"><span data-mce-type=\"bookmark\" style=\"display: inline-block; width: 0px; overflow: hidden; line-height: 0;\" class=\"mce_SELRES_start\">\ufeff<\/span><span data-mce-type=\"bookmark\" style=\"display: inline-block; width: 0px; overflow: hidden; line-height: 0;\" class=\"mce_SELRES_start\">\ufeff<\/span><span data-mce-type=\"bookmark\" style=\"display: inline-block; width: 0px; overflow: hidden; line-height: 0;\" class=\"mce_SELRES_start\">\ufeff<\/span><\/iframe> \r\n\r\n\r\n<p>&nbsp;<\/p>\r\n<\/div>\r\n\r\n\r\n\r\n<div class=\"wp-block-column is-vertically-aligned-center is-layout-flow wp-block-column-is-layout-flow\" style=\"flex-basis: 40%;\">\r\n<div class=\"wp-block-image\">\r\n<figure class=\"alignright size-large is-resized\"><img decoding=\"async\" class=\"wp-image-6014\" src=\"https:\/\/www.upslp.edu.mx\/upslp\/wp-content\/uploads\/2016\/02\/logo-LMI.jpg\" alt=\"\" \/><\/figure>\r\n<\/div>\r\n\r\n\r\n\r\n<p>&nbsp;<\/p>\r\n<\/div>\r\n<\/div>\r\n\r\n\r\n\r\n<figure class=\"wp-block-image size-large is-resized\"><a href=\"https:\/\/goo.gl\/maps\/BftTM2hbAA41LYNcA\" target=\"_blank\" rel=\"alternate noopener noreferrer\"><img decoding=\"async\" src=\"https:\/\/www.upslp.edu.mx\/upslp\/wp-content\/uploads\/2020\/08\/Banner-Laboratorios-360-google-web-LMI-CIM.jpg\" alt=\"\" \/><\/a><\/figure>\r\n\r\n<p><!-- ------------------------------------- --><\/p>\r\n<figure class=\"wp-block-image\"><\/figure>\r\n<h3><a href=\"https:\/\/www.upslp.edu.mx\/upslp\/wp-content\/uploads\/2023\/08\/Postal-LMI-w-proceso-2024.jpg\"><img loading=\"lazy\" decoding=\"async\" width=\"248\" height=\"300\" class=\"size-medium wp-image-18092 alignleft\" src=\"https:\/\/www.upslp.edu.mx\/upslp\/wp-content\/uploads\/2023\/08\/Postal-LMI-w-proceso-2024-248x300.jpg\" alt=\"\" srcset=\"https:\/\/www.upslp.edu.mx\/upslp\/wp-content\/uploads\/2023\/08\/Postal-LMI-w-proceso-2024-248x300.jpg 248w, https:\/\/www.upslp.edu.mx\/upslp\/wp-content\/uploads\/2023\/08\/Postal-LMI-w-proceso-2024-848x1024.jpg 848w, https:\/\/www.upslp.edu.mx\/upslp\/wp-content\/uploads\/2023\/08\/Postal-LMI-w-proceso-2024-768x927.jpg 768w, https:\/\/www.upslp.edu.mx\/upslp\/wp-content\/uploads\/2023\/08\/Postal-LMI-w-proceso-2024-1272x1536.jpg 1272w, https:\/\/www.upslp.edu.mx\/upslp\/wp-content\/uploads\/2023\/08\/Postal-LMI-w-proceso-2024.jpg 1667w\" sizes=\"(max-width: 248px) 100vw, 248px\" \/><\/a>Nivel:<\/h3>\r\n<p>Licenciatura<\/p>\r\n<h3>T\u00edtulo otorgado:<\/h3>\r\n<p>Licenciado en Mercadotecnia Internacional<\/p>\r\n<h3>Duraci\u00f3n:<\/h3>\r\n<p>9 Semestres<\/p>\r\n<h3>Descripci\u00f3n de la carrera:<\/h3>\r\n<p><span style=\"line-height: 1.5em;\">Habilidad para la planeaci\u00f3n, dise\u00f1o e implementaci\u00f3n de estrategias de comunicaci\u00f3n de la empresa como su mercado: campa\u00f1as de publicidad e imagen, promoci\u00f3n de ventas, ventas personales, relaciones p\u00fablicas, entre otros.<div class=\"toggle-holder\" id=\"nineoneeightsixnin\" style=\"width:100%; float:none; \">\r\n\t<div class=\"toggle-header\">Conocer m\u00e1s<\/div>\r\n\t<div class=\"togglebox\"><\/span><\/p>\r\n<p>&nbsp;<\/p>\r\n<p>Capacidad para la planeaci\u00f3n dise\u00f1o e implementaci\u00f3n de investigaciones de mercado que le permitan obtener la informaci\u00f3n necesaria para la toma de decisiones en diferentes campos de acci\u00f3n del mercad\u00f3logo, como: fijaci\u00f3n de precios, desarrollo de nuevos productos, comercializaci\u00f3n de productos actuales, estrategias de comunicaci\u00f3n y estrategias de distribuci\u00f3n.<\/p>\r\n<p>&nbsp;<\/p>\r\n<p>Elementos de diagn\u00f3stico estrat\u00e9gico de mercado que le permitan responder de manera \u00e1gil a los cambios del entorno, anticip\u00e1ndose a las tendencias, cambios e innovaciones, para as\u00ed mantener posicionada a la organizaci\u00f3n-<\/p>\r\n<p>Desarrollo de habilidades directivas para coordinar diferentes \u00e1reas funcionales de la organizaci\u00f3n, como liderazgo para el e trabajo colaborativo, capacidad para el auto aprendizaje y alto compromiso social.<\/div><\/div><script type=\"text\/javascript\">\r\n\t\tjQuery(document).ready(function(){\r\n\tjQuery(\"#nineoneeightsixnin .togglebox\").hide();\r\n\t\t\t\t\tjQuery(\"#nineoneeightsixnin .toggle-header\").css({\"background-position\":\"0px -32px\"});jQuery(\"#nineoneeightsixnin .toggle-header\").click(function(){\r\n\t\t\tif(!jQuery.browser.msie || (jQuery.browser.msie && jQuery.browser.version > 6)){\r\n\t\t\t\tif(jQuery(this).next(\".togglebox\").is(\":visible\")){\r\n\t\t\t\t\tjQuery(this).stop().animate({\"background-position\":\"0px -32px\"},{duration:400, easing:\"easeInSine\"});\r\n\t\t\t\t}else{\r\n\t\t\t\t\tjQuery(this).stop().animate({\"background-position\":\"0px 0px\"},{duration:400, easing:\"easeOutSine\"});\r\n\t\t\t\t}\r\n\t\t\t}\r\n\t\t\tjQuery(this).next(\".togglebox\").slideToggle(\"slow\");\r\n\t\t\treturn true;\r\n\t\t});\r\n\t\t});\r\n\t<\/script><\/p>\r\n<p>&nbsp;<\/p>\r\n<h3>Plan de estudios:<\/h3>\r\n<p>La carrera de Mercadotecnia Internacional, est\u00e1 comprendida por 9 semestres. en el \u00faltimo semestre se lleva a cabo la estad\u00eda y residencia profesional en una empresa del sector productivo.\u00a0<div class=\"toggle-holder\" id=\"fouronethreeonesix\" style=\"width:100%; float:none; \">\r\n\t<div class=\"toggle-header\">Consulta Plan de Estudios<\/div>\r\n\t<div class=\"togglebox\"><\/p>\r\n<p><img loading=\"lazy\" decoding=\"async\" width=\"780\" height=\"936\" class=\"size-full wp-image-14845 aligncenter\" src=\"https:\/\/www.upslp.edu.mx\/upslp\/wp-content\/uploads\/2021\/09\/Plan-Postal-reverso-LMI-proceso-2022.jpg\" alt=\"\" srcset=\"https:\/\/www.upslp.edu.mx\/upslp\/wp-content\/uploads\/2021\/09\/Plan-Postal-reverso-LMI-proceso-2022.jpg 780w, https:\/\/www.upslp.edu.mx\/upslp\/wp-content\/uploads\/2021\/09\/Plan-Postal-reverso-LMI-proceso-2022-250x300.jpg 250w, https:\/\/www.upslp.edu.mx\/upslp\/wp-content\/uploads\/2021\/09\/Plan-Postal-reverso-LMI-proceso-2022-768x922.jpg 768w\" sizes=\"(max-width: 780px) 100vw, 780px\" \/><\/p>\r\n<p><\/div><\/div><script type=\"text\/javascript\">\r\n\t\tjQuery(document).ready(function(){\r\n\tjQuery(\"#fouronethreeonesix .togglebox\").hide();\r\n\t\t\t\t\tjQuery(\"#fouronethreeonesix .toggle-header\").css({\"background-position\":\"0px -32px\"});jQuery(\"#fouronethreeonesix .toggle-header\").click(function(){\r\n\t\t\tif(!jQuery.browser.msie || (jQuery.browser.msie && jQuery.browser.version > 6)){\r\n\t\t\t\tif(jQuery(this).next(\".togglebox\").is(\":visible\")){\r\n\t\t\t\t\tjQuery(this).stop().animate({\"background-position\":\"0px -32px\"},{duration:400, easing:\"easeInSine\"});\r\n\t\t\t\t}else{\r\n\t\t\t\t\tjQuery(this).stop().animate({\"background-position\":\"0px 0px\"},{duration:400, easing:\"easeOutSine\"});\r\n\t\t\t\t}\r\n\t\t\t}\r\n\t\t\tjQuery(this).next(\".togglebox\").slideToggle(\"slow\");\r\n\t\t\treturn true;\r\n\t\t});\r\n\t\t});\r\n\t<\/script><\/p>\r\n<p>&nbsp;<\/p>\r\n<h3>Infraestructura \/ Recursos:<\/h3>\r\n<ul>\r\n<li>Centro Integral de Mercadotecnia y Medios Audiovisuales (CIMMA) \u00a0<a style=\"font-size: 1em; line-height: 1.5em;\" href=\"https:\/\/www.upslp.edu.mx\/upslp\/?icemagproducts=cimma-centro-integral-de-mercadotecnia-y-medios-audiovisuales\">Ver m\u00e1s.<\/a><\/li>\r\n<li>C\u00e1mara de GESELL-Centro de Negocios<\/li>\r\n<\/ul>\r\n<p>La c\u00e1mara de Gessel es una habitaci\u00f3n acondicionada para permitir la observaci\u00f3n con personas. est\u00e1 conformada por dos ambientes separados por un vidrio unilateral, los cuales cuentan con equipos de audio y de video para la grabaci\u00f3n de los diferentes experimentos, tales como sesiones de grupo, investigaci\u00f3n de mercados, an\u00e1lisis del producto.<\/p>\r\n\n\t\t<style type=\"text\/css\">\n\t\t\t#gallery-1 {\n\t\t\t\tmargin: auto;\n\t\t\t}\n\t\t\t#gallery-1 .gallery-item {\n\t\t\t\tfloat: left;\n\t\t\t\tmargin-top: 10px;\n\t\t\t\ttext-align: center;\n\t\t\t\twidth: 25%;\n\t\t\t}\n\t\t\t#gallery-1 img {\n\t\t\t\tborder: 2px solid #cfcfcf;\n\t\t\t}\n\t\t\t#gallery-1 .gallery-caption {\n\t\t\t\tmargin-left: 0;\n\t\t\t}\n\t\t\t\/* see gallery_shortcode() in wp-includes\/media.php *\/\n\t\t<\/style>\n\t\t<div id='gallery-1' class='gallery galleryid-12130 gallery-columns-4 gallery-size-thumbnail'><dl class='gallery-item'>\n\t\t\t<dt class='gallery-icon landscape'>\n\t\t\t\t<a href='https:\/\/www.upslp.edu.mx\/upslp\/wp-content\/uploads\/2016\/02\/LMI-web1.jpg'><img loading=\"lazy\" decoding=\"async\" width=\"150\" height=\"100\" src=\"https:\/\/www.upslp.edu.mx\/upslp\/wp-content\/uploads\/2016\/02\/LMI-web1.jpg\" class=\"attachment-thumbnail size-thumbnail\" alt=\"\" \/><\/a>\n\t\t\t<\/dt><\/dl><dl class='gallery-item'>\n\t\t\t<dt class='gallery-icon landscape'>\n\t\t\t\t<a href='https:\/\/www.upslp.edu.mx\/upslp\/wp-content\/uploads\/2016\/02\/LMI-web2.jpg'><img loading=\"lazy\" decoding=\"async\" width=\"150\" height=\"100\" src=\"https:\/\/www.upslp.edu.mx\/upslp\/wp-content\/uploads\/2016\/02\/LMI-web2.jpg\" class=\"attachment-thumbnail size-thumbnail\" alt=\"\" \/><\/a>\n\t\t\t<\/dt><\/dl><dl class='gallery-item'>\n\t\t\t<dt class='gallery-icon landscape'>\n\t\t\t\t<a href='https:\/\/www.upslp.edu.mx\/upslp\/wp-content\/uploads\/2016\/02\/LMI-web3.jpg'><img loading=\"lazy\" decoding=\"async\" width=\"150\" height=\"100\" src=\"https:\/\/www.upslp.edu.mx\/upslp\/wp-content\/uploads\/2016\/02\/LMI-web3.jpg\" class=\"attachment-thumbnail size-thumbnail\" alt=\"\" \/><\/a>\n\t\t\t<\/dt><\/dl><dl class='gallery-item'>\n\t\t\t<dt class='gallery-icon landscape'>\n\t\t\t\t<a href='https:\/\/www.upslp.edu.mx\/upslp\/wp-content\/uploads\/2016\/02\/LMI-web4.jpg'><img loading=\"lazy\" decoding=\"async\" width=\"150\" height=\"100\" src=\"https:\/\/www.upslp.edu.mx\/upslp\/wp-content\/uploads\/2016\/02\/LMI-web4.jpg\" class=\"attachment-thumbnail size-thumbnail\" alt=\"\" \/><\/a>\n\t\t\t<\/dt><\/dl><br style=\"clear: both\" \/><dl class='gallery-item'>\n\t\t\t<dt class='gallery-icon landscape'>\n\t\t\t\t<a href='https:\/\/www.upslp.edu.mx\/upslp\/wp-content\/uploads\/2016\/02\/LMI-web5.jpg'><img loading=\"lazy\" decoding=\"async\" width=\"150\" height=\"100\" src=\"https:\/\/www.upslp.edu.mx\/upslp\/wp-content\/uploads\/2016\/02\/LMI-web5.jpg\" class=\"attachment-thumbnail size-thumbnail\" alt=\"\" \/><\/a>\n\t\t\t<\/dt><\/dl><dl class='gallery-item'>\n\t\t\t<dt class='gallery-icon landscape'>\n\t\t\t\t<a href='https:\/\/www.upslp.edu.mx\/upslp\/wp-content\/uploads\/2016\/02\/LMI-web6.jpg'><img loading=\"lazy\" decoding=\"async\" width=\"150\" height=\"100\" src=\"https:\/\/www.upslp.edu.mx\/upslp\/wp-content\/uploads\/2016\/02\/LMI-web6.jpg\" class=\"attachment-thumbnail size-thumbnail\" alt=\"\" \/><\/a>\n\t\t\t<\/dt><\/dl>\n\t\t\t<br style='clear: both' \/>\n\t\t<\/div>\n\r\n<p>&nbsp;<\/p>\r\n<ul>\r\n<li>Centro de Informaci\u00f3n y Documentaci\u00f3n.<\/li>\r\n<li>Centros y Laboratorios de C\u00f3mputo<\/li>\r\n<\/ul>\r\n<h3>Certificaciones:<\/h3>\r\n<ul>\r\n<li>Certificaciones de Ingl\u00e9s por la Universidad de Cambridge.<\/li>\r\n<li>Microsoft Office Specialist.<\/li>\r\n<\/ul>\r\n<h3>Logros \/ Distinciones:<\/h3>\r\n<ul>\r\n<li>Reconocimiento de CENEVAL como Licenciatura de Alto Rendimiento Acad\u00e9mico EGEL Clasificada en el est\u00e1ndar de Rendimiento Acad\u00e9mico 1.<\/li>\r\n<li>Participaci\u00f3n en el Programa de Movilidad Estudiantil de la Warsaw University of Technnology<\/li>\r\n<li>Participaci\u00f3n en el Certamen Trayectoria de \u00c9xito, A.C.- Medalla de Estudiantes Ejemplares.<\/li>\r\n<li>Certificaci\u00f3n CIEES 2010.<\/li>\r\n<\/ul>\r\n<h3>Docentes:<\/h3>\r\n<div class=\"toggle-holder\" id=\"onezerotwozeronine\" style=\"width:100%; float:none; \">\r\n\t<div class=\"toggle-header\">Mtra. X\u00f3chitl Hern\u00e1ndez Vel\u00e1zquez <\/div>\r\n\t<div class=\"togglebox\"><\/p>\r\n<p>Mtra. X\u00f3chitl Hern\u00e1ndez Vel\u00e1zquez es licenciada en Ciencias de la Comunicaci\u00f3n por la UASLP\u00a0 y cuenta con una maestr\u00eda en Mercadotecnia por el ITESM Campus San Luis Potos\u00ed.<\/p>\r\n<p>Cuenta con una experiencia profesional de 10 a\u00f1os en el \u00e1rea de mercadotecnia y comunicaci\u00f3n. Su \u00e1rea de especialidad es la comercializaci\u00f3n\u00a0 y las estrategias de comunicaci\u00f3n al interior de la empresa (intervenci\u00f3n y\/ o institucional).<\/p>\r\n<p>Trabaj\u00f3 en el ITESM Campus San Luis Potos\u00ed como jefe de departamento de APRINTEL\u00a0 Sistema de Educaci\u00f3n a distancia. As\u00ed mismo, ha participado como docente en universidades como ITESM Campus San Luis, UVM, Universidad Tangamanga y la Universidad Mesoamericana.<\/p>\r\n<p>Ingres\u00f3 a la UPSLP como docente en 2008 y de tiempo completo en 2015. Actualmente imparte las c\u00e1tedras del \u00e1rea de Ventas\u00a0 y lidera los proyectos pr\u00e1cticos del \u00e1rea con Activaci\u00f3n de ventas y marca\u00a0 y Sales Force Fest que a\u00f1o con a\u00f1o cobra mayor relevancia e impacto a partir de las estrategias comerciales y de comunicaci\u00f3n\u00a0 promocional que se ponen en pr\u00e1ctica.<\/p>\r\n<p>Es miembro del comit\u00e9 acad\u00e9mico del EGEL\u00a0 en mercadotecnia, capacitador y consultor independiente en el \u00e1rea de comercializaci\u00f3n y comunicaci\u00f3n interna.<\/p>\r\n<p><\/div><\/div><script type=\"text\/javascript\">\r\n\t\tjQuery(document).ready(function(){\r\n\tjQuery(\"#onezerotwozeronine .togglebox\").hide();\r\n\t\t\t\t\tjQuery(\"#onezerotwozeronine .toggle-header\").css({\"background-position\":\"0px -32px\"});jQuery(\"#onezerotwozeronine .toggle-header\").click(function(){\r\n\t\t\tif(!jQuery.browser.msie || (jQuery.browser.msie && jQuery.browser.version > 6)){\r\n\t\t\t\tif(jQuery(this).next(\".togglebox\").is(\":visible\")){\r\n\t\t\t\t\tjQuery(this).stop().animate({\"background-position\":\"0px -32px\"},{duration:400, easing:\"easeInSine\"});\r\n\t\t\t\t}else{\r\n\t\t\t\t\tjQuery(this).stop().animate({\"background-position\":\"0px 0px\"},{duration:400, easing:\"easeOutSine\"});\r\n\t\t\t\t}\r\n\t\t\t}\r\n\t\t\tjQuery(this).next(\".togglebox\").slideToggle(\"slow\");\r\n\t\t\treturn true;\r\n\t\t});\r\n\t\t});\r\n\t<\/script>\r\n<p>&nbsp;<\/p>\r\n<p>&nbsp;<\/p>\r\n<h3>Perfil de egreso:<\/h3>\r\n<p>El Licenciado en Mercadotecnia Internacional, es un profesionista especializado en el an\u00e1lisis y diagn\u00f3stico de los diferentes mercados en los que una compa\u00f1\u00eda incursiona o en los que planea su expansi\u00f3n. <div class=\"toggle-holder\" id=\"twozerosevenfourse\" style=\"width:100%; float:none; \">\r\n\t<div class=\"toggle-header\">Conocer m\u00e1s<\/div>\r\n\t<div class=\"togglebox\">\u00a0La capacidad directiva de liderazgo de este profesional le permite dise\u00f1ar estrategias y planes orientados a posicionar a la organizaci\u00f3n, propiciando que los intercambios comerciales entre las empresas y sus diferentes mercados se lleven a cabo de manera din\u00e1mica, rentable y satisfactoria.<\/div><\/div><script type=\"text\/javascript\">\r\n\t\tjQuery(document).ready(function(){\r\n\tjQuery(\"#twozerosevenfourse .togglebox\").hide();\r\n\t\t\t\t\tjQuery(\"#twozerosevenfourse .toggle-header\").css({\"background-position\":\"0px -32px\"});jQuery(\"#twozerosevenfourse .toggle-header\").click(function(){\r\n\t\t\tif(!jQuery.browser.msie || (jQuery.browser.msie && jQuery.browser.version > 6)){\r\n\t\t\t\tif(jQuery(this).next(\".togglebox\").is(\":visible\")){\r\n\t\t\t\t\tjQuery(this).stop().animate({\"background-position\":\"0px -32px\"},{duration:400, easing:\"easeInSine\"});\r\n\t\t\t\t}else{\r\n\t\t\t\t\tjQuery(this).stop().animate({\"background-position\":\"0px 0px\"},{duration:400, easing:\"easeOutSine\"});\r\n\t\t\t\t}\r\n\t\t\t}\r\n\t\t\tjQuery(this).next(\".togglebox\").slideToggle(\"slow\");\r\n\t\t\treturn true;\r\n\t\t});\r\n\t\t});\r\n\t<\/script><\/p>\r\n<p>&nbsp;<\/p>\r\n<h3 style=\"text-align: center;\">Ligas de inter\u00e9s:<\/h3>\r\n<p style=\"text-align: center;\"><cite>www.<b>ama<\/b>mex.org.mx<\/cite><\/p>\r\n<p style=\"text-align: center;\"><i>www.<b>amai<\/b>.org<\/i><b><\/b><\/p>\r\n<h3 style=\"text-align: center;\">\u00a0<\/h3>\r\n<h3 style=\"text-align: center;\">Contacto:<\/h3>\r\n<p style=\"text-align: center;\"><strong>Licenciatura en Mercadotecnia Internacional<\/strong><\/p>\r\n<p style=\"text-align: center;\"><strong>Oneyda Mar\u00eda Arista Mu\u00f1iz <\/strong><\/p>\r\n<p style=\"text-align: center;\">Asistente de Licenciatura en Mercadotecnia Internacional<\/p>\r\n<p style=\"text-align: center;\">Tel\u00e9fono: (444) 870 \u2013 21 \u2013 00 Ext. 222<\/p>\r\n<p style=\"text-align: center;\"><strong>Mtra. X\u00f3chitl Hern\u00e1ndez Vel\u00e1zquez<\/strong><\/p>\r\n<p style=\"text-align: center;\">Coordinadora de la Licenciatura en Mercadotecnia Internacional<\/p>\r\n<p style=\"text-align: center;\"><a href=\"mailto:lmi@upslp.edu.mx\">lmi@upslp.edu.mx<\/a><\/p>\r\n<p style=\"text-align: center;\"><strong>\u00a0<\/strong><\/p>\r\n<h3>\u00a0<\/h3>\r\n<p>&nbsp;<\/p>","protected":false},"excerpt":{"rendered":"<p>\ufeff\ufeff\ufeff &nbsp; &nbsp; Nivel: Licenciatura T\u00edtulo otorgado: Licenciado en Mercadotecnia Internacional Duraci\u00f3n: 9 Semestres [&hellip;]<\/p>\n","protected":false},"author":1,"featured_media":0,"parent":2692,"menu_order":0,"comment_status":"closed","ping_status":"closed","template":"","meta":{"footnotes":""},"_links":{"self":[{"href":"https:\/\/www.upslp.edu.mx\/upslp\/index.php?rest_route=\/wp\/v2\/pages\/12130"}],"collection":[{"href":"https:\/\/www.upslp.edu.mx\/upslp\/index.php?rest_route=\/wp\/v2\/pages"}],"about":[{"href":"https:\/\/www.upslp.edu.mx\/upslp\/index.php?rest_route=\/wp\/v2\/types\/page"}],"author":[{"embeddable":true,"href":"https:\/\/www.upslp.edu.mx\/upslp\/index.php?rest_route=\/wp\/v2\/users\/1"}],"replies":[{"embeddable":true,"href":"https:\/\/www.upslp.edu.mx\/upslp\/index.php?rest_route=%2Fwp%2Fv2%2Fcomments&post=12130"}],"version-history":[{"count":29,"href":"https:\/\/www.upslp.edu.mx\/upslp\/index.php?rest_route=\/wp\/v2\/pages\/12130\/revisions"}],"predecessor-version":[{"id":19011,"href":"https:\/\/www.upslp.edu.mx\/upslp\/index.php?rest_route=\/wp\/v2\/pages\/12130\/revisions\/19011"}],"up":[{"embeddable":true,"href":"https:\/\/www.upslp.edu.mx\/upslp\/index.php?rest_route=\/wp\/v2\/pages\/2692"}],"wp:attachment":[{"href":"https:\/\/www.upslp.edu.mx\/upslp\/index.php?rest_route=%2Fwp%2Fv2%2Fmedia&parent=12130"}],"curies":[{"name":"wp","href":"https:\/\/api.w.org\/{rel}","templated":true}]}}