{"id":12301,"date":"2020-05-12T14:53:15","date_gmt":"2020-05-12T19:53:15","guid":{"rendered":"http:\/\/www.upslp.edu.mx\/upslp\/?page_id=12301"},"modified":"2020-05-12T14:53:18","modified_gmt":"2020-05-12T19:53:18","slug":"informacion-presupuestaria-marzo-2","status":"publish","type":"page","link":"https:\/\/www.upslp.edu.mx\/upslp\/?page_id=12301","title":{"rendered":"Informaci\u00f3n Presupuestaria &#8211; Marzo"},"content":{"rendered":"\n<p><a rel=\"noreferrer noopener\" aria-label=\"Endeudamiento Neto (abre en una nueva pesta\u00f1a)\" href=\"https:\/\/www.upslp.edu.mx\/upslp\/wp-content\/uploads\/2020\/05\/Endeudamiento-Neto.pdf\" target=\"_blank\">Endeudamiento Neto<\/a><\/p>\n\n\n\n<p><a rel=\"noreferrer noopener\" aria-label=\"Estado Anal\u00edtico de Ingresos (abre en una nueva pesta\u00f1a)\" href=\"https:\/\/www.upslp.edu.mx\/upslp\/wp-content\/uploads\/2020\/05\/Estado-Analitico-de-Ingresos.pdf\" target=\"_blank\">Estado Anal\u00edtico de Ingresos<\/a><\/p>\n\n\n\n<p><a rel=\"noreferrer noopener\" aria-label=\"Estado Anal\u00edtico del ejercicio del presupuesto de egresos en clasificaci\u00f3n Administrativa (abre en una nueva pesta\u00f1a)\" href=\"https:\/\/www.upslp.edu.mx\/upslp\/wp-content\/uploads\/2020\/05\/Estado-Analitico-del-ejercicio-del-presupuesto-de-egresos-en-clasificacion-Administrativa.pdf\" target=\"_blank\">Estado Anal\u00edtico del ejercicio del presupuesto de egresos en clasificaci\u00f3n Administrativa<\/a><\/p>\n\n\n\n<p><a rel=\"noreferrer noopener\" aria-label=\"Estado Anal\u00edtico del ejercicio del presupuesto de egresos en clasificaci\u00f3n econ\u00f3mica (abre en una nueva pesta\u00f1a)\" href=\"https:\/\/www.upslp.edu.mx\/upslp\/wp-content\/uploads\/2020\/05\/Estado-Analitico-del-ejercicio-del-presupuesto-de-egresos-en-clasificacion-economica.pdf\" target=\"_blank\">Estado Anal\u00edtico del ejercicio del presupuesto de egresos en clasificaci\u00f3n econ\u00f3mica<\/a><\/p>\n\n\n\n<p><a rel=\"noreferrer noopener\" aria-label=\"Estado Anal\u00edtico por Clasificaci\u00f3n Funcional (abre en una nueva pesta\u00f1a)\" href=\"https:\/\/www.upslp.edu.mx\/upslp\/wp-content\/uploads\/2020\/05\/Estado-Analitico-por-Clasificacion-Funcional.pdf\" target=\"_blank\">Estado Anal\u00edtico por Clasificaci\u00f3n Funcional<\/a><\/p>\n\n\n\n<p><a rel=\"noreferrer noopener\" aria-label=\"Estado del Ejercicio por tipo de gasto (abre en una nueva pesta\u00f1a)\" href=\"https:\/\/www.upslp.edu.mx\/upslp\/wp-content\/uploads\/2020\/05\/Estado-del-Ejercicio-por-tipo-de-gasto.pdf\" target=\"_blank\">Estado del Ejercicio por tipo de gasto<\/a><\/p>\n\n\n\n<p><a rel=\"noreferrer noopener\" aria-label=\"Intereses de la Deuda (abre en una nueva pesta\u00f1a)\" href=\"https:\/\/www.upslp.edu.mx\/upslp\/wp-content\/uploads\/2020\/05\/Intereses-de-la-Deuda.pdf\" target=\"_blank\">Intereses de la Deuda<\/a><\/p>\n\n\n\n<p><\/p>\n","protected":false},"excerpt":{"rendered":"<p>Endeudamiento Neto Estado Anal\u00edtico de Ingresos Estado Anal\u00edtico del ejercicio del presupuesto de egresos [&hellip;]<\/p>\n","protected":false},"author":1,"featured_media":0,"parent":8897,"menu_order":0,"comment_status":"closed","ping_status":"closed","template":"","meta":{"footnotes":""},"_links":{"self":[{"href":"https:\/\/www.upslp.edu.mx\/upslp\/index.php?rest_route=\/wp\/v2\/pages\/12301"}],"collection":[{"href":"https:\/\/www.upslp.edu.mx\/upslp\/index.php?rest_route=\/wp\/v2\/pages"}],"about":[{"href":"https:\/\/www.upslp.edu.mx\/upslp\/index.php?rest_route=\/wp\/v2\/types\/page"}],"author":[{"embeddable":true,"href":"https:\/\/www.upslp.edu.mx\/upslp\/index.php?rest_route=\/wp\/v2\/users\/1"}],"replies":[{"embeddable":true,"href":"https:\/\/www.upslp.edu.mx\/upslp\/index.php?rest_route=%2Fwp%2Fv2%2Fcomments&post=12301"}],"version-history":[{"count":1,"href":"https:\/\/www.upslp.edu.mx\/upslp\/index.php?rest_route=\/wp\/v2\/pages\/12301\/revisions"}],"predecessor-version":[{"id":12309,"href":"https:\/\/www.upslp.edu.mx\/upslp\/index.php?rest_route=\/wp\/v2\/pages\/12301\/revisions\/12309"}],"up":[{"embeddable":true,"href":"https:\/\/www.upslp.edu.mx\/upslp\/index.php?rest_route=\/wp\/v2\/pages\/8897"}],"wp:attachment":[{"href":"https:\/\/www.upslp.edu.mx\/upslp\/index.php?rest_route=%2Fwp%2Fv2%2Fmedia&parent=12301"}],"curies":[{"name":"wp","href":"https:\/\/api.w.org\/{rel}","templated":true}]}}