{"id":12312,"date":"2020-05-12T15:03:14","date_gmt":"2020-05-12T20:03:14","guid":{"rendered":"http:\/\/www.upslp.edu.mx\/upslp\/?page_id=12312"},"modified":"2020-05-12T15:04:34","modified_gmt":"2020-05-12T20:04:34","slug":"informacion-programatica-marzo-2","status":"publish","type":"page","link":"https:\/\/www.upslp.edu.mx\/upslp\/?page_id=12312","title":{"rendered":"Informaci\u00f3n Program\u00e1tica &#8211; Marzo"},"content":{"rendered":"\n<p><a rel=\"noreferrer noopener\" aria-label=\"Programas y Proyectos de Inversi\u00f3n Marzo 2020 (abre en una nueva pesta\u00f1a)\" href=\"https:\/\/www.upslp.edu.mx\/upslp\/wp-content\/uploads\/2020\/05\/Programas-y-Proyectos-de-Inversion-Marzo-2020.pdf\" target=\"_blank\">Programas y Proyectos de Inversi\u00f3n Marzo 2020<\/a><\/p>\n\n\n\n<p><a rel=\"noreferrer noopener\" aria-label=\"Reporte del gasto por categor\u00eda program\u00e1tica (abre en una nueva pesta\u00f1a)\" href=\"https:\/\/www.upslp.edu.mx\/upslp\/wp-content\/uploads\/2020\/05\/Reporte-del-gasto-por-categoria-programatica.pdf\" target=\"_blank\">Reporte del gasto por categor\u00eda program\u00e1tica<\/a><\/p>\n\n\n\n<p><\/p>\n","protected":false},"excerpt":{"rendered":"<p>Programas y Proyectos de Inversi\u00f3n Marzo 2020 Reporte del gasto por categor\u00eda program\u00e1tica<\/p>\n","protected":false},"author":1,"featured_media":0,"parent":8897,"menu_order":0,"comment_status":"closed","ping_status":"closed","template":"","meta":{"footnotes":""},"_links":{"self":[{"href":"https:\/\/www.upslp.edu.mx\/upslp\/index.php?rest_route=\/wp\/v2\/pages\/12312"}],"collection":[{"href":"https:\/\/www.upslp.edu.mx\/upslp\/index.php?rest_route=\/wp\/v2\/pages"}],"about":[{"href":"https:\/\/www.upslp.edu.mx\/upslp\/index.php?rest_route=\/wp\/v2\/types\/page"}],"author":[{"embeddable":true,"href":"https:\/\/www.upslp.edu.mx\/upslp\/index.php?rest_route=\/wp\/v2\/users\/1"}],"replies":[{"embeddable":true,"href":"https:\/\/www.upslp.edu.mx\/upslp\/index.php?rest_route=%2Fwp%2Fv2%2Fcomments&post=12312"}],"version-history":[{"count":1,"href":"https:\/\/www.upslp.edu.mx\/upslp\/index.php?rest_route=\/wp\/v2\/pages\/12312\/revisions"}],"predecessor-version":[{"id":12315,"href":"https:\/\/www.upslp.edu.mx\/upslp\/index.php?rest_route=\/wp\/v2\/pages\/12312\/revisions\/12315"}],"up":[{"embeddable":true,"href":"https:\/\/www.upslp.edu.mx\/upslp\/index.php?rest_route=\/wp\/v2\/pages\/8897"}],"wp:attachment":[{"href":"https:\/\/www.upslp.edu.mx\/upslp\/index.php?rest_route=%2Fwp%2Fv2%2Fmedia&parent=12312"}],"curies":[{"name":"wp","href":"https:\/\/api.w.org\/{rel}","templated":true}]}}