{"id":12753,"date":"2020-09-10T16:34:46","date_gmt":"2020-09-10T21:34:46","guid":{"rendered":"http:\/\/www.upslp.edu.mx\/upslp\/?page_id=12753"},"modified":"2020-09-10T16:39:52","modified_gmt":"2020-09-10T21:39:52","slug":"informacion-presupuestaria-junio-3","status":"publish","type":"page","link":"https:\/\/www.upslp.edu.mx\/upslp\/?page_id=12753","title":{"rendered":"Informaci\u00f3n Presupuestaria &#8211; Junio"},"content":{"rendered":"\n<p><a rel=\"noreferrer noopener\" href=\"https:\/\/www.upslp.edu.mx\/upslp\/wp-content\/uploads\/2020\/09\/Endeudamiento-Neto.pdf\" target=\"_blank\">Endeudamiento Neto<\/a><\/p>\n\n\n\n<p><a rel=\"noreferrer noopener\" href=\"https:\/\/www.upslp.edu.mx\/upslp\/wp-content\/uploads\/2020\/09\/Estado-Analitico-de-Ingresos.pdf\" target=\"_blank\">Estado Anal\u00edtico de Ingresos<\/a><\/p>\n\n\n\n<p><a rel=\"noreferrer noopener\" href=\"https:\/\/www.upslp.edu.mx\/upslp\/wp-content\/uploads\/2020\/09\/Estado-Analitico-del-ejercicio-del-Presupuesto-de-Egresos-en-Clasificacion-Administrativa.pdf\" target=\"_blank\">Estado Anal\u00edtico del ejercicio del Presupuesto de Egresos en Clasificaci\u00f3n Administrativa<\/a><\/p>\n\n\n\n<p><a rel=\"noreferrer noopener\" href=\"https:\/\/www.upslp.edu.mx\/upslp\/wp-content\/uploads\/2020\/09\/Estado-Analitico-del-ejercicio-del-Presupuesto-de-Egresos-en-Clasificacion-Economica.pdf\" target=\"_blank\">Estado Anal\u00edtico del ejercicio del Presupuesto de Egresos en Clasificaci\u00f3n Econ\u00f3mica<\/a><\/p>\n\n\n\n<p><a rel=\"noreferrer noopener\" href=\"https:\/\/www.upslp.edu.mx\/upslp\/wp-content\/uploads\/2020\/09\/Estado-Analitico-del-ejercicio-del-presupuesto-de-Egresos-por-Clasificacion-funcional.pdf\" target=\"_blank\">Estado Anal\u00edtico del ejercicio del presupuesto de Egresos por Clasificaci\u00f3n funcional<\/a><\/p>\n\n\n\n<p><a href=\"https:\/\/www.upslp.edu.mx\/upslp\/wp-content\/uploads\/2020\/09\/Estado-Analitico-del-ejercicio-del-Presupuesto-de-Egresos-por-tipo-de-gasto.pdf\" target=\"_blank\" rel=\"noreferrer noopener\">Estado Anal\u00edtico del ejercicio del Presupuesto de Egresos por tipo de gasto<\/a><\/p>\n\n\n\n<p><a rel=\"noreferrer noopener\" href=\"https:\/\/www.upslp.edu.mx\/upslp\/wp-content\/uploads\/2020\/09\/Intereses-de-la-deuda.pdf\" target=\"_blank\">Intereses de la deuda<\/a><\/p>\n\n\n\n<p><\/p>\n","protected":false},"excerpt":{"rendered":"<p>Endeudamiento Neto Estado Anal\u00edtico de Ingresos Estado Anal\u00edtico del ejercicio del Presupuesto de Egresos [&hellip;]<\/p>\n","protected":false},"author":1,"featured_media":0,"parent":8897,"menu_order":0,"comment_status":"closed","ping_status":"closed","template":"","meta":{"footnotes":""},"_links":{"self":[{"href":"https:\/\/www.upslp.edu.mx\/upslp\/index.php?rest_route=\/wp\/v2\/pages\/12753"}],"collection":[{"href":"https:\/\/www.upslp.edu.mx\/upslp\/index.php?rest_route=\/wp\/v2\/pages"}],"about":[{"href":"https:\/\/www.upslp.edu.mx\/upslp\/index.php?rest_route=\/wp\/v2\/types\/page"}],"author":[{"embeddable":true,"href":"https:\/\/www.upslp.edu.mx\/upslp\/index.php?rest_route=\/wp\/v2\/users\/1"}],"replies":[{"embeddable":true,"href":"https:\/\/www.upslp.edu.mx\/upslp\/index.php?rest_route=%2Fwp%2Fv2%2Fcomments&post=12753"}],"version-history":[{"count":3,"href":"https:\/\/www.upslp.edu.mx\/upslp\/index.php?rest_route=\/wp\/v2\/pages\/12753\/revisions"}],"predecessor-version":[{"id":12766,"href":"https:\/\/www.upslp.edu.mx\/upslp\/index.php?rest_route=\/wp\/v2\/pages\/12753\/revisions\/12766"}],"up":[{"embeddable":true,"href":"https:\/\/www.upslp.edu.mx\/upslp\/index.php?rest_route=\/wp\/v2\/pages\/8897"}],"wp:attachment":[{"href":"https:\/\/www.upslp.edu.mx\/upslp\/index.php?rest_route=%2Fwp%2Fv2%2Fmedia&parent=12753"}],"curies":[{"name":"wp","href":"https:\/\/api.w.org\/{rel}","templated":true}]}}