{"id":12767,"date":"2020-09-10T16:46:30","date_gmt":"2020-09-10T21:46:30","guid":{"rendered":"http:\/\/www.upslp.edu.mx\/upslp\/?page_id=12767"},"modified":"2020-09-10T16:49:41","modified_gmt":"2020-09-10T21:49:41","slug":"informacion-programatica-junio-2","status":"publish","type":"page","link":"https:\/\/www.upslp.edu.mx\/upslp\/?page_id=12767","title":{"rendered":"Informaci\u00f3n Program\u00e1tica &#8211; Junio"},"content":{"rendered":"\n<p><a rel=\"noreferrer noopener\" href=\"https:\/\/www.upslp.edu.mx\/upslp\/wp-content\/uploads\/2020\/09\/Programas-y-Proyectos-de-Inversion.pdf\" target=\"_blank\">Programas y Proyectos de Inversi\u00f3n<\/a><\/p>\n\n\n\n<p><a href=\"https:\/\/www.upslp.edu.mx\/upslp\/wp-content\/uploads\/2020\/09\/Reporte-del-gasto-por-categorai-programatica.pdf\" target=\"_blank\" rel=\"noreferrer noopener\">Reporte del gasto por categor\u00eda program\u00e1tica<\/a><\/p>\n\n\n\n<p><\/p>\n","protected":false},"excerpt":{"rendered":"<p>Programas y Proyectos de Inversi\u00f3n Reporte del gasto por categor\u00eda program\u00e1tica<\/p>\n","protected":false},"author":1,"featured_media":0,"parent":8897,"menu_order":0,"comment_status":"closed","ping_status":"closed","template":"","meta":{"footnotes":""},"_links":{"self":[{"href":"https:\/\/www.upslp.edu.mx\/upslp\/index.php?rest_route=\/wp\/v2\/pages\/12767"}],"collection":[{"href":"https:\/\/www.upslp.edu.mx\/upslp\/index.php?rest_route=\/wp\/v2\/pages"}],"about":[{"href":"https:\/\/www.upslp.edu.mx\/upslp\/index.php?rest_route=\/wp\/v2\/types\/page"}],"author":[{"embeddable":true,"href":"https:\/\/www.upslp.edu.mx\/upslp\/index.php?rest_route=\/wp\/v2\/users\/1"}],"replies":[{"embeddable":true,"href":"https:\/\/www.upslp.edu.mx\/upslp\/index.php?rest_route=%2Fwp%2Fv2%2Fcomments&post=12767"}],"version-history":[{"count":2,"href":"https:\/\/www.upslp.edu.mx\/upslp\/index.php?rest_route=\/wp\/v2\/pages\/12767\/revisions"}],"predecessor-version":[{"id":12774,"href":"https:\/\/www.upslp.edu.mx\/upslp\/index.php?rest_route=\/wp\/v2\/pages\/12767\/revisions\/12774"}],"up":[{"embeddable":true,"href":"https:\/\/www.upslp.edu.mx\/upslp\/index.php?rest_route=\/wp\/v2\/pages\/8897"}],"wp:attachment":[{"href":"https:\/\/www.upslp.edu.mx\/upslp\/index.php?rest_route=%2Fwp%2Fv2%2Fmedia&parent=12767"}],"curies":[{"name":"wp","href":"https:\/\/api.w.org\/{rel}","templated":true}]}}