{"id":13348,"date":"2020-11-10T17:59:04","date_gmt":"2020-11-10T23:59:04","guid":{"rendered":"http:\/\/www.upslp.edu.mx\/upslp\/?page_id=13348"},"modified":"2020-11-10T18:12:48","modified_gmt":"2020-11-11T00:12:48","slug":"contacto","status":"publish","type":"page","link":"https:\/\/www.upslp.edu.mx\/upslp\/?page_id=13348","title":{"rendered":"Contacto"},"content":{"rendered":"<h3 style=\"margin-top: 0px;\"><\/h3>\n<h3>\u00a0<a href=\"https:\/\/www.upslp.edu.mx\/upslp\/wp-content\/uploads\/2020\/11\/mapa_ubicacion_UPSLP_web.jpg\"><img decoding=\"async\" class=\"alignleft size-full wp-image-11077\" src=\"https:\/\/www.upslp.edu.mx\/upslp\/wp-content\/uploads\/2020\/11\/mapa_ubicacion_UPSLP_web.jpg\" alt=\"\" \/><\/a><\/h3>\n<h3>Direcci\u00f3n:<\/h3>\n<p style=\"padding-left: 240px;\">Urbano Villal\u00f3n #500, Col. La Ladrillera,<\/p>\n<p style=\"padding-left: 240px;\">San Luis Potos\u00ed, S.L.P. M\u00e9xico, C.P. 78363<\/p>\n<h3 style=\"padding-left: 210px;\"><img decoding=\"async\" class=\"alignleft size-full wp-image-12541\" src=\"https:\/\/www.upslp.edu.mx\/upslp\/wp-content\/uploads\/2020\/11\/email_icono_web.png\" alt=\"\" height=\"15\"\/>Email: <a href=\"mailto:politecnica@upslp.edu.mx\">politecnica@upslp.edu.mx<\/a><\/p>\n<p style=\"padding-left: 210px;\"><a href=\"https:\/\/www.upslp.edu.mx\/upslp\/?page_id=868\" rel=\"https:\/\/www.upslp.edu.mx\/upslp\/?page_id=868\"><img decoding=\"async\" class=\"alignleft wp-image-12545\" src=\"https:\/\/www.upslp.edu.mx\/upslp\/wp-content\/uploads\/2020\/11\/boton_google_maps.png\" alt=\"\" height=\"40\"\/><\/a><\/p>\n<\/h3>\n<h3><\/h3>\n","protected":false},"excerpt":{"rendered":"<p>\u00a0 Direcci\u00f3n: Urbano Villal\u00f3n #500, Col. La Ladrillera, San Luis Potos\u00ed, S.L.P. M\u00e9xico, C.P. [&hellip;]<\/p>\n","protected":false},"author":1,"featured_media":0,"parent":0,"menu_order":0,"comment_status":"closed","ping_status":"closed","template":"","meta":{"footnotes":""},"_links":{"self":[{"href":"https:\/\/www.upslp.edu.mx\/upslp\/index.php?rest_route=\/wp\/v2\/pages\/13348"}],"collection":[{"href":"https:\/\/www.upslp.edu.mx\/upslp\/index.php?rest_route=\/wp\/v2\/pages"}],"about":[{"href":"https:\/\/www.upslp.edu.mx\/upslp\/index.php?rest_route=\/wp\/v2\/types\/page"}],"author":[{"embeddable":true,"href":"https:\/\/www.upslp.edu.mx\/upslp\/index.php?rest_route=\/wp\/v2\/users\/1"}],"replies":[{"embeddable":true,"href":"https:\/\/www.upslp.edu.mx\/upslp\/index.php?rest_route=%2Fwp%2Fv2%2Fcomments&post=13348"}],"version-history":[{"count":4,"href":"https:\/\/www.upslp.edu.mx\/upslp\/index.php?rest_route=\/wp\/v2\/pages\/13348\/revisions"}],"predecessor-version":[{"id":13352,"href":"https:\/\/www.upslp.edu.mx\/upslp\/index.php?rest_route=\/wp\/v2\/pages\/13348\/revisions\/13352"}],"wp:attachment":[{"href":"https:\/\/www.upslp.edu.mx\/upslp\/index.php?rest_route=%2Fwp%2Fv2%2Fmedia&parent=13348"}],"curies":[{"name":"wp","href":"https:\/\/api.w.org\/{rel}","templated":true}]}}