{"id":14000,"date":"2021-04-09T12:43:45","date_gmt":"2021-04-09T17:43:45","guid":{"rendered":"http:\/\/www.upslp.edu.mx\/upslp\/?page_id=14000"},"modified":"2021-04-09T12:43:45","modified_gmt":"2021-04-09T17:43:45","slug":"informacion-programatica-septiembre-2","status":"publish","type":"page","link":"https:\/\/www.upslp.edu.mx\/upslp\/?page_id=14000","title":{"rendered":"Informaci\u00f3n Program\u00e1tica &#8211; Septiembre"},"content":{"rendered":"<p><a href=\"https:\/\/www.upslp.edu.mx\/upslp\/wp-content\/uploads\/2021\/04\/Programas-y-Proyectos-de-Inversion-Septiembre-2020.pdf\" target=\"_blank\" rel=\"noopener noreferrer\">Programas y Proyectos de Inversi\u00f3n Septiembre 2020<\/a><\/p>\n<p><a href=\"https:\/\/www.upslp.edu.mx\/upslp\/wp-content\/uploads\/2021\/04\/Reporte-del-gasto-por-categor\u00eda-program\u00e1tica.pdf\" target=\"_blank\" rel=\"noopener noreferrer\">Reporte del gasto por categor\u00eda program\u00e1tica<\/a><\/p>\n","protected":false},"excerpt":{"rendered":"<p>Programas y Proyectos de Inversi\u00f3n Septiembre 2020 Reporte del gasto por categor\u00eda program\u00e1tica<\/p>\n","protected":false},"author":1,"featured_media":0,"parent":0,"menu_order":0,"comment_status":"closed","ping_status":"closed","template":"","meta":{"footnotes":""},"_links":{"self":[{"href":"https:\/\/www.upslp.edu.mx\/upslp\/index.php?rest_route=\/wp\/v2\/pages\/14000"}],"collection":[{"href":"https:\/\/www.upslp.edu.mx\/upslp\/index.php?rest_route=\/wp\/v2\/pages"}],"about":[{"href":"https:\/\/www.upslp.edu.mx\/upslp\/index.php?rest_route=\/wp\/v2\/types\/page"}],"author":[{"embeddable":true,"href":"https:\/\/www.upslp.edu.mx\/upslp\/index.php?rest_route=\/wp\/v2\/users\/1"}],"replies":[{"embeddable":true,"href":"https:\/\/www.upslp.edu.mx\/upslp\/index.php?rest_route=%2Fwp%2Fv2%2Fcomments&post=14000"}],"version-history":[{"count":1,"href":"https:\/\/www.upslp.edu.mx\/upslp\/index.php?rest_route=\/wp\/v2\/pages\/14000\/revisions"}],"predecessor-version":[{"id":14003,"href":"https:\/\/www.upslp.edu.mx\/upslp\/index.php?rest_route=\/wp\/v2\/pages\/14000\/revisions\/14003"}],"wp:attachment":[{"href":"https:\/\/www.upslp.edu.mx\/upslp\/index.php?rest_route=%2Fwp%2Fv2%2Fmedia&parent=14000"}],"curies":[{"name":"wp","href":"https:\/\/api.w.org\/{rel}","templated":true}]}}