{"id":14031,"date":"2021-04-09T13:24:47","date_gmt":"2021-04-09T18:24:47","guid":{"rendered":"http:\/\/www.upslp.edu.mx\/upslp\/?page_id=14031"},"modified":"2021-04-09T13:24:47","modified_gmt":"2021-04-09T18:24:47","slug":"informacion-presupuestaria-diciembre","status":"publish","type":"page","link":"https:\/\/www.upslp.edu.mx\/upslp\/?page_id=14031","title":{"rendered":"Informaci\u00f3n Presupuestaria &#8211; Diciembre"},"content":{"rendered":"<p><a href=\"https:\/\/www.upslp.edu.mx\/upslp\/wp-content\/uploads\/2021\/04\/Endeudamiento-Neto-Diciembre-2020.pdf\" target=\"_blank\" rel=\"noopener noreferrer\">Endeudamiento Neto Diciembre 2020<\/a><\/p>\n<p><a href=\"https:\/\/www.upslp.edu.mx\/upslp\/wp-content\/uploads\/2021\/04\/Estado-Analitico-de-Ingresos-Diciembre-2020.pdf\" target=\"_blank\" rel=\"noopener noreferrer\">Estado Anal\u00edtico de Ingresos Diciembre 2020<\/a><\/p>\n<p><a href=\"https:\/\/www.upslp.edu.mx\/upslp\/wp-content\/uploads\/2021\/04\/Estado-Analitico-del-ejercicio-del-presupuesto-clasificacion-administrativa.pdf\" target=\"_blank\" rel=\"noopener noreferrer\">Estado Anal\u00edtico del ejercicio del presupuesto clasificaci\u00f3n administrativa<\/a><\/p>\n<p><a href=\"https:\/\/www.upslp.edu.mx\/upslp\/wp-content\/uploads\/2021\/04\/Estado-Analitico-del-ejercicio-del-presupuesto-de-Egresos-Clasificacion-Economica.pdf\" target=\"_blank\" rel=\"noopener noreferrer\">Estado Anal\u00edtico del ejercicio del presupuesto de Egresos Clasificaci\u00f3n Econ\u00f3mica<\/a><\/p>\n<p><a href=\"https:\/\/www.upslp.edu.mx\/upslp\/wp-content\/uploads\/2021\/04\/Estado-Analitico-del-ejercicio-del-presupuesto-de-Egresos-Clasificacion-Funcional.pdf\" target=\"_blank\" rel=\"noopener noreferrer\">Estado Anal\u00edtico del ejercicio del presupuesto de Egresos Clasificaci\u00f3n Funcional<\/a><\/p>\n<p><a href=\"https:\/\/www.upslp.edu.mx\/upslp\/wp-content\/uploads\/2021\/04\/Estado-del-ejercicio-por-tipo-de-gasto-Diciembre-2020.pdf\" target=\"_blank\" rel=\"noopener noreferrer\">Estado del ejercicio por tipo de gasto Diciembre 2020<\/a><\/p>\n<p><a href=\"https:\/\/www.upslp.edu.mx\/upslp\/wp-content\/uploads\/2021\/04\/Intereses-de-la-deuda-1.pdf\" target=\"_blank\" rel=\"noopener noreferrer\">Intereses de la deuda<\/a><\/p>\n","protected":false},"excerpt":{"rendered":"<p>Endeudamiento Neto Diciembre 2020 Estado Anal\u00edtico de Ingresos Diciembre 2020 Estado Anal\u00edtico del ejercicio [&hellip;]<\/p>\n","protected":false},"author":1,"featured_media":0,"parent":0,"menu_order":0,"comment_status":"closed","ping_status":"closed","template":"","meta":{"footnotes":""},"_links":{"self":[{"href":"https:\/\/www.upslp.edu.mx\/upslp\/index.php?rest_route=\/wp\/v2\/pages\/14031"}],"collection":[{"href":"https:\/\/www.upslp.edu.mx\/upslp\/index.php?rest_route=\/wp\/v2\/pages"}],"about":[{"href":"https:\/\/www.upslp.edu.mx\/upslp\/index.php?rest_route=\/wp\/v2\/types\/page"}],"author":[{"embeddable":true,"href":"https:\/\/www.upslp.edu.mx\/upslp\/index.php?rest_route=\/wp\/v2\/users\/1"}],"replies":[{"embeddable":true,"href":"https:\/\/www.upslp.edu.mx\/upslp\/index.php?rest_route=%2Fwp%2Fv2%2Fcomments&post=14031"}],"version-history":[{"count":1,"href":"https:\/\/www.upslp.edu.mx\/upslp\/index.php?rest_route=\/wp\/v2\/pages\/14031\/revisions"}],"predecessor-version":[{"id":14039,"href":"https:\/\/www.upslp.edu.mx\/upslp\/index.php?rest_route=\/wp\/v2\/pages\/14031\/revisions\/14039"}],"wp:attachment":[{"href":"https:\/\/www.upslp.edu.mx\/upslp\/index.php?rest_route=%2Fwp%2Fv2%2Fmedia&parent=14031"}],"curies":[{"name":"wp","href":"https:\/\/api.w.org\/{rel}","templated":true}]}}