{"id":14579,"date":"2021-07-20T12:47:55","date_gmt":"2021-07-20T17:47:55","guid":{"rendered":"http:\/\/www.upslp.edu.mx\/upslp\/?page_id=14579"},"modified":"2021-07-20T12:47:55","modified_gmt":"2021-07-20T17:47:55","slug":"informacion-presupuestaria-marzo","status":"publish","type":"page","link":"https:\/\/www.upslp.edu.mx\/upslp\/?page_id=14579","title":{"rendered":"Informaci\u00f3n Presupuestaria &#8211; Marzo"},"content":{"rendered":"<p><a href=\"https:\/\/www.upslp.edu.mx\/upslp\/wp-content\/uploads\/2021\/07\/Endeudamiento-Neto-Marzo-2021.pdf\" target=\"_blank\" rel=\"noopener noreferrer\">Endeudamiento Neto Marzo 2021<\/a><\/p>\n<p><a href=\"https:\/\/www.upslp.edu.mx\/upslp\/wp-content\/uploads\/2021\/07\/Estado-Analitico-de-Ingresos-Marzo-2021.pdf\" target=\"_blank\" rel=\"noopener noreferrer\">Estado Anal\u00edtico de Ingresos Marzo 2021<\/a><\/p>\n<p><a href=\"https:\/\/www.upslp.edu.mx\/upslp\/wp-content\/uploads\/2021\/07\/Estado-Analitico-del-ejercicio-del-Presupuesto-de-egresos-en-Clasificacion-Administrativa.pdf\" target=\"_blank\" rel=\"noopener noreferrer\">Estado Anal\u00edtico del ejercicio del Presupuesto de egresos en Clasificaci\u00f3n Administrativa<\/a><\/p>\n<p><a href=\"https:\/\/www.upslp.edu.mx\/upslp\/wp-content\/uploads\/2021\/07\/Estado-Analitico-del-ejercicio-del-Presupuesto-de-Egresos-en-Clasificacion-economica.pdf\" target=\"_blank\" rel=\"noopener noreferrer\">Estado Anal\u00edtico del ejercicio del Presupuesto de Egresos en Clasificaci\u00f3n econ\u00f3mica<\/a><\/p>\n<p><a href=\"https:\/\/www.upslp.edu.mx\/upslp\/wp-content\/uploads\/2021\/07\/Estado-Analitico-del-ejercicio-del-Presupuesto-de-egresos-en-Clasificacion-Funcional.pdf\" target=\"_blank\" rel=\"noopener noreferrer\">Estado Anal\u00edtico del ejercicio del Presupuesto de egresos en Clasificaci\u00f3n Funcional<\/a><\/p>\n<p><a href=\"https:\/\/www.upslp.edu.mx\/upslp\/wp-content\/uploads\/2021\/07\/Estado-del-ejercicio-por-tipo-de-gasto.pdf\" target=\"_blank\" rel=\"noopener noreferrer\">Estado del ejercicio por tipo de gasto<\/a><\/p>\n<p><a href=\"https:\/\/www.upslp.edu.mx\/upslp\/wp-content\/uploads\/2021\/07\/Intereses-de-la-deuda.pdf\" target=\"_blank\" rel=\"noopener noreferrer\">Intereses de la deuda<\/a><\/p>\n","protected":false},"excerpt":{"rendered":"<p>Endeudamiento Neto Marzo 2021 Estado Anal\u00edtico de Ingresos Marzo 2021 Estado Anal\u00edtico del ejercicio [&hellip;]<\/p>\n","protected":false},"author":1,"featured_media":0,"parent":0,"menu_order":0,"comment_status":"closed","ping_status":"closed","template":"","meta":{"footnotes":""},"_links":{"self":[{"href":"https:\/\/www.upslp.edu.mx\/upslp\/index.php?rest_route=\/wp\/v2\/pages\/14579"}],"collection":[{"href":"https:\/\/www.upslp.edu.mx\/upslp\/index.php?rest_route=\/wp\/v2\/pages"}],"about":[{"href":"https:\/\/www.upslp.edu.mx\/upslp\/index.php?rest_route=\/wp\/v2\/types\/page"}],"author":[{"embeddable":true,"href":"https:\/\/www.upslp.edu.mx\/upslp\/index.php?rest_route=\/wp\/v2\/users\/1"}],"replies":[{"embeddable":true,"href":"https:\/\/www.upslp.edu.mx\/upslp\/index.php?rest_route=%2Fwp%2Fv2%2Fcomments&post=14579"}],"version-history":[{"count":1,"href":"https:\/\/www.upslp.edu.mx\/upslp\/index.php?rest_route=\/wp\/v2\/pages\/14579\/revisions"}],"predecessor-version":[{"id":14587,"href":"https:\/\/www.upslp.edu.mx\/upslp\/index.php?rest_route=\/wp\/v2\/pages\/14579\/revisions\/14587"}],"wp:attachment":[{"href":"https:\/\/www.upslp.edu.mx\/upslp\/index.php?rest_route=%2Fwp%2Fv2%2Fmedia&parent=14579"}],"curies":[{"name":"wp","href":"https:\/\/api.w.org\/{rel}","templated":true}]}}