{"id":14589,"date":"2021-07-20T12:52:53","date_gmt":"2021-07-20T17:52:53","guid":{"rendered":"http:\/\/www.upslp.edu.mx\/upslp\/?page_id=14589"},"modified":"2021-07-20T12:52:54","modified_gmt":"2021-07-20T17:52:54","slug":"informacion-programatica-marzo","status":"publish","type":"page","link":"https:\/\/www.upslp.edu.mx\/upslp\/?page_id=14589","title":{"rendered":"Informaci\u00f3n Progr\u00e1matica &#8211; Marzo"},"content":{"rendered":"<p><a href=\"https:\/\/www.upslp.edu.mx\/upslp\/wp-content\/uploads\/2021\/07\/Programas-y-Proyectos-de-Inversion-Marzo-2021.pdf\" target=\"_blank\" rel=\"noopener noreferrer\">Programas y Proyectos de Inversi\u00f3n Marzo 2021<\/a><\/p>\n<p><a href=\"https:\/\/www.upslp.edu.mx\/upslp\/wp-content\/uploads\/2021\/07\/Reporte-del-gasto-por-categoria-programatica.pdf\" target=\"_blank\" rel=\"noopener noreferrer\">Reporte del gasto por categor\u00eda program\u00e1tica<\/a><\/p>\n","protected":false},"excerpt":{"rendered":"<p>Programas y Proyectos de Inversi\u00f3n Marzo 2021 Reporte del gasto por categor\u00eda program\u00e1tica<\/p>\n","protected":false},"author":1,"featured_media":0,"parent":0,"menu_order":0,"comment_status":"closed","ping_status":"closed","template":"","meta":{"footnotes":""},"_links":{"self":[{"href":"https:\/\/www.upslp.edu.mx\/upslp\/index.php?rest_route=\/wp\/v2\/pages\/14589"}],"collection":[{"href":"https:\/\/www.upslp.edu.mx\/upslp\/index.php?rest_route=\/wp\/v2\/pages"}],"about":[{"href":"https:\/\/www.upslp.edu.mx\/upslp\/index.php?rest_route=\/wp\/v2\/types\/page"}],"author":[{"embeddable":true,"href":"https:\/\/www.upslp.edu.mx\/upslp\/index.php?rest_route=\/wp\/v2\/users\/1"}],"replies":[{"embeddable":true,"href":"https:\/\/www.upslp.edu.mx\/upslp\/index.php?rest_route=%2Fwp%2Fv2%2Fcomments&post=14589"}],"version-history":[{"count":1,"href":"https:\/\/www.upslp.edu.mx\/upslp\/index.php?rest_route=\/wp\/v2\/pages\/14589\/revisions"}],"predecessor-version":[{"id":14592,"href":"https:\/\/www.upslp.edu.mx\/upslp\/index.php?rest_route=\/wp\/v2\/pages\/14589\/revisions\/14592"}],"wp:attachment":[{"href":"https:\/\/www.upslp.edu.mx\/upslp\/index.php?rest_route=%2Fwp%2Fv2%2Fmedia&parent=14589"}],"curies":[{"name":"wp","href":"https:\/\/api.w.org\/{rel}","templated":true}]}}