{"id":14628,"date":"2021-07-20T13:47:58","date_gmt":"2021-07-20T18:47:58","guid":{"rendered":"http:\/\/www.upslp.edu.mx\/upslp\/?page_id=14628"},"modified":"2021-07-20T13:47:58","modified_gmt":"2021-07-20T18:47:58","slug":"informacion-programatica-junio-3","status":"publish","type":"page","link":"https:\/\/www.upslp.edu.mx\/upslp\/?page_id=14628","title":{"rendered":"Informaci\u00f3n Progr\u00e1matica &#8211; Junio"},"content":{"rendered":"<p><a href=\"https:\/\/www.upslp.edu.mx\/upslp\/wp-content\/uploads\/2021\/07\/Programas-y-Proyectos-de-Inversion-Junio-2021.pdf\" target=\"_blank\" rel=\"noopener noreferrer\">Programas y Proyectos de Inversi\u00f3n Junio 2021<\/a><\/p>\n<p><a href=\"https:\/\/www.upslp.edu.mx\/upslp\/wp-content\/uploads\/2021\/07\/Reporte-del-Gasto-por-Categoria-Programatica-1.pdf\" target=\"_blank\" rel=\"noopener noreferrer\">Reporte del Gasto por Categor\u00eda Program\u00e1tica<\/a><\/p>\n","protected":false},"excerpt":{"rendered":"<p>Programas y Proyectos de Inversi\u00f3n Junio 2021 Reporte del Gasto por Categor\u00eda Program\u00e1tica<\/p>\n","protected":false},"author":1,"featured_media":0,"parent":8897,"menu_order":0,"comment_status":"closed","ping_status":"closed","template":"","meta":{"footnotes":""},"_links":{"self":[{"href":"https:\/\/www.upslp.edu.mx\/upslp\/index.php?rest_route=\/wp\/v2\/pages\/14628"}],"collection":[{"href":"https:\/\/www.upslp.edu.mx\/upslp\/index.php?rest_route=\/wp\/v2\/pages"}],"about":[{"href":"https:\/\/www.upslp.edu.mx\/upslp\/index.php?rest_route=\/wp\/v2\/types\/page"}],"author":[{"embeddable":true,"href":"https:\/\/www.upslp.edu.mx\/upslp\/index.php?rest_route=\/wp\/v2\/users\/1"}],"replies":[{"embeddable":true,"href":"https:\/\/www.upslp.edu.mx\/upslp\/index.php?rest_route=%2Fwp%2Fv2%2Fcomments&post=14628"}],"version-history":[{"count":1,"href":"https:\/\/www.upslp.edu.mx\/upslp\/index.php?rest_route=\/wp\/v2\/pages\/14628\/revisions"}],"predecessor-version":[{"id":14631,"href":"https:\/\/www.upslp.edu.mx\/upslp\/index.php?rest_route=\/wp\/v2\/pages\/14628\/revisions\/14631"}],"up":[{"embeddable":true,"href":"https:\/\/www.upslp.edu.mx\/upslp\/index.php?rest_route=\/wp\/v2\/pages\/8897"}],"wp:attachment":[{"href":"https:\/\/www.upslp.edu.mx\/upslp\/index.php?rest_route=%2Fwp%2Fv2%2Fmedia&parent=14628"}],"curies":[{"name":"wp","href":"https:\/\/api.w.org\/{rel}","templated":true}]}}