{"id":15035,"date":"2021-10-13T13:24:18","date_gmt":"2021-10-13T18:24:18","guid":{"rendered":"https:\/\/www.upslp.edu.mx\/upslp\/?page_id=15035"},"modified":"2021-10-13T13:24:18","modified_gmt":"2021-10-13T18:24:18","slug":"informacion-presupuestaria-septiembre-3","status":"publish","type":"page","link":"https:\/\/www.upslp.edu.mx\/upslp\/?page_id=15035","title":{"rendered":"Informaci\u00f3n Presupuestaria &#8211; Septiembre"},"content":{"rendered":"<p><a href=\"https:\/\/www.upslp.edu.mx\/upslp\/wp-content\/uploads\/2021\/10\/Edo.-Analitico-de-Ingresos-Septiembre-2021.pdf\">Edo. Anal\u00edtico de Ingresos Septiembre 2021<\/a><\/p>\n<p><a href=\"https:\/\/www.upslp.edu.mx\/upslp\/wp-content\/uploads\/2021\/10\/Endeudamiento-Neto-Septiembre-2021.pdf\">Endeudamiento Neto Septiembre 2021<\/a><\/p>\n<p><a href=\"https:\/\/www.upslp.edu.mx\/upslp\/wp-content\/uploads\/2021\/10\/Estado-Analitico-Presupuesto-Egresos-Clasificacion-Administrativa.pdf\">Estado Anal\u00edtico Presupuesto Egresos Clasificaci\u00f3n Administrativa<\/a><\/p>\n<p><a href=\"https:\/\/www.upslp.edu.mx\/upslp\/wp-content\/uploads\/2021\/10\/Estado-Analitico-Presupuesto-Egresos-Clasificacion-Economica.pdf\">Estado Anal\u00edtico Presupuesto Egresos Clasificaci\u00f3n Econ\u00f3mica<\/a><\/p>\n<p><a href=\"https:\/\/www.upslp.edu.mx\/upslp\/wp-content\/uploads\/2021\/10\/Estado-Analitico-Presupuesto-Egresos-Clasificacion-Funcional.pdf\">Estado Anal\u00edtico Presupuesto Egresos Clasificaci\u00f3n Funcional<\/a><\/p>\n<p><a href=\"https:\/\/www.upslp.edu.mx\/upslp\/wp-content\/uploads\/2021\/10\/Estado-del-ejercicio-por-tipo-de-gasto.pdf\">Estado del ejercicio por tipo de gasto<\/a><\/p>\n<p><a href=\"https:\/\/www.upslp.edu.mx\/upslp\/wp-content\/uploads\/2021\/10\/Intereses-de-la-deuda.pdf\">Intereses de la deuda<\/a><\/p>\n","protected":false},"excerpt":{"rendered":"<p>Edo. Anal\u00edtico de Ingresos Septiembre 2021 Endeudamiento Neto Septiembre 2021 Estado Anal\u00edtico Presupuesto Egresos [&hellip;]<\/p>\n","protected":false},"author":1,"featured_media":0,"parent":8897,"menu_order":0,"comment_status":"closed","ping_status":"closed","template":"","meta":{"footnotes":""},"_links":{"self":[{"href":"https:\/\/www.upslp.edu.mx\/upslp\/index.php?rest_route=\/wp\/v2\/pages\/15035"}],"collection":[{"href":"https:\/\/www.upslp.edu.mx\/upslp\/index.php?rest_route=\/wp\/v2\/pages"}],"about":[{"href":"https:\/\/www.upslp.edu.mx\/upslp\/index.php?rest_route=\/wp\/v2\/types\/page"}],"author":[{"embeddable":true,"href":"https:\/\/www.upslp.edu.mx\/upslp\/index.php?rest_route=\/wp\/v2\/users\/1"}],"replies":[{"embeddable":true,"href":"https:\/\/www.upslp.edu.mx\/upslp\/index.php?rest_route=%2Fwp%2Fv2%2Fcomments&post=15035"}],"version-history":[{"count":1,"href":"https:\/\/www.upslp.edu.mx\/upslp\/index.php?rest_route=\/wp\/v2\/pages\/15035\/revisions"}],"predecessor-version":[{"id":15036,"href":"https:\/\/www.upslp.edu.mx\/upslp\/index.php?rest_route=\/wp\/v2\/pages\/15035\/revisions\/15036"}],"up":[{"embeddable":true,"href":"https:\/\/www.upslp.edu.mx\/upslp\/index.php?rest_route=\/wp\/v2\/pages\/8897"}],"wp:attachment":[{"href":"https:\/\/www.upslp.edu.mx\/upslp\/index.php?rest_route=%2Fwp%2Fv2%2Fmedia&parent=15035"}],"curies":[{"name":"wp","href":"https:\/\/api.w.org\/{rel}","templated":true}]}}