{"id":16106,"date":"2022-05-11T08:29:22","date_gmt":"2022-05-11T13:29:22","guid":{"rendered":"https:\/\/www.upslp.edu.mx\/upslp\/?page_id=16106"},"modified":"2022-05-11T08:29:22","modified_gmt":"2022-05-11T13:29:22","slug":"informacion-programatica-marzo-3","status":"publish","type":"page","link":"https:\/\/www.upslp.edu.mx\/upslp\/?page_id=16106","title":{"rendered":"Informaci\u00f3n Program\u00e1tica &#8211; Marzo"},"content":{"rendered":"<p><a href=\"https:\/\/www.upslp.edu.mx\/upslp\/wp-content\/uploads\/2022\/05\/Programas-y-Proyectos-de-Inversion-Marzo-2022.pdf\" target=\"_blank\" rel=\"noopener\">Programas y Proyectos de Inversi\u00f3n Marzo 2022<\/a><\/p>\n<p><a href=\"https:\/\/www.upslp.edu.mx\/upslp\/wp-content\/uploads\/2022\/05\/Reporte-del-gasto-por-categoria-programatica.pdf\" target=\"_blank\" rel=\"noopener\">Reporte del gasto por categor\u00eda program\u00e1tica<\/a><\/p>\n<p>&nbsp;<\/p>\n","protected":false},"excerpt":{"rendered":"<p>Programas y Proyectos de Inversi\u00f3n Marzo 2022 Reporte del gasto por categor\u00eda program\u00e1tica &nbsp;<\/p>\n","protected":false},"author":1,"featured_media":0,"parent":8897,"menu_order":0,"comment_status":"closed","ping_status":"closed","template":"","meta":{"footnotes":""},"_links":{"self":[{"href":"https:\/\/www.upslp.edu.mx\/upslp\/index.php?rest_route=\/wp\/v2\/pages\/16106"}],"collection":[{"href":"https:\/\/www.upslp.edu.mx\/upslp\/index.php?rest_route=\/wp\/v2\/pages"}],"about":[{"href":"https:\/\/www.upslp.edu.mx\/upslp\/index.php?rest_route=\/wp\/v2\/types\/page"}],"author":[{"embeddable":true,"href":"https:\/\/www.upslp.edu.mx\/upslp\/index.php?rest_route=\/wp\/v2\/users\/1"}],"replies":[{"embeddable":true,"href":"https:\/\/www.upslp.edu.mx\/upslp\/index.php?rest_route=%2Fwp%2Fv2%2Fcomments&post=16106"}],"version-history":[{"count":1,"href":"https:\/\/www.upslp.edu.mx\/upslp\/index.php?rest_route=\/wp\/v2\/pages\/16106\/revisions"}],"predecessor-version":[{"id":16109,"href":"https:\/\/www.upslp.edu.mx\/upslp\/index.php?rest_route=\/wp\/v2\/pages\/16106\/revisions\/16109"}],"up":[{"embeddable":true,"href":"https:\/\/www.upslp.edu.mx\/upslp\/index.php?rest_route=\/wp\/v2\/pages\/8897"}],"wp:attachment":[{"href":"https:\/\/www.upslp.edu.mx\/upslp\/index.php?rest_route=%2Fwp%2Fv2%2Fmedia&parent=16106"}],"curies":[{"name":"wp","href":"https:\/\/api.w.org\/{rel}","templated":true}]}}