{"id":16472,"date":"2022-07-11T17:30:00","date_gmt":"2022-07-11T22:30:00","guid":{"rendered":"https:\/\/www.upslp.edu.mx\/upslp\/?page_id=16472"},"modified":"2022-08-18T11:55:03","modified_gmt":"2022-08-18T16:55:03","slug":"informacion-presupuestaria-junio-5","status":"publish","type":"page","link":"https:\/\/www.upslp.edu.mx\/upslp\/?page_id=16472","title":{"rendered":"Informaci\u00f3n Presupuestaria &#8211; Junio"},"content":{"rendered":"<p><a href=\"https:\/\/www.upslp.edu.mx\/upslp\/wp-content\/uploads\/2022\/07\/Endeudamiento-Neto-Junio-2022.pdf\" target=\"_blank\" rel=\"noopener\">Endeudamiento Neto Junio 2022<\/a><\/p>\n<p><a href=\"https:\/\/www.upslp.edu.mx\/upslp\/wp-content\/uploads\/2022\/07\/Estado-Analitico-ejercicio-presupuesto-egresos-clasificacion-administrativa.pdf\" target=\"_blank\" rel=\"noopener\">Estado Anal\u00edtico ejercicio presupuesto egresos clasificaci\u00f3n administrativa<\/a><\/p>\n<p><a href=\"https:\/\/www.upslp.edu.mx\/upslp\/wp-content\/uploads\/2022\/07\/Estado-Analitico-ejercicio-presupuesto-egresos-clasificacion-economica.pdf\" target=\"_blank\" rel=\"noopener\">Estado Anal\u00edtico ejercicio presupuesto egresos clasificaci\u00f3n econ\u00f3mica<\/a><\/p>\n<p><a href=\"https:\/\/www.upslp.edu.mx\/upslp\/wp-content\/uploads\/2022\/07\/Estado-Analitico-ejercicio-presupuesto-egresos-clasificacion-funcional.pdf\" target=\"_blank\" rel=\"noopener\">Estado Anal\u00edtico ejercicio presupuesto egresos clasificaci\u00f3n funcional<\/a><\/p>\n<p><a href=\"https:\/\/www.upslp.edu.mx\/upslp\/wp-content\/uploads\/2022\/07\/Estado-Analitico-Ingresos.pdf\" target=\"_blank\" rel=\"noopener\">Estado Anal\u00edtico Ingresos<\/a><\/p>\n<p><a href=\"https:\/\/www.upslp.edu.mx\/upslp\/wp-content\/uploads\/2022\/07\/Estado-del-ejercicio-por-tipo-de-gasto.pdf\" target=\"_blank\" rel=\"noopener\">Estado del ejercicio por tipo de gasto<\/a><\/p>\n<p><a href=\"https:\/\/www.upslp.edu.mx\/upslp\/wp-content\/uploads\/2022\/07\/Intereses-de-la-deuda-Junio-2022.pdf\" target=\"_blank\" rel=\"noopener\">Intereses de la deuda Junio 2022<\/a><\/p>\n<p><a href=\"https:\/\/www.upslp.edu.mx\/upslp\/wp-content\/uploads\/2022\/08\/Estado-Analitico-ejercicio-presupuesto-egresos-clasificacion-objeto-gasto.pdf\" target=\"_blank\" rel=\"noopener\">Estado Anal\u00edtico ejercicio presupuesto egresos clasificaci\u00f3n objeto gasto<\/a><\/p>\n<p>&nbsp;<\/p>\n","protected":false},"excerpt":{"rendered":"<p>Endeudamiento Neto Junio 2022 Estado Anal\u00edtico ejercicio presupuesto egresos clasificaci\u00f3n administrativa Estado Anal\u00edtico ejercicio [&hellip;]<\/p>\n","protected":false},"author":1,"featured_media":0,"parent":8897,"menu_order":0,"comment_status":"closed","ping_status":"closed","template":"","meta":{"footnotes":""},"_links":{"self":[{"href":"https:\/\/www.upslp.edu.mx\/upslp\/index.php?rest_route=\/wp\/v2\/pages\/16472"}],"collection":[{"href":"https:\/\/www.upslp.edu.mx\/upslp\/index.php?rest_route=\/wp\/v2\/pages"}],"about":[{"href":"https:\/\/www.upslp.edu.mx\/upslp\/index.php?rest_route=\/wp\/v2\/types\/page"}],"author":[{"embeddable":true,"href":"https:\/\/www.upslp.edu.mx\/upslp\/index.php?rest_route=\/wp\/v2\/users\/1"}],"replies":[{"embeddable":true,"href":"https:\/\/www.upslp.edu.mx\/upslp\/index.php?rest_route=%2Fwp%2Fv2%2Fcomments&post=16472"}],"version-history":[{"count":2,"href":"https:\/\/www.upslp.edu.mx\/upslp\/index.php?rest_route=\/wp\/v2\/pages\/16472\/revisions"}],"predecessor-version":[{"id":16587,"href":"https:\/\/www.upslp.edu.mx\/upslp\/index.php?rest_route=\/wp\/v2\/pages\/16472\/revisions\/16587"}],"up":[{"embeddable":true,"href":"https:\/\/www.upslp.edu.mx\/upslp\/index.php?rest_route=\/wp\/v2\/pages\/8897"}],"wp:attachment":[{"href":"https:\/\/www.upslp.edu.mx\/upslp\/index.php?rest_route=%2Fwp%2Fv2%2Fmedia&parent=16472"}],"curies":[{"name":"wp","href":"https:\/\/api.w.org\/{rel}","templated":true}]}}