{"id":16828,"date":"2022-09-20T11:52:35","date_gmt":"2022-09-20T16:52:35","guid":{"rendered":"https:\/\/www.upslp.edu.mx\/upslp\/?page_id=16828"},"modified":"2025-11-04T08:46:04","modified_gmt":"2025-11-04T14:46:04","slug":"proceso-de-ingreso-3","status":"publish","type":"page","link":"https:\/\/www.upslp.edu.mx\/upslp\/?page_id=16828","title":{"rendered":"Proceso de Ingreso"},"content":{"rendered":"<p><!--\n\n\n<h3 style=\"text-align: center;\">[layerslider id=\"27\"]<\/h3>\n\n\n--><\/p>\n<p><img loading=\"lazy\" decoding=\"async\" width=\"1024\" height=\"395\" class=\"aligncenter size-large wp-image-21611\" src=\"https:\/\/www.upslp.edu.mx\/upslp\/wp-content\/uploads\/2025\/08\/proceso-ok-16-1024x395.jpg\" alt=\"\" srcset=\"https:\/\/www.upslp.edu.mx\/upslp\/wp-content\/uploads\/2025\/08\/proceso-ok-16-1024x395.jpg 1024w, https:\/\/www.upslp.edu.mx\/upslp\/wp-content\/uploads\/2025\/08\/proceso-ok-16-300x116.jpg 300w, https:\/\/www.upslp.edu.mx\/upslp\/wp-content\/uploads\/2025\/08\/proceso-ok-16-768x296.jpg 768w, https:\/\/www.upslp.edu.mx\/upslp\/wp-content\/uploads\/2025\/08\/proceso-ok-16-1536x592.jpg 1536w, https:\/\/www.upslp.edu.mx\/upslp\/wp-content\/uploads\/2025\/08\/proceso-ok-16-2048x790.jpg 2048w\" sizes=\"(max-width: 1024px) 100vw, 1024px\" \/><\/p>\n<p>&nbsp;<\/p>\n<p>&nbsp;<\/p>\n<table class=\"aligncenter\" style=\"width: 960px; border-collapse: collapse; background-color: #e77817; border-color: #e77817;\" border=\"1\">\n<tbody>\n<tr>\n<td style=\"width: 2.7384%;\"><\/td>\n<td style=\"width: 95.373%;\">\n<h3><span style=\"color: #ffffff;\"><strong>Importante:<\/strong><\/span><\/h3>\n<\/td>\n<\/tr>\n<tr>\n<td style=\"width: 2.7384%;\"><\/td>\n<td style=\"width: 95.373%;\">\n<h3><span style=\"color: #ffffff;\"><strong>* Es responsabilidad del aspirante cumplir con todos los pasos del proceso de ingreso, apeg\u00e1ndose a las indicaciones y fechas establecidas.<\/strong><\/span><\/h3>\n<\/td>\n<\/tr>\n<tr>\n<td style=\"width: 2.7384%;\"><\/td>\n<td style=\"width: 95.373%;\">\n<h3><span style=\"color: #ffffff;\"><strong>* Es responsabilidad del aspirante consultar, de manera frecuente, los diversos canales de comunicaci\u00f3n de la Universidad para mantenerse informado sobre el proceso de ingreso.<\/strong><\/span><\/h3>\n<\/td>\n<\/tr>\n<tr>\n<td style=\"width: 2.7384%;\"><\/td>\n<td style=\"width: 95.373%;\">\n<h3><span style=\"color: #ffffff;\"><strong>* Para que el tr\u00e1mite sea v\u00e1lido, debe ser realizado directamente por el aspirante.<\/strong><\/span><\/h3>\n<\/td>\n<\/tr>\n<\/tbody>\n<\/table>\n<p>&nbsp;<\/p>\n<p><img loading=\"lazy\" decoding=\"async\" width=\"200\" height=\"150\" class=\"alignleft size-full wp-image-16834\" src=\"https:\/\/www.upslp.edu.mx\/upslp\/wp-content\/uploads\/2022\/09\/Paso1-proceso-de-ingreso-WEB.png\" alt=\"\" srcset=\"https:\/\/www.upslp.edu.mx\/upslp\/wp-content\/uploads\/2022\/09\/Paso1-proceso-de-ingreso-WEB.png 200w, https:\/\/www.upslp.edu.mx\/upslp\/wp-content\/uploads\/2022\/09\/Paso1-proceso-de-ingreso-WEB-80x60.png 80w\" sizes=\"(max-width: 200px) 100vw, 200px\" \/><\/p>\n<p>&nbsp;<\/p>\n<p>Ingresar a <a href=\"https:\/\/ssu.upslp.edu.mx\/ss\/Admissions\/Applications\" target=\"_blank\" rel=\"noopener\">https:\/\/ssu.upslp.edu.mx\/ss\/Admissions\/ApplicationSelectEnabledForm.aspx<\/a> y contestar la solicitud de nuevo ingreso, usando may\u00fasculas, min\u00fasculas y acentos, de lo contrario, no ser\u00e1 v\u00e1lida.<\/p>\n<p><strong>Importante: Elegir la carrera que sea de su inter\u00e9s y contestar correctamente todos los campos. Una vez enviada, no se podr\u00e1n realizar cambios.<\/strong><\/p>\n<p>&nbsp;<\/p>\n<p><img loading=\"lazy\" decoding=\"async\" width=\"200\" height=\"150\" class=\"alignleft size-full wp-image-16835\" src=\"https:\/\/www.upslp.edu.mx\/upslp\/wp-content\/uploads\/2022\/09\/Paso2-proceso-de-ingreso-WEB.png\" alt=\"\" srcset=\"https:\/\/www.upslp.edu.mx\/upslp\/wp-content\/uploads\/2022\/09\/Paso2-proceso-de-ingreso-WEB.png 200w, https:\/\/www.upslp.edu.mx\/upslp\/wp-content\/uploads\/2022\/09\/Paso2-proceso-de-ingreso-WEB-80x60.png 80w\" sizes=\"(max-width: 200px) 100vw, 200px\" \/><\/p>\n<p>Descargar la referencia bancaria para realizar el pago correspondiente al examen, en los bancos disponibles. Dicho pago se puede realizar en <strong>cajero autom\u00e1tico o por medio de las aplicaciones de los bancos disponibles, realiz\u00e1ndolo como pago de servicios<\/strong>. Verificar que el n\u00famero de la referencia bancaria y el monto est\u00e9n capturados correctamente.<\/p>\n<p><strong>Importante: La referencia es personal e intransferible, y la responsabilidad de su manejo es exclusiva del titular.<\/strong><\/p>\n<p><strong>Nota: Una vez realizado el pago, no habr\u00e1 reembolsos. Es responsabilidad del aspirante cumplir con los pasos del proceso de ingreso 2026, respetando las indicaciones y fechas establecidas.<\/strong><\/p>\n<p>&nbsp;<\/p>\n<p><img loading=\"lazy\" decoding=\"async\" width=\"200\" height=\"150\" class=\"alignleft size-full wp-image-16836\" src=\"https:\/\/www.upslp.edu.mx\/upslp\/wp-content\/uploads\/2022\/09\/Paso3-proceso-de-ingreso-WEB.png\" alt=\"\" srcset=\"https:\/\/www.upslp.edu.mx\/upslp\/wp-content\/uploads\/2022\/09\/Paso3-proceso-de-ingreso-WEB.png 200w, https:\/\/www.upslp.edu.mx\/upslp\/wp-content\/uploads\/2022\/09\/Paso3-proceso-de-ingreso-WEB-80x60.png 80w\" sizes=\"(max-width: 200px) 100vw, 200px\" \/><\/p>\n<p>&nbsp;<\/p>\n<p><span data-olk-copy-source=\"MessageBody\">Una vez hecho el pago, esperar dos d\u00edas h\u00e1biles y presentarse, de lunes a viernes de 08:00 a 18:00 hrs. en el Departamento de Servicios Estudiantiles (excepto los siguientes d\u00edas: 17 de noviembre de 2025, del 22 de diciembre de 2025 al 6 de enero de 2026, 16, 30 y 31 de marzo de 2026, 1, 2 y 3 de abril de 2026 y 1 y del 12 al 15 de mayo de 2026)<\/span><\/p>\n<p>&nbsp;<\/p>\n<p>&nbsp;<\/p>\n<ul>\n<li>Constancia original de estudios vigente \u00f3 Copia del Certificado de Bachillerato, en caso de haberlo concluido.<\/li>\n<li>Dos fotograf\u00edas recientes tama\u00f1o infantil a color.<\/li>\n<li>Copia de acta de nacimiento.<\/li>\n<li>Copia de CURP.<\/li>\n<li><span data-olk-copy-source=\"MessageBody\">Comprobante original de pago de ex\u00e1menes por la cantidad de\u00a0 $1,600.00 Mil seiscientos pesos 00\/100 M.N<\/span><\/li>\n<\/ul>\n<ul>\n<li>El tr\u00e1mite debe ser realizado por el aspirante.<\/li>\n<li>El d\u00eda que se tramite la ficha en el Departamento de Servicios Estudiantiles, se le proporcionar\u00e1 la siguiente informaci\u00f3n:<\/li>\n<\/ul>\n<p>* Fecha de evaluaciones institucionales.<\/p>\n<p>* Ficha de aspirante.<\/p>\n<p>* Tr\u00edptico informativo para su registro.<\/p>\n<p>&nbsp;<\/p>\n<p><img loading=\"lazy\" decoding=\"async\" width=\"200\" height=\"150\" class=\"alignleft size-full wp-image-16837\" src=\"https:\/\/www.upslp.edu.mx\/upslp\/wp-content\/uploads\/2022\/09\/Paso4-proceso-de-ingreso-WEB.png\" alt=\"\" srcset=\"https:\/\/www.upslp.edu.mx\/upslp\/wp-content\/uploads\/2022\/09\/Paso4-proceso-de-ingreso-WEB.png 200w, https:\/\/www.upslp.edu.mx\/upslp\/wp-content\/uploads\/2022\/09\/Paso4-proceso-de-ingreso-WEB-80x60.png 80w\" sizes=\"(max-width: 200px) 100vw, 200px\" \/><\/p>\n<p>&nbsp;<\/p>\n<p><strong>Periodo del proceso de ingreso: Del 3 de noviembre de 2025 al 28 de mayo de 2026.<\/strong><\/p>\n<p><strong>Examen de Ingreso: 13 de junio de 2026.<\/strong><\/p>\n<p><strong>Excelencia profesional, Elige Universidad Polit\u00e9cnica de San Luis Potos\u00ed.<\/strong><\/p>\n<p><strong>\u00a1No te quedes fuera!<\/strong><\/p>\n<p>&nbsp;<\/p>\n<p><img loading=\"lazy\" decoding=\"async\" width=\"1024\" height=\"502\" class=\"aligncenter wp-image-21656 size-large\" src=\"https:\/\/www.upslp.edu.mx\/upslp\/wp-content\/uploads\/2025\/09\/Evaluacion-diagnostica-1024x502.jpg\" alt=\"\" srcset=\"https:\/\/www.upslp.edu.mx\/upslp\/wp-content\/uploads\/2025\/09\/Evaluacion-diagnostica-1024x502.jpg 1024w, https:\/\/www.upslp.edu.mx\/upslp\/wp-content\/uploads\/2025\/09\/Evaluacion-diagnostica-300x147.jpg 300w, https:\/\/www.upslp.edu.mx\/upslp\/wp-content\/uploads\/2025\/09\/Evaluacion-diagnostica-768x376.jpg 768w, https:\/\/www.upslp.edu.mx\/upslp\/wp-content\/uploads\/2025\/09\/Evaluacion-diagnostica-1536x753.jpg 1536w, https:\/\/www.upslp.edu.mx\/upslp\/wp-content\/uploads\/2025\/09\/Evaluacion-diagnostica-2048x1003.jpg 2048w\" sizes=\"(max-width: 1024px) 100vw, 1024px\" \/><\/p>\n<p>&nbsp;<\/p>\n<p>&nbsp;<\/p>\n<p style=\"text-align: center;\">\t<div class=\"header-under-text\">\r\n    <hr \/>\r\n    <h1>Contacto<\/h1>\r\n    <p style=\"font-size:16px; font-style:italic;\"> <\/p>\r\n    <hr \/>\r\n    <\/div>\r\n    <div class=\"space-twenty\"><\/div>\r\n<\/p>\n<p style=\"text-align: center;\">Tel\u00e9fono: (444) 870 \u2013 21\u2013 00 Ext. 265<\/p>\n<p style=\"text-align: center;\">Urbano Villal\u00f3n #500 Col. La Ladrillera<\/p>\n<h3 style=\"text-align: center;\"><span data-olk-copy-source=\"MessageBody\">Vinculaci\u00f3n Institucional<\/span><\/h3>\n<table class=\"aligncenter\" style=\"width: 270px; border-collapse: collapse;\" border=\"1\">\n<tbody>\n<tr>\n<td style=\"width: 45px;\"><a href=\"https:\/\/wa.link\/b40pbn\" target=\"_blank\" rel=\"noopener noreferrer\"><img loading=\"lazy\" decoding=\"async\" width=\"35\" height=\"35\" class=\"aligncenter wp-image-13054 size-full\" src=\"https:\/\/www.upslp.edu.mx\/upslp\/wp-content\/uploads\/2020\/10\/Icono-whatsapp.png\" alt=\"\" \/><\/a><\/td>\n<td style=\"width: 45px;\"><a href=\"https:\/\/www.facebook.com\/upslp\" target=\"_blank\" rel=\"noopener noreferrer\"><img loading=\"lazy\" decoding=\"async\" width=\"35\" height=\"35\" class=\"aligncenter wp-image-13034 size-full\" src=\"https:\/\/www.upslp.edu.mx\/upslp\/wp-content\/uploads\/2020\/10\/Icono-facebook.png\" alt=\"\" \/><\/a><\/td>\n<td style=\"width: 45px;\"><a href=\"https:\/\/www.instagram.com\/upslp_oficial\/\" target=\"_blank\" rel=\"noopener noreferrer\"><img loading=\"lazy\" decoding=\"async\" width=\"35\" height=\"35\" class=\"aligncenter wp-image-13047 size-full\" src=\"https:\/\/www.upslp.edu.mx\/upslp\/wp-content\/uploads\/2020\/10\/Icono-Instagram.png\" alt=\"\" \/><\/a><\/td>\n<td style=\"width: 45px;\"><a href=\"https:\/\/twitter.com\/UPSLP_MX\" target=\"_blank\" rel=\"noopener noreferrer\"><img loading=\"lazy\" decoding=\"async\" width=\"35\" height=\"35\" class=\"aligncenter wp-image-13055 size-full\" src=\"https:\/\/www.upslp.edu.mx\/upslp\/wp-content\/uploads\/2020\/10\/Icono-Twitter.png\" alt=\"\" \/><\/a><\/td>\n<td style=\"width: 45px;\"><a href=\"mailto:aspirantes@upslp.edu.mx\" target=\"_blank\" rel=\"noopener noreferrer\"><img loading=\"lazy\" decoding=\"async\" width=\"35\" height=\"35\" class=\"aligncenter wp-image-13038 size-full\" src=\"https:\/\/www.upslp.edu.mx\/upslp\/wp-content\/uploads\/2020\/10\/Icono-correo.png\" alt=\"\" \/><\/a><\/td>\n<td style=\"width: 45px;\"><\/td>\n<\/tr>\n<\/tbody>\n<\/table>\n<p>&nbsp;<\/p>\n","protected":false},"excerpt":{"rendered":"<p>&nbsp; &nbsp; Importante: * Es responsabilidad del aspirante cumplir con todos los pasos del [&hellip;]<\/p>\n","protected":false},"author":1,"featured_media":0,"parent":244,"menu_order":0,"comment_status":"closed","ping_status":"closed","template":"","meta":{"footnotes":""},"_links":{"self":[{"href":"https:\/\/www.upslp.edu.mx\/upslp\/index.php?rest_route=\/wp\/v2\/pages\/16828"}],"collection":[{"href":"https:\/\/www.upslp.edu.mx\/upslp\/index.php?rest_route=\/wp\/v2\/pages"}],"about":[{"href":"https:\/\/www.upslp.edu.mx\/upslp\/index.php?rest_route=\/wp\/v2\/types\/page"}],"author":[{"embeddable":true,"href":"https:\/\/www.upslp.edu.mx\/upslp\/index.php?rest_route=\/wp\/v2\/users\/1"}],"replies":[{"embeddable":true,"href":"https:\/\/www.upslp.edu.mx\/upslp\/index.php?rest_route=%2Fwp%2Fv2%2Fcomments&post=16828"}],"version-history":[{"count":64,"href":"https:\/\/www.upslp.edu.mx\/upslp\/index.php?rest_route=\/wp\/v2\/pages\/16828\/revisions"}],"predecessor-version":[{"id":21925,"href":"https:\/\/www.upslp.edu.mx\/upslp\/index.php?rest_route=\/wp\/v2\/pages\/16828\/revisions\/21925"}],"up":[{"embeddable":true,"href":"https:\/\/www.upslp.edu.mx\/upslp\/index.php?rest_route=\/wp\/v2\/pages\/244"}],"wp:attachment":[{"href":"https:\/\/www.upslp.edu.mx\/upslp\/index.php?rest_route=%2Fwp%2Fv2%2Fmedia&parent=16828"}],"curies":[{"name":"wp","href":"https:\/\/api.w.org\/{rel}","templated":true}]}}