{"id":16871,"date":"2022-09-21T10:46:39","date_gmt":"2022-09-21T15:46:39","guid":{"rendered":"https:\/\/www.upslp.edu.mx\/upslp\/?page_id=16871"},"modified":"2024-09-25T17:03:00","modified_gmt":"2024-09-25T22:03:00","slug":"examenes-de-ingreso","status":"publish","type":"page","link":"https:\/\/www.upslp.edu.mx\/upslp\/?page_id=16871","title":{"rendered":"Ex\u00e1menes de Ingreso"},"content":{"rendered":"<h2><strong>Los ex\u00e1menes que aplica la Universidad Polit\u00e9cnica de San Luis Potos\u00ed a los aspirantes, son los siguientes:<\/strong><\/h2>\n<h4><strong>Evaluaciones Institucionales:<\/strong><\/h4>\n<ul>\n<li>Matem\u00e1ticas<\/li>\n<li>Ciencias \u2013 F\u00edsica (S\u00f3lo para aspirantes a Ingenier\u00edas)<\/li>\n<li>Psicom\u00e9trico<\/li>\n<\/ul>\n<p>La fecha para presentar las evaluaciones se asignar\u00e1 a cada estudiante conforme a su avance en su proceso de ingreso.<\/p>\n<p><strong><em>Dudas con respecto a evaluaciones institucionales, enviar un correo a:<\/em><\/strong><br \/>\n<a href=\"mailto:aspirantes@upslp.edu.mx\">aspirantes@upslp.edu.mx<\/a><\/p>\n<p>El aspirante deber\u00e1 presentar tanto las Evaluaciones Institucionales como el Examen de Ingreso, para completar el Proceso de Ingreso.<\/p>\n<p>Las \u00e1reas que se deben estudiar son:<\/p>\n<div class=\"tabs-wrapper\" id=\"onefiveseveneighte\" style=\"width:100%; float:none;\"><div class=\"tabs_container\"><ul class=\"tabs\"><li class=\"active\"><a href=\"tab1\">Matem\u00e1ticas <\/a><\/li><li><a href=\"tab2\">Ciencias - F\u00edsica, s\u00f3lo para aspirantes a Ingenier\u00edas<\/a><\/li><li><a href=\"tab3\">Psicom\u00e9trico<\/a><\/li><\/ul><\/div><div class=\"tabs_content_container\"><div class=\"tab_content tab1\" style=\"display: block;\"><p><\/p>\n<table class=\"aligncenter\" border=\"1\" cellspacing=\"10\" cellpadding=\"0\">\n<tbody>\n<tr style=\"height: 30px;\">\n<td style=\"height: 30px;\" valign=\"top\" width=\"100\"><strong>Aritm\u00e9tica<\/strong><\/td>\n<td style=\"height: 30px;\" valign=\"top\" width=\"860\">\n<ul>\n<li>Operaciones fundamentales con n\u00fameros enteros y racionales en la aplicaci\u00f3n y resoluci\u00f3n de problemas<\/li>\n<\/ul>\n<\/td>\n<\/tr>\n<tr style=\"height: 30px;\">\n<td style=\"height: 30px;\" valign=\"top\" width=\"100\"><strong>\u00c1lgebra<\/strong><\/td>\n<td style=\"height: 30px;\" valign=\"top\" width=\"860\">\n<ul>\n<li>Operaciones fundamentales del \u00e1lgebra, polinomios y productos notables, factorizaci\u00f3n, expresiones y funciones racionales, teorema fundamental del \u00e1lgebra.<\/li>\n<\/ul>\n<\/td>\n<\/tr>\n<tr style=\"height: 80px;\">\n<td style=\"height: 80px;\" valign=\"top\" width=\"100\"><strong>Trigonometr\u00eda<\/strong><\/td>\n<td style=\"height: 80px;\" valign=\"top\" width=\"860\">\n<ul>\n<li>\u00a0Gr\u00e1ficas y funciones, sistema de coordenadas cartesianas,\u00a0 \u00e1ngulos y medici\u00f3n, funciones trigonom\u00e9tricas, funciones inversas de \u00e1ngulos generales.<\/li>\n<li>\u00a0Tri\u00e1ngulos rect\u00e1ngulos,\u00a0 ley del seno y ley del coseno, identidades trigonom\u00e9tricas, \u00e1ngulo doble y \u00e1ngulo medio.<\/li>\n<li>\u00a0Logaritmos\u00a0 y funciones exponenciales (aplicaciones)\u200b<\/li>\n<\/ul>\n<\/td>\n<\/tr>\n<tr style=\"height: 30px;\">\n<td style=\"height: 30px;\" valign=\"top\" width=\"100\"><strong>Geometr\u00eda<\/strong><\/td>\n<td style=\"height: 30px;\" valign=\"top\" width=\"860\">\n<ul>\n<li>Ecuaci\u00f3n de la recta y secciones c\u00f3nicas<\/li>\n<\/ul>\n<\/td>\n<\/tr>\n<\/tbody>\n<\/table>\n<p style=\"text-align: justify;\"><\/p><\/div><div class=\"tab_content tab2\" ><\/p>\n<p>Los temas que deber\u00e1s estudiar para esta prueba son:<\/p>\n<ul>\n<li>Mec\u00e1nica\u00a0 (cinem\u00e1tica, din\u00e1mica y energ\u00eda).<\/li>\n<li>Electricidad y magnetismo<\/li>\n<li>Termodin\u00e1mica<\/li>\n<\/ul>\n<p style=\"text-align: justify;\"><\/p><\/div><div class=\"tab_content tab3\" ><\/p>\n<p>Esta es una evaluaci\u00f3n que identifica tus habilidades:<\/p>\n<ul>\n<li>Verbales.<\/li>\n<li>Num\u00e9ricas.<\/li>\n<li>De razonamiento abstracto<\/li>\n<\/ul>\n<p style=\"text-align: justify;\"><\/p><\/div><\/div><\/div><script type=\"text\/javascript\">\r\n\tjQuery(document).ready(function(){\r\n\t    jQuery(\"#onefiveseveneighte .tabs li\").click(function() {\r\n        \/\/  First remove class \"active\" from currently active tab\r\n        jQuery(\"#onefiveseveneighte .tabs li.active\").removeClass(\"active\");\r\n \r\n        \/\/  Now add class \"active\" to the selected\/clicked tab\r\n        jQuery(this).addClass(\"active\");\r\n \r\n        \/\/  Hide all tab content\r\n        jQuery(\"#onefiveseveneighte .tab_content\").hide();\r\n \r\n        \/\/  Here we get the href value of the selected tab\r\n        var selected_tab = jQuery(this).find(\"a\").attr(\"href\");\r\n \r\n        \/\/  Show the selected tab content\r\n        jQuery(\"#onefiveseveneighte .\"+ selected_tab).fadeIn(\"slow\");\r\n \r\n        \/\/  At the end, we add return false so that the click on the link is not executed\r\n        return false;\r\n\t\t});\r\n\t});\r\n\t<\/script>\n<p>&nbsp;<\/p>\n<p>&nbsp;<\/p>\n<p>&nbsp;<\/p>\n<p>&nbsp;<\/p>\n<p>&nbsp;<\/p>\n<p style=\"text-align: center;\">\t<div class=\"header-under-text\">\r\n    <hr \/>\r\n    <h1>Contacto<\/h1>\r\n    <p style=\"font-size:16px; font-style:italic;\"> <\/p>\r\n    <hr \/>\r\n    <\/div>\r\n    <div class=\"space-twenty\"><\/div>\r\n<\/p>\n<p style=\"text-align: center;\">Tel\u00e9fono: (444) 870 \u2013 21\u2013 00 Ext. 263 y 265<\/p>\n<p style=\"text-align: center;\">Urbano Villal\u00f3n #500 Col. La Ladrillera<\/p>\n<h3 style=\"text-align: center;\">Comunicaci\u00f3n y Promoci\u00f3n<\/h3>\n<table class=\"aligncenter\" style=\"width: 270px; border-collapse: collapse;\" border=\"1\">\n<tbody>\n<tr>\n<td style=\"width: 45px;\"><a href=\"https:\/\/wa.link\/b40pbn\" target=\"_blank\" rel=\"noopener noreferrer\"><img loading=\"lazy\" decoding=\"async\" width=\"35\" height=\"35\" class=\"aligncenter wp-image-13054 size-full\" src=\"https:\/\/www.upslp.edu.mx\/upslp\/wp-content\/uploads\/2020\/10\/Icono-whatsapp.png\" alt=\"\" \/><\/a><\/td>\n<td style=\"width: 45px;\"><a href=\"https:\/\/www.facebook.com\/upslp\" target=\"_blank\" rel=\"noopener noreferrer\"><img loading=\"lazy\" decoding=\"async\" width=\"35\" height=\"35\" class=\"aligncenter wp-image-13034 size-full\" src=\"https:\/\/www.upslp.edu.mx\/upslp\/wp-content\/uploads\/2020\/10\/Icono-facebook.png\" alt=\"\" \/><\/a><\/td>\n<td style=\"width: 45px;\"><a href=\"https:\/\/www.instagram.com\/upslp_oficial\/\" target=\"_blank\" rel=\"noopener noreferrer\"><img loading=\"lazy\" decoding=\"async\" width=\"35\" height=\"35\" class=\"aligncenter wp-image-13047 size-full\" src=\"https:\/\/www.upslp.edu.mx\/upslp\/wp-content\/uploads\/2020\/10\/Icono-Instagram.png\" alt=\"\" \/><\/a><\/td>\n<td style=\"width: 45px;\"><a href=\"https:\/\/twitter.com\/UPSLP_MX\" target=\"_blank\" rel=\"noopener noreferrer\"><img loading=\"lazy\" decoding=\"async\" width=\"35\" height=\"35\" class=\"aligncenter wp-image-13055 size-full\" src=\"https:\/\/www.upslp.edu.mx\/upslp\/wp-content\/uploads\/2020\/10\/Icono-Twitter.png\" alt=\"\" \/><\/a><\/td>\n<td style=\"width: 45px;\"><a href=\"mailto:aspirantes@upslp.edu.mx\" target=\"_blank\" rel=\"noopener noreferrer\"><img loading=\"lazy\" decoding=\"async\" width=\"35\" height=\"35\" class=\"aligncenter wp-image-13038 size-full\" src=\"https:\/\/www.upslp.edu.mx\/upslp\/wp-content\/uploads\/2020\/10\/Icono-correo.png\" alt=\"\" \/><\/a><\/td>\n<td style=\"width: 45px;\"><a href=\"https:\/\/t.me\/aspirantesUPSLP\" target=\"_blank\" rel=\"noopener noreferrer\"><img loading=\"lazy\" decoding=\"async\" width=\"35\" height=\"35\" class=\"aligncenter wp-image-13748 size-full\" src=\"https:\/\/www.upslp.edu.mx\/upslp\/wp-content\/uploads\/2021\/02\/Icono_telegram.png\" alt=\"\" \/><\/a><\/td>\n<\/tr>\n<\/tbody>\n<\/table>\n<p>&nbsp;<\/p>\n","protected":false},"excerpt":{"rendered":"<p>Los ex\u00e1menes que aplica la Universidad Polit\u00e9cnica de San Luis Potos\u00ed a los aspirantes, [&hellip;]<\/p>\n","protected":false},"author":1,"featured_media":0,"parent":244,"menu_order":0,"comment_status":"closed","ping_status":"closed","template":"","meta":{"footnotes":""},"_links":{"self":[{"href":"https:\/\/www.upslp.edu.mx\/upslp\/index.php?rest_route=\/wp\/v2\/pages\/16871"}],"collection":[{"href":"https:\/\/www.upslp.edu.mx\/upslp\/index.php?rest_route=\/wp\/v2\/pages"}],"about":[{"href":"https:\/\/www.upslp.edu.mx\/upslp\/index.php?rest_route=\/wp\/v2\/types\/page"}],"author":[{"embeddable":true,"href":"https:\/\/www.upslp.edu.mx\/upslp\/index.php?rest_route=\/wp\/v2\/users\/1"}],"replies":[{"embeddable":true,"href":"https:\/\/www.upslp.edu.mx\/upslp\/index.php?rest_route=%2Fwp%2Fv2%2Fcomments&post=16871"}],"version-history":[{"count":41,"href":"https:\/\/www.upslp.edu.mx\/upslp\/index.php?rest_route=\/wp\/v2\/pages\/16871\/revisions"}],"predecessor-version":[{"id":20111,"href":"https:\/\/www.upslp.edu.mx\/upslp\/index.php?rest_route=\/wp\/v2\/pages\/16871\/revisions\/20111"}],"up":[{"embeddable":true,"href":"https:\/\/www.upslp.edu.mx\/upslp\/index.php?rest_route=\/wp\/v2\/pages\/244"}],"wp:attachment":[{"href":"https:\/\/www.upslp.edu.mx\/upslp\/index.php?rest_route=%2Fwp%2Fv2%2Fmedia&parent=16871"}],"curies":[{"name":"wp","href":"https:\/\/api.w.org\/{rel}","templated":true}]}}