{"id":17553,"date":"2023-04-24T17:17:33","date_gmt":"2023-04-24T22:17:33","guid":{"rendered":"https:\/\/www.upslp.edu.mx\/upslp\/?page_id=17553"},"modified":"2023-04-24T17:17:33","modified_gmt":"2023-04-24T22:17:33","slug":"informacion-presupuestaria-marzo-4","status":"publish","type":"page","link":"https:\/\/www.upslp.edu.mx\/upslp\/?page_id=17553","title":{"rendered":"Informaci\u00f3n Presupuestaria &#8211; Marzo"},"content":{"rendered":"<p><a href=\"https:\/\/www.upslp.edu.mx\/upslp\/wp-content\/uploads\/2023\/04\/Edo.-Analitico-ejercicio-presupuesto-egresos-clasificacion-administrativa.pdf\" target=\"_blank\" rel=\"noopener\">Edo. Anal\u00edtico ejercicio presupuesto egresos clasificaci\u00f3n administrativa<\/a><\/p>\n<p><a href=\"https:\/\/www.upslp.edu.mx\/upslp\/wp-content\/uploads\/2023\/04\/Edo.-Analitico-ejercicio-presupuesto-egresos-clasificacion-economica.pdf\" target=\"_blank\" rel=\"noopener\">Edo. Anal\u00edtico ejercicio presupuesto egresos clasificaci\u00f3n econ\u00f3mica<\/a><\/p>\n<p><a href=\"https:\/\/www.upslp.edu.mx\/upslp\/wp-content\/uploads\/2023\/04\/Edo.-Analitico-ejercicio-presupuesto-egresos-clasificacion-funcional.pdf\" target=\"_blank\" rel=\"noopener\">Edo. Anal\u00edtico ejercicio presupuesto egresos clasificaci\u00f3n funcional<\/a><\/p>\n<p><a href=\"https:\/\/www.upslp.edu.mx\/upslp\/wp-content\/uploads\/2023\/04\/Edo.-Analitico-ejercicio-presupuesto-egresos-clasificacion-objeto-de-gasto.pdf\" target=\"_blank\" rel=\"noopener\">Edo. Anal\u00edtico ejercicio presupuesto egresos clasificaci\u00f3n objeto de gasto<\/a><\/p>\n<p><a href=\"https:\/\/www.upslp.edu.mx\/upslp\/wp-content\/uploads\/2023\/04\/Endeudamiento-Neto-Marzo-2023.pdf\" target=\"_blank\" rel=\"noopener\">Endeudamiento Neto Marzo 2023<\/a><\/p>\n<p><a href=\"https:\/\/www.upslp.edu.mx\/upslp\/wp-content\/uploads\/2023\/04\/Estado-Analitico-de-Ingresos-Marzo-2023.pdf\" target=\"_blank\" rel=\"noopener\">Estado Anal\u00edtico de Ingresos Marzo 2023<\/a><\/p>\n<p><a href=\"https:\/\/www.upslp.edu.mx\/upslp\/wp-content\/uploads\/2023\/04\/Estado-del-ejercicio-por-tipo-de-gasto.pdf\" target=\"_blank\" rel=\"noopener\">Estado del ejercicio por tipo de gasto<\/a><\/p>\n<p><a href=\"https:\/\/www.upslp.edu.mx\/upslp\/wp-content\/uploads\/2023\/04\/Intereses-de-la-deuda-Marzo-2023.pdf\" target=\"_blank\" rel=\"noopener\">Intereses de la deuda Marzo 2023<\/a><\/p>\n<p>&nbsp;<\/p>\n","protected":false},"excerpt":{"rendered":"<p>Edo. Anal\u00edtico ejercicio presupuesto egresos clasificaci\u00f3n administrativa Edo. Anal\u00edtico ejercicio presupuesto egresos clasificaci\u00f3n econ\u00f3mica [&hellip;]<\/p>\n","protected":false},"author":1,"featured_media":0,"parent":8897,"menu_order":0,"comment_status":"closed","ping_status":"closed","template":"","meta":{"footnotes":""},"_links":{"self":[{"href":"https:\/\/www.upslp.edu.mx\/upslp\/index.php?rest_route=\/wp\/v2\/pages\/17553"}],"collection":[{"href":"https:\/\/www.upslp.edu.mx\/upslp\/index.php?rest_route=\/wp\/v2\/pages"}],"about":[{"href":"https:\/\/www.upslp.edu.mx\/upslp\/index.php?rest_route=\/wp\/v2\/types\/page"}],"author":[{"embeddable":true,"href":"https:\/\/www.upslp.edu.mx\/upslp\/index.php?rest_route=\/wp\/v2\/users\/1"}],"replies":[{"embeddable":true,"href":"https:\/\/www.upslp.edu.mx\/upslp\/index.php?rest_route=%2Fwp%2Fv2%2Fcomments&post=17553"}],"version-history":[{"count":1,"href":"https:\/\/www.upslp.edu.mx\/upslp\/index.php?rest_route=\/wp\/v2\/pages\/17553\/revisions"}],"predecessor-version":[{"id":17562,"href":"https:\/\/www.upslp.edu.mx\/upslp\/index.php?rest_route=\/wp\/v2\/pages\/17553\/revisions\/17562"}],"up":[{"embeddable":true,"href":"https:\/\/www.upslp.edu.mx\/upslp\/index.php?rest_route=\/wp\/v2\/pages\/8897"}],"wp:attachment":[{"href":"https:\/\/www.upslp.edu.mx\/upslp\/index.php?rest_route=%2Fwp%2Fv2%2Fmedia&parent=17553"}],"curies":[{"name":"wp","href":"https:\/\/api.w.org\/{rel}","templated":true}]}}