{"id":1810,"date":"2015-08-24T12:32:48","date_gmt":"2015-08-24T17:32:48","guid":{"rendered":"http:\/\/192.168.2.100\/upslp\/?page_id=1810"},"modified":"2025-01-28T17:48:11","modified_gmt":"2025-01-28T23:48:11","slug":"modelo-academico","status":"publish","type":"page","link":"https:\/\/www.upslp.edu.mx\/upslp\/?page_id=1810","title":{"rendered":"Modelo Acad\u00e9mico"},"content":{"rendered":"<p>&nbsp;<\/p>\r\n<p>&nbsp;<\/p>\n\r\n<h1>Presentaci\u00f3n<\/h1>\r\n<p>La Universidad Polit\u00e9cnica de San Luis Potos\u00ed, abri\u00f3 sus puertas a la juventud potosina, el 3 de septiembre de 2001. Desde su fundaci\u00f3n, esta instituci\u00f3n se ha comprometido a enfrentar los desaf\u00edos de la educaci\u00f3n superior, marcando una trayectoria de excelencia, innovaci\u00f3n y colaboraci\u00f3n. Formamos parte de las 191 Universidades del Subsistema Tecnol\u00f3gico (UST), el cual integra a las Universidades Tecnol\u00f3gicas y Universidades Polit\u00e9cnicas de M\u00e9xico, mismas que cuentan con m\u00e1s de 30 y 20 a\u00f1os de experiencia, respectivamente, en la formaci\u00f3n de profesionales de excelencia, ofreciendo una amplia gama de programas educativos en los niveles de: T\u00e9cnico Superior Universitario, Licenciatura y Posgrado con presencia en los 31 estados de la Rep\u00fablica Mexicana. Te ofrecemos un nuevo modelo educativo, innovador, inclusivo y humanista. \u00a0Con un enfoque de educaci\u00f3n en el que ponemos al ser humano en el centro de todos los esfuerzos, mismo que nos permite formar excelentes profesionales, personas \u00edntegras, responsables y comprometidas con su comunidad. Nuestra misi\u00f3n es prepararte para enfrentar los desaf\u00edos del mundo con una visi\u00f3n integral, cient\u00edfica, tecnol\u00f3gica, innovadora e internacional. Te invito a vivir una de las mejores etapas de tu vida: la etapa universitaria, con pasi\u00f3n, con curiosidad y, sobre todo, con la certeza de que aqu\u00ed encontrar\u00e1s aprendizajes, inspiraci\u00f3n, apoyo y una comunidad que te acompa\u00f1ar\u00e1 en tu formaci\u00f3n profesional. Tu eres el futuro de M\u00e9xico y vemos en ti el potencial para construir un ma\u00f1ana m\u00e1s justo, m\u00e1s inclusivo y m\u00e1s humano para todos, donde hagamos sociedad en una cultura de paz. \u00a1Estaremos aqu\u00ed para acompa\u00f1arte en cada paso, para alentarte a descubrir tus talentos y para impulsarte a convertirte en la mejor versi\u00f3n de ti! \u00a0<\/p>\r\n<p>&nbsp;<\/p>\r\n<h1>Atributos del modelo educativo<\/h1>\r\n<p>El modelo educativo atiende a la b\u00fasqueda permanente de formas efectivas de ense\u00f1anza y aprendizaje, dise\u00f1adas con enfoques educativos por competencias y dirigidos a la soluci\u00f3n de problemas, donde el estudiante es sujeto activo de su formaci\u00f3n, con el fin de que desarrolle habilidades para aprender a lo largo de la vida. Esto se pone de manifiesto con los siguientes atributos:<\/p>\r\n<p>&nbsp;<\/p>\r\n<p><img loading=\"lazy\" decoding=\"async\" width=\"790\" height=\"440\" class=\"aligncenter size-full wp-image-20710\" src=\"https:\/\/www.upslp.edu.mx\/upslp\/wp-content\/uploads\/2025\/01\/imagen-1.png\" alt=\"\" srcset=\"https:\/\/www.upslp.edu.mx\/upslp\/wp-content\/uploads\/2025\/01\/imagen-1.png 790w, https:\/\/www.upslp.edu.mx\/upslp\/wp-content\/uploads\/2025\/01\/imagen-1-300x167.png 300w, https:\/\/www.upslp.edu.mx\/upslp\/wp-content\/uploads\/2025\/01\/imagen-1-768x428.png 768w\" sizes=\"(max-width: 790px) 100vw, 790px\" \/><\/p>\r\n<p>&nbsp;<\/p>\r\n<h1>Modelo cuatrimestral<\/h1>\r\n<p>Programas de Licenciatura de diez cuatrimestres, en el que adem\u00e1s obtienes un t\u00edtulo de T\u00e9cnico Superior Universitario de especialidad, dependiendo la carrera que se elige, con 2 estad\u00edas una en el sexto y la segunda en el d\u00e9cimo cuatrimestre. Con una duraci\u00f3n de 3 a\u00f1os y 4 meses.<\/p>\r\n<p>&nbsp;<\/p>\r\n<p><img loading=\"lazy\" decoding=\"async\" width=\"960\" height=\"540\" class=\"aligncenter size-full wp-image-20711\" src=\"https:\/\/www.upslp.edu.mx\/upslp\/wp-content\/uploads\/2025\/01\/imagen-2.png\" alt=\"\" srcset=\"https:\/\/www.upslp.edu.mx\/upslp\/wp-content\/uploads\/2025\/01\/imagen-2.png 960w, https:\/\/www.upslp.edu.mx\/upslp\/wp-content\/uploads\/2025\/01\/imagen-2-300x169.png 300w, https:\/\/www.upslp.edu.mx\/upslp\/wp-content\/uploads\/2025\/01\/imagen-2-768x432.png 768w\" sizes=\"(max-width: 960px) 100vw, 960px\" \/> \u00a0<\/p>","protected":false},"excerpt":{"rendered":"<p>&nbsp; Presentaci\u00f3n La Universidad Polit\u00e9cnica de San Luis Potos\u00ed, abri\u00f3 sus puertas a la [&hellip;]<\/p>\n","protected":false},"author":1,"featured_media":0,"parent":2704,"menu_order":0,"comment_status":"closed","ping_status":"closed","template":"","meta":{"footnotes":""},"_links":{"self":[{"href":"https:\/\/www.upslp.edu.mx\/upslp\/index.php?rest_route=\/wp\/v2\/pages\/1810"}],"collection":[{"href":"https:\/\/www.upslp.edu.mx\/upslp\/index.php?rest_route=\/wp\/v2\/pages"}],"about":[{"href":"https:\/\/www.upslp.edu.mx\/upslp\/index.php?rest_route=\/wp\/v2\/types\/page"}],"author":[{"embeddable":true,"href":"https:\/\/www.upslp.edu.mx\/upslp\/index.php?rest_route=\/wp\/v2\/users\/1"}],"replies":[{"embeddable":true,"href":"https:\/\/www.upslp.edu.mx\/upslp\/index.php?rest_route=%2Fwp%2Fv2%2Fcomments&post=1810"}],"version-history":[{"count":20,"href":"https:\/\/www.upslp.edu.mx\/upslp\/index.php?rest_route=\/wp\/v2\/pages\/1810\/revisions"}],"predecessor-version":[{"id":20716,"href":"https:\/\/www.upslp.edu.mx\/upslp\/index.php?rest_route=\/wp\/v2\/pages\/1810\/revisions\/20716"}],"up":[{"embeddable":true,"href":"https:\/\/www.upslp.edu.mx\/upslp\/index.php?rest_route=\/wp\/v2\/pages\/2704"}],"wp:attachment":[{"href":"https:\/\/www.upslp.edu.mx\/upslp\/index.php?rest_route=%2Fwp%2Fv2%2Fmedia&parent=1810"}],"curies":[{"name":"wp","href":"https:\/\/api.w.org\/{rel}","templated":true}]}}