{"id":18709,"date":"2024-01-26T09:07:08","date_gmt":"2024-01-26T15:07:08","guid":{"rendered":"https:\/\/www.upslp.edu.mx\/upslp\/?page_id=18709"},"modified":"2024-01-26T09:07:08","modified_gmt":"2024-01-26T15:07:08","slug":"informacion-presupuestaria-diciembre-4","status":"publish","type":"page","link":"https:\/\/www.upslp.edu.mx\/upslp\/?page_id=18709","title":{"rendered":"Informaci\u00f3n Presupuestaria &#8211; Diciembre"},"content":{"rendered":"<p><a href=\"https:\/\/www.upslp.edu.mx\/upslp\/wp-content\/uploads\/2024\/01\/Endeudamiento-Neto-Diciembre-2023.pdf\" target=\"_blank\" rel=\"noopener\">Endeudamiento Neto Diciembre 2023<\/a><\/p>\n<p><a href=\"https:\/\/www.upslp.edu.mx\/upslp\/wp-content\/uploads\/2024\/01\/Estado-analitico-de-Ingresos.pdf\" target=\"_blank\" rel=\"noopener\">Estado anal\u00edtico de Ingresos<\/a><\/p>\n<p><a href=\"https:\/\/www.upslp.edu.mx\/upslp\/wp-content\/uploads\/2024\/01\/Estado-analitico-del-ejercicio-del-presupuesto-de-egresos-en-clasificacion-Administrativa.pdf\" target=\"_blank\" rel=\"noopener\">Estado anal\u00edtico del ejercicio del presupuesto de egresos en clasificaci\u00f3n Administrativa<\/a><\/p>\n<p><a href=\"https:\/\/www.upslp.edu.mx\/upslp\/wp-content\/uploads\/2024\/01\/Estado-analitico-del-ejercicio-del-presupuesto-de-egresos-en-clasificacion-economica.pdf\" target=\"_blank\" rel=\"noopener\">Estado anal\u00edtico del ejercicio del presupuesto de egresos en clasificaci\u00f3n econ\u00f3mica<\/a><\/p>\n<p><a href=\"https:\/\/www.upslp.edu.mx\/upslp\/wp-content\/uploads\/2024\/01\/Estado-analitico-del-ejercicio-del-presupuesto-de-Egresos-en-Clasificacion-por-objeto-de-gasto.pdf\" target=\"_blank\" rel=\"noopener\">Estado anal\u00edtico del ejercicio del presupuesto de Egresos en Clasificaci\u00f3n por objeto de gasto<\/a><\/p>\n<p><a href=\"https:\/\/www.upslp.edu.mx\/upslp\/wp-content\/uploads\/2024\/01\/Estado-analitico-del-ejercicio-del-presupuesto-de-egresos-por-clasificacion-funcional.pdf\" target=\"_blank\" rel=\"noopener\">Estado anal\u00edtico del ejercicio del presupuesto de egresos por clasificaci\u00f3n funcional<\/a><\/p>\n<p><a href=\"https:\/\/www.upslp.edu.mx\/upslp\/wp-content\/uploads\/2024\/01\/Estado-analitico-del-ejercicio-del-presupuesto-de-Egresos-por-fuente-de-financiamiento.pdf\" target=\"_blank\" rel=\"noopener\">Estado anal\u00edtico del ejercicio del presupuesto de Egresos por fuente de financiamiento<\/a><\/p>\n<p><a href=\"https:\/\/www.upslp.edu.mx\/upslp\/wp-content\/uploads\/2024\/01\/Intereses-de-la-deuda-Diciembre-2023.pdf\" target=\"_blank\" rel=\"noopener\">Intereses de la deuda Diciembre 2023<\/a><\/p>\n","protected":false},"excerpt":{"rendered":"<p>Endeudamiento Neto Diciembre 2023 Estado anal\u00edtico de Ingresos Estado anal\u00edtico del ejercicio del presupuesto [&hellip;]<\/p>\n","protected":false},"author":1,"featured_media":0,"parent":8897,"menu_order":0,"comment_status":"closed","ping_status":"closed","template":"","meta":{"footnotes":""},"_links":{"self":[{"href":"https:\/\/www.upslp.edu.mx\/upslp\/index.php?rest_route=\/wp\/v2\/pages\/18709"}],"collection":[{"href":"https:\/\/www.upslp.edu.mx\/upslp\/index.php?rest_route=\/wp\/v2\/pages"}],"about":[{"href":"https:\/\/www.upslp.edu.mx\/upslp\/index.php?rest_route=\/wp\/v2\/types\/page"}],"author":[{"embeddable":true,"href":"https:\/\/www.upslp.edu.mx\/upslp\/index.php?rest_route=\/wp\/v2\/users\/1"}],"replies":[{"embeddable":true,"href":"https:\/\/www.upslp.edu.mx\/upslp\/index.php?rest_route=%2Fwp%2Fv2%2Fcomments&post=18709"}],"version-history":[{"count":1,"href":"https:\/\/www.upslp.edu.mx\/upslp\/index.php?rest_route=\/wp\/v2\/pages\/18709\/revisions"}],"predecessor-version":[{"id":18718,"href":"https:\/\/www.upslp.edu.mx\/upslp\/index.php?rest_route=\/wp\/v2\/pages\/18709\/revisions\/18718"}],"up":[{"embeddable":true,"href":"https:\/\/www.upslp.edu.mx\/upslp\/index.php?rest_route=\/wp\/v2\/pages\/8897"}],"wp:attachment":[{"href":"https:\/\/www.upslp.edu.mx\/upslp\/index.php?rest_route=%2Fwp%2Fv2%2Fmedia&parent=18709"}],"curies":[{"name":"wp","href":"https:\/\/api.w.org\/{rel}","templated":true}]}}