{"id":20188,"date":"2024-10-09T18:54:17","date_gmt":"2024-10-09T23:54:17","guid":{"rendered":"https:\/\/www.upslp.edu.mx\/upslp\/?page_id=20188"},"modified":"2024-11-12T11:55:59","modified_gmt":"2024-11-12T17:55:59","slug":"informacion-presupuestaria-septiembre-4","status":"publish","type":"page","link":"https:\/\/www.upslp.edu.mx\/upslp\/?page_id=20188","title":{"rendered":"Informaci\u00f3n Presupuestaria &#8211; Septiembre"},"content":{"rendered":"<p><a href=\"https:\/\/www.upslp.edu.mx\/upslp\/wp-content\/uploads\/2024\/10\/1-Estado-Analitico-de-Ingresos-Septiembre-2024.pdf\" target=\"_blank\" rel=\"noopener\">1 Estado Anal\u00edtico de Ingresos Septiembre 2024<\/a><\/p>\n<p><a href=\"https:\/\/www.upslp.edu.mx\/upslp\/wp-content\/uploads\/2024\/10\/2-Estado-Analitico-del-la-Deuda-y-Otros-Pasivos-Septiembre-2024.pdf\" target=\"_blank\" rel=\"noopener\">2 Estado Anal\u00edtico del la Deuda y Otros Pasivos Septiembre 2024<\/a><\/p>\n<p><a href=\"https:\/\/www.upslp.edu.mx\/upslp\/wp-content\/uploads\/2024\/10\/3-Estado-Analitico-del-Ejercicio-del-Presupuesto-de-Egresos-en-Clasificacion-Economica-Septiembre-2024.pdf\" target=\"_blank\" rel=\"noopener\">3 Estado Anal\u00edtico del Ejercicio del Presupuesto de Egresos en Clasificaci\u00f3n Econ\u00f3mica Septiembre 2024<\/a><\/p>\n<p><a href=\"https:\/\/www.upslp.edu.mx\/upslp\/wp-content\/uploads\/2024\/10\/4-Estado-Analitico-del-ejercicio-del-presupuesto-de-Egresos-en-Clasificacion-por-objeto-de-gasto-Septiembre-24.pdf\" target=\"_blank\" rel=\"noopener\">4 Estado Anal\u00edtico del ejercicio del presupuesto de Egresos en Clasificaci\u00f3n por objeto de gasto Septiembre 24<\/a><\/p>\n<p><a href=\"https:\/\/www.upslp.edu.mx\/upslp\/wp-content\/uploads\/2024\/10\/5-Estado-Analitico-del-ejercicio-del-presupuesto-de-Egresos-por-Clasificacion-Funcional-Septiembre-2024.pdf\" target=\"_blank\" rel=\"noopener\">5 Estado Anal\u00edtico del ejercicio del presupuesto de Egresos por Clasificaci\u00f3n Funcional Septiembre 2024<\/a><\/p>\n<p><a href=\"https:\/\/www.upslp.edu.mx\/upslp\/wp-content\/uploads\/2024\/10\/6-Estado-Analitico-del-ejercicio-del-presupuesto-de-Egresos-por-Fuente-del-Financiamiento-Septiembre-2024.pdf\" target=\"_blank\" rel=\"noopener\">6 Estado Anal\u00edtico del ejercicio del presupuesto de Egresos por Fuente del Financiamiento Septiembre 2024<\/a><\/p>\n<p><a href=\"https:\/\/www.upslp.edu.mx\/upslp\/wp-content\/uploads\/2024\/10\/Endeudamiento-Neto-Septiembre-2024.pdf\" target=\"_blank\" rel=\"noopener\">Endeudamiento Neto Septiembre 2024<\/a><\/p>\n<p><a href=\"https:\/\/www.upslp.edu.mx\/upslp\/wp-content\/uploads\/2024\/10\/Intereses-de-la-deuda-Septiembre-2024.pdf\" target=\"_blank\" rel=\"noopener\">Intereses de la deuda Septiembre 2024<\/a><\/p>\n<p><a href=\"https:\/\/www.upslp.edu.mx\/upslp\/wp-content\/uploads\/2024\/11\/Estado-Analitico-del-ejercicio-del-presupuesto-de-Egresos-en-Clasificacion-Administrativa-Septiembre-2024.pdf\" target=\"_blank\" rel=\"noopener\">Estado Anal\u00edtico del ejercicio del presupuesto de Egresos en Clasificaci\u00f3n Administrativa Septiembre 2024<\/a><\/p>\n","protected":false},"excerpt":{"rendered":"<p>1 Estado Anal\u00edtico de Ingresos Septiembre 2024 2 Estado Anal\u00edtico del la Deuda y [&hellip;]<\/p>\n","protected":false},"author":1,"featured_media":0,"parent":8897,"menu_order":0,"comment_status":"closed","ping_status":"closed","template":"","meta":{"footnotes":""},"_links":{"self":[{"href":"https:\/\/www.upslp.edu.mx\/upslp\/index.php?rest_route=\/wp\/v2\/pages\/20188"}],"collection":[{"href":"https:\/\/www.upslp.edu.mx\/upslp\/index.php?rest_route=\/wp\/v2\/pages"}],"about":[{"href":"https:\/\/www.upslp.edu.mx\/upslp\/index.php?rest_route=\/wp\/v2\/types\/page"}],"author":[{"embeddable":true,"href":"https:\/\/www.upslp.edu.mx\/upslp\/index.php?rest_route=\/wp\/v2\/users\/1"}],"replies":[{"embeddable":true,"href":"https:\/\/www.upslp.edu.mx\/upslp\/index.php?rest_route=%2Fwp%2Fv2%2Fcomments&post=20188"}],"version-history":[{"count":2,"href":"https:\/\/www.upslp.edu.mx\/upslp\/index.php?rest_route=\/wp\/v2\/pages\/20188\/revisions"}],"predecessor-version":[{"id":20420,"href":"https:\/\/www.upslp.edu.mx\/upslp\/index.php?rest_route=\/wp\/v2\/pages\/20188\/revisions\/20420"}],"up":[{"embeddable":true,"href":"https:\/\/www.upslp.edu.mx\/upslp\/index.php?rest_route=\/wp\/v2\/pages\/8897"}],"wp:attachment":[{"href":"https:\/\/www.upslp.edu.mx\/upslp\/index.php?rest_route=%2Fwp%2Fv2%2Fmedia&parent=20188"}],"curies":[{"name":"wp","href":"https:\/\/api.w.org\/{rel}","templated":true}]}}