{"id":20191,"date":"2024-10-09T18:58:31","date_gmt":"2024-10-09T23:58:31","guid":{"rendered":"https:\/\/www.upslp.edu.mx\/upslp\/?page_id=20191"},"modified":"2024-10-09T18:58:31","modified_gmt":"2024-10-09T23:58:31","slug":"informacion-programatica-septiembre-4","status":"publish","type":"page","link":"https:\/\/www.upslp.edu.mx\/upslp\/?page_id=20191","title":{"rendered":"Informaci\u00f3n Program\u00e1tica &#8211; Septiembre"},"content":{"rendered":"<p><a href=\"https:\/\/www.upslp.edu.mx\/upslp\/wp-content\/uploads\/2024\/10\/1-Gastos-por-Categoria-programatica-Septiembre-2024.pdf\" target=\"_blank\" rel=\"noopener\">1 Gastos por Categor\u00eda program\u00e1tica Septiembre 2024<\/a><\/p>\n<p><a href=\"https:\/\/www.upslp.edu.mx\/upslp\/wp-content\/uploads\/2024\/10\/2-Programas-y-Proyectos-de-Inversion-Septiembre-2024.pdf\" target=\"_blank\" rel=\"noopener\">2 Programas y Proyectos de Inversi\u00f3n Septiembre 2024<\/a><\/p>\n<p><a href=\"https:\/\/www.upslp.edu.mx\/upslp\/wp-content\/uploads\/2024\/10\/Indicadores-de-postura-fiscal-Septiembre-2024.pdf\" target=\"_blank\" rel=\"noopener\">Indicadores de postura fiscal Septiembre 2024<\/a><\/p>\n<p><a href=\"https:\/\/www.upslp.edu.mx\/upslp\/wp-content\/uploads\/2024\/10\/Manual-de-Contabilidad.pdf\" target=\"_blank\" rel=\"noopener\">Manual de Contabilidad<\/a><\/p>\n","protected":false},"excerpt":{"rendered":"<p>1 Gastos por Categor\u00eda program\u00e1tica Septiembre 2024 2 Programas y Proyectos de Inversi\u00f3n Septiembre [&hellip;]<\/p>\n","protected":false},"author":1,"featured_media":0,"parent":8897,"menu_order":0,"comment_status":"closed","ping_status":"closed","template":"","meta":{"footnotes":""},"_links":{"self":[{"href":"https:\/\/www.upslp.edu.mx\/upslp\/index.php?rest_route=\/wp\/v2\/pages\/20191"}],"collection":[{"href":"https:\/\/www.upslp.edu.mx\/upslp\/index.php?rest_route=\/wp\/v2\/pages"}],"about":[{"href":"https:\/\/www.upslp.edu.mx\/upslp\/index.php?rest_route=\/wp\/v2\/types\/page"}],"author":[{"embeddable":true,"href":"https:\/\/www.upslp.edu.mx\/upslp\/index.php?rest_route=\/wp\/v2\/users\/1"}],"replies":[{"embeddable":true,"href":"https:\/\/www.upslp.edu.mx\/upslp\/index.php?rest_route=%2Fwp%2Fv2%2Fcomments&post=20191"}],"version-history":[{"count":1,"href":"https:\/\/www.upslp.edu.mx\/upslp\/index.php?rest_route=\/wp\/v2\/pages\/20191\/revisions"}],"predecessor-version":[{"id":20196,"href":"https:\/\/www.upslp.edu.mx\/upslp\/index.php?rest_route=\/wp\/v2\/pages\/20191\/revisions\/20196"}],"up":[{"embeddable":true,"href":"https:\/\/www.upslp.edu.mx\/upslp\/index.php?rest_route=\/wp\/v2\/pages\/8897"}],"wp:attachment":[{"href":"https:\/\/www.upslp.edu.mx\/upslp\/index.php?rest_route=%2Fwp%2Fv2%2Fmedia&parent=20191"}],"curies":[{"name":"wp","href":"https:\/\/api.w.org\/{rel}","templated":true}]}}