{"id":20668,"date":"2025-01-23T17:29:40","date_gmt":"2025-01-23T23:29:40","guid":{"rendered":"https:\/\/www.upslp.edu.mx\/upslp\/?page_id=20668"},"modified":"2025-01-23T17:29:40","modified_gmt":"2025-01-23T23:29:40","slug":"informacion-presupuestaria-diciembre-5","status":"publish","type":"page","link":"https:\/\/www.upslp.edu.mx\/upslp\/?page_id=20668","title":{"rendered":"Informaci\u00f3n Presupuestaria &#8211; Diciembre"},"content":{"rendered":"<p><a href=\"https:\/\/www.upslp.edu.mx\/upslp\/wp-content\/uploads\/2025\/01\/1-Estado-analitico-de-Ingresos-Diciembre-2024.pdf\" target=\"_blank\" rel=\"noopener\">1 Estado anal\u00edtico de Ingresos Diciembre 2024<\/a><\/p>\n<p><a href=\"https:\/\/www.upslp.edu.mx\/upslp\/wp-content\/uploads\/2025\/01\/2-Estado-analitico-del-Enercicio-del-Presupuesto-de-Egresos-por-Clasificacion-administrativa-Diciembre-24.pdf\" target=\"_blank\" rel=\"noopener\">2 Estado anal\u00edtico del Ejercicio del Presupuesto de Egresos por Clasificaci\u00f3n administrativa Diciembre 24<\/a><\/p>\n<p><a href=\"https:\/\/www.upslp.edu.mx\/upslp\/wp-content\/uploads\/2025\/01\/3-Estado-Analitico-del-presupuesto-de-Egresos-por-Clasificacion-Economica-Diciembre-24.pdf\" target=\"_blank\" rel=\"noopener\">3 Estado Anal\u00edtico del presupuesto de Egresos por Clasificaci\u00f3n Econ\u00f3mica Diciembre 24<\/a><\/p>\n<p><a href=\"https:\/\/www.upslp.edu.mx\/upslp\/wp-content\/uploads\/2025\/01\/4-Estado-Analitico-del-Presupuesto-de-Egresos-por-Clasificacion-por-objeto-del-gasto-Diciembre-24.pdf\" target=\"_blank\" rel=\"noopener\">4 Estado Anal\u00edtico del Presupuesto de Egresos por Clasificaci\u00f3n por objeto del gasto Diciembre 24<\/a><\/p>\n<p><a href=\"https:\/\/www.upslp.edu.mx\/upslp\/wp-content\/uploads\/2025\/01\/5-Estado-Analitico-del-Presupuesto-de-Egresos-por-clasificacion-Funcional-Diciembre-2024-Diciembre-24.pdf\" target=\"_blank\" rel=\"noopener\">5 Estado Anal\u00edtico del Presupuesto de Egresos por clasificaci\u00f3n Funcional Diciembre 2024 Diciembre 24<\/a><\/p>\n<p><a href=\"https:\/\/www.upslp.edu.mx\/upslp\/wp-content\/uploads\/2025\/01\/6-Estado-Analitico-del-Ejercicio-del-Presupuesto-de-Egresos-Por-fuente-de-financiamiento-Diciembre-24.pdf\" target=\"_blank\" rel=\"noopener\">6 Estado Anal\u00edtico del Ejercicio del Presupuesto de Egresos Por fuente de financiamiento Diciembre 24<\/a><\/p>\n","protected":false},"excerpt":{"rendered":"<p>1 Estado anal\u00edtico de Ingresos Diciembre 2024 2 Estado anal\u00edtico del Ejercicio del Presupuesto [&hellip;]<\/p>\n","protected":false},"author":1,"featured_media":0,"parent":8897,"menu_order":0,"comment_status":"closed","ping_status":"closed","template":"","meta":{"footnotes":""},"_links":{"self":[{"href":"https:\/\/www.upslp.edu.mx\/upslp\/index.php?rest_route=\/wp\/v2\/pages\/20668"}],"collection":[{"href":"https:\/\/www.upslp.edu.mx\/upslp\/index.php?rest_route=\/wp\/v2\/pages"}],"about":[{"href":"https:\/\/www.upslp.edu.mx\/upslp\/index.php?rest_route=\/wp\/v2\/types\/page"}],"author":[{"embeddable":true,"href":"https:\/\/www.upslp.edu.mx\/upslp\/index.php?rest_route=\/wp\/v2\/users\/1"}],"replies":[{"embeddable":true,"href":"https:\/\/www.upslp.edu.mx\/upslp\/index.php?rest_route=%2Fwp%2Fv2%2Fcomments&post=20668"}],"version-history":[{"count":1,"href":"https:\/\/www.upslp.edu.mx\/upslp\/index.php?rest_route=\/wp\/v2\/pages\/20668\/revisions"}],"predecessor-version":[{"id":20675,"href":"https:\/\/www.upslp.edu.mx\/upslp\/index.php?rest_route=\/wp\/v2\/pages\/20668\/revisions\/20675"}],"up":[{"embeddable":true,"href":"https:\/\/www.upslp.edu.mx\/upslp\/index.php?rest_route=\/wp\/v2\/pages\/8897"}],"wp:attachment":[{"href":"https:\/\/www.upslp.edu.mx\/upslp\/index.php?rest_route=%2Fwp%2Fv2%2Fmedia&parent=20668"}],"curies":[{"name":"wp","href":"https:\/\/api.w.org\/{rel}","templated":true}]}}