{"id":20677,"date":"2025-01-23T17:33:26","date_gmt":"2025-01-23T23:33:26","guid":{"rendered":"https:\/\/www.upslp.edu.mx\/upslp\/?page_id=20677"},"modified":"2025-01-23T17:33:26","modified_gmt":"2025-01-23T23:33:26","slug":"informacion-programatica-diciembre-3","status":"publish","type":"page","link":"https:\/\/www.upslp.edu.mx\/upslp\/?page_id=20677","title":{"rendered":"Informaci\u00f3n Program\u00e1tica &#8211; Diciembre"},"content":{"rendered":"<p><a href=\"https:\/\/www.upslp.edu.mx\/upslp\/wp-content\/uploads\/2025\/01\/1-Gastos-por-Categoria-programatica.pdf\" target=\"_blank\" rel=\"noopener\">1 Gastos por Categor\u00eda program\u00e1tica<\/a><\/p>\n<p><a href=\"https:\/\/www.upslp.edu.mx\/upslp\/wp-content\/uploads\/2025\/01\/2-Programas-y-Proyectos-de-Inversion-Diciembre-2024.pdf\" target=\"_blank\" rel=\"noopener\">2 Programas y Proyectos de Inversi\u00f3n Diciembre 2024<\/a><\/p>\n","protected":false},"excerpt":{"rendered":"<p>1 Gastos por Categor\u00eda program\u00e1tica 2 Programas y Proyectos de Inversi\u00f3n Diciembre 2024<\/p>\n","protected":false},"author":1,"featured_media":0,"parent":8897,"menu_order":0,"comment_status":"closed","ping_status":"closed","template":"","meta":{"footnotes":""},"_links":{"self":[{"href":"https:\/\/www.upslp.edu.mx\/upslp\/index.php?rest_route=\/wp\/v2\/pages\/20677"}],"collection":[{"href":"https:\/\/www.upslp.edu.mx\/upslp\/index.php?rest_route=\/wp\/v2\/pages"}],"about":[{"href":"https:\/\/www.upslp.edu.mx\/upslp\/index.php?rest_route=\/wp\/v2\/types\/page"}],"author":[{"embeddable":true,"href":"https:\/\/www.upslp.edu.mx\/upslp\/index.php?rest_route=\/wp\/v2\/users\/1"}],"replies":[{"embeddable":true,"href":"https:\/\/www.upslp.edu.mx\/upslp\/index.php?rest_route=%2Fwp%2Fv2%2Fcomments&post=20677"}],"version-history":[{"count":1,"href":"https:\/\/www.upslp.edu.mx\/upslp\/index.php?rest_route=\/wp\/v2\/pages\/20677\/revisions"}],"predecessor-version":[{"id":20680,"href":"https:\/\/www.upslp.edu.mx\/upslp\/index.php?rest_route=\/wp\/v2\/pages\/20677\/revisions\/20680"}],"up":[{"embeddable":true,"href":"https:\/\/www.upslp.edu.mx\/upslp\/index.php?rest_route=\/wp\/v2\/pages\/8897"}],"wp:attachment":[{"href":"https:\/\/www.upslp.edu.mx\/upslp\/index.php?rest_route=%2Fwp%2Fv2%2Fmedia&parent=20677"}],"curies":[{"name":"wp","href":"https:\/\/api.w.org\/{rel}","templated":true}]}}