{"id":21006,"date":"2025-04-09T13:46:31","date_gmt":"2025-04-09T18:46:31","guid":{"rendered":"https:\/\/www.upslp.edu.mx\/upslp\/?page_id=21006"},"modified":"2025-04-09T13:46:31","modified_gmt":"2025-04-09T18:46:31","slug":"informacion-presupuestaria-marzo-6","status":"publish","type":"page","link":"https:\/\/www.upslp.edu.mx\/upslp\/?page_id=21006","title":{"rendered":"Informaci\u00f3n Presupuestaria &#8211; Marzo"},"content":{"rendered":"<p><a href=\"https:\/\/www.upslp.edu.mx\/upslp\/wp-content\/uploads\/2025\/04\/1-Estado-Analitico-de-Ingresos-Marzo-2025.pdf\" target=\"_blank\" rel=\"noopener\">1 Estado Anal\u00edtico de Ingresos Marzo 2025<\/a><\/p>\n<p><a href=\"https:\/\/www.upslp.edu.mx\/upslp\/wp-content\/uploads\/2025\/04\/2-Estado-Analitico-del-Ejercicio-del-Presupuesto-de-Egresos-en-Clasificacion-Administrativa-Marzo-2025.pdf\" target=\"_blank\" rel=\"noopener\">2 Estado Anal\u00edtico del Ejercicio del Presupuesto de Egresos en Clasificaci\u00f3n Administrativa Marzo 2025<\/a><\/p>\n<p><a href=\"https:\/\/www.upslp.edu.mx\/upslp\/wp-content\/uploads\/2025\/04\/3-Estado-Analitico-del-ejercicio-del-presupuesto-de-Egresos-en-Clasificacion-Economica-por-tipo-de-gasto-Marzo-2025.pdf\" target=\"_blank\" rel=\"noopener\">3 Estado Anal\u00edtico del ejercicio del presupuesto de Egresos en Clasificaci\u00f3n Econ\u00f3mica (por tipo de gasto) Marzo 2025<\/a><\/p>\n<p><a href=\"https:\/\/www.upslp.edu.mx\/upslp\/wp-content\/uploads\/2025\/04\/4-Estado-Analitico-del-ejercicio-del-presupuesto-de-Egresos-en-Clasificacion-por-objeto-de-gasto-capitulo-y-concepto-Marzo-2025.pdf\" target=\"_blank\" rel=\"noopener\">4 Estado Anal\u00edtico del ejercicio del presupuesto de Egresos en Clasificaci\u00f3n por objeto de gasto (capitulo y concepto) Marzo 2025<\/a><\/p>\n<p><a href=\"https:\/\/www.upslp.edu.mx\/upslp\/wp-content\/uploads\/2025\/04\/5-Estado-Analitico-del-ejercicio-del-presupuesto-de-Egresos-por-Clasificacion-Funcional-Marzo-2025.pdf\" target=\"_blank\" rel=\"noopener\">5 Estado Anal\u00edtico del ejercicio del presupuesto de Egresos por Clasificaci\u00f3n Funcional Marzo 2025<\/a><\/p>\n<p><a href=\"https:\/\/www.upslp.edu.mx\/upslp\/wp-content\/uploads\/2025\/04\/6-Estado-Analitico-del-ejercicio-del-presupuesto-de-Egresos-por-Fuente-de-Financiamiento-Marzo-2025.pdf\" target=\"_blank\" rel=\"noopener\">6 Estado Anal\u00edtico del ejercicio del presupuesto de Egresos por Fuente de Financiamiento Marzo 2025<\/a><\/p>\n<p><a href=\"https:\/\/www.upslp.edu.mx\/upslp\/wp-content\/uploads\/2025\/04\/Endeudamiento-Neto-Marzo-2025.pdf\" target=\"_blank\" rel=\"noopener\">Endeudamiento Neto Marzo 2025<\/a><\/p>\n<p><a href=\"https:\/\/www.upslp.edu.mx\/upslp\/wp-content\/uploads\/2025\/04\/Intereses-de-la-deuda-Marzo-2025.pdf\" target=\"_blank\" rel=\"noopener\">Intereses de la deuda Marzo 2025<\/a><\/p>\n","protected":false},"excerpt":{"rendered":"<p>1 Estado Anal\u00edtico de Ingresos Marzo 2025 2 Estado Anal\u00edtico del Ejercicio del Presupuesto [&hellip;]<\/p>\n","protected":false},"author":1,"featured_media":0,"parent":8897,"menu_order":0,"comment_status":"closed","ping_status":"closed","template":"","meta":{"footnotes":""},"_links":{"self":[{"href":"https:\/\/www.upslp.edu.mx\/upslp\/index.php?rest_route=\/wp\/v2\/pages\/21006"}],"collection":[{"href":"https:\/\/www.upslp.edu.mx\/upslp\/index.php?rest_route=\/wp\/v2\/pages"}],"about":[{"href":"https:\/\/www.upslp.edu.mx\/upslp\/index.php?rest_route=\/wp\/v2\/types\/page"}],"author":[{"embeddable":true,"href":"https:\/\/www.upslp.edu.mx\/upslp\/index.php?rest_route=\/wp\/v2\/users\/1"}],"replies":[{"embeddable":true,"href":"https:\/\/www.upslp.edu.mx\/upslp\/index.php?rest_route=%2Fwp%2Fv2%2Fcomments&post=21006"}],"version-history":[{"count":1,"href":"https:\/\/www.upslp.edu.mx\/upslp\/index.php?rest_route=\/wp\/v2\/pages\/21006\/revisions"}],"predecessor-version":[{"id":21015,"href":"https:\/\/www.upslp.edu.mx\/upslp\/index.php?rest_route=\/wp\/v2\/pages\/21006\/revisions\/21015"}],"up":[{"embeddable":true,"href":"https:\/\/www.upslp.edu.mx\/upslp\/index.php?rest_route=\/wp\/v2\/pages\/8897"}],"wp:attachment":[{"href":"https:\/\/www.upslp.edu.mx\/upslp\/index.php?rest_route=%2Fwp%2Fv2%2Fmedia&parent=21006"}],"curies":[{"name":"wp","href":"https:\/\/api.w.org\/{rel}","templated":true}]}}