{"id":21021,"date":"2025-04-09T13:52:09","date_gmt":"2025-04-09T18:52:09","guid":{"rendered":"https:\/\/www.upslp.edu.mx\/upslp\/?page_id=21021"},"modified":"2025-05-12T14:33:28","modified_gmt":"2025-05-12T19:33:28","slug":"informacion-programatica-marzo-5","status":"publish","type":"page","link":"https:\/\/www.upslp.edu.mx\/upslp\/?page_id=21021","title":{"rendered":"Informaci\u00f3n Program\u00e1tica &#8211; Marzo"},"content":{"rendered":"<p><a href=\"https:\/\/www.upslp.edu.mx\/upslp\/wp-content\/uploads\/2025\/04\/1-Reporte-del-gasto-por-categoria-programatica.pdf\" target=\"_blank\" rel=\"noopener\">1 Reporte del gasto por categor\u00eda program\u00e1tica<\/a><\/p>\n<p><a href=\"https:\/\/www.upslp.edu.mx\/upslp\/wp-content\/uploads\/2025\/04\/2-Programas-y-Proyectos-de-Inversion-marzo-2025.pdf\" target=\"_blank\" rel=\"noopener\">2 Programas y Proyectos de Inversi\u00f3n marzo 2025<\/a><\/p>\n<p><a href=\"https:\/\/www.upslp.edu.mx\/upslp\/wp-content\/uploads\/2025\/04\/Indicadores-de-postura-fiscal-Marzo-2025.pdf\" target=\"_blank\" rel=\"noopener\">Indicadores de postura fiscal Marzo 2025<\/a><\/p>\n<p><a href=\"https:\/\/www.upslp.edu.mx\/upslp\/wp-content\/uploads\/2025\/04\/Manual-de-Contabilidad.pdf\" target=\"_blank\" rel=\"noopener\">Manual de Contabilidad<\/a><\/p>\n<p><a href=\"https:\/\/www.upslp.edu.mx\/upslp\/wp-content\/uploads\/2025\/05\/Registro-de-Avance-de-los-Indicadores-Marzo-2025.pdf\" target=\"_blank\" rel=\"noopener\">Registro de Avance de los Indicadores Marzo 2025<\/a><\/p>\n","protected":false},"excerpt":{"rendered":"<p>1 Reporte del gasto por categor\u00eda program\u00e1tica 2 Programas y Proyectos de Inversi\u00f3n marzo [&hellip;]<\/p>\n","protected":false},"author":1,"featured_media":0,"parent":8897,"menu_order":0,"comment_status":"closed","ping_status":"closed","template":"","meta":{"footnotes":""},"_links":{"self":[{"href":"https:\/\/www.upslp.edu.mx\/upslp\/index.php?rest_route=\/wp\/v2\/pages\/21021"}],"collection":[{"href":"https:\/\/www.upslp.edu.mx\/upslp\/index.php?rest_route=\/wp\/v2\/pages"}],"about":[{"href":"https:\/\/www.upslp.edu.mx\/upslp\/index.php?rest_route=\/wp\/v2\/types\/page"}],"author":[{"embeddable":true,"href":"https:\/\/www.upslp.edu.mx\/upslp\/index.php?rest_route=\/wp\/v2\/users\/1"}],"replies":[{"embeddable":true,"href":"https:\/\/www.upslp.edu.mx\/upslp\/index.php?rest_route=%2Fwp%2Fv2%2Fcomments&post=21021"}],"version-history":[{"count":2,"href":"https:\/\/www.upslp.edu.mx\/upslp\/index.php?rest_route=\/wp\/v2\/pages\/21021\/revisions"}],"predecessor-version":[{"id":21121,"href":"https:\/\/www.upslp.edu.mx\/upslp\/index.php?rest_route=\/wp\/v2\/pages\/21021\/revisions\/21121"}],"up":[{"embeddable":true,"href":"https:\/\/www.upslp.edu.mx\/upslp\/index.php?rest_route=\/wp\/v2\/pages\/8897"}],"wp:attachment":[{"href":"https:\/\/www.upslp.edu.mx\/upslp\/index.php?rest_route=%2Fwp%2Fv2%2Fmedia&parent=21021"}],"curies":[{"name":"wp","href":"https:\/\/api.w.org\/{rel}","templated":true}]}}