{"id":21064,"date":"2025-05-05T16:36:22","date_gmt":"2025-05-05T21:36:22","guid":{"rendered":"https:\/\/www.upslp.edu.mx\/upslp\/?page_id=21064"},"modified":"2026-03-11T12:11:50","modified_gmt":"2026-03-11T18:11:50","slug":"proceso-de-ingreso-de-profesores-de-asignatura-para-el-ciclo-escolar-2025-2026","status":"publish","type":"page","link":"https:\/\/www.upslp.edu.mx\/upslp\/?page_id=21064","title":{"rendered":"Proceso de Ingreso de Profesores de Asignatura para el Ciclo Escolar 2026"},"content":{"rendered":"<p><img loading=\"lazy\" decoding=\"async\" width=\"1024\" height=\"1024\" class=\"aligncenter size-large wp-image-22612\" src=\"https:\/\/www.upslp.edu.mx\/upslp\/wp-content\/uploads\/2026\/03\/Convocatoria-feed-1024x1024.jpg\" alt=\"\" srcset=\"https:\/\/www.upslp.edu.mx\/upslp\/wp-content\/uploads\/2026\/03\/Convocatoria-feed-1024x1024.jpg 1024w, https:\/\/www.upslp.edu.mx\/upslp\/wp-content\/uploads\/2026\/03\/Convocatoria-feed-300x300.jpg 300w, https:\/\/www.upslp.edu.mx\/upslp\/wp-content\/uploads\/2026\/03\/Convocatoria-feed-150x150.jpg 150w, https:\/\/www.upslp.edu.mx\/upslp\/wp-content\/uploads\/2026\/03\/Convocatoria-feed-768x768.jpg 768w, https:\/\/www.upslp.edu.mx\/upslp\/wp-content\/uploads\/2026\/03\/Convocatoria-feed-1536x1536.jpg 1536w, https:\/\/www.upslp.edu.mx\/upslp\/wp-content\/uploads\/2026\/03\/Convocatoria-feed-2048x2048.jpg 2048w\" sizes=\"(max-width: 1024px) 100vw, 1024px\" \/><br \/>\n<span data-olk-copy-source=\"MessageBody\">La Universidad Polit\u00e9cnica de San Luis Potos\u00ed (UPSLP) convoca a las personas que re\u00fanan los requisitos necesarios para participar en el proceso de Ingreso de Profesores de Asignatura , correspondiente a la Convocatoria 2026, de acuerdo con las siguientes bases:<\/span><\/p>\n<p>&nbsp;<\/p>\n<h3 style=\"text-align: center;\"><a href=\"https:\/\/www.upslp.edu.mx\/upslp\/wp-content\/uploads\/2026\/03\/Convocatoria-2026-10032026.pdf\" target=\"_blank\" rel=\"noopener\">Convocatoria 2026<\/a><\/h3>\n<h3 style=\"text-align: center;\"><a href=\"https:\/\/www.upslp.edu.mx\/upslp\/wp-content\/uploads\/2026\/03\/CARTA-DE-POSTULACION-2026-09032026.pdf\" target=\"_blank\" rel=\"noopener\">Carta de Postulaci\u00f3n<\/a><\/h3>\n<h3 style=\"text-align: center;\"><a href=\"https:\/\/www.upslp.edu.mx\/upslp\/wp-content\/uploads\/2025\/10\/Codigo-de-Etica.pdf\" target=\"_blank\" rel=\"noopener\">C\u00f3digo de \u00c9tica<\/a><\/h3>\n<h3 style=\"text-align: center;\"><a href=\"https:\/\/docs.google.com\/forms\/d\/e\/1FAIpQLSfCVYHP-emZnl7S9ao3tfnymBtyZ2_mvj_JmjB1N-kt9ec3fQ\/viewform?usp=dialog\"><span style=\"font-size: 1.17em; line-height: 1.5em;\">Registro de Aspirantes<\/span><\/a><\/h3>\n","protected":false},"excerpt":{"rendered":"<p>La Universidad Polit\u00e9cnica de San Luis Potos\u00ed (UPSLP) convoca a las personas que re\u00fanan [&hellip;]<\/p>\n","protected":false},"author":1,"featured_media":0,"parent":0,"menu_order":0,"comment_status":"closed","ping_status":"closed","template":"","meta":{"footnotes":""},"_links":{"self":[{"href":"https:\/\/www.upslp.edu.mx\/upslp\/index.php?rest_route=\/wp\/v2\/pages\/21064"}],"collection":[{"href":"https:\/\/www.upslp.edu.mx\/upslp\/index.php?rest_route=\/wp\/v2\/pages"}],"about":[{"href":"https:\/\/www.upslp.edu.mx\/upslp\/index.php?rest_route=\/wp\/v2\/types\/page"}],"author":[{"embeddable":true,"href":"https:\/\/www.upslp.edu.mx\/upslp\/index.php?rest_route=\/wp\/v2\/users\/1"}],"replies":[{"embeddable":true,"href":"https:\/\/www.upslp.edu.mx\/upslp\/index.php?rest_route=%2Fwp%2Fv2%2Fcomments&post=21064"}],"version-history":[{"count":10,"href":"https:\/\/www.upslp.edu.mx\/upslp\/index.php?rest_route=\/wp\/v2\/pages\/21064\/revisions"}],"predecessor-version":[{"id":22615,"href":"https:\/\/www.upslp.edu.mx\/upslp\/index.php?rest_route=\/wp\/v2\/pages\/21064\/revisions\/22615"}],"wp:attachment":[{"href":"https:\/\/www.upslp.edu.mx\/upslp\/index.php?rest_route=%2Fwp%2Fv2%2Fmedia&parent=21064"}],"curies":[{"name":"wp","href":"https:\/\/api.w.org\/{rel}","templated":true}]}}