{"id":22279,"date":"2026-01-28T10:42:05","date_gmt":"2026-01-28T16:42:05","guid":{"rendered":"https:\/\/www.upslp.edu.mx\/upslp\/?page_id=22279"},"modified":"2026-01-28T10:42:05","modified_gmt":"2026-01-28T16:42:05","slug":"informacion-presupuestaria-diciembre-6","status":"publish","type":"page","link":"https:\/\/www.upslp.edu.mx\/upslp\/?page_id=22279","title":{"rendered":"Informaci\u00f3n Presupuestaria &#8211; Diciembre"},"content":{"rendered":"<p><a href=\"https:\/\/www.upslp.edu.mx\/upslp\/wp-content\/uploads\/2026\/01\/1-Estado-Analitico-de-Ingresos-Diciembre-2025.pdf\" target=\"_blank\" rel=\"noopener\">1 Estado Anal\u00edtico de Ingresos Diciembre 2025<\/a><\/p>\n<p><a href=\"https:\/\/www.upslp.edu.mx\/upslp\/wp-content\/uploads\/2026\/01\/2-Estado-Analitico-del-ejercicio-del-presupuesto-de-Egresos-en-Clasificacion-Administrativa-Diciembre-2025.pdf\" target=\"_blank\" rel=\"noopener\">2 Estado Anal\u00edtico del ejercicio del presupuesto de Egresos en Clasificaci\u00f3n Administrativa Diciembre 2025<\/a><\/p>\n<p><a href=\"https:\/\/www.upslp.edu.mx\/upslp\/wp-content\/uploads\/2026\/01\/3-Estado-Analitico-del-ejercicio-del-presupuesto-.pdf\" target=\"_blank\" rel=\"noopener\">3 Estado Anal\u00edtico del ejercicio del presupuesto de Egresos en Clasificaci\u00f3n Econ\u00f3mica (por tipo de gasto) Diciembre 2025<\/a><\/p>\n<p><a href=\"https:\/\/www.upslp.edu.mx\/upslp\/wp-content\/uploads\/2026\/01\/4-Estado-Analitico-del-ejercicio-del-presupuesto-de-Egresos-en-Clasificacion-por-Objeto-del-Gasto-Diciembre-2025.pdf\" target=\"_blank\" rel=\"noopener\">4 Estado Anal\u00edtico del ejercicio del presupuesto de Egresos en Clasificaci\u00f3n por Objeto del Gasto Diciembre 2025<\/a><\/p>\n<p><a href=\"https:\/\/www.upslp.edu.mx\/upslp\/wp-content\/uploads\/2026\/01\/5-Estado-Analitico-del-ejercicio-del-presupuesto-de-Egresos-por-Clasificacion-Funcional-Diciembre-2025.pdf\" target=\"_blank\" rel=\"noopener\">5 Estado Anal\u00edtico del ejercicio del presupuesto de Egresos por Clasificaci\u00f3n Funcional Diciembre 2025<\/a><\/p>\n<p><a href=\"https:\/\/www.upslp.edu.mx\/upslp\/wp-content\/uploads\/2026\/01\/6-Estado-Analitico-del-ejercicio-del-presupuesto-de-Egresos-por-Fuente-de-Financiamiento-Diciembre-2025.pdf\" target=\"_blank\" rel=\"noopener\">6 Estado Anal\u00edtico del ejercicio del presupuesto de Egresos por Fuente de Financiamiento Diciembre 2025<\/a><\/p>\n","protected":false},"excerpt":{"rendered":"<p>1 Estado Anal\u00edtico de Ingresos Diciembre 2025 2 Estado Anal\u00edtico del ejercicio del presupuesto [&hellip;]<\/p>\n","protected":false},"author":1,"featured_media":0,"parent":8897,"menu_order":0,"comment_status":"closed","ping_status":"closed","template":"","meta":{"footnotes":""},"_links":{"self":[{"href":"https:\/\/www.upslp.edu.mx\/upslp\/index.php?rest_route=\/wp\/v2\/pages\/22279"}],"collection":[{"href":"https:\/\/www.upslp.edu.mx\/upslp\/index.php?rest_route=\/wp\/v2\/pages"}],"about":[{"href":"https:\/\/www.upslp.edu.mx\/upslp\/index.php?rest_route=\/wp\/v2\/types\/page"}],"author":[{"embeddable":true,"href":"https:\/\/www.upslp.edu.mx\/upslp\/index.php?rest_route=\/wp\/v2\/users\/1"}],"replies":[{"embeddable":true,"href":"https:\/\/www.upslp.edu.mx\/upslp\/index.php?rest_route=%2Fwp%2Fv2%2Fcomments&post=22279"}],"version-history":[{"count":1,"href":"https:\/\/www.upslp.edu.mx\/upslp\/index.php?rest_route=\/wp\/v2\/pages\/22279\/revisions"}],"predecessor-version":[{"id":22286,"href":"https:\/\/www.upslp.edu.mx\/upslp\/index.php?rest_route=\/wp\/v2\/pages\/22279\/revisions\/22286"}],"up":[{"embeddable":true,"href":"https:\/\/www.upslp.edu.mx\/upslp\/index.php?rest_route=\/wp\/v2\/pages\/8897"}],"wp:attachment":[{"href":"https:\/\/www.upslp.edu.mx\/upslp\/index.php?rest_route=%2Fwp%2Fv2%2Fmedia&parent=22279"}],"curies":[{"name":"wp","href":"https:\/\/api.w.org\/{rel}","templated":true}]}}