{"id":22381,"date":"2026-02-11T12:51:16","date_gmt":"2026-02-11T18:51:16","guid":{"rendered":"https:\/\/www.upslp.edu.mx\/upslp\/?page_id=22381"},"modified":"2026-02-11T13:30:07","modified_gmt":"2026-02-11T19:30:07","slug":"biblioteca","status":"publish","type":"page","link":"https:\/\/www.upslp.edu.mx\/upslp\/?page_id=22381","title":{"rendered":"Biblioteca"},"content":{"rendered":"<p>&nbsp;<\/p>\n<table style=\"border-collapse: collapse; width: 100%;\" border=\"1\">\n<tbody>\n<tr>\n<td style=\"width: 50%; text-align: center;\">\n<div style=\"text-align: left;\" role=\"presentation\"><span data-olk-copy-source=\"MessageBody\">Como parte de la comunidad universitaria tienes acceso a la base de datos EBSCO, puedes consultar m\u00e1s de 9,000 revistas acad\u00e9micas de todas las disciplinas.<\/span><\/div>\n<div style=\"text-align: left;\" role=\"presentation\">Para su consulta fuera de la Universidad consulta y capacitaci\u00f3n dir\u00edgete con los bibliotecarios y te proporcionar\u00e1n informaci\u00f3n<\/div>\n<h2><a href=\"https:\/\/search.ebscohost.com\" target=\"_blank\" rel=\"noopener\">EBSCO<\/a><\/h2>\n<div style=\"text-align: left;\" role=\"presentation\"><\/div>\n<\/td>\n<td style=\"width: 50%;\">\n<p style=\"text-align: center;\"><span data-olk-copy-source=\"MessageBody\">Puedes consultar el cat\u00e1logo de las colecciones de la Universidad en:<\/span><\/p>\n<h2 style=\"text-align: center;\">\u00a0<a href=\"http:\/\/187.249.89.173\/SIABUC_UPSLP\/Home\/BusquedaAvanzada\" target=\"_blank\" rel=\"noopener\">Cat\u00e1logo de la Biblioteca<\/a><\/h2>\n<\/td>\n<\/tr>\n<\/tbody>\n<\/table>\n<p>&nbsp;<\/p>\n<p>&nbsp;<\/p>\n<p style=\"text-align: center;\">\t<div class=\"header-under-text\">\r\n    <hr \/>\r\n    <h1>Contacto<\/h1>\r\n    <p style=\"font-size:16px; font-style:italic;\"> <\/p>\r\n    <hr \/>\r\n    <\/div>\r\n    <div class=\"space-twenty\"><\/div>\r\n<\/p>\n<p style=\"text-align: center;\">Si tienes alguna Duda o sugerencia estamos a tus \u00f3rdenes en los siguientes:<\/p>\n<p style=\"text-align: center;\"><strong>Correo<\/strong>: <a href=\"mailto:cid_upslp@upslp.edu.mx\" target=\"_blank\" rel=\"noopener\">cid_upslp@upslp.edu.mx<\/a><\/p>\n<p style=\"text-align: center;\"><strong>Tel\u00e9fono<\/strong>: (444) 870 \u2013 21\u2013 00 Ext. 232<\/p>\n<p style=\"text-align: center;\">Urbano Villal\u00f3n #500 Col. La Ladrillera<\/p>\n<p style=\"text-align: center;\">Horario de atenci\u00f3n: Lunes a viernes de 7:00 a 20:00 hrs., s\u00e1bado de 8:00 a 13:00 hrs.<\/p>\n<p>&nbsp;<\/p>\n","protected":false},"excerpt":{"rendered":"<p>&nbsp; Como parte de la comunidad universitaria tienes acceso a la base de datos [&hellip;]<\/p>\n","protected":false},"author":1,"featured_media":0,"parent":0,"menu_order":0,"comment_status":"closed","ping_status":"closed","template":"","meta":{"footnotes":""},"_links":{"self":[{"href":"https:\/\/www.upslp.edu.mx\/upslp\/index.php?rest_route=\/wp\/v2\/pages\/22381"}],"collection":[{"href":"https:\/\/www.upslp.edu.mx\/upslp\/index.php?rest_route=\/wp\/v2\/pages"}],"about":[{"href":"https:\/\/www.upslp.edu.mx\/upslp\/index.php?rest_route=\/wp\/v2\/types\/page"}],"author":[{"embeddable":true,"href":"https:\/\/www.upslp.edu.mx\/upslp\/index.php?rest_route=\/wp\/v2\/users\/1"}],"replies":[{"embeddable":true,"href":"https:\/\/www.upslp.edu.mx\/upslp\/index.php?rest_route=%2Fwp%2Fv2%2Fcomments&post=22381"}],"version-history":[{"count":7,"href":"https:\/\/www.upslp.edu.mx\/upslp\/index.php?rest_route=\/wp\/v2\/pages\/22381\/revisions"}],"predecessor-version":[{"id":22390,"href":"https:\/\/www.upslp.edu.mx\/upslp\/index.php?rest_route=\/wp\/v2\/pages\/22381\/revisions\/22390"}],"wp:attachment":[{"href":"https:\/\/www.upslp.edu.mx\/upslp\/index.php?rest_route=%2Fwp%2Fv2%2Fmedia&parent=22381"}],"curies":[{"name":"wp","href":"https:\/\/api.w.org\/{rel}","templated":true}]}}