{"id":22673,"date":"2026-04-08T11:16:43","date_gmt":"2026-04-08T16:16:43","guid":{"rendered":"https:\/\/www.upslp.edu.mx\/upslp\/?page_id=22673"},"modified":"2026-04-08T11:16:43","modified_gmt":"2026-04-08T16:16:43","slug":"frances","status":"publish","type":"page","link":"https:\/\/www.upslp.edu.mx\/upslp\/?page_id=22673","title":{"rendered":"Frances"},"content":{"rendered":"<ul>\n<li>\n<h2><a href=\"https:\/\/www.upslp.edu.mx\/upslp\/wp-content\/uploads\/2026\/04\/Frances-01-scaled.jpg\" target=\"_blank\" rel=\"noopener\"><span data-olk-copy-source=\"MessageBody\">Informaci\u00f3n<\/span><\/a><\/h2>\n<\/li>\n<li>\n<h2><a href=\"https:\/\/forms.cloud.microsoft\/Pages\/ResponsePage.aspx?id=cUbFXL41Mk-DWFAZcMU3JxDeUrviEaZKipnifXrgP7dUNEJWMTNSOVoxMklPWVZZRzlQREMxVkNWNyQlQCNjPTEu&amp;origin=QRCode\" target=\"_blank\" rel=\"noopener\"><span data-olk-copy-source=\"MessageBody\">Inscripci\u00f3n para el Curso de Franc\u00e9s A1.2<\/span><\/a><\/h2>\n<\/li>\n<\/ul>\n","protected":false},"excerpt":{"rendered":"<p>Informaci\u00f3n Inscripci\u00f3n para el Curso de Franc\u00e9s A1.2<\/p>\n","protected":false},"author":1,"featured_media":0,"parent":0,"menu_order":0,"comment_status":"closed","ping_status":"closed","template":"","meta":{"footnotes":""},"_links":{"self":[{"href":"https:\/\/www.upslp.edu.mx\/upslp\/index.php?rest_route=\/wp\/v2\/pages\/22673"}],"collection":[{"href":"https:\/\/www.upslp.edu.mx\/upslp\/index.php?rest_route=\/wp\/v2\/pages"}],"about":[{"href":"https:\/\/www.upslp.edu.mx\/upslp\/index.php?rest_route=\/wp\/v2\/types\/page"}],"author":[{"embeddable":true,"href":"https:\/\/www.upslp.edu.mx\/upslp\/index.php?rest_route=\/wp\/v2\/users\/1"}],"replies":[{"embeddable":true,"href":"https:\/\/www.upslp.edu.mx\/upslp\/index.php?rest_route=%2Fwp%2Fv2%2Fcomments&post=22673"}],"version-history":[{"count":1,"href":"https:\/\/www.upslp.edu.mx\/upslp\/index.php?rest_route=\/wp\/v2\/pages\/22673\/revisions"}],"predecessor-version":[{"id":22675,"href":"https:\/\/www.upslp.edu.mx\/upslp\/index.php?rest_route=\/wp\/v2\/pages\/22673\/revisions\/22675"}],"wp:attachment":[{"href":"https:\/\/www.upslp.edu.mx\/upslp\/index.php?rest_route=%2Fwp%2Fv2%2Fmedia&parent=22673"}],"curies":[{"name":"wp","href":"https:\/\/api.w.org\/{rel}","templated":true}]}}