{"id":2423,"date":"2015-11-03T16:46:53","date_gmt":"2015-11-03T22:46:53","guid":{"rendered":"http:\/\/192.168.2.100\/upslp\/?page_id=2423"},"modified":"2026-02-23T11:27:08","modified_gmt":"2026-02-23T17:27:08","slug":"servicios-y-tramites","status":"publish","type":"page","link":"https:\/\/www.upslp.edu.mx\/upslp\/?page_id=2423","title":{"rendered":"Servicios y Tr\u00e1mites"},"content":{"rendered":"<h2>Acad\u00e9micos<\/h2>\n<p><span style=\"line-height: 1.5em;\"><div class=\"toggle-holder\" id=\"seveneightsixsixth\" style=\"width:900px; float:none; \">\r\n\t<div class=\"toggle-header\">Constancias y cartas de buena conducta<\/div>\r\n\t<div class=\"togglebox\"><\/span><\/p>\n<p><strong>Procedimiento: <\/strong><\/p>\n<ul>\n<li>El tr\u00e1mite se puede realizar durante todo el semestre.<\/li>\n<li>Realiza el pago en Tesorer\u00eda.<\/li>\n<li>Entrega copia del recibo (hoja rosa) en las ventanillas de atenci\u00f3n de Servicios Escolares<\/li>\n<li>Presenta el recibo original y credencial para recoger el documento.<\/li>\n<\/ul>\n<p><strong>Especificaciones: <\/strong><\/p>\n<ul>\n<li>El tr\u00e1mite se puede realizar durante todo el semestre.<\/li>\n<li>Este tr\u00e1mite s\u00f3lo lo puede realizar el alumno o la persona designada por \u00e9l, con carta poder y copia de identificaci\u00f3n del solicitante y del representante.<\/li>\n<\/ul>\n<p><strong>Costo del tr\u00e1mite y tiempo de entrega:<\/strong><\/p>\n<ul>\n<li>Informes en el departamento de Tesorer\u00eda.<\/li>\n<li>Entrega al d\u00eda h\u00e1bil siguiente.<\/li>\n<\/ul>\n<p><\/div><\/div><script type=\"text\/javascript\">\r\n\t\tjQuery(document).ready(function(){\r\n\tjQuery(\"#seveneightsixsixth .togglebox\").hide();\r\n\t\t\t\t\tjQuery(\"#seveneightsixsixth .toggle-header\").css({\"background-position\":\"0px -32px\"});jQuery(\"#seveneightsixsixth .toggle-header\").click(function(){\r\n\t\t\tif(!jQuery.browser.msie || (jQuery.browser.msie && jQuery.browser.version > 6)){\r\n\t\t\t\tif(jQuery(this).next(\".togglebox\").is(\":visible\")){\r\n\t\t\t\t\tjQuery(this).stop().animate({\"background-position\":\"0px -32px\"},{duration:400, easing:\"easeInSine\"});\r\n\t\t\t\t}else{\r\n\t\t\t\t\tjQuery(this).stop().animate({\"background-position\":\"0px 0px\"},{duration:400, easing:\"easeOutSine\"});\r\n\t\t\t\t}\r\n\t\t\t}\r\n\t\t\tjQuery(this).next(\".togglebox\").slideToggle(\"slow\");\r\n\t\t\treturn true;\r\n\t\t});\r\n\t\t});\r\n\t<\/script><\/p>\n<div class=\"toggle-holder\" id=\"onezeroeightzeroei\" style=\"width:900px; float:none; \">\r\n\t<div class=\"toggle-header\">K\u00e1rdex, historiales, boletas y horarios<\/div>\r\n\t<div class=\"togglebox\"><\/p>\n<p><strong>Procedimiento:<\/strong><\/p>\n<ul>\n<li>El tr\u00e1mite se puede realizar durante todo el semestre presentando una tarjeta de impresi\u00f3n.<\/li>\n<li>Si no se cuenta con tarjeta de impresi\u00f3n se puede realizar el pago de la tarjeta en Tesorer\u00eda.<\/li>\n<li>Entrega la tarjeta de impresi\u00f3n y credencial de estudiante en las ventanillas de atenci\u00f3n de Servicios Escolares para recibir el documento.<\/li>\n<\/ul>\n<p><strong>Especificaciones:<\/strong><\/p>\n<ul>\n<li>El tr\u00e1mite se puede realizar durante todo el semestre.<\/li>\n<li>Este tr\u00e1mite s\u00f3lo lo puede realizar el alumno o la persona designada por \u00e9l, con carta poder y copia de identificaci\u00f3n del solicitante y del representante.<\/li>\n<\/ul>\n<p><strong>Costo del tr\u00e1mite y tiempo de entrega:<\/strong><\/p>\n<ul>\n<li>Una impresi\u00f3n por cada hoja generada en el servicio.<\/li>\n<li>Entrega inmediata; si los documentos requieren firma se entregar\u00e1n al d\u00eda h\u00e1bil siguiente.<\/li>\n<\/ul>\n<p><\/div><\/div><script type=\"text\/javascript\">\r\n\t\tjQuery(document).ready(function(){\r\n\tjQuery(\"#onezeroeightzeroei .togglebox\").hide();\r\n\t\t\t\t\tjQuery(\"#onezeroeightzeroei .toggle-header\").css({\"background-position\":\"0px -32px\"});jQuery(\"#onezeroeightzeroei .toggle-header\").click(function(){\r\n\t\t\tif(!jQuery.browser.msie || (jQuery.browser.msie && jQuery.browser.version > 6)){\r\n\t\t\t\tif(jQuery(this).next(\".togglebox\").is(\":visible\")){\r\n\t\t\t\t\tjQuery(this).stop().animate({\"background-position\":\"0px -32px\"},{duration:400, easing:\"easeInSine\"});\r\n\t\t\t\t}else{\r\n\t\t\t\t\tjQuery(this).stop().animate({\"background-position\":\"0px 0px\"},{duration:400, easing:\"easeOutSine\"});\r\n\t\t\t\t}\r\n\t\t\t}\r\n\t\t\tjQuery(this).next(\".togglebox\").slideToggle(\"slow\");\r\n\t\t\treturn true;\r\n\t\t});\r\n\t\t});\r\n\t<\/script>\n<div class=\"toggle-holder\" id=\"oneonethreeninethr\" style=\"width:900px; float:none; \">\r\n\t<div class=\"toggle-header\">Reposici\u00f3n de credenciales<\/div>\r\n\t<div class=\"togglebox\"><\/p>\n<p><strong>Procedimiento:<\/strong><\/p>\n<ul>\n<li>El tr\u00e1mite se puede realizar durante todo el semestre.<\/li>\n<li>Por concepto de reposici\u00f3n de credencial, informes en el departamento de Tesorer\u00eda.<\/li>\n<li>Entrega copia de recibo (recibo rosa) en las ventanillas de atenci\u00f3n de Servicios Escolares<\/li>\n<\/ul>\n<p><strong>Especificaciones:<\/strong><\/p>\n<ul>\n<li>El tr\u00e1mite se puede realizar durante todo el semestre.<\/li>\n<li>No se podr\u00e1 realizar este tr\u00e1mite si el alumno se encuentra en alg\u00fan tipo de situaci\u00f3n de baja o bien, si no realiz\u00f3 la reinscripci\u00f3n correspondiente.<\/li>\n<li>Este tr\u00e1mite s\u00f3lo lo puede realizar el alumno o la persona designada por \u00e9l, con carta poder y copia de identificaci\u00f3n del solicitante y del representante.<\/li>\n<\/ul>\n<p><strong>Costo del tr\u00e1mite y tiempo de entrega:<\/strong><\/p>\n<ul>\n<li>Informes en el departamento de Tesorer\u00eda.<\/li>\n<li>Entrega al d\u00eda h\u00e1bil siguiente.<\/li>\n<\/ul>\n<p><\/div><\/div><script type=\"text\/javascript\">\r\n\t\tjQuery(document).ready(function(){\r\n\tjQuery(\"#oneonethreeninethr .togglebox\").hide();\r\n\t\t\t\t\tjQuery(\"#oneonethreeninethr .toggle-header\").css({\"background-position\":\"0px -32px\"});jQuery(\"#oneonethreeninethr .toggle-header\").click(function(){\r\n\t\t\tif(!jQuery.browser.msie || (jQuery.browser.msie && jQuery.browser.version > 6)){\r\n\t\t\t\tif(jQuery(this).next(\".togglebox\").is(\":visible\")){\r\n\t\t\t\t\tjQuery(this).stop().animate({\"background-position\":\"0px -32px\"},{duration:400, easing:\"easeInSine\"});\r\n\t\t\t\t}else{\r\n\t\t\t\t\tjQuery(this).stop().animate({\"background-position\":\"0px 0px\"},{duration:400, easing:\"easeOutSine\"});\r\n\t\t\t\t}\r\n\t\t\t}\r\n\t\t\tjQuery(this).next(\".togglebox\").slideToggle(\"slow\");\r\n\t\t\treturn true;\r\n\t\t});\r\n\t\t});\r\n\t<\/script>\n<div class=\"toggle-holder\" id=\"oneeighteightzeron\" style=\"width:900px; float:none; \">\r\n\t<div class=\"toggle-header\">Cambio de carrera<\/div>\r\n\t<div class=\"togglebox\"><\/p>\n<p><strong>Procedimiento:<\/strong><\/p>\n<ul>\n<li>El tr\u00e1mite se puede al final de cada semestre.<\/li>\n<li>Elaborar solicitud de cambio de carrera (formato libre) incluyendo las firmas de los Coordinadores de la carrera actual y de la carrera a la que desea cambiarse.<\/li>\n<li>Entregar solicitud con las firmas en las ventanillas de atenci\u00f3n de Servicios Escolares para realizar el tr\u00e1mite.<\/li>\n<\/ul>\n<p><strong>Especificaciones:<\/strong><\/p>\n<ul>\n<li>El tr\u00e1mite s\u00f3lo se puede realizar para los alumnos que aprueben al final del semestre toda la carga acad\u00e9mica que les fue asignada durante el semestre.<\/li>\n<\/ul>\n<p><strong>Costo del tr\u00e1mite y tiempo de entrega:<\/strong><\/p>\n<ul>\n<li>Gratuito.<\/li>\n<li>El alumno puede verificar el cambio al siguiente d\u00eda h\u00e1bil.<\/li>\n<\/ul>\n<p><\/div><\/div><script type=\"text\/javascript\">\r\n\t\tjQuery(document).ready(function(){\r\n\tjQuery(\"#oneeighteightzeron .togglebox\").hide();\r\n\t\t\t\t\tjQuery(\"#oneeighteightzeron .toggle-header\").css({\"background-position\":\"0px -32px\"});jQuery(\"#oneeighteightzeron .toggle-header\").click(function(){\r\n\t\t\tif(!jQuery.browser.msie || (jQuery.browser.msie && jQuery.browser.version > 6)){\r\n\t\t\t\tif(jQuery(this).next(\".togglebox\").is(\":visible\")){\r\n\t\t\t\t\tjQuery(this).stop().animate({\"background-position\":\"0px -32px\"},{duration:400, easing:\"easeInSine\"});\r\n\t\t\t\t}else{\r\n\t\t\t\t\tjQuery(this).stop().animate({\"background-position\":\"0px 0px\"},{duration:400, easing:\"easeOutSine\"});\r\n\t\t\t\t}\r\n\t\t\t}\r\n\t\t\tjQuery(this).next(\".togglebox\").slideToggle(\"slow\");\r\n\t\t\treturn true;\r\n\t\t});\r\n\t\t});\r\n\t<\/script>\n<h2>Bajas<\/h2>\n<div class=\"toggle-holder\" id=\"onezerofivefournin\" style=\"width:900px; float:none; \">\r\n\t<div class=\"toggle-header\">Baja de Materias<\/div>\r\n\t<div class=\"togglebox\">\n<p><strong>Procedimiento:<\/strong><\/p>\n<ul>\n<li>El tr\u00e1mite s\u00f3lo se podr\u00e1 realizar en la primer semana del inicio de clases.<\/li>\n<li>Presentar formato de baja de materias en Ventanilla de Servicios Escolares, el cual deber\u00e1 estar firmado por el Coordinador de carrera.<\/li>\n<\/ul>\n<p><strong>Especificaciones:<\/strong><\/p>\n<ul>\n<li>Todas las materias pueden darse de baja en el semestre excepto las materias de la Academia de Ingl\u00e9s.<\/li>\n<li>Si el alumno s\u00f3lo tiene una materia asignada, no podr\u00e1 realizar este procedimiento.<\/li>\n<li>Este tr\u00e1mite s\u00f3lo lo puede realizar el alumno o la persona designada por \u00e9l, con carta poder y copia de identificaci\u00f3n del solicitante y del representante.<\/li>\n<\/ul>\n<p><strong>Costo del tr\u00e1mite y tiempo de realizaci\u00f3n:<\/strong><\/p>\n<ul>\n<li>Gratuito<\/li>\n<li>El tr\u00e1mite toma un d\u00eda, dependiendo de la firma del Coordinador de carrera.<\/li>\n<\/ul>\n<p><span style=\"line-height: 1.5em;\"><\/div><\/div><script type=\"text\/javascript\">\r\n\t\tjQuery(document).ready(function(){\r\n\tjQuery(\"#onezerofivefournin .togglebox\").hide();\r\n\t\t\t\t\tjQuery(\"#onezerofivefournin .toggle-header\").css({\"background-position\":\"0px -32px\"});jQuery(\"#onezerofivefournin .toggle-header\").click(function(){\r\n\t\t\tif(!jQuery.browser.msie || (jQuery.browser.msie && jQuery.browser.version > 6)){\r\n\t\t\t\tif(jQuery(this).next(\".togglebox\").is(\":visible\")){\r\n\t\t\t\t\tjQuery(this).stop().animate({\"background-position\":\"0px -32px\"},{duration:400, easing:\"easeInSine\"});\r\n\t\t\t\t}else{\r\n\t\t\t\t\tjQuery(this).stop().animate({\"background-position\":\"0px 0px\"},{duration:400, easing:\"easeOutSine\"});\r\n\t\t\t\t}\r\n\t\t\t}\r\n\t\t\tjQuery(this).next(\".togglebox\").slideToggle(\"slow\");\r\n\t\t\treturn true;\r\n\t\t});\r\n\t\t});\r\n\t<\/script><\/span><\/p>\n<div class=\"toggle-holder\" id=\"onesixtwofiveeight\" style=\"width:900px; float:none; \">\r\n\t<div class=\"toggle-header\">Baja Temporal<\/div>\r\n\t<div class=\"togglebox\"><\/p>\n<p><strong>Procedimiento:<\/strong><\/p>\n<ul>\n<li>El tr\u00e1mite se puede realizar antes del segundo parcial en cada semestre.<\/li>\n<li>Recaba el formato de no adeudos con la Universidad, el cual tiene vigencia de una semana una vez firmado.<\/li>\n<li>Presenta credencial y formato en el mostrador de Servicios Escolares.<\/li>\n<li>Recibir\u00e1s un comprobante de baja temporal, el cual deber\u00e1s presentar en el Departamento de Psicopedagog\u00eda para entrevista de salida, as\u00ed como en Tutor\u00edas y con el Coordinador de Carrera.<\/li>\n<li>Entrega el comprobante con las firmas en las ventanillas de atenci\u00f3n de Servicios Escolares para completar el tr\u00e1mite.<\/li>\n<\/ul>\n<p><strong>Especificaciones:<\/strong><\/p>\n<ul>\n<li>El estudiante no debi\u00f3 excederse en el numero de inasistencias permitidas.<\/li>\n<li>No se debe tener adeudos en Finanzas, Biblioteca, Servicios Inform\u00e1ticos, CADI y Centro Pearson.<\/li>\n<li>Este tr\u00e1mite s\u00f3lo lo puede realizar el alumno o la persona designada por \u00e9l, con carta poder y copia de identificaci\u00f3n del solicitante y del representante.<\/li>\n<li>Deber\u00e1 saldarse la cuota de reinscripci\u00f3n en el caso de haber solicitado una pr\u00f3rroga de pago.<\/li>\n<\/ul>\n<p><strong>Costo del tr\u00e1mite y tiempo de realizaci\u00f3n:<\/strong><\/p>\n<ul>\n<li>Gratuito<\/li>\n<li>El tr\u00e1mite toma de uno a dos d\u00edas h\u00e1biles dependiendo de las entrevistas y la liberaci\u00f3n de adeudos.<\/li>\n<\/ul>\n<p><\/div><\/div><script type=\"text\/javascript\">\r\n\t\tjQuery(document).ready(function(){\r\n\tjQuery(\"#onesixtwofiveeight .togglebox\").hide();\r\n\t\t\t\t\tjQuery(\"#onesixtwofiveeight .toggle-header\").css({\"background-position\":\"0px -32px\"});jQuery(\"#onesixtwofiveeight .toggle-header\").click(function(){\r\n\t\t\tif(!jQuery.browser.msie || (jQuery.browser.msie && jQuery.browser.version > 6)){\r\n\t\t\t\tif(jQuery(this).next(\".togglebox\").is(\":visible\")){\r\n\t\t\t\t\tjQuery(this).stop().animate({\"background-position\":\"0px -32px\"},{duration:400, easing:\"easeInSine\"});\r\n\t\t\t\t}else{\r\n\t\t\t\t\tjQuery(this).stop().animate({\"background-position\":\"0px 0px\"},{duration:400, easing:\"easeOutSine\"});\r\n\t\t\t\t}\r\n\t\t\t}\r\n\t\t\tjQuery(this).next(\".togglebox\").slideToggle(\"slow\");\r\n\t\t\treturn true;\r\n\t\t});\r\n\t\t});\r\n\t<\/script>\n<div class=\"toggle-holder\" id=\"fivefiveeightninez\" style=\"width:900px; float:none; \">\r\n\t<div class=\"toggle-header\">Baja Definitiva<\/div>\r\n\t<div class=\"togglebox\"><\/p>\n<p><strong>Procedimiento:<\/strong><\/p>\n<ul>\n<li>El tr\u00e1mite se puede realizar durante todo el semestre.<\/li>\n<li>Para el pago pasar al departamento de Tesorer\u00eda para informes.<\/li>\n<li>Cambia el recibo bancario en caja y recaba el formato de no adeudos con la Universidad, el cual tiene vigencia de una semana una vez firmado.<\/li>\n<li>Presenta recibo, credencial y formato en la ventanilla de atenci\u00f3n de Servicios Escolares.<\/li>\n<li>Recibir\u00e1s un comprobante de baja definitiva, el cual deber\u00e1s presentar en el Departamento de Psicopedagog\u00eda para entrevista de salida, as\u00ed como en Tutor\u00edas y con el Coordinador de Carrera.<\/li>\n<li>Entrega el comprobante con las firmas en las ventanillas de atenci\u00f3n de Servicios Escolares, y recibir\u00e1s la documentaci\u00f3n original que la UPSLP tenga en su poder, as\u00ed como las certificaciones adquiridas en el transcurso de la carrera. Para finalizar, firma la recepci\u00f3n de documentos.<\/li>\n<\/ul>\n<p><strong>Especificaciones:<\/strong><\/p>\n<ul>\n<li>No se debe tener adeudos en Finanzas, Biblioteca, Servicios Inform\u00e1ticos, CADI y Centro Pearson.<\/li>\n<li>Este tr\u00e1mite s\u00f3lo lo puede realizar el alumno o la persona designada por \u00e9l, con carta poder y copia de identificaci\u00f3n del solicitante y del representante.<\/li>\n<li>Deber\u00e1 saldarse la cuota de reinscripci\u00f3n en el caso de haber solicitado una pr\u00f3rroga de pago.<\/li>\n<li>El estudiante no podr\u00e1 reincorporarse a la Universidad.<\/li>\n<\/ul>\n<p><strong>Costo del tr\u00e1mite y tiempo de realizaci\u00f3n:<\/strong><\/p>\n<ul>\n<li>El costo de la devoluci\u00f3n de documentos preguntar en el departamento de Tesorer\u00eda.<\/li>\n<li>El tr\u00e1mite toma de uno a dos d\u00edas h\u00e1biles dependiendo de las entrevistas y la liberaci\u00f3n de adeudos.<\/li>\n<\/ul>\n<p><\/div><\/div><script type=\"text\/javascript\">\r\n\t\tjQuery(document).ready(function(){\r\n\tjQuery(\"#fivefiveeightninez .togglebox\").hide();\r\n\t\t\t\t\tjQuery(\"#fivefiveeightninez .toggle-header\").css({\"background-position\":\"0px -32px\"});jQuery(\"#fivefiveeightninez .toggle-header\").click(function(){\r\n\t\t\tif(!jQuery.browser.msie || (jQuery.browser.msie && jQuery.browser.version > 6)){\r\n\t\t\t\tif(jQuery(this).next(\".togglebox\").is(\":visible\")){\r\n\t\t\t\t\tjQuery(this).stop().animate({\"background-position\":\"0px -32px\"},{duration:400, easing:\"easeInSine\"});\r\n\t\t\t\t}else{\r\n\t\t\t\t\tjQuery(this).stop().animate({\"background-position\":\"0px 0px\"},{duration:400, easing:\"easeOutSine\"});\r\n\t\t\t\t}\r\n\t\t\t}\r\n\t\t\tjQuery(this).next(\".togglebox\").slideToggle(\"slow\");\r\n\t\t\treturn true;\r\n\t\t});\r\n\t\t});\r\n\t<\/script>\n<h2>Otros<\/h2>\n<div class=\"toggle-holder\" id=\"fiveonezeroninethr\" style=\"width:900px; float:none; \">\r\n\t<div class=\"toggle-header\">Contenidos Tem\u00e1ticos<\/div>\r\n\t<div class=\"togglebox\"><\/p>\n<p><strong>Procedimiento:<\/strong><\/p>\n<ul>\n<li>Pregunta en el departamento de Tesorer\u00eda por el costo de cada contenido tem\u00e1tico que desees obtener.<\/li>\n<li>Cambia el recibo bancario en caja y entrega una copia (recibo rosa) en ventanillas de atenci\u00f3n de Servicios Escolares.<\/li>\n<\/ul>\n<p><strong style=\"line-height: 1.5em;\">Especificaciones:<\/strong><\/p>\n<ul>\n<li>Este tr\u00e1mite s\u00f3lo lo puede realizar alumnos en situaci\u00f3n de baja que hayan concluido con sus tr\u00e1mites para devoluci\u00f3n de documentos.<\/li>\n<\/ul>\n<p><strong>Costo del tr\u00e1mite y tiempo de realizaci\u00f3n:<\/strong><\/p>\n<ul>\n<li>Preguntar en el departamento de Tesorer\u00eda el costo \u00a0por contenido tem\u00e1tico<\/li>\n<li>El tr\u00e1mite toma de un d\u00eda h\u00e1bil.<\/li>\n<\/ul>\n<p><\/div><\/div><script type=\"text\/javascript\">\r\n\t\tjQuery(document).ready(function(){\r\n\tjQuery(\"#fiveonezeroninethr .togglebox\").hide();\r\n\t\t\t\t\tjQuery(\"#fiveonezeroninethr .toggle-header\").css({\"background-position\":\"0px -32px\"});jQuery(\"#fiveonezeroninethr .toggle-header\").click(function(){\r\n\t\t\tif(!jQuery.browser.msie || (jQuery.browser.msie && jQuery.browser.version > 6)){\r\n\t\t\t\tif(jQuery(this).next(\".togglebox\").is(\":visible\")){\r\n\t\t\t\t\tjQuery(this).stop().animate({\"background-position\":\"0px -32px\"},{duration:400, easing:\"easeInSine\"});\r\n\t\t\t\t}else{\r\n\t\t\t\t\tjQuery(this).stop().animate({\"background-position\":\"0px 0px\"},{duration:400, easing:\"easeOutSine\"});\r\n\t\t\t\t}\r\n\t\t\t}\r\n\t\t\tjQuery(this).next(\".togglebox\").slideToggle(\"slow\");\r\n\t\t\treturn true;\r\n\t\t});\r\n\t\t});\r\n\t<\/script>\n<div class=\"toggle-holder\" id=\"fourzerofivezeroon\" style=\"width:900px; float:none; \">\r\n\t<div class=\"toggle-header\">Certificados parciales<\/div>\r\n\t<div class=\"togglebox\"><\/p>\n<p><strong>Procedimiento:<\/strong><\/p>\n<ul>\n<li>Informes del costo por la elaboraci\u00f3n del certificado parcial, en el departamento de Tesorer\u00eda.<\/li>\n<li>Cambia el recibo bancario en caja, entrega una copia (recibo rosa)\u00a0 en ventanillas de atenci\u00f3n de Servicios Escolares.<\/li>\n<\/ul>\n<p><strong>Especificaciones:<\/strong><\/p>\n<ul>\n<li>Este tr\u00e1mite s\u00f3lo lo puede realizar alumnos en situaci\u00f3n de baja que hayan concluido con sus tr\u00e1mites para devoluci\u00f3n de documentos.<\/li>\n<\/ul>\n<p><strong>Costo del tr\u00e1mite y tiempo de realizaci\u00f3n:<\/strong><\/p>\n<ul>\n<li>Informes en el departamento de Tesorer\u00eda.<\/li>\n<li>El tr\u00e1mite toma treinta d\u00edas h\u00e1biles.<\/li>\n<\/ul>\n<p><\/div><\/div><script type=\"text\/javascript\">\r\n\t\tjQuery(document).ready(function(){\r\n\tjQuery(\"#fourzerofivezeroon .togglebox\").hide();\r\n\t\t\t\t\tjQuery(\"#fourzerofivezeroon .toggle-header\").css({\"background-position\":\"0px -32px\"});jQuery(\"#fourzerofivezeroon .toggle-header\").click(function(){\r\n\t\t\tif(!jQuery.browser.msie || (jQuery.browser.msie && jQuery.browser.version > 6)){\r\n\t\t\t\tif(jQuery(this).next(\".togglebox\").is(\":visible\")){\r\n\t\t\t\t\tjQuery(this).stop().animate({\"background-position\":\"0px -32px\"},{duration:400, easing:\"easeInSine\"});\r\n\t\t\t\t}else{\r\n\t\t\t\t\tjQuery(this).stop().animate({\"background-position\":\"0px 0px\"},{duration:400, easing:\"easeOutSine\"});\r\n\t\t\t\t}\r\n\t\t\t}\r\n\t\t\tjQuery(this).next(\".togglebox\").slideToggle(\"slow\");\r\n\t\t\treturn true;\r\n\t\t});\r\n\t\t});\r\n\t<\/script>\n<h4><b>Para mayor informaci\u00f3n:<\/b><\/h4>\n<p>De 07:30 a 18:20 horas, de lunes a viernes.<br \/>\nReceso acad\u00e9mico a partir del 30 de marzo al 04 de abril del 2026<\/p>\n<h4><a href=\"mailto:serviciosescolares@upslp.edu.mx\" target=\"_blank\" rel=\"noopener noreferrer\" data-auth=\"NotApplicable\">serviciosescolares@upslp.edu.mx<\/a><\/h4>\n","protected":false},"excerpt":{"rendered":"<p>Acad\u00e9micos Bajas Otros Para mayor informaci\u00f3n: De 07:30 a 18:20 horas, de lunes a [&hellip;]<\/p>\n","protected":false},"author":1,"featured_media":0,"parent":2439,"menu_order":0,"comment_status":"closed","ping_status":"closed","template":"","meta":{"footnotes":""},"_links":{"self":[{"href":"https:\/\/www.upslp.edu.mx\/upslp\/index.php?rest_route=\/wp\/v2\/pages\/2423"}],"collection":[{"href":"https:\/\/www.upslp.edu.mx\/upslp\/index.php?rest_route=\/wp\/v2\/pages"}],"about":[{"href":"https:\/\/www.upslp.edu.mx\/upslp\/index.php?rest_route=\/wp\/v2\/types\/page"}],"author":[{"embeddable":true,"href":"https:\/\/www.upslp.edu.mx\/upslp\/index.php?rest_route=\/wp\/v2\/users\/1"}],"replies":[{"embeddable":true,"href":"https:\/\/www.upslp.edu.mx\/upslp\/index.php?rest_route=%2Fwp%2Fv2%2Fcomments&post=2423"}],"version-history":[{"count":37,"href":"https:\/\/www.upslp.edu.mx\/upslp\/index.php?rest_route=\/wp\/v2\/pages\/2423\/revisions"}],"predecessor-version":[{"id":22511,"href":"https:\/\/www.upslp.edu.mx\/upslp\/index.php?rest_route=\/wp\/v2\/pages\/2423\/revisions\/22511"}],"up":[{"embeddable":true,"href":"https:\/\/www.upslp.edu.mx\/upslp\/index.php?rest_route=\/wp\/v2\/pages\/2439"}],"wp:attachment":[{"href":"https:\/\/www.upslp.edu.mx\/upslp\/index.php?rest_route=%2Fwp%2Fv2%2Fmedia&parent=2423"}],"curies":[{"name":"wp","href":"https:\/\/api.w.org\/{rel}","templated":true}]}}