{"id":2455,"date":"2015-11-04T17:36:42","date_gmt":"2015-11-04T23:36:42","guid":{"rendered":"http:\/\/192.168.2.100\/upslp\/?page_id=2455"},"modified":"2026-03-19T17:15:19","modified_gmt":"2026-03-19T23:15:19","slug":"vinculacion-2","status":"publish","type":"page","link":"https:\/\/www.upslp.edu.mx\/upslp\/?page_id=2455","title":{"rendered":"Vinculaci\u00f3n"},"content":{"rendered":"<table style=\"background-color: #e6e6e6; ; width: 960px;\" border=\"0\">\n<tbody>\n<tr>\n<td>\n<h3>\u00bfNo tienes empresa para realizar tu Residencia?<\/h3>\n<\/td>\n<\/tr>\n<tr>\n<td>S\u00edguenos en\u00a0<a href=\"https:\/\/www.facebook.com\/vinculacion.upslp\" target=\"_blank\" rel=\"noopener noreferrer\">facebook\u00a0<\/a>para que conozcas todas las ofertas disponibles<\/td>\n<\/tr>\n<\/tbody>\n<\/table>\n<p><span style=\"line-height: 1.5em;\">\u00a0<\/span><\/p>\n<div class=\"toggle-holder\" id=\"eighteightfivenine\" style=\"width:900px; float:none; \">\r\n\t<div class=\"toggle-header\">Requisitos para realizar el Servicio Social<\/div>\r\n\t<div class=\"togglebox\"><\/p>\n<p><strong>Servicio Social<\/strong><\/p>\n<p>El servicio social es el conjunto de actividades que en beneficio de la sociedad llevan a cabo los alumnos y egresados de la Universidad, como requisito previo a la obtenci\u00f3n del t\u00edtulo de Profesional Asociado, Licenciatura o Ingenier\u00eda T\u00e9cnica, as\u00ed como la Licenciatura e Ingenier\u00eda. Su prestaci\u00f3n es de car\u00e1cter obligatorio, como lo establece la legislaci\u00f3n vigente y aplicable a la materia.<\/p>\n<p>La duraci\u00f3n del servicio social deber\u00e1 ser de 480 horas, por lo menos, y deber\u00e1 realizarse en un per\u00edodo de seis meses, como m\u00ednimo, y de dos a\u00f1os, como m\u00e1ximo.<\/p>\n<p>El estudiante podr\u00e1 realizar su Servicio Social una vez que ha completado el 70% (setenta por ciento) de los cr\u00e9ditos del programa educativo que cursa<\/p>\n<p><strong>Tr\u00e1mites<\/strong><\/p>\n<ul>\n<li>Comprobar que ha acreditado al menos el 70% de su carga acad\u00e9mica y que cuenta con el seguro facultativo o est\u00e1 asegurado por cualquier instituci\u00f3n de salud p\u00fablica o privada.<\/li>\n<li>Solicitar la Carta de Presentaci\u00f3n para su entrega en la empresa o instituci\u00f3n.<\/li>\n<li>Liberar el Servicio Social en las fechas establecidas en el Calendario Escolar.<\/li>\n<\/ul>\n<p style=\"text-align: right;\">Para mayor informaci\u00f3n:<\/p>\n<p style=\"text-align: right;\">Direcci\u00f3n de Servicios Escolares<\/p>\n<p style=\"text-align: right;\">Edificio ROA de\u00a008:00\u00a0a\u00a014:00\u00a0hrs.\u00a0y de\u00a016:00\u00a0a\u00a018:30\u00a0hrs.<br aria-hidden=\"true\" \/><a id=\"LPlnk447871\" href=\"mailto:vinculacion@upslp.edu.mx\" target=\"_blank\" rel=\"noopener noreferrer\" data-auth=\"NotApplicable\" data-linkindex=\"0\">vinculacion@upslp.edu.mx<\/a><\/p>\n<p style=\"text-align: right;\"><\/div><\/div><script type=\"text\/javascript\">\r\n\t\tjQuery(document).ready(function(){\r\n\tjQuery(\"#eighteightfivenine .togglebox\").hide();\r\n\t\t\t\t\tjQuery(\"#eighteightfivenine .toggle-header\").css({\"background-position\":\"0px -32px\"});jQuery(\"#eighteightfivenine .toggle-header\").click(function(){\r\n\t\t\tif(!jQuery.browser.msie || (jQuery.browser.msie && jQuery.browser.version > 6)){\r\n\t\t\t\tif(jQuery(this).next(\".togglebox\").is(\":visible\")){\r\n\t\t\t\t\tjQuery(this).stop().animate({\"background-position\":\"0px -32px\"},{duration:400, easing:\"easeInSine\"});\r\n\t\t\t\t}else{\r\n\t\t\t\t\tjQuery(this).stop().animate({\"background-position\":\"0px 0px\"},{duration:400, easing:\"easeOutSine\"});\r\n\t\t\t\t}\r\n\t\t\t}\r\n\t\t\tjQuery(this).next(\".togglebox\").slideToggle(\"slow\");\r\n\t\t\treturn true;\r\n\t\t});\r\n\t\t});\r\n\t<\/script>\n<div class=\"toggle-holder\" id=\"threefouroneonetwo\" style=\"width:900px; float:none; \">\r\n\t<div class=\"toggle-header\"> Requisitos para realizar Pr\u00e1cticas Profesionales<\/div>\r\n\t<div class=\"togglebox\"><\/p>\n<p><strong>Pr\u00e1cticas profesionales<\/strong><\/p>\n<p>La pr\u00e1ctica profesional en la UPSLP es opcional y se le denomina as\u00ed a las actividades te\u00f3rico-pr\u00e1cticas que el estudiante realiza, consiste en la aplicaci\u00f3n de los conocimientos y destrezas, asegurando el ejercicio eficiente y efectivo de su profesi\u00f3n.<\/p>\n<p>Se pueden realizar a partir del 3er semestre, en un periodo m\u00ednimo de cuatro meses cubriendo 480 horas. Se puede realizar en Instituciones Gubernamentales, Asociaciones Civiles, Instituciones de Asistencia Privada e Instituciones Privadas.<\/p>\n<p><strong>Tr\u00e1mites<\/strong><\/p>\n<ul>\n<li>Busca la instituci\u00f3n o programa en el que desees realizar pr\u00e1cticas profesionales (consulta la Bolsa de Trabajo o las redes sociales).<\/li>\n<li>Solicita una carta de presentaci\u00f3n y tu formato de afiliaci\u00f3n al IMSS.<\/li>\n<li>El responsable de la instituci\u00f3n o del programa deber\u00e1 expedir un oficio de aceptaci\u00f3n el cual indique el periodo de pr\u00e1ctica profesional y el monto de la beca econ\u00f3mica.<\/li>\n<\/ul>\n<p style=\"text-align: right;\">Para mayor informaci\u00f3n:<\/p>\n<p style=\"text-align: right;\">Direcci\u00f3n de Servicios Escolares<\/p>\n<p style=\"text-align: right;\">Edificio ROA de\u00a008:00\u00a0a\u00a014:00\u00a0hrs.\u00a0y de\u00a016:00\u00a0a\u00a018:30\u00a0hrs.<br aria-hidden=\"true\" \/><a id=\"LPlnk447871\" href=\"mailto:vinculacion@upslp.edu.mx\" target=\"_blank\" rel=\"noopener noreferrer\" data-auth=\"NotApplicable\" data-linkindex=\"0\">vinculacion@upslp.edu.mx<\/a><\/p>\n<p style=\"text-align: right;\"><\/div><\/div><script type=\"text\/javascript\">\r\n\t\tjQuery(document).ready(function(){\r\n\tjQuery(\"#threefouroneonetwo .togglebox\").hide();\r\n\t\t\t\t\tjQuery(\"#threefouroneonetwo .toggle-header\").css({\"background-position\":\"0px -32px\"});jQuery(\"#threefouroneonetwo .toggle-header\").click(function(){\r\n\t\t\tif(!jQuery.browser.msie || (jQuery.browser.msie && jQuery.browser.version > 6)){\r\n\t\t\t\tif(jQuery(this).next(\".togglebox\").is(\":visible\")){\r\n\t\t\t\t\tjQuery(this).stop().animate({\"background-position\":\"0px -32px\"},{duration:400, easing:\"easeInSine\"});\r\n\t\t\t\t}else{\r\n\t\t\t\t\tjQuery(this).stop().animate({\"background-position\":\"0px 0px\"},{duration:400, easing:\"easeOutSine\"});\r\n\t\t\t\t}\r\n\t\t\t}\r\n\t\t\tjQuery(this).next(\".togglebox\").slideToggle(\"slow\");\r\n\t\t\treturn true;\r\n\t\t});\r\n\t\t});\r\n\t<\/script>\n<div class=\"toggle-holder\" id=\"sixfourseventhrees\" style=\"width:900px; float:none; \">\r\n\t<div class=\"toggle-header\">Requisitos para realizar la Residencia Profesional<\/div>\r\n\t<div class=\"togglebox\">\n<p><strong>Residencia profesional<\/strong><\/p>\n<p>La Residencia Profesional es una materia y uno de los requisitos de egreso, contemplados en el reglamento acad\u00e9mico de la Universidad Polit\u00e9cnica de San Luis Potos\u00ed y consiste en que el estudiante desarrolle un proyecto en cualquiera de los Departamentos de una organizaci\u00f3n, vinculados con el \u00e1rea de especialidad y que definan una problem\u00e1tica y propongan una soluci\u00f3n viable, a trav\u00e9s de la participaci\u00f3n directa del estudiante.<\/p>\n<p>La duraci\u00f3n de la Residencia Profesional deber\u00e1 ser de 480 horas, por lo menos, y deber\u00e1 realizarse en un per\u00edodo de seis meses. El estudiante podr\u00e1 realizar su Residencia Profesional una vez que ha completado el 85% (ochenta y cinco por ciento) de los cr\u00e9ditos del programa educativo que cursa.<\/p>\n<p><strong>Tr\u00e1mites<\/strong><\/p>\n<div>\n<ul>\n<li>Estar inscrito en el semestre de acuerdo a los per\u00edodos de inscripci\u00f3n semestrales.<\/li>\n<li>Dar de alta su residencia profesional, como materia, en los periodos se\u00f1alados por la Direcci\u00f3n de Servicios Escolares.<\/li>\n<li>Contar con al menos el 85% de los cr\u00e9ditos de su plan de estudios.<\/li>\n<li>Presentar a la Academia correspondiente, por escrito, el anteproyecto de Residencia Profesional para su aceptaci\u00f3n.<\/li>\n<\/ul>\n<\/div>\n<div><\/div>\n<p>&nbsp;<\/p>\n<p><strong>Liberaci\u00f3n<\/strong><\/p>\n<p><span data-olk-copy-source=\"MessageBody\">Se considerar\u00e1 que un proyecto de residencia ha sido liberado cuando el estudiante entregue a la Direcci\u00f3n de Servicios Escolares la siguiente documentaci\u00f3n (en tiempo y forma):<\/span><\/p>\n<ul>\n<li>\n<div data-olk-copy-source=\"MessageBody\">El documento original del proyecto guardado en un CD-ROM etiquetado (uno por cada estudiante en caso de que se realice en equipo) con las siguientes caracter\u00edsticas:<\/div>\n<ul data-editing-info=\"{&quot;applyListStyleFromLevel&quot;:true}\">\n<li>\n<div>EL CD-ROM debe contener el proyecto en formato pdf (el archivo no debe exceder los 5 MB).<\/div>\n<\/li>\n<li>\n<div>El CD debe estar rotulado con los datos de nombre, matr\u00edcula, plan y nombre del proyecto.<\/div>\n<\/li>\n<li>\n<div>Incluir en el CD el permiso manifiesto de divulgaci\u00f3n o carta digital de aceptaci\u00f3n de publicaci\u00f3n y consulta firmada por el personal de la empresa (es un formato libre que el representante de la empresa debe firmar)<\/div>\n<\/li>\n<\/ul>\n<\/li>\n<li>\n<div>Documento f\u00edsico impreso de la Carta de liberaci\u00f3n de Residencia Profesional firmada y sellada por el asesor de la empresa.<\/div>\n<\/li>\n<li>\n<div>Documento f\u00edsico impreso de la\u00a0Carta de liberaci\u00f3n de servicio social firmada por el asesor de la empresa.<\/div>\n<\/li>\n<li>\n<div>Documento f\u00edsico impreso de la\u00a0Carta de liberaci\u00f3n del proyecto firmada por el asesor de la Universidad previamente asignado (por duplicado).<\/div>\n<\/li>\n<li>\n<div>Seis reportes de Servicio Social por 80 horas mensuales cada uno, para dar un total de 480 horas de trabajo.<\/div>\n<\/li>\n<\/ul>\n<p>&nbsp;<\/p>\n<p><strong>Formatos disponibles:<\/strong><\/p>\n<p><a href=\"https:\/\/www.upslp.edu.mx\/upslp\/wp-content\/uploads\/2015\/11\/RequisitosResidencia.pdf\" target=\"_blank\" rel=\"noopener noreferrer\">Requisitos para residencia profesional<br \/>\n<\/a><\/p>\n<p><strong>Anexos para<\/strong><\/p>\n<p><a href=\"https:\/\/www.upslp.edu.mx\/upslp\/wp-content\/uploads\/2015\/11\/Anexo-I-Planteamiento-Anteproyecto.pdf\" target=\"_blank\" rel=\"noopener noreferrer\">Planteamiento de Anteproyecto<br \/>\n<\/a><\/p>\n<p><a href=\"https:\/\/www.upslp.edu.mx\/upslp\/wp-content\/uploads\/2015\/11\/Anexo-II-Planteamiento-proyecto.pdf\" target=\"_blank\" rel=\"noopener noreferrer\">Planteamiento del Proyecto<br \/>\n<\/a><\/p>\n<p><a href=\"https:\/\/www.upslp.edu.mx\/upslp\/wp-content\/uploads\/2026\/03\/Acuerdo-Tripartita-20261S.pdf\" target=\"_blank\" rel=\"noopener\"><span data-olk-copy-source=\"MessageBody\">Acuerdo Tripartita<\/span><\/a><a href=\"https:\/\/www.upslp.edu.mx\/upslp\/wp-content\/uploads\/2015\/11\/Anexo-III-Contrato-para-residencia.pdf\" target=\"_blank\" rel=\"noopener noreferrer\"><br \/>\n<\/a><\/p>\n<p><a href=\"https:\/\/www.upslp.edu.mx\/upslp\/wp-content\/uploads\/2015\/11\/Anexo-IV-Carta-de-Servicio-Social.pdf\" target=\"_blank\" rel=\"noopener noreferrer\">Formato de reporte mensual de servicio social<br \/>\n<\/a><\/p>\n<p><a href=\"https:\/\/www.upslp.edu.mx\/upslp\/wp-content\/uploads\/2015\/11\/Anexo-V.pdf\" target=\"_blank\" rel=\"noopener noreferrer\">Carta de Liberaci\u00f3n de proyecto de Residencia (Asesor Interno y Externo)<br \/>\n<\/a><\/p>\n<p><a href=\"https:\/\/www.upslp.edu.mx\/upslp\/wp-content\/uploads\/2015\/11\/Anexo-VIICarta-liberacion-servicio-social.pdf\" target=\"_blank\" rel=\"noopener noreferrer\">Carta de Liberaci\u00f3n de servicio social<br \/>\n<\/a><\/p>\n<p><span style=\"line-height: 1.5em;\"><\/div><\/div><script type=\"text\/javascript\">\r\n\t\tjQuery(document).ready(function(){\r\n\tjQuery(\"#sixfourseventhrees .togglebox\").hide();\r\n\t\t\t\t\tjQuery(\"#sixfourseventhrees .toggle-header\").css({\"background-position\":\"0px -32px\"});jQuery(\"#sixfourseventhrees .toggle-header\").click(function(){\r\n\t\t\tif(!jQuery.browser.msie || (jQuery.browser.msie && jQuery.browser.version > 6)){\r\n\t\t\t\tif(jQuery(this).next(\".togglebox\").is(\":visible\")){\r\n\t\t\t\t\tjQuery(this).stop().animate({\"background-position\":\"0px -32px\"},{duration:400, easing:\"easeInSine\"});\r\n\t\t\t\t}else{\r\n\t\t\t\t\tjQuery(this).stop().animate({\"background-position\":\"0px 0px\"},{duration:400, easing:\"easeOutSine\"});\r\n\t\t\t\t}\r\n\t\t\t}\r\n\t\t\tjQuery(this).next(\".togglebox\").slideToggle(\"slow\");\r\n\t\t\treturn true;\r\n\t\t});\r\n\t\t});\r\n\t<\/script><\/span><\/p>\n<p><a href=\"https:\/\/www.upslp.edu.mx\/upslp\/wp-content\/uploads\/2016\/04\/logo-vinculacion2.jpg\"><img loading=\"lazy\" decoding=\"async\" width=\"300\" height=\"200\" class=\"aligncenter size-full wp-image-9744\" src=\"https:\/\/www.upslp.edu.mx\/upslp\/wp-content\/uploads\/2016\/04\/logo-vinculacion2.jpg\" alt=\"\" \/><\/a><\/p>\n<h3 style=\"text-align: center;\">Vinculaci\u00f3n<\/h3>\n<p style=\"text-align: center;\"><strong>Tel\u00e9fono<\/strong><b>:<\/b> <span data-olk-copy-source=\"MessageBody\">Tel\u00e9fono: (444) 870 \u2013\u00a0 21 \u2013 00 Ext. 240 y 203<\/span><\/p>\n<h3 style=\"text-align: center;\"><a href=\"mailto:vinculacion@upslp.edu.mx\">vinculacion@upslp.edu.mx<\/a><\/h3>\n","protected":false},"excerpt":{"rendered":"<p>\u00bfNo tienes empresa para realizar tu Residencia? S\u00edguenos en\u00a0facebook\u00a0para que conozcas todas las ofertas [&hellip;]<\/p>\n","protected":false},"author":1,"featured_media":0,"parent":2439,"menu_order":0,"comment_status":"closed","ping_status":"closed","template":"","meta":{"footnotes":""},"_links":{"self":[{"href":"https:\/\/www.upslp.edu.mx\/upslp\/index.php?rest_route=\/wp\/v2\/pages\/2455"}],"collection":[{"href":"https:\/\/www.upslp.edu.mx\/upslp\/index.php?rest_route=\/wp\/v2\/pages"}],"about":[{"href":"https:\/\/www.upslp.edu.mx\/upslp\/index.php?rest_route=\/wp\/v2\/types\/page"}],"author":[{"embeddable":true,"href":"https:\/\/www.upslp.edu.mx\/upslp\/index.php?rest_route=\/wp\/v2\/users\/1"}],"replies":[{"embeddable":true,"href":"https:\/\/www.upslp.edu.mx\/upslp\/index.php?rest_route=%2Fwp%2Fv2%2Fcomments&post=2455"}],"version-history":[{"count":27,"href":"https:\/\/www.upslp.edu.mx\/upslp\/index.php?rest_route=\/wp\/v2\/pages\/2455\/revisions"}],"predecessor-version":[{"id":22639,"href":"https:\/\/www.upslp.edu.mx\/upslp\/index.php?rest_route=\/wp\/v2\/pages\/2455\/revisions\/22639"}],"up":[{"embeddable":true,"href":"https:\/\/www.upslp.edu.mx\/upslp\/index.php?rest_route=\/wp\/v2\/pages\/2439"}],"wp:attachment":[{"href":"https:\/\/www.upslp.edu.mx\/upslp\/index.php?rest_route=%2Fwp%2Fv2%2Fmedia&parent=2455"}],"curies":[{"name":"wp","href":"https:\/\/api.w.org\/{rel}","templated":true}]}}