{"id":2461,"date":"2015-11-05T09:59:48","date_gmt":"2015-11-05T15:59:48","guid":{"rendered":"http:\/\/192.168.2.100\/upslp\/?page_id=2461"},"modified":"2020-09-11T09:31:39","modified_gmt":"2020-09-11T14:31:39","slug":"movilidad-2","status":"publish","type":"page","link":"https:\/\/www.upslp.edu.mx\/upslp\/?page_id=2461","title":{"rendered":"Movilidad"},"content":{"rendered":"<table style=\"background-color: #e6e6e6; ; width: 960px;\" border=\"0\">\n<tbody>\n<tr>\n<td colspan=\"2\">\n<h2 style=\"text-align: center;\">\u00a1Bienvenidos!<\/h2>\n<\/td>\n<\/tr>\n<tr>\n<td colspan=\"2\">\n<p>Para la Universidad Polit\u00e9cnica de San Luis Potos\u00ed la movilidad estudiantil, es una estrategia formativa situada dentro de un esquema de trabajo interinstitucional con diferentes enfoques educativos.<\/p>\n<p>Los beneficios de la movilidad nacional e internacional para los estudiantes son:<\/td>\n<\/tr>\n<tr>\n<td style=\"width: 20px;\"><\/td>\n<td>\n<ul class=\"list-group\">\n<li class=\"list-approve\">Extender sus horizontes acad\u00e9micos y personales.<\/li>\n<li class=\"list-approve\">Desarrollar la capacidad de adaptaci\u00f3n a situaciones nuevas y complejas, haci\u00e9ndolos m\u00e1s tolerantes a la diferencia.<\/li>\n<li class=\"list-approve\">Los hace m\u00e1s competitivos, enriquece su Curr\u00edculum Vitae.<\/li>\n<li class=\"list-approve\">Les permite acceder a nuevas tecnolog\u00edas y diferentes sistemas educativos, conociendo distintas metodolog\u00edas de ense\u00f1anza y estudio.<\/li>\n<p><\/ul><\/td>\n<\/tr>\n<tr>\n<td style=\"width: 20px;\"><\/td>\n<td><span style=\"line-height: 1.5em;\">&#8211; Convenios institucionales<\/span><br \/>\n&#8211; Requisitos acad\u00e9micos<br \/>\n&#8211; Becas y convocatorias vigentes<br \/>\n&#8211; Sitios de inter\u00e9s<br \/>\n&#8211; Informaci\u00f3n para estudiantes visitantes<\/td>\n<\/tr>\n<\/tbody>\n<\/table>\n<h2 style=\"text-align: center;\"><\/h2>\n<h2 style=\"text-align: center;\"><\/h2>\n<div class=\"toggle-holder\" id=\"sevenfiveonetwoone\" style=\"width:900px; float:none; \">\r\n\t<div class=\"toggle-header\">Requisitos acad\u00e9micos:<\/div>\r\n\t<div class=\"togglebox\"><\/p>\n<p>Para poder acceder a un semestre de movilidad los estudiantes deben cumplir los siguientes requisitos m\u00ednimos:<\/p>\n<ul>\n<li>Estar inscrito en el semestre Primavera u Oto\u00f1o de la UPSLP.<\/li>\n<li>Ser alumno regular, no adeudar asignaturas de ciclos escolares anteriores, y cursar las materias de acuerdo al plan de estudios en el semestre que te corresponde.<\/li>\n<li>Dedicar tiempo completo al plan de estudios.<\/li>\n<li>Contar con un promedio general m\u00ednimo de 8.5 (ocho punto cinco) de calificaciones en una escala de 0 (cero)\u00a0 a 10 (diez).<\/li>\n<li>Haber cubierto al menos el 50% de los cr\u00e9ditos del programa de estudios de licenciatura, es decir, contar con todas las materias de 1\u00ba a 5\u00ba semestre acreditadas.<\/li>\n<li>Contar con la certificaci\u00f3n de ingl\u00e9s (PET o FCE, B2) o bien, alg\u00fan equivalente.<\/li>\n<li>Las becas de movilidad internacional por lo general requieren tr\u00e1mites migratorios y administrativos en los que la UPSLP apoya por ejemplo, en la obtenci\u00f3n de visado de estudiante, el traslado a la ciudad de M\u00e9xico para el viaje de movilidad para el estudiante y dos acompa\u00f1antes que quieran despedirse as\u00ed como con el seguro de viajero internacional.<\/li>\n<\/ul>\n<p><\/div><\/div><script type=\"text\/javascript\">\r\n\t\tjQuery(document).ready(function(){\r\n\tjQuery(\"#sevenfiveonetwoone .togglebox\").hide();\r\n\t\t\t\t\tjQuery(\"#sevenfiveonetwoone .toggle-header\").css({\"background-position\":\"0px -32px\"});jQuery(\"#sevenfiveonetwoone .toggle-header\").click(function(){\r\n\t\t\tif(!jQuery.browser.msie || (jQuery.browser.msie && jQuery.browser.version > 6)){\r\n\t\t\t\tif(jQuery(this).next(\".togglebox\").is(\":visible\")){\r\n\t\t\t\t\tjQuery(this).stop().animate({\"background-position\":\"0px -32px\"},{duration:400, easing:\"easeInSine\"});\r\n\t\t\t\t}else{\r\n\t\t\t\t\tjQuery(this).stop().animate({\"background-position\":\"0px 0px\"},{duration:400, easing:\"easeOutSine\"});\r\n\t\t\t\t}\r\n\t\t\t}\r\n\t\t\tjQuery(this).next(\".togglebox\").slideToggle(\"slow\");\r\n\t\t\treturn true;\r\n\t\t});\r\n\t\t});\r\n\t<\/script>\n<div class=\"toggle-holder\" id=\"fivenineonetwozero\" style=\"width:900px; float:none; \">\r\n\t<div class=\"toggle-header\"> Becas y convocatorias:<\/div>\r\n\t<div class=\"togglebox\"><\/p>\n<p>Para poder acceder a un semestre de movilidad los estudiantes deben cumplir los siguientes requisitos m\u00ednimos:<\/p>\n<ul>\n<li>Estar inscrito en el semestre Primavera u Oto\u00f1o de la UPSLP.<\/li>\n<li>Ser alumno regular, no adeudar asignaturas de ciclos escolares anteriores, y cursar las materias de acuerdo al plan de estudios en el semestre que te corresponde.<\/li>\n<li>Dedicar tiempo completo al plan de estudios.<\/li>\n<li>Contar con un promedio general m\u00ednimo de 8.5 (ocho punto cinco) de calificaciones en una escala de 0 (cero)\u00a0 a 10 (diez).<\/li>\n<li>Haber cubierto al menos el 50% de los cr\u00e9ditos del programa de estudios de licenciatura, es decir, contar con todas las materias de 1\u00ba a 5\u00ba semestre acreditadas.<\/li>\n<li>Contar con la certificaci\u00f3n de ingl\u00e9s (PET o FCE) o bien, alg\u00fan equivalente.<\/li>\n<li>Las becas de movilidad internacional por lo general requieren tr\u00e1mites migratorios y administrativos en los que la UPSLP apoya por ejemplo, en la obtenci\u00f3n de visado de estudiante, el traslado a la ciudad de M\u00e9xico para el viaje de movilidad para el estudiante y dos acompa\u00f1antes que quieran despedirse as\u00ed como con el seguro de viajero internacional.<\/li>\n<\/ul>\n<p><\/div><\/div><script type=\"text\/javascript\">\r\n\t\tjQuery(document).ready(function(){\r\n\tjQuery(\"#fivenineonetwozero .togglebox\").hide();\r\n\t\t\t\t\tjQuery(\"#fivenineonetwozero .toggle-header\").css({\"background-position\":\"0px -32px\"});jQuery(\"#fivenineonetwozero .toggle-header\").click(function(){\r\n\t\t\tif(!jQuery.browser.msie || (jQuery.browser.msie && jQuery.browser.version > 6)){\r\n\t\t\t\tif(jQuery(this).next(\".togglebox\").is(\":visible\")){\r\n\t\t\t\t\tjQuery(this).stop().animate({\"background-position\":\"0px -32px\"},{duration:400, easing:\"easeInSine\"});\r\n\t\t\t\t}else{\r\n\t\t\t\t\tjQuery(this).stop().animate({\"background-position\":\"0px 0px\"},{duration:400, easing:\"easeOutSine\"});\r\n\t\t\t\t}\r\n\t\t\t}\r\n\t\t\tjQuery(this).next(\".togglebox\").slideToggle(\"slow\");\r\n\t\t\treturn true;\r\n\t\t});\r\n\t\t});\r\n\t<\/script>\n<h4>Servicios Escolares (Citas y tr\u00e1mites)<\/h4>\n<h4><a href=\"mailto:serviciosescolares@upslp.edu.mx\">serviciosescolares@upslp.edu.mx<\/a><\/h4>\n","protected":false},"excerpt":{"rendered":"<p>\u00a1Bienvenidos! Para la Universidad Polit\u00e9cnica de San Luis Potos\u00ed la movilidad estudiantil, es una [&hellip;]<\/p>\n","protected":false},"author":1,"featured_media":0,"parent":2439,"menu_order":0,"comment_status":"closed","ping_status":"closed","template":"","meta":{"footnotes":""},"_links":{"self":[{"href":"https:\/\/www.upslp.edu.mx\/upslp\/index.php?rest_route=\/wp\/v2\/pages\/2461"}],"collection":[{"href":"https:\/\/www.upslp.edu.mx\/upslp\/index.php?rest_route=\/wp\/v2\/pages"}],"about":[{"href":"https:\/\/www.upslp.edu.mx\/upslp\/index.php?rest_route=\/wp\/v2\/types\/page"}],"author":[{"embeddable":true,"href":"https:\/\/www.upslp.edu.mx\/upslp\/index.php?rest_route=\/wp\/v2\/users\/1"}],"replies":[{"embeddable":true,"href":"https:\/\/www.upslp.edu.mx\/upslp\/index.php?rest_route=%2Fwp%2Fv2%2Fcomments&post=2461"}],"version-history":[{"count":7,"href":"https:\/\/www.upslp.edu.mx\/upslp\/index.php?rest_route=\/wp\/v2\/pages\/2461\/revisions"}],"predecessor-version":[{"id":12783,"href":"https:\/\/www.upslp.edu.mx\/upslp\/index.php?rest_route=\/wp\/v2\/pages\/2461\/revisions\/12783"}],"up":[{"embeddable":true,"href":"https:\/\/www.upslp.edu.mx\/upslp\/index.php?rest_route=\/wp\/v2\/pages\/2439"}],"wp:attachment":[{"href":"https:\/\/www.upslp.edu.mx\/upslp\/index.php?rest_route=%2Fwp%2Fv2%2Fmedia&parent=2461"}],"curies":[{"name":"wp","href":"https:\/\/api.w.org\/{rel}","templated":true}]}}