{"id":2692,"date":"2015-11-14T09:34:44","date_gmt":"2015-11-14T15:34:44","guid":{"rendered":"http:\/\/200.94.105.39\/upslp\/?page_id=2692"},"modified":"2025-02-28T16:16:58","modified_gmt":"2025-02-28T22:16:58","slug":"oferta-educativa","status":"publish","type":"page","link":"https:\/\/www.upslp.edu.mx\/upslp\/?page_id=2692","title":{"rendered":"Oferta Educativa"},"content":{"rendered":"<p>&nbsp;<\/p>\n<p>Una comunidad acad\u00e9mica que cultiva \u00e1reas del conocimiento relacionadas con la MANUFACTURA, las TECNOLOGIAS DE LA INFORMACION y los NEGOCIOS, a trav\u00e9s de una modelo acad\u00e9mico flexible, basado en competencias y sincron\u00eda con los procesos din\u00e1micos de la ciencia, de la tecnolog\u00eda y de la sociedad.<\/p>\n<p>&nbsp;<\/p>\n<table style=\"border-collapse: collapse; width: 100.778%; height: 201px;\" border=\"1\">\n<tbody>\n<tr style=\"height: 62px;\">\n<td style=\"width: 34.7887%; height: 62px;\"><a href=\"https:\/\/www.upslp.edu.mx\/upslp\/?page_id=20508\" target=\"_blank\" rel=\"noopener\"><img loading=\"lazy\" decoding=\"async\" width=\"230\" height=\"115\" class=\"aligncenter wp-image-20148 size-full\" src=\"https:\/\/www.upslp.edu.mx\/upslp\/wp-content\/uploads\/2024\/10\/Imagen-Lic-Ing-Tec-de-Info.jpg\" alt=\"\" \/><\/a><\/td>\n<td style=\"width: 35.2336%; height: 62px;\"><a href=\"https:\/\/www.upslp.edu.mx\/upslp\/?page_id=20306\" target=\"_blank\" rel=\"noopener\"><img loading=\"lazy\" decoding=\"async\" width=\"230\" height=\"115\" class=\"aligncenter wp-image-20147 size-full\" src=\"https:\/\/www.upslp.edu.mx\/upslp\/wp-content\/uploads\/2024\/10\/Imagen-Lic-Ing-en-Manufactura-Avanza.jpg\" alt=\"\" \/><\/a><\/td>\n<td style=\"width: 29.9777%; height: 62px;\"><a href=\"https:\/\/www.upslp.edu.mx\/upslp\/?page_id=20759\" target=\"_blank\" rel=\"noopener\"><img loading=\"lazy\" decoding=\"async\" width=\"230\" height=\"115\" class=\"aligncenter wp-image-20149 size-full\" src=\"https:\/\/www.upslp.edu.mx\/upslp\/wp-content\/uploads\/2024\/10\/Imagen-Lic-Ing-Industrial.jpg\" alt=\"\" \/><\/a><\/td>\n<\/tr>\n<\/tbody>\n<\/table>\n<table style=\"border-collapse: collapse; width: 100%;\" border=\"1\">\n<tbody>\n<tr style=\"height: 147px;\">\n<td style=\"width: 50.1112%; height: 147px;\"><a href=\"https:\/\/www.upslp.edu.mx\/upslp\/?page_id=20040\" target=\"_blank\" rel=\"noopener\"><img loading=\"lazy\" decoding=\"async\" width=\"230\" height=\"115\" class=\"aligncenter wp-image-19981 size-full\" src=\"https:\/\/www.upslp.edu.mx\/upslp\/wp-content\/uploads\/2024\/08\/Lic-en-Negocios-y-Merca.png\" alt=\"\" \/><\/a><\/td>\n<td style=\"width: 49.8888%; height: 147px;\"><a href=\"https:\/\/www.upslp.edu.mx\/upslp\/?page_id=20114\" target=\"_blank\" rel=\"noopener\"><img loading=\"lazy\" decoding=\"async\" width=\"230\" height=\"115\" class=\"aligncenter wp-image-19984 size-full\" src=\"https:\/\/www.upslp.edu.mx\/upslp\/wp-content\/uploads\/2024\/08\/Imagen-Lic-Administracion.png\" alt=\"\" \/><\/a><\/td>\n<\/tr>\n<\/tbody>\n<\/table>\n<p>&nbsp;<\/p>\n","protected":false},"excerpt":{"rendered":"<p>&nbsp; Una comunidad acad\u00e9mica que cultiva \u00e1reas del conocimiento relacionadas con la MANUFACTURA, las [&hellip;]<\/p>\n","protected":false},"author":1,"featured_media":0,"parent":0,"menu_order":0,"comment_status":"closed","ping_status":"closed","template":"","meta":{"footnotes":""},"_links":{"self":[{"href":"https:\/\/www.upslp.edu.mx\/upslp\/index.php?rest_route=\/wp\/v2\/pages\/2692"}],"collection":[{"href":"https:\/\/www.upslp.edu.mx\/upslp\/index.php?rest_route=\/wp\/v2\/pages"}],"about":[{"href":"https:\/\/www.upslp.edu.mx\/upslp\/index.php?rest_route=\/wp\/v2\/types\/page"}],"author":[{"embeddable":true,"href":"https:\/\/www.upslp.edu.mx\/upslp\/index.php?rest_route=\/wp\/v2\/users\/1"}],"replies":[{"embeddable":true,"href":"https:\/\/www.upslp.edu.mx\/upslp\/index.php?rest_route=%2Fwp%2Fv2%2Fcomments&post=2692"}],"version-history":[{"count":17,"href":"https:\/\/www.upslp.edu.mx\/upslp\/index.php?rest_route=\/wp\/v2\/pages\/2692\/revisions"}],"predecessor-version":[{"id":20797,"href":"https:\/\/www.upslp.edu.mx\/upslp\/index.php?rest_route=\/wp\/v2\/pages\/2692\/revisions\/20797"}],"wp:attachment":[{"href":"https:\/\/www.upslp.edu.mx\/upslp\/index.php?rest_route=%2Fwp%2Fv2%2Fmedia&parent=2692"}],"curies":[{"name":"wp","href":"https:\/\/api.w.org\/{rel}","templated":true}]}}