{"id":3127,"date":"2016-02-05T17:37:50","date_gmt":"2016-02-05T23:37:50","guid":{"rendered":"http:\/\/www.upslp.edu.mx\/upslp\/?page_id=3127"},"modified":"2022-01-12T16:11:02","modified_gmt":"2022-01-12T22:11:02","slug":"licenciatura-en-mercadotecnia-internacional-2","status":"publish","type":"page","link":"https:\/\/www.upslp.edu.mx\/upslp\/?page_id=3127","title":{"rendered":"Licenciatura en Mercadotecnia Internacional (LMI)"},"content":{"rendered":"<h3 style=\"text-align: left;\"><\/h3>\n<p>&nbsp;<\/p>\n<p><a href=\"https:\/\/www.upslp.edu.mx\/upslp\/?page_id=3541\"><i><img loading=\"lazy\" decoding=\"async\" width=\"300\" height=\"200\" class=\"alignleft size-full wp-image-6022\" src=\"https:\/\/www.upslp.edu.mx\/upslp\/wp-content\/uploads\/2016\/02\/logo-LMI.jpg\" alt=\"\" \/><\/i><\/a><\/p>\n<p><a href=\"https:\/\/www.upslp.edu.mx\/upslp\/wp-content\/uploads\/2014\/04\/logo-Elegir-bien.jpg\"><img loading=\"lazy\" decoding=\"async\" width=\"300\" height=\"200\" class=\"alignright size-full wp-image-6011\" src=\"https:\/\/www.upslp.edu.mx\/upslp\/wp-content\/uploads\/2014\/04\/logo-Elegir-bien.jpg\" alt=\"\" \/><\/a><\/p>\n<p>&nbsp;<\/p>\n<p>&nbsp;<\/p>\n<p>&nbsp;<\/p>\n<p>&nbsp;<\/p>\n<p>&nbsp;<\/p>\n<p>&nbsp;<\/p>\n<p>&nbsp;<\/p>\n<p>&nbsp;<\/p>\n<h3><img loading=\"lazy\" decoding=\"async\" width=\"400\" height=\"483\" class=\"alignleft size-full wp-image-15526\" src=\"https:\/\/www.upslp.edu.mx\/upslp\/wp-content\/uploads\/2022\/01\/Postal-LMI-web-proceso-2022-1.jpg\" alt=\"\" srcset=\"https:\/\/www.upslp.edu.mx\/upslp\/wp-content\/uploads\/2022\/01\/Postal-LMI-web-proceso-2022-1.jpg 400w, https:\/\/www.upslp.edu.mx\/upslp\/wp-content\/uploads\/2022\/01\/Postal-LMI-web-proceso-2022-1-248x300.jpg 248w\" sizes=\"(max-width: 400px) 100vw, 400px\" \/>Nivel:<\/h3>\n<p>Licenciatura<\/p>\n<p>&nbsp;<\/p>\n<h3>T\u00edtulo otorgado:<\/h3>\n<p>Licenciado en Mercadotecnia Internacional<\/p>\n<p>&nbsp;<\/p>\n<h3>Duraci\u00f3n:<\/h3>\n<p>9 Semestres<\/p>\n<p>&nbsp;<\/p>\n<h3>Descripci\u00f3n de la carrera:<\/h3>\n<p><span style=\"line-height: 1.5em;\">Habilidad para la planeaci\u00f3n, dise\u00f1o e implementaci\u00f3n de estrategias de comunicaci\u00f3n de la empresa como su mercado: campa\u00f1as de publicidad e imagen, promoci\u00f3n de ventas, ventas personales, relaciones p\u00fablicas, entre otros.<div class=\"toggle-holder\" id=\"twozeroonefivefour\" style=\"width:100%; float:none; \">\r\n\t<div class=\"toggle-header\">Conocer m\u00e1s<\/div>\r\n\t<div class=\"togglebox\"><\/span><\/p>\n<p>&nbsp;<\/p>\n<p>Capacidad para la planeaci\u00f3n dise\u00f1o e implementaci\u00f3n de investigaciones de mercado que le permitan obtener la informaci\u00f3n necesaria para la toma de decisiones en diferentes campos de acci\u00f3n del mercad\u00f3logo, como: fijaci\u00f3n de precios, desarrollo de nuevos productos, comercializaci\u00f3n de productos actuales, estrategias de comunicaci\u00f3n y estrategias de distribuci\u00f3n.<\/p>\n<p>&nbsp;<\/p>\n<p>Elementos de diagn\u00f3stico estrat\u00e9gico de mercado que le permitan responder de manera \u00e1gil a los cambios del entorno, anticip\u00e1ndose a las tendencias, cambios e innovaciones, para as\u00ed mantener posicionada a la organizaci\u00f3n-<\/p>\n<p>Desarrollo de habilidades directivas para coordinar diferentes \u00e1reas funcionales de la organizaci\u00f3n, como liderazgo para el e trabajo colaborativo, capacidad para el auto aprendizaje y alto compromiso social.<\/div><\/div><script type=\"text\/javascript\">\r\n\t\tjQuery(document).ready(function(){\r\n\tjQuery(\"#twozeroonefivefour .togglebox\").hide();\r\n\t\t\t\t\tjQuery(\"#twozeroonefivefour .toggle-header\").css({\"background-position\":\"0px -32px\"});jQuery(\"#twozeroonefivefour .toggle-header\").click(function(){\r\n\t\t\tif(!jQuery.browser.msie || (jQuery.browser.msie && jQuery.browser.version > 6)){\r\n\t\t\t\tif(jQuery(this).next(\".togglebox\").is(\":visible\")){\r\n\t\t\t\t\tjQuery(this).stop().animate({\"background-position\":\"0px -32px\"},{duration:400, easing:\"easeInSine\"});\r\n\t\t\t\t}else{\r\n\t\t\t\t\tjQuery(this).stop().animate({\"background-position\":\"0px 0px\"},{duration:400, easing:\"easeOutSine\"});\r\n\t\t\t\t}\r\n\t\t\t}\r\n\t\t\tjQuery(this).next(\".togglebox\").slideToggle(\"slow\");\r\n\t\t\treturn true;\r\n\t\t});\r\n\t\t});\r\n\t<\/script><\/p>\n<p>&nbsp;<\/p>\n<h3>Plan de estudios:<\/h3>\n<p>La carrera de Mercadotecnia Internacional, est\u00e1 comprendida por 9 semestres. en el \u00faltimo semestre se lleva a cabo la estad\u00eda y residencia profesional en una empresa del sector productivo.\u00a0<div class=\"toggle-holder\" id=\"eightonetwosevense\" style=\"width:100%; float:none; \">\r\n\t<div class=\"toggle-header\">Consulta Plan de Estudios<\/div>\r\n\t<div class=\"togglebox\"><\/p>\n<p><a href=\"https:\/\/www.upslp.edu.mx\/upslp\/wp-content\/uploads\/2016\/02\/Plan-Postal-reverso-LMI-proceso-2020.jpg\"><img loading=\"lazy\" decoding=\"async\" width=\"780\" height=\"936\" class=\"aligncenter size-full wp-image-11094\" src=\"https:\/\/www.upslp.edu.mx\/upslp\/wp-content\/uploads\/2016\/02\/Plan-Postal-reverso-LMI-proceso-2020.jpg\" alt=\"postal CYP UPSLP 2017-2018\" \/><\/a><\/p>\n<p><\/div><\/div><script type=\"text\/javascript\">\r\n\t\tjQuery(document).ready(function(){\r\n\tjQuery(\"#eightonetwosevense .togglebox\").hide();\r\n\t\t\t\t\tjQuery(\"#eightonetwosevense .toggle-header\").css({\"background-position\":\"0px -32px\"});jQuery(\"#eightonetwosevense .toggle-header\").click(function(){\r\n\t\t\tif(!jQuery.browser.msie || (jQuery.browser.msie && jQuery.browser.version > 6)){\r\n\t\t\t\tif(jQuery(this).next(\".togglebox\").is(\":visible\")){\r\n\t\t\t\t\tjQuery(this).stop().animate({\"background-position\":\"0px -32px\"},{duration:400, easing:\"easeInSine\"});\r\n\t\t\t\t}else{\r\n\t\t\t\t\tjQuery(this).stop().animate({\"background-position\":\"0px 0px\"},{duration:400, easing:\"easeOutSine\"});\r\n\t\t\t\t}\r\n\t\t\t}\r\n\t\t\tjQuery(this).next(\".togglebox\").slideToggle(\"slow\");\r\n\t\t\treturn true;\r\n\t\t});\r\n\t\t});\r\n\t<\/script><\/p>\n<p>&nbsp;<\/p>\n<p>&nbsp;<\/p>\n<h3>Infraestructura \/ Recursos:<\/h3>\n<ul>\n<li>Centro Integral de Mercadotecnia y Medios Audiovisuales (CIMMA) \u00a0<a style=\"font-size: 1em; line-height: 1.5em;\" href=\"https:\/\/www.upslp.edu.mx\/upslp\/?icemagproducts=cimma-centro-integral-de-mercadotecnia-y-medios-audiovisuales\">Ver m\u00e1s.<\/a><\/li>\n<li>C\u00e1mara de GESELL-Centro de Negocios<\/li>\n<\/ul>\n<p>La c\u00e1mara de Gessel es una habitaci\u00f3n acondicionada para permitir la observaci\u00f3n con personas. est\u00e1 conformada por dos ambientes separados por un vidrio unilateral, los cuales cuentan con equipos de audio y de video para la grabaci\u00f3n de los diferentes experimentos, tales como sesiones de grupo, investigaci\u00f3n de mercados, an\u00e1lisis del producto.<\/p>\n\n\t\t<style type=\"text\/css\">\n\t\t\t#gallery-1 {\n\t\t\t\tmargin: auto;\n\t\t\t}\n\t\t\t#gallery-1 .gallery-item {\n\t\t\t\tfloat: left;\n\t\t\t\tmargin-top: 10px;\n\t\t\t\ttext-align: center;\n\t\t\t\twidth: 25%;\n\t\t\t}\n\t\t\t#gallery-1 img {\n\t\t\t\tborder: 2px solid #cfcfcf;\n\t\t\t}\n\t\t\t#gallery-1 .gallery-caption {\n\t\t\t\tmargin-left: 0;\n\t\t\t}\n\t\t\t\/* see gallery_shortcode() in wp-includes\/media.php *\/\n\t\t<\/style>\n\t\t<div id='gallery-1' class='gallery galleryid-3127 gallery-columns-4 gallery-size-thumbnail'><dl class='gallery-item'>\n\t\t\t<dt class='gallery-icon landscape'>\n\t\t\t\t<a href='https:\/\/www.upslp.edu.mx\/upslp\/wp-content\/uploads\/2016\/02\/LMI-web1.jpg'><img loading=\"lazy\" decoding=\"async\" width=\"150\" height=\"100\" src=\"https:\/\/www.upslp.edu.mx\/upslp\/wp-content\/uploads\/2016\/02\/LMI-web1.jpg\" class=\"attachment-thumbnail size-thumbnail\" alt=\"\" \/><\/a>\n\t\t\t<\/dt><\/dl><dl class='gallery-item'>\n\t\t\t<dt class='gallery-icon landscape'>\n\t\t\t\t<a href='https:\/\/www.upslp.edu.mx\/upslp\/wp-content\/uploads\/2016\/02\/LMI-web2.jpg'><img loading=\"lazy\" decoding=\"async\" width=\"150\" height=\"100\" src=\"https:\/\/www.upslp.edu.mx\/upslp\/wp-content\/uploads\/2016\/02\/LMI-web2.jpg\" class=\"attachment-thumbnail size-thumbnail\" alt=\"\" \/><\/a>\n\t\t\t<\/dt><\/dl><dl class='gallery-item'>\n\t\t\t<dt class='gallery-icon landscape'>\n\t\t\t\t<a href='https:\/\/www.upslp.edu.mx\/upslp\/wp-content\/uploads\/2016\/02\/LMI-web3.jpg'><img loading=\"lazy\" decoding=\"async\" width=\"150\" height=\"100\" src=\"https:\/\/www.upslp.edu.mx\/upslp\/wp-content\/uploads\/2016\/02\/LMI-web3.jpg\" class=\"attachment-thumbnail size-thumbnail\" alt=\"\" \/><\/a>\n\t\t\t<\/dt><\/dl><dl class='gallery-item'>\n\t\t\t<dt class='gallery-icon landscape'>\n\t\t\t\t<a href='https:\/\/www.upslp.edu.mx\/upslp\/wp-content\/uploads\/2016\/02\/LMI-web4.jpg'><img loading=\"lazy\" decoding=\"async\" width=\"150\" height=\"100\" src=\"https:\/\/www.upslp.edu.mx\/upslp\/wp-content\/uploads\/2016\/02\/LMI-web4.jpg\" class=\"attachment-thumbnail size-thumbnail\" alt=\"\" \/><\/a>\n\t\t\t<\/dt><\/dl><br style=\"clear: both\" \/><dl class='gallery-item'>\n\t\t\t<dt class='gallery-icon landscape'>\n\t\t\t\t<a href='https:\/\/www.upslp.edu.mx\/upslp\/wp-content\/uploads\/2016\/02\/LMI-web5.jpg'><img loading=\"lazy\" decoding=\"async\" width=\"150\" height=\"100\" src=\"https:\/\/www.upslp.edu.mx\/upslp\/wp-content\/uploads\/2016\/02\/LMI-web5.jpg\" class=\"attachment-thumbnail size-thumbnail\" alt=\"\" \/><\/a>\n\t\t\t<\/dt><\/dl><dl class='gallery-item'>\n\t\t\t<dt class='gallery-icon landscape'>\n\t\t\t\t<a href='https:\/\/www.upslp.edu.mx\/upslp\/wp-content\/uploads\/2016\/02\/LMI-web6.jpg'><img loading=\"lazy\" decoding=\"async\" width=\"150\" height=\"100\" src=\"https:\/\/www.upslp.edu.mx\/upslp\/wp-content\/uploads\/2016\/02\/LMI-web6.jpg\" class=\"attachment-thumbnail size-thumbnail\" alt=\"\" \/><\/a>\n\t\t\t<\/dt><\/dl>\n\t\t\t<br style='clear: both' \/>\n\t\t<\/div>\n\n<p>&nbsp;<\/p>\n<ul>\n<li>Centro de Informaci\u00f3n y Documentaci\u00f3n.<\/li>\n<li>Centros y Laboratorios de C\u00f3mputo<\/li>\n<\/ul>\n<p>&nbsp;<\/p>\n<h3>Certificaciones:<\/h3>\n<ul>\n<li>Certificaciones de Ingl\u00e9s por la Universidad de Cambridge.<\/li>\n<li>Microsoft Office Specialist.<\/li>\n<\/ul>\n<p>&nbsp;<\/p>\n<h3>Logros \/ Distinciones:<\/h3>\n<ul>\n<li>Reconocimiento de CENEVAL como Licenciatura de Alto Rendimiento Acad\u00e9mico EGEL Clasificada en el est\u00e1ndar de Rendimiento Acad\u00e9mico 1.<\/li>\n<li>Participaci\u00f3n en el Programa de Movilidad Estudiantil de la Warsaw University of Technnology<\/li>\n<li>Participaci\u00f3n en el Certamen Trayectoria de \u00c9xito, A.C.- Medalla de Estudiantes Ejemplares.<\/li>\n<li>Certificaci\u00f3n CIEES 2010.<\/li>\n<\/ul>\n<p>&nbsp;<\/p>\n<h3>Docentes:<\/h3>\n<div class=\"toggle-holder\" id=\"onetwoonesevennine\" style=\"width:100%; float:none; \">\r\n\t<div class=\"toggle-header\">Mtro. Bernando Le\u00f3n Garc\u00eda<\/div>\r\n\t<div class=\"togglebox\">Maestro Bernardo Le\u00f3n Garc\u00eda, es Licenciado en Administraci\u00f3n Bancaria, por la EBC; tiene una Maestr\u00eda en\u00a0 Administraci\u00f3n con Especialidad en Finanzas, por el ITESM, y ha realizado Diplomados en An\u00e1lisis de Cr\u00e9dito y Evaluaci\u00f3n de Proyectos de Inversi\u00f3n, Administraci\u00f3n de Riesgo, Comercio Exterior, Modelo socioecon\u00f3mico y en Educaci\u00f3n Basada en Competencias.<\/p>\n<p>En su trayectoria profesional cuenta con veintiocho a\u00f1os de experiencia en el sector privado y p\u00fablico, destacando su trayectoria de veinticinco a\u00f1os en Banco Nacional de Comercio Exterior, S.N.C., adem\u00e1s de desarrollar negocios\u00a0 familiares, puestos gerenciales y consultor\u00eda empresarial<\/p>\n<p>Ingres\u00f3 a la labor docente en el 2005. En la Universidad Polit\u00e9cnica de San Luis Potos\u00ed a partir del en agosto de 2007 se desempe\u00f1a como Profesor Investigador de Tiempo completo, donde actualmente es Coordinador de la Academia de la Licenciatura en Mercadotecnia Internacional.<\/p>\n<p>Su especialidad acad\u00e9mica es en mercadotecnia internacional, comercio exterior, finanzas, administraci\u00f3n y consultor\u00eda de negocios a nivel de licenciatura y maestr\u00eda.<\/p>\n<p>Colabora en el Cuerpo Acad\u00e9mico \u201cDesarrollo Local y Competitividad Empresarial\u201d en el que participa en\u00a0 proyectos de investigaci\u00f3n.<br \/>\ne-mail: <a href=\"mailto:bernardo.leon@upslp.edu.mx\">bernardo.leon@upslp.edu.mx<\/a>\u00a0<\/div><\/div><script type=\"text\/javascript\">\r\n\t\tjQuery(document).ready(function(){\r\n\tjQuery(\"#onetwoonesevennine .togglebox\").hide();\r\n\t\t\t\t\tjQuery(\"#onetwoonesevennine .toggle-header\").css({\"background-position\":\"0px -32px\"});jQuery(\"#onetwoonesevennine .toggle-header\").click(function(){\r\n\t\t\tif(!jQuery.browser.msie || (jQuery.browser.msie && jQuery.browser.version > 6)){\r\n\t\t\t\tif(jQuery(this).next(\".togglebox\").is(\":visible\")){\r\n\t\t\t\t\tjQuery(this).stop().animate({\"background-position\":\"0px -32px\"},{duration:400, easing:\"easeInSine\"});\r\n\t\t\t\t}else{\r\n\t\t\t\t\tjQuery(this).stop().animate({\"background-position\":\"0px 0px\"},{duration:400, easing:\"easeOutSine\"});\r\n\t\t\t\t}\r\n\t\t\t}\r\n\t\t\tjQuery(this).next(\".togglebox\").slideToggle(\"slow\");\r\n\t\t\treturn true;\r\n\t\t});\r\n\t\t});\r\n\t<\/script>\n<div class=\"toggle-holder\" id=\"oneoneeightzeroone\" style=\"width:100%; float:none; \">\r\n\t<div class=\"toggle-header\">Mtra. L. Ren\u00e9e Due\u00f1as Salm\u00e1n<\/div>\r\n\t<div class=\"togglebox\"><\/p>\n<p>Mtra. L. Ren\u00e9e Due\u00f1as Salm\u00e1n. Doctorante en Ciencias y Humanidades para el Desarrollo Interdisciplinario, UNAM-CEIICH-UAC. Licenciatura en Contadur\u00eda P\u00fablica, UASLP; MBA en Mercadotecnia Estrat\u00e9gica, Universidad de Lincolnshire &amp; Humberside, UK y egresada de la Maestr\u00eda en Administraci\u00f3n, UASLP; Especialidades en Investigaci\u00f3n Participativa por la Universidad Complutense de Madrid y en la Metodolog\u00eda Socioecon\u00f3mica para el An\u00e1lisis y Gesti\u00f3n de Organizaciones, ISEOR, Francia. Certificaciones en el idioma ingl\u00e9s, ense\u00f1anza de idiomas, docencia y Educaci\u00f3n Basada en Competencias. Profesor Hora Clase desde 2002 y como Profesor\u00a0 Investigador Tiempo Completo\u00a0 desde 2006 en la Universidad Polit\u00e9cnica de San Luis. Miembro del Cuerpo Acad\u00e9mico \u201cDesarrollo Local y Competitividad Empresarial\u201d e invitada al \u201cGrupo hacia una Ingenier\u00eda en Comunicaci\u00f3n Social\u201d. Publicaciones sobre estudios empresariales, Cultura de Participaci\u00f3n y educaci\u00f3n. Experiencia profesional en el \u00e1rea acad\u00e9mica y comercial, actualmente emprendedor de una MIPYME desde 2004.<\/p>\n<p>E-mail:\u00a0<a href=\"mailto:renee.duenas@upslp.edu.mx\">renee.duenas@upslp.edu.mx<\/a>\u00a0<\/div><\/div><script type=\"text\/javascript\">\r\n\t\tjQuery(document).ready(function(){\r\n\tjQuery(\"#oneoneeightzeroone .togglebox\").hide();\r\n\t\t\t\t\tjQuery(\"#oneoneeightzeroone .toggle-header\").css({\"background-position\":\"0px -32px\"});jQuery(\"#oneoneeightzeroone .toggle-header\").click(function(){\r\n\t\t\tif(!jQuery.browser.msie || (jQuery.browser.msie && jQuery.browser.version > 6)){\r\n\t\t\t\tif(jQuery(this).next(\".togglebox\").is(\":visible\")){\r\n\t\t\t\t\tjQuery(this).stop().animate({\"background-position\":\"0px -32px\"},{duration:400, easing:\"easeInSine\"});\r\n\t\t\t\t}else{\r\n\t\t\t\t\tjQuery(this).stop().animate({\"background-position\":\"0px 0px\"},{duration:400, easing:\"easeOutSine\"});\r\n\t\t\t\t}\r\n\t\t\t}\r\n\t\t\tjQuery(this).next(\".togglebox\").slideToggle(\"slow\");\r\n\t\t\treturn true;\r\n\t\t});\r\n\t\t});\r\n\t<\/script>\n<div class=\"toggle-holder\" id=\"threesixfiveeightf\" style=\"width:100%; float:none; \">\r\n\t<div class=\"toggle-header\">Mtra. X\u00f3chitl Hern\u00e1ndez Vel\u00e1zquez <\/div>\r\n\t<div class=\"togglebox\"><\/p>\n<p>Mtra. X\u00f3chitl Hern\u00e1ndez Vel\u00e1zquez es licenciada en Ciencias de la Comunicaci\u00f3n por la UASLP\u00a0 y cuenta con una maestr\u00eda en Mercadotecnia por el ITESM Campus San Luis Potos\u00ed.<\/p>\n<p>Cuenta con una experiencia profesional de 10 a\u00f1os en el \u00e1rea de mercadotecnia y comunicaci\u00f3n. Su \u00e1rea de especialidad es la comercializaci\u00f3n\u00a0 y las estrategias de comunicaci\u00f3n al interior de la empresa (intervenci\u00f3n y\/ o institucional).<\/p>\n<p>Trabaj\u00f3 en el ITESM Campus San Luis Potos\u00ed como jefe de departamento de APRINTEL\u00a0 Sistema de Educaci\u00f3n a distancia. As\u00ed mismo, ha participado como docente en universidades como ITESM Campus San Luis, UVM, Universidad Tangamanga y la Universidad Mesoamericana.<\/p>\n<p>Ingres\u00f3 a la UPSLP como docente en 2008 y de tiempo completo en 2015. Actualmente imparte las c\u00e1tedras del \u00e1rea de Ventas\u00a0 y lidera los proyectos pr\u00e1cticos del \u00e1rea con Activaci\u00f3n de ventas y marca\u00a0 y Sales Force Fest que a\u00f1o con a\u00f1o cobra mayor relevancia e impacto a partir de las estrategias comerciales y de comunicaci\u00f3n\u00a0 promocional que se ponen en pr\u00e1ctica.<\/p>\n<p>Es miembro del comit\u00e9 acad\u00e9mico del EGEL\u00a0 en mercadotecnia, capacitador y consultor independiente en el \u00e1rea de comercializaci\u00f3n y comunicaci\u00f3n interna.<\/p>\n<p>e-mail: <a href=\"mailto:xochitl.hernandez@upslp.edu.mx\">xochitl.hernandez@upslp.edu.mx<\/a><\/p>\n<p><\/div><\/div><script type=\"text\/javascript\">\r\n\t\tjQuery(document).ready(function(){\r\n\tjQuery(\"#threesixfiveeightf .togglebox\").hide();\r\n\t\t\t\t\tjQuery(\"#threesixfiveeightf .toggle-header\").css({\"background-position\":\"0px -32px\"});jQuery(\"#threesixfiveeightf .toggle-header\").click(function(){\r\n\t\t\tif(!jQuery.browser.msie || (jQuery.browser.msie && jQuery.browser.version > 6)){\r\n\t\t\t\tif(jQuery(this).next(\".togglebox\").is(\":visible\")){\r\n\t\t\t\t\tjQuery(this).stop().animate({\"background-position\":\"0px -32px\"},{duration:400, easing:\"easeInSine\"});\r\n\t\t\t\t}else{\r\n\t\t\t\t\tjQuery(this).stop().animate({\"background-position\":\"0px 0px\"},{duration:400, easing:\"easeOutSine\"});\r\n\t\t\t\t}\r\n\t\t\t}\r\n\t\t\tjQuery(this).next(\".togglebox\").slideToggle(\"slow\");\r\n\t\t\treturn true;\r\n\t\t});\r\n\t\t});\r\n\t<\/script>\n<p>&nbsp;<\/p>\n<p>&nbsp;<\/p>\n<h3>Perfil de egreso:<\/h3>\n<p>El Licenciado en Mercadotecnia Internacional, es un profesionista especializado en el an\u00e1lisis y diagn\u00f3stico de los diferentes mercados en los que una compa\u00f1\u00eda incursiona o en los que planea su expansi\u00f3n. <div class=\"toggle-holder\" id=\"onetwoonetwoonesix\" style=\"width:100%; float:none; \">\r\n\t<div class=\"toggle-header\">Conocer m\u00e1s<\/div>\r\n\t<div class=\"togglebox\">\u00a0La capacidad directiva de liderazgo de este profesional le permite dise\u00f1ar estrategias y planes orientados a posicionar a la organizaci\u00f3n, propiciando que los intercambios comerciales entre las empresas y sus diferentes mercados se lleven a cabo de manera din\u00e1mica, rentable y satisfactoria.<\/div><\/div><script type=\"text\/javascript\">\r\n\t\tjQuery(document).ready(function(){\r\n\tjQuery(\"#onetwoonetwoonesix .togglebox\").hide();\r\n\t\t\t\t\tjQuery(\"#onetwoonetwoonesix .toggle-header\").css({\"background-position\":\"0px -32px\"});jQuery(\"#onetwoonetwoonesix .toggle-header\").click(function(){\r\n\t\t\tif(!jQuery.browser.msie || (jQuery.browser.msie && jQuery.browser.version > 6)){\r\n\t\t\t\tif(jQuery(this).next(\".togglebox\").is(\":visible\")){\r\n\t\t\t\t\tjQuery(this).stop().animate({\"background-position\":\"0px -32px\"},{duration:400, easing:\"easeInSine\"});\r\n\t\t\t\t}else{\r\n\t\t\t\t\tjQuery(this).stop().animate({\"background-position\":\"0px 0px\"},{duration:400, easing:\"easeOutSine\"});\r\n\t\t\t\t}\r\n\t\t\t}\r\n\t\t\tjQuery(this).next(\".togglebox\").slideToggle(\"slow\");\r\n\t\t\treturn true;\r\n\t\t});\r\n\t\t});\r\n\t<\/script><\/p>\n<p>&nbsp;<\/p>\n<h3 style=\"text-align: center;\">Ligas de inter\u00e9s:<\/h3>\n<p style=\"text-align: center;\"><cite>www.<b>ama<\/b>mex.org.mx<\/cite><\/p>\n<p style=\"text-align: center;\"><i>www.<b>amai<\/b>.org<\/i><b><\/b><\/p>\n<h3 style=\"text-align: center;\"><\/h3>\n<h3 style=\"text-align: center;\">Contacto:<\/h3>\n<p style=\"text-align: center;\"><strong>Bernardo Le\u00f3n Garc\u00eda<\/strong><br \/>\nCoordinador del PE de Mercadotecnia Internacional<\/p>\n<p style=\"text-align: center;\">E-mail:\u00a0<a href=\"mailto:bernardo.leon@upslp.\">bernardo.leon@upslp.<\/a>edu.mx<\/p>\n<p style=\"text-align: center;\"><strong>\u00a0<\/strong><\/p>\n<p style=\"text-align: center;\"><strong>Oneyda Mar\u00eda Arista Mu\u00f1iz<\/strong><\/p>\n<p style=\"text-align: center;\">Asistente de Coordinaci\u00f3n de Mercadotecnia<br \/>\nTel\u00e9fono:\u00a0444 812-63- 67 o 444 812-65-19 \u00a0Ext. 222<br \/>\nE-mail:\u00a0<a href=\"mailto:oneyda.arista@upslp.\">oneyda.arista@upslp.<\/a>edu.mx<b><\/b><\/p>\n<p style=\"text-align: center;\"><strong>\u00a0<\/strong><\/p>\n<h3><\/h3>\n<p>&nbsp;<\/p>\n<p>&nbsp;<\/p>\n","protected":false},"excerpt":{"rendered":"<p>&nbsp; &nbsp; &nbsp; &nbsp; &nbsp; &nbsp; &nbsp; &nbsp; &nbsp; Nivel: Licenciatura &nbsp; T\u00edtulo otorgado: [&hellip;]<\/p>\n","protected":false},"author":1,"featured_media":0,"parent":2692,"menu_order":0,"comment_status":"closed","ping_status":"closed","template":"","meta":{"footnotes":""},"_links":{"self":[{"href":"https:\/\/www.upslp.edu.mx\/upslp\/index.php?rest_route=\/wp\/v2\/pages\/3127"}],"collection":[{"href":"https:\/\/www.upslp.edu.mx\/upslp\/index.php?rest_route=\/wp\/v2\/pages"}],"about":[{"href":"https:\/\/www.upslp.edu.mx\/upslp\/index.php?rest_route=\/wp\/v2\/types\/page"}],"author":[{"embeddable":true,"href":"https:\/\/www.upslp.edu.mx\/upslp\/index.php?rest_route=\/wp\/v2\/users\/1"}],"replies":[{"embeddable":true,"href":"https:\/\/www.upslp.edu.mx\/upslp\/index.php?rest_route=%2Fwp%2Fv2%2Fcomments&post=3127"}],"version-history":[{"count":44,"href":"https:\/\/www.upslp.edu.mx\/upslp\/index.php?rest_route=\/wp\/v2\/pages\/3127\/revisions"}],"predecessor-version":[{"id":15537,"href":"https:\/\/www.upslp.edu.mx\/upslp\/index.php?rest_route=\/wp\/v2\/pages\/3127\/revisions\/15537"}],"up":[{"embeddable":true,"href":"https:\/\/www.upslp.edu.mx\/upslp\/index.php?rest_route=\/wp\/v2\/pages\/2692"}],"wp:attachment":[{"href":"https:\/\/www.upslp.edu.mx\/upslp\/index.php?rest_route=%2Fwp%2Fv2%2Fmedia&parent=3127"}],"curies":[{"name":"wp","href":"https:\/\/api.w.org\/{rel}","templated":true}]}}