{"id":3191,"date":"2016-02-03T08:39:12","date_gmt":"2016-02-03T14:39:12","guid":{"rendered":"http:\/\/www.upslp.edu.mx\/upslp\/?page_id=3191"},"modified":"2016-02-19T18:28:11","modified_gmt":"2016-02-20T00:28:11","slug":"pago-certificacion-ingles","status":"publish","type":"page","link":"https:\/\/www.upslp.edu.mx\/upslp\/?page_id=3191","title":{"rendered":"Pago Certificaci\u00f3n Ingl\u00e9s"},"content":{"rendered":"<h2>Referencia Certificaci\u00f3n Ingl\u00e9s PET &#8211; <a href=\"https:\/\/www.upslp.edu.mx\/ReferenciasBancarias\/CertIngles\/PET\/inicio.asp\" target=\"_blank\">Descargar<\/a><\/h2>\n<h2><\/h2>\n<p>Estimados Estudiantes,<\/p>\n<p>&nbsp;<\/p>\n<p>Se les comunica que el periodo de pago y registro para la aplicaci\u00f3n de los ex\u00e1menes de certificaci\u00f3n de Ingl\u00e9s PET\/ Council of Europe Level B1 y FCE\/ Council of Europe Level B2 (Cambridge English Language Assessment), las cuales son consideradas como requisitos de titulaci\u00f3n en la universidad, ya est\u00e1 abierto para la sesi\u00f3n de Junio 2016 de acuerdo a los siguientes puntos:<\/p>\n<p>&nbsp;<\/p>\n<p>a) Procedimiento de Registro<\/p>\n<p>&nbsp;<\/p>\n<p>1)\u00a0\u00a0\u00a0 Obtener la referencia bancar\u00eda en <a href=\"https:\/\/www.upslp.edu.mx\">www.upslp.edu.mx<\/a> en la secci\u00f3n de Alumnos, en el apartado de Referencias Bancarias.<\/p>\n<p>2)\u00a0\u00a0\u00a0 Realizar el pago en Bancomer.<\/p>\n<p>3)\u00a0\u00a0\u00a0 Traer copia del voucher al CADI y,<\/p>\n<p>4)\u00a0\u00a0\u00a0 Llenar el formato de registro con tus datos personales en CADI <b><span style=\"text-decoration: underline;\">antes<\/span><\/b> de la fecha l\u00edmite de registro.<\/p>\n<p>&nbsp;<\/p>\n<p><span style=\"text-decoration: underline;\">NOTA<\/span>: Este registro es independiente al pago e inscripci\u00f3n a los cursos de preparaci\u00f3n para la certificaci\u00f3n de Ingl\u00e9s.<\/p>\n<p>&nbsp;<\/p>\n<p>&nbsp;<\/p>\n<p>b) Costos y Fechas<\/p>\n<p>&nbsp;<\/p>\n<p>Examen de Certificaci\u00f3n PET\u00a0\u00a0\u00a0\u00a0\u00a0 $ 1,975.00<\/p>\n<p>Fecha de aplicaci\u00f3n: Jueves 9 de Junio de 2016.\u00a0 09:00 hrs.\u00a0 UAEM4<\/p>\n<p>Fecha l\u00edmite de registro para examen PET: <b><span style=\"text-decoration: underline;\">Viernes 1\u00ba\u00a0 de Abril de 2016<\/span><\/b><\/p>\n<p>&nbsp;<\/p>\n<p>Examen de Certificaci\u00f3n FCE\u00a0\u00a0\u00a0\u00a0\u00a0 $ 3,570.00<\/p>\n<p>Fecha de aplicaci\u00f3n: S\u00e1bado 4 de Junio de 2016.\u00a0 09:00 hrs.\u00a0 UAEM4<\/p>\n<p>Fecha l\u00edmite de registro para examen FCE: <b><span style=\"text-decoration: underline;\">Viernes 19 de Febrero de 2016<\/span><\/b>.<\/p>\n<p>&nbsp;<\/p>\n<p>Examen de Certificaci\u00f3n CAE\u00a0\u00a0\u00a0\u00a0\u00a0 $ 3,755.00<\/p>\n<p>Fecha de aplicaci\u00f3n: S\u00e1bado 4 de Junio de 2016.\u00a0 09:00 hrs.\u00a0\u00a0 UAEM4<\/p>\n<p>Fecha l\u00edmite de registro para examen CAE: <b><span style=\"text-decoration: underline;\">Viernes 19 de Febrero de 2016.<\/span><\/b><\/p>\n<p>&nbsp;<\/p>\n<p>&nbsp;<\/p>\n<p>c) Situaci\u00f3n Aplicable para Reembolso<\/p>\n<p>&nbsp;<\/p>\n<p>El reembolso se otorgar\u00e1 exclusivamente a aquellos estudiantes que se hayan registrado para el examen FCE, cuya calificaci\u00f3n aprobatoria haya sido A.<\/p>\n<p>&nbsp;<\/p>\n<p>&nbsp;<\/p>\n<p>Mayores informes:<\/p>\n<p>Mtra. Patricia Garc\u00eda Ramos<\/p>\n<p>Email: <a href=\"mailto:patricia.garcia@upslp.edu.mx\">patricia.garcia@upslp.edu.mx<\/a><\/p>\n<p>&nbsp;<\/p>\n","protected":false},"excerpt":{"rendered":"<p>Referencia Certificaci\u00f3n Ingl\u00e9s PET &#8211; Descargar Estimados Estudiantes, &nbsp; Se les comunica que el [&hellip;]<\/p>\n","protected":false},"author":1,"featured_media":0,"parent":0,"menu_order":0,"comment_status":"closed","ping_status":"closed","template":"","meta":{"footnotes":""},"_links":{"self":[{"href":"https:\/\/www.upslp.edu.mx\/upslp\/index.php?rest_route=\/wp\/v2\/pages\/3191"}],"collection":[{"href":"https:\/\/www.upslp.edu.mx\/upslp\/index.php?rest_route=\/wp\/v2\/pages"}],"about":[{"href":"https:\/\/www.upslp.edu.mx\/upslp\/index.php?rest_route=\/wp\/v2\/types\/page"}],"author":[{"embeddable":true,"href":"https:\/\/www.upslp.edu.mx\/upslp\/index.php?rest_route=\/wp\/v2\/users\/1"}],"replies":[{"embeddable":true,"href":"https:\/\/www.upslp.edu.mx\/upslp\/index.php?rest_route=%2Fwp%2Fv2%2Fcomments&post=3191"}],"version-history":[{"count":4,"href":"https:\/\/www.upslp.edu.mx\/upslp\/index.php?rest_route=\/wp\/v2\/pages\/3191\/revisions"}],"predecessor-version":[{"id":3349,"href":"https:\/\/www.upslp.edu.mx\/upslp\/index.php?rest_route=\/wp\/v2\/pages\/3191\/revisions\/3349"}],"wp:attachment":[{"href":"https:\/\/www.upslp.edu.mx\/upslp\/index.php?rest_route=%2Fwp%2Fv2%2Fmedia&parent=3191"}],"curies":[{"name":"wp","href":"https:\/\/api.w.org\/{rel}","templated":true}]}}