{"id":5701,"date":"2016-12-13T18:02:40","date_gmt":"2016-12-14T00:02:40","guid":{"rendered":"http:\/\/www.upslp.edu.mx\/upslp\/?page_id=5701"},"modified":"2017-07-19T12:10:39","modified_gmt":"2017-07-19T17:10:39","slug":"profocie","status":"publish","type":"page","link":"https:\/\/www.upslp.edu.mx\/upslp\/?page_id=5701","title":{"rendered":"PROFOCIE"},"content":{"rendered":"<div class=\"tabs-wrapper\" id=\"onethreeonefivezer\" style=\"width:100%; float:none;\"><div class=\"tabs_container\"><ul class=\"tabs\"><li class=\"active\"><a href=\"tab1\">2015<\/a><\/li><\/ul><\/div><div class=\"tabs_content_container\"><div class=\"tab_content tab1\" style=\"display: block;\"><p><\/p>\n<p><div class=\"container\"><\/p>\n<p><div class=\"eight columns\"><\/p>\n<h3 style=\"text-align: center;\">Contralor\u00eda Social de la Instancia Ejecutora, 2015<\/h3>\n<h3 style=\"text-align: center;\">Programa de Fortalecimiento de la Calidad en Instituciones Educativas<\/h3>\n<h3 style=\"text-align: center;\">(PROFOCIE) 2015<\/h3>\n<p style=\"text-align: justify;\">Conforme a lo dispuesto por la Ley General de Desarrollo Social, la Contralor\u00eda Social constituye una pr\u00e1ctica de transparencia, de rendici\u00f3n de cuentas y se convierte en un mecanismo para los beneficiarios, para que de manera organizada verifiquen el cumplimiento de las metas y la correcta aplicaci\u00f3n de los recursos p\u00fablicos asignados a diferentes Programas Federales.<\/p>\n<p>Enlace de la Contralor\u00eda Social del PROFOCIE<\/p>\n<p>Mtro. Igor Le\u00f3n O\u00b4farrill<\/p>\n<p>Tel. (444) 812 6367 ext. 412<\/p>\n<p><a href=\"mailto:igor.leon@upslp.edu.mx\">igor.leon@upslp.edu.mx<\/a><\/p>\n<p>&nbsp;<\/p>\n<p>&nbsp;<\/p>\n<p><\/div><\/p>\n<p><div class=\"eight columns\"><\/p>\n<p><div class=\"toggle-holder\" id=\"onefivesevensixfiv\" style=\"width:400px; float:none; \">\r\n\t<div class=\"toggle-header\">Documentos<\/div>\r\n\t<div class=\"togglebox\"><\/p>\n<p><a href=\"https:\/\/www.upslp.edu.mx\/upslp\/wp-content\/uploads\/2017\/01\/Programa-Estatal-CS.pdf\" target=\"_blank\">Programa Estatal Contralor\u00eda Socia<\/a>l<\/p>\n<p><a href=\"https:\/\/www.upslp.edu.mx\/upslp\/wp-content\/uploads\/2016\/12\/Esquema-de-Contraloria-Social-2016.pdf\" target=\"_blank\">Esquema de Contralor\u00eda Social 2016<\/a><\/p>\n<p><a href=\"https:\/\/www.upslp.edu.mx\/upslp\/wp-content\/uploads\/2016\/12\/Guia-Operativa-de-Contraloria-Social-2016.pdf\" target=\"_blank\">Gu\u00eda Operativa de Contralor\u00eda Social 2016<\/a><\/p>\n<p><a href=\"https:\/\/www.upslp.edu.mx\/upslp\/wp-content\/uploads\/2016\/12\/Plan-de-Difusion-de-Contraloria-Social-2016.pdf\" target=\"_blank\">Plan de Difusi\u00f3n de Contralor\u00eda Social 2016<\/a><\/p>\n<p><\/div><\/div><script type=\"text\/javascript\">\r\n\t\tjQuery(document).ready(function(){\r\n\tjQuery(\"#onefivesevensixfiv .togglebox\").hide();\r\n\t\t\t\t\tjQuery(\"#onefivesevensixfiv .toggle-header\").css({\"background-position\":\"0px -32px\"});jQuery(\"#onefivesevensixfiv .toggle-header\").click(function(){\r\n\t\t\tif(!jQuery.browser.msie || (jQuery.browser.msie && jQuery.browser.version > 6)){\r\n\t\t\t\tif(jQuery(this).next(\".togglebox\").is(\":visible\")){\r\n\t\t\t\t\tjQuery(this).stop().animate({\"background-position\":\"0px -32px\"},{duration:400, easing:\"easeInSine\"});\r\n\t\t\t\t}else{\r\n\t\t\t\t\tjQuery(this).stop().animate({\"background-position\":\"0px 0px\"},{duration:400, easing:\"easeOutSine\"});\r\n\t\t\t\t}\r\n\t\t\t}\r\n\t\t\tjQuery(this).next(\".togglebox\").slideToggle(\"slow\");\r\n\t\t\treturn true;\r\n\t\t});\r\n\t\t});\r\n\t<\/script><\/p>\n<p><div class=\"toggle-holder\" id=\"twotwothreetwotwos\" style=\"width:400px; float:none; \">\r\n\t<div class=\"toggle-header\">Formatos<\/div>\r\n\t<div class=\"togglebox\"><\/p>\n<p><a href=\"https:\/\/www.upslp.edu.mx\/upslp\/wp-content\/uploads\/2016\/12\/Acta-de-Registro-del-Comite-de-Contraloria-Social.docx\" target=\"_blank\">Acta de Registro del Comit\u00e9 de Contraloria Social<\/a><\/p>\n<p><a href=\"https:\/\/www.upslp.edu.mx\/upslp\/wp-content\/uploads\/2016\/12\/Acta-de-Sustitucion-de-un-Integrante-del-Comite.docx\" target=\"_blank\">Acta de Sustituci\u00f3n de un Integrante del Comit\u00e9<\/a><\/p>\n<p><a href=\"https:\/\/www.upslp.edu.mx\/upslp\/wp-content\/uploads\/2016\/12\/Cedula-de-Quejas-y-Denuncias.xlsx\" target=\"_blank\">C\u00e9dula de Quejas y Denuncias<\/a><\/p>\n<p><a href=\"https:\/\/www.upslp.edu.mx\/upslp\/wp-content\/uploads\/2016\/12\/Cedula-de-Vigilancia.xlsx\" target=\"_blank\">C\u00e9dula de Vigilancia<\/a><\/p>\n<p><a href=\"https:\/\/www.upslp.edu.mx\/upslp\/wp-content\/uploads\/2016\/12\/Informe-Anual.xlsx\" target=\"_blank\">Informe Anual<\/a><\/p>\n<p><a href=\"https:\/\/www.upslp.edu.mx\/upslp\/wp-content\/uploads\/2016\/12\/Minuta-de-Reunion.docx\" target=\"_blank\">Minuta de Reuni\u00f3n<\/a><\/p>\n<p><a href=\"https:\/\/www.upslp.edu.mx\/upslp\/wp-content\/uploads\/2016\/12\/Solicitud-de-Informacion.docx\" target=\"_blank\">Solicitud de Informaci\u00f3n<\/a><\/p>\n<p><\/div><\/div><script type=\"text\/javascript\">\r\n\t\tjQuery(document).ready(function(){\r\n\tjQuery(\"#twotwothreetwotwos .togglebox\").hide();\r\n\t\t\t\t\tjQuery(\"#twotwothreetwotwos .toggle-header\").css({\"background-position\":\"0px -32px\"});jQuery(\"#twotwothreetwotwos .toggle-header\").click(function(){\r\n\t\t\tif(!jQuery.browser.msie || (jQuery.browser.msie && jQuery.browser.version > 6)){\r\n\t\t\t\tif(jQuery(this).next(\".togglebox\").is(\":visible\")){\r\n\t\t\t\t\tjQuery(this).stop().animate({\"background-position\":\"0px -32px\"},{duration:400, easing:\"easeInSine\"});\r\n\t\t\t\t}else{\r\n\t\t\t\t\tjQuery(this).stop().animate({\"background-position\":\"0px 0px\"},{duration:400, easing:\"easeOutSine\"});\r\n\t\t\t\t}\r\n\t\t\t}\r\n\t\t\tjQuery(this).next(\".togglebox\").slideToggle(\"slow\");\r\n\t\t\treturn true;\r\n\t\t});\r\n\t\t});\r\n\t<\/script><\/p>\n<p><div class=\"toggle-holder\" id=\"onefournineninesix\" style=\"width:400px; float:none; \">\r\n\t<div class=\"toggle-header\">Manual del SICS<\/div>\r\n\t<div class=\"togglebox\"><\/p>\n<p>Manual de Usuario \u00a0SICS<\/p>\n<p><\/div><\/div><script type=\"text\/javascript\">\r\n\t\tjQuery(document).ready(function(){\r\n\tjQuery(\"#onefournineninesix .togglebox\").hide();\r\n\t\t\t\t\tjQuery(\"#onefournineninesix .toggle-header\").css({\"background-position\":\"0px -32px\"});jQuery(\"#onefournineninesix .toggle-header\").click(function(){\r\n\t\t\tif(!jQuery.browser.msie || (jQuery.browser.msie && jQuery.browser.version > 6)){\r\n\t\t\t\tif(jQuery(this).next(\".togglebox\").is(\":visible\")){\r\n\t\t\t\t\tjQuery(this).stop().animate({\"background-position\":\"0px -32px\"},{duration:400, easing:\"easeInSine\"});\r\n\t\t\t\t}else{\r\n\t\t\t\t\tjQuery(this).stop().animate({\"background-position\":\"0px 0px\"},{duration:400, easing:\"easeOutSine\"});\r\n\t\t\t\t}\r\n\t\t\t}\r\n\t\t\tjQuery(this).next(\".togglebox\").slideToggle(\"slow\");\r\n\t\t\treturn true;\r\n\t\t});\r\n\t\t});\r\n\t<\/script><\/p>\n<p><div class=\"toggle-holder\" id=\"sevenzerosixeighto\" style=\"width:400px; float:none; \">\r\n\t<div class=\"toggle-header\">Marco Normativo<\/div>\r\n\t<div class=\"togglebox\"><\/p>\n<p><a href=\"https:\/\/www.upslp.edu.mx\/upslp\/wp-content\/uploads\/2017\/01\/En-los-Programas-Federales-de-Desarrollo-Social-Parte-1.pdf\" target=\"_blank\">En los Programas Federales de Desarrollo Social 11-04-08 (parte 1)<\/a><\/p>\n<p><a href=\"https:\/\/www.upslp.edu.mx\/upslp\/wp-content\/uploads\/2017\/01\/En-los-Programas-Federales-de-Desarrollo-Social-Parte-2.pdf\" target=\"_blank\">En los Programas Federales de Desarrollo Social 11-04-08 (parte 2)<\/a><\/p>\n<p><a href=\"https:\/\/www.upslp.edu.mx\/upslp\/wp-content\/uploads\/2017\/01\/En-los-Programas-Federales-de-Desarrollo-Social-Parte-3.pdf\" target=\"_blank\">En los Programas Federales de Desarrollo Social 11-04-08 (parte 3)<\/a><\/p>\n<p><a href=\"https:\/\/www.upslp.edu.mx\/upslp\/wp-content\/uploads\/2017\/01\/En-los-Programas-Federales-de-Desarrollo-Social-Parte-4.pdf\" target=\"_blank\">En los Programas Federales de Desarrollo Social 11-04-08 (parte 4)<\/a><\/p>\n<p><a href=\"https:\/\/www.upslp.edu.mx\/upslp\/wp-content\/uploads\/2017\/01\/En-los-Programas-Federales-de-Desarrollo-Social-Parte-5.pdf\" target=\"_blank\">En los Programas Federales de Desarrollo Social 11-04-08 (parte 5)<\/a><\/p>\n<p><a href=\"https:\/\/www.upslp.edu.mx\/upslp\/wp-content\/uploads\/2016\/12\/Ley-General-de-Desarrollo-Social.pdf\" target=\"_blank\">Ley General de Desarrollo Social<\/a><\/p>\n<p><a href=\"https:\/\/www.upslp.edu.mx\/upslp\/wp-content\/uploads\/2016\/12\/Lineamientos-Promocion-y-Operacion-CS.pdf\" target=\"_blank\">Lineamientos Promoci\u00f3n y Operaci\u00f3n CS<\/a><\/p>\n<p><a href=\"https:\/\/www.upslp.edu.mx\/upslp\/wp-content\/uploads\/2017\/01\/Reglas-de-Operacion-PROFOCIE-2015-Parte-1.pdf\" target=\"_blank\">Reglas de Operaci\u00f3n PROFOCIE 2015 (parte 1)<\/a><\/p>\n<p><a href=\"https:\/\/www.upslp.edu.mx\/upslp\/wp-content\/uploads\/2017\/01\/Reglas-de-Operacion-PROFOCIE-2015-Parte-2.pdf\" target=\"_blank\">Reglas de Operaci\u00f3n PROFOCIE 2015 (parte 2)<\/a><\/p>\n<p><a href=\"https:\/\/www.upslp.edu.mx\/upslp\/wp-content\/uploads\/2017\/01\/Reglas-de-Operacion-PROFOCIE-2015-Parte-3.pdf\" target=\"_blank\">Reglas de Operaci\u00f3n PROFOCIE 2015 (parte 3)<\/a><\/p>\n<p>&nbsp;<\/p>\n<p><\/div><\/div><script type=\"text\/javascript\">\r\n\t\tjQuery(document).ready(function(){\r\n\tjQuery(\"#sevenzerosixeighto .togglebox\").hide();\r\n\t\t\t\t\tjQuery(\"#sevenzerosixeighto .toggle-header\").css({\"background-position\":\"0px -32px\"});jQuery(\"#sevenzerosixeighto .toggle-header\").click(function(){\r\n\t\t\tif(!jQuery.browser.msie || (jQuery.browser.msie && jQuery.browser.version > 6)){\r\n\t\t\t\tif(jQuery(this).next(\".togglebox\").is(\":visible\")){\r\n\t\t\t\t\tjQuery(this).stop().animate({\"background-position\":\"0px -32px\"},{duration:400, easing:\"easeInSine\"});\r\n\t\t\t\t}else{\r\n\t\t\t\t\tjQuery(this).stop().animate({\"background-position\":\"0px 0px\"},{duration:400, easing:\"easeOutSine\"});\r\n\t\t\t\t}\r\n\t\t\t}\r\n\t\t\tjQuery(this).next(\".togglebox\").slideToggle(\"slow\");\r\n\t\t\treturn true;\r\n\t\t});\r\n\t\t});\r\n\t<\/script><\/p>\n<p><div class=\"toggle-holder\" id=\"onefivezeroeightsi\" style=\"width:400px; float:none; \">\r\n\t<div class=\"toggle-header\">Otros <\/div>\r\n\t<div class=\"togglebox\"><\/p>\n<p><a href=\"https:\/\/www.upslp.edu.mx\/upslp\/wp-content\/uploads\/2017\/01\/Material-de-Difusion-CS.pdf\" target=\"_blank\">Material de difusi\u00f3n Contralor\u00eda Social<\/a><\/p>\n<p><a href=\"https:\/\/www.upslp.edu.mx\/upslp\/wp-content\/uploads\/2017\/01\/Triptico-CS.pdf\" target=\"_blank\">Diptico Contralor\u00eda Social \u00a0PROFOCIE 2015<\/a><\/p>\n<p><\/div><\/div><script type=\"text\/javascript\">\r\n\t\tjQuery(document).ready(function(){\r\n\tjQuery(\"#onefivezeroeightsi .togglebox\").hide();\r\n\t\t\t\t\tjQuery(\"#onefivezeroeightsi .toggle-header\").css({\"background-position\":\"0px -32px\"});jQuery(\"#onefivezeroeightsi .toggle-header\").click(function(){\r\n\t\t\tif(!jQuery.browser.msie || (jQuery.browser.msie && jQuery.browser.version > 6)){\r\n\t\t\t\tif(jQuery(this).next(\".togglebox\").is(\":visible\")){\r\n\t\t\t\t\tjQuery(this).stop().animate({\"background-position\":\"0px -32px\"},{duration:400, easing:\"easeInSine\"});\r\n\t\t\t\t}else{\r\n\t\t\t\t\tjQuery(this).stop().animate({\"background-position\":\"0px 0px\"},{duration:400, easing:\"easeOutSine\"});\r\n\t\t\t\t}\r\n\t\t\t}\r\n\t\t\tjQuery(this).next(\".togglebox\").slideToggle(\"slow\");\r\n\t\t\treturn true;\r\n\t\t});\r\n\t\t});\r\n\t<\/script><\/p>\n<p><div class=\"toggle-holder\" id=\"ninesixtwoeightfiv\" style=\"width:400px; float:none; \">\r\n\t<div class=\"toggle-header\">Quejas y Denuncias<\/div>\r\n\t<div class=\"togglebox\"><\/p>\n<p><a href=\"https:\/\/www.upslp.edu.mx\/upslp\/wp-content\/uploads\/2016\/12\/Atencion-Coordinacion-General-Universidades-Tecnologicas-y-Politecnicas.pdf\" target=\"_blank\">Atenci\u00f3n Coordinaci\u00f3n General Universidades Tecnol\u00f3gicas y Polit\u00e9cnicas<\/a><\/p>\n<p><a href=\"https:\/\/www.upslp.edu.mx\/upslp\/wp-content\/uploads\/2016\/12\/Atencion-Secretaria-Funcion-Publica.pdf\" target=\"_blank\">Atenci\u00f3n Secretaria Funci\u00f3n P\u00fablica<\/a><\/p>\n<p><\/div><\/div><script type=\"text\/javascript\">\r\n\t\tjQuery(document).ready(function(){\r\n\tjQuery(\"#ninesixtwoeightfiv .togglebox\").hide();\r\n\t\t\t\t\tjQuery(\"#ninesixtwoeightfiv .toggle-header\").css({\"background-position\":\"0px -32px\"});jQuery(\"#ninesixtwoeightfiv .toggle-header\").click(function(){\r\n\t\t\tif(!jQuery.browser.msie || (jQuery.browser.msie && jQuery.browser.version > 6)){\r\n\t\t\t\tif(jQuery(this).next(\".togglebox\").is(\":visible\")){\r\n\t\t\t\t\tjQuery(this).stop().animate({\"background-position\":\"0px -32px\"},{duration:400, easing:\"easeInSine\"});\r\n\t\t\t\t}else{\r\n\t\t\t\t\tjQuery(this).stop().animate({\"background-position\":\"0px 0px\"},{duration:400, easing:\"easeOutSine\"});\r\n\t\t\t\t}\r\n\t\t\t}\r\n\t\t\tjQuery(this).next(\".togglebox\").slideToggle(\"slow\");\r\n\t\t\treturn true;\r\n\t\t});\r\n\t\t});\r\n\t<\/script><\/p>\n<p><div class=\"toggle-holder\" id=\"onezerosixeightsev\" style=\"width:400px; float:none; \">\r\n\t<div class=\"toggle-header\">Informe<\/div>\r\n\t<div class=\"togglebox\"><\/p>\n<p><a href=\"https:\/\/www.upslp.edu.mx\/upslp\/wp-content\/uploads\/2017\/01\/Informe-Anual.pdf\" target=\"_blank\">Informe Anual<\/a><\/p>\n<p><\/div><\/div><script type=\"text\/javascript\">\r\n\t\tjQuery(document).ready(function(){\r\n\tjQuery(\"#onezerosixeightsev .togglebox\").hide();\r\n\t\t\t\t\tjQuery(\"#onezerosixeightsev .toggle-header\").css({\"background-position\":\"0px -32px\"});jQuery(\"#onezerosixeightsev .toggle-header\").click(function(){\r\n\t\t\tif(!jQuery.browser.msie || (jQuery.browser.msie && jQuery.browser.version > 6)){\r\n\t\t\t\tif(jQuery(this).next(\".togglebox\").is(\":visible\")){\r\n\t\t\t\t\tjQuery(this).stop().animate({\"background-position\":\"0px -32px\"},{duration:400, easing:\"easeInSine\"});\r\n\t\t\t\t}else{\r\n\t\t\t\t\tjQuery(this).stop().animate({\"background-position\":\"0px 0px\"},{duration:400, easing:\"easeOutSine\"});\r\n\t\t\t\t}\r\n\t\t\t}\r\n\t\t\tjQuery(this).next(\".togglebox\").slideToggle(\"slow\");\r\n\t\t\treturn true;\r\n\t\t});\r\n\t\t});\r\n\t<\/script><\/p>\n<p><div class=\"toggle-holder\" id=\"nineeighteightsixs\" style=\"width:400px; float:none; \">\r\n\t<div class=\"toggle-header\">Directorios<\/div>\r\n\t<div class=\"togglebox\"><\/p>\n<p><a href=\"https:\/\/www.upslp.edu.mx\/upslp\/wp-content\/uploads\/2016\/12\/Directorio-Enlace-UPSLP.pdf\" target=\"_blank\">Directorio Enlace UPSLP<\/a><\/p>\n<p><a href=\"https:\/\/www.upslp.edu.mx\/upslp\/wp-content\/uploads\/2016\/12\/Instancia-Normativa-CGUTyP.pdf\" target=\"_blank\">Instancia Normativa CGUTyP<\/a><\/p>\n<p><\/div><\/div><script type=\"text\/javascript\">\r\n\t\tjQuery(document).ready(function(){\r\n\tjQuery(\"#nineeighteightsixs .togglebox\").hide();\r\n\t\t\t\t\tjQuery(\"#nineeighteightsixs .toggle-header\").css({\"background-position\":\"0px -32px\"});jQuery(\"#nineeighteightsixs .toggle-header\").click(function(){\r\n\t\t\tif(!jQuery.browser.msie || (jQuery.browser.msie && jQuery.browser.version > 6)){\r\n\t\t\t\tif(jQuery(this).next(\".togglebox\").is(\":visible\")){\r\n\t\t\t\t\tjQuery(this).stop().animate({\"background-position\":\"0px -32px\"},{duration:400, easing:\"easeInSine\"});\r\n\t\t\t\t}else{\r\n\t\t\t\t\tjQuery(this).stop().animate({\"background-position\":\"0px 0px\"},{duration:400, easing:\"easeOutSine\"});\r\n\t\t\t\t}\r\n\t\t\t}\r\n\t\t\tjQuery(this).next(\".togglebox\").slideToggle(\"slow\");\r\n\t\t\treturn true;\r\n\t\t});\r\n\t\t});\r\n\t<\/script><\/p>\n<p>&nbsp;<\/p>\n<p><\/div><\/p>\n<p><\/div><\/p>\n<p style=\"text-align: justify;\">\u00abEste programa es p\u00fablico ajeno a cualquier partido pol\u00edtico. Queda prohibido el uso para fines distintos a los establecidos en el programa. Quien haga uso indebido de los recursos de este programa deber\u00e1 ser denunciado y sancionado con la ley aplicable y ante la autoridad competente\u00bb.<\/p>\n<p><\/p><\/div><\/div><\/div><script type=\"text\/javascript\">\r\n\tjQuery(document).ready(function(){\r\n\t    jQuery(\"#onethreeonefivezer .tabs li\").click(function() {\r\n        \/\/  First remove class \"active\" from currently active tab\r\n        jQuery(\"#onethreeonefivezer .tabs li.active\").removeClass(\"active\");\r\n \r\n        \/\/  Now add class \"active\" to the selected\/clicked tab\r\n        jQuery(this).addClass(\"active\");\r\n \r\n        \/\/  Hide all tab content\r\n        jQuery(\"#onethreeonefivezer .tab_content\").hide();\r\n \r\n        \/\/  Here we get the href value of the selected tab\r\n        var selected_tab = jQuery(this).find(\"a\").attr(\"href\");\r\n \r\n        \/\/  Show the selected tab content\r\n        jQuery(\"#onethreeonefivezer .\"+ selected_tab).fadeIn(\"slow\");\r\n \r\n        \/\/  At the end, we add return false so that the click on the link is not executed\r\n        return false;\r\n\t\t});\r\n\t});\r\n\t<\/script>\n<p>&nbsp;<\/p>\n","protected":false},"excerpt":{"rendered":"<p>&nbsp;<\/p>\n","protected":false},"author":1,"featured_media":0,"parent":2648,"menu_order":0,"comment_status":"closed","ping_status":"closed","template":"","meta":{"footnotes":""},"_links":{"self":[{"href":"https:\/\/www.upslp.edu.mx\/upslp\/index.php?rest_route=\/wp\/v2\/pages\/5701"}],"collection":[{"href":"https:\/\/www.upslp.edu.mx\/upslp\/index.php?rest_route=\/wp\/v2\/pages"}],"about":[{"href":"https:\/\/www.upslp.edu.mx\/upslp\/index.php?rest_route=\/wp\/v2\/types\/page"}],"author":[{"embeddable":true,"href":"https:\/\/www.upslp.edu.mx\/upslp\/index.php?rest_route=\/wp\/v2\/users\/1"}],"replies":[{"embeddable":true,"href":"https:\/\/www.upslp.edu.mx\/upslp\/index.php?rest_route=%2Fwp%2Fv2%2Fcomments&post=5701"}],"version-history":[{"count":15,"href":"https:\/\/www.upslp.edu.mx\/upslp\/index.php?rest_route=\/wp\/v2\/pages\/5701\/revisions"}],"predecessor-version":[{"id":7406,"href":"https:\/\/www.upslp.edu.mx\/upslp\/index.php?rest_route=\/wp\/v2\/pages\/5701\/revisions\/7406"}],"up":[{"embeddable":true,"href":"https:\/\/www.upslp.edu.mx\/upslp\/index.php?rest_route=\/wp\/v2\/pages\/2648"}],"wp:attachment":[{"href":"https:\/\/www.upslp.edu.mx\/upslp\/index.php?rest_route=%2Fwp%2Fv2%2Fmedia&parent=5701"}],"curies":[{"name":"wp","href":"https:\/\/api.w.org\/{rel}","templated":true}]}}