{"id":8904,"date":"2018-05-08T10:53:28","date_gmt":"2018-05-08T15:53:28","guid":{"rendered":"http:\/\/www.upslp.edu.mx\/upslp\/?page_id=8904"},"modified":"2018-05-08T16:34:34","modified_gmt":"2018-05-08T21:34:34","slug":"marzo","status":"publish","type":"page","link":"https:\/\/www.upslp.edu.mx\/upslp\/?page_id=8904","title":{"rendered":"Informaci\u00f3n Contable &#8211; Marzo"},"content":{"rendered":"<div><a href=\"https:\/\/www.upslp.edu.mx\/upslp\/wp-content\/uploads\/2018\/05\/Edo.-Actividades-Marzo-2018.xlsx.pdf\" target=\"_blank\">Estado de Actividades<\/a><\/div>\n<div><a href=\"https:\/\/www.upslp.edu.mx\/upslp\/wp-content\/uploads\/2018\/05\/Edo.-Situacion-Financiera-Marzo-2018.xlsx.pdf\" target=\"_blank\">Estado de Situaci\u00f3n Financiera<\/a><\/div>\n<div><a href=\"https:\/\/www.upslp.edu.mx\/upslp\/wp-content\/uploads\/2018\/05\/Edo.-Variaciones-Hacienda-Publica-Marzo-2018.xlsx.pdf\" target=\"_blank\">Estado de Variaci\u00f3n en la Hacienda P\u00fablica<\/a><\/div>\n<div><a href=\"https:\/\/www.upslp.edu.mx\/upslp\/wp-content\/uploads\/2018\/05\/Edo.-de-Cambios-en-la-Situacion-Financiera-Marzo-2018.xlsx.pdf\" target=\"_blank\">Estado de Cambios en la Situaci\u00f3n Financiera Estado de Flujos de Efectivo<\/a><\/div>\n<div><a href=\"https:\/\/www.upslp.edu.mx\/upslp\/wp-content\/uploads\/2018\/05\/Informe-sobre-Pasivos-Contingentes-Marzo-2018.pdf\" target=\"_blank\">Informe sobre Pasivos Contingentes<\/a><\/div>\n<div><a href=\"https:\/\/www.upslp.edu.mx\/upslp\/wp-content\/uploads\/2018\/05\/Notas-a-los-Estados-Financieros-Marzo-2018.xlsx.pdf\" target=\"_blank\">Notas a los Estados Financieros<\/a><\/div>\n<div><a href=\"https:\/\/www.upslp.edu.mx\/upslp\/wp-content\/uploads\/2018\/05\/Reporte-Analitico-del-activo-Marzo-2018.xlsx.pdf\" target=\"_blank\">Estado Anal\u00edtico del Activo<\/a><\/div>\n<div><a href=\"https:\/\/www.upslp.edu.mx\/upslp\/wp-content\/uploads\/2018\/05\/Reporte-Analitico-de-la-Deuda-Publica-Marzo-2018.xlsx.pdf\" target=\"_blank\">Estado Anal\u00edtico de la Deuda y Otros Pasivos<\/a><\/div>\n<div><a href=\"https:\/\/www.upslp.edu.mx\/upslp\/wp-content\/uploads\/2018\/05\/FLUJOS-EFECTIVO-Marzo-2018.xlsx.pdf\" target=\"_blank\">Flujos de Efectivo<\/a><\/div>\n","protected":false},"excerpt":{"rendered":"<p>Estado de Actividades Estado de Situaci\u00f3n Financiera Estado de Variaci\u00f3n en la Hacienda P\u00fablica [&hellip;]<\/p>\n","protected":false},"author":1,"featured_media":0,"parent":8897,"menu_order":0,"comment_status":"closed","ping_status":"closed","template":"","meta":{"footnotes":""},"_links":{"self":[{"href":"https:\/\/www.upslp.edu.mx\/upslp\/index.php?rest_route=\/wp\/v2\/pages\/8904"}],"collection":[{"href":"https:\/\/www.upslp.edu.mx\/upslp\/index.php?rest_route=\/wp\/v2\/pages"}],"about":[{"href":"https:\/\/www.upslp.edu.mx\/upslp\/index.php?rest_route=\/wp\/v2\/types\/page"}],"author":[{"embeddable":true,"href":"https:\/\/www.upslp.edu.mx\/upslp\/index.php?rest_route=\/wp\/v2\/users\/1"}],"replies":[{"embeddable":true,"href":"https:\/\/www.upslp.edu.mx\/upslp\/index.php?rest_route=%2Fwp%2Fv2%2Fcomments&post=8904"}],"version-history":[{"count":14,"href":"https:\/\/www.upslp.edu.mx\/upslp\/index.php?rest_route=\/wp\/v2\/pages\/8904\/revisions"}],"predecessor-version":[{"id":8944,"href":"https:\/\/www.upslp.edu.mx\/upslp\/index.php?rest_route=\/wp\/v2\/pages\/8904\/revisions\/8944"}],"up":[{"embeddable":true,"href":"https:\/\/www.upslp.edu.mx\/upslp\/index.php?rest_route=\/wp\/v2\/pages\/8897"}],"wp:attachment":[{"href":"https:\/\/www.upslp.edu.mx\/upslp\/index.php?rest_route=%2Fwp%2Fv2%2Fmedia&parent=8904"}],"curies":[{"name":"wp","href":"https:\/\/api.w.org\/{rel}","templated":true}]}}