{"id":9547,"date":"2018-07-20T14:13:44","date_gmt":"2018-07-20T19:13:44","guid":{"rendered":"http:\/\/www.upslp.edu.mx\/upslp\/?page_id=9547"},"modified":"2018-07-20T14:13:44","modified_gmt":"2018-07-20T19:13:44","slug":"informacion-pragmatica-junio","status":"publish","type":"page","link":"https:\/\/www.upslp.edu.mx\/upslp\/?page_id=9547","title":{"rendered":"Informaci\u00f3n Pragm\u00e1tica &#8211; Junio"},"content":{"rendered":"<div><a href=\"https:\/\/www.upslp.edu.mx\/upslp\/wp-content\/uploads\/2018\/07\/Reporte-del-gasto-por-categoria-programatica-Junio-2018.pdf\" target=\"_blank\">Gasto por Categor\u00eda Program\u00e1tica<\/a><\/div>\n<div>Indicadores de Resultados<\/div>\n<div><a href=\"https:\/\/www.upslp.edu.mx\/upslp\/wp-content\/uploads\/2018\/07\/Estado-del-ejercicio-por-proyecto-y-programa-Junio-2018.pdf\" target=\"_blank\">Programas y Proyectos de Inversi\u00f3n<\/a><\/div>\n","protected":false},"excerpt":{"rendered":"<p>Gasto por Categor\u00eda Program\u00e1tica Indicadores de Resultados Programas y Proyectos de Inversi\u00f3n<\/p>\n","protected":false},"author":1,"featured_media":0,"parent":0,"menu_order":0,"comment_status":"closed","ping_status":"closed","template":"","meta":{"footnotes":""},"_links":{"self":[{"href":"https:\/\/www.upslp.edu.mx\/upslp\/index.php?rest_route=\/wp\/v2\/pages\/9547"}],"collection":[{"href":"https:\/\/www.upslp.edu.mx\/upslp\/index.php?rest_route=\/wp\/v2\/pages"}],"about":[{"href":"https:\/\/www.upslp.edu.mx\/upslp\/index.php?rest_route=\/wp\/v2\/types\/page"}],"author":[{"embeddable":true,"href":"https:\/\/www.upslp.edu.mx\/upslp\/index.php?rest_route=\/wp\/v2\/users\/1"}],"replies":[{"embeddable":true,"href":"https:\/\/www.upslp.edu.mx\/upslp\/index.php?rest_route=%2Fwp%2Fv2%2Fcomments&post=9547"}],"version-history":[{"count":2,"href":"https:\/\/www.upslp.edu.mx\/upslp\/index.php?rest_route=\/wp\/v2\/pages\/9547\/revisions"}],"predecessor-version":[{"id":9551,"href":"https:\/\/www.upslp.edu.mx\/upslp\/index.php?rest_route=\/wp\/v2\/pages\/9547\/revisions\/9551"}],"wp:attachment":[{"href":"https:\/\/www.upslp.edu.mx\/upslp\/index.php?rest_route=%2Fwp%2Fv2%2Fmedia&parent=9547"}],"curies":[{"name":"wp","href":"https:\/\/api.w.org\/{rel}","templated":true}]}}